{"id":800,"date":"2022-10-12T11:27:05","date_gmt":"2022-10-12T03:27:05","guid":{"rendered":"https:\/\/www.supersybon.com\/es\/?post_type=product&#038;p=800"},"modified":"2023-01-02T14:34:23","modified_gmt":"2023-01-02T06:34:23","slug":"hk160-secador-rapido-puede-acelerar-el-tiempo-libre-de-polvo-y-el-tiempo-de-secado-al-aire-de-la-pelicula-de-pintura","status":"publish","type":"product","link":"https:\/\/www.supersybon.com\/es\/product\/hk160-secador-rapido-puede-acelerar-el-tiempo-libre-de-polvo-y-el-tiempo-de-secado-al-aire-de-la-pelicula-de-pintura","title":{"rendered":"HK160 secador r\u00e1pido puede acelerar el tiempo libre de polvo y el tiempo de secado al aire de la pel\u00edcula de pintura"},"content":{"rendered":"<p><img decoding=\"async\" class=\"aligncenter size-full wp-image-801\" src=\"https:\/\/www.supersybon.com\/es\/wp-content\/uploads\/2022\/10\/1665546736-HK160-Quick-Drier-Suitable-For-Spot-Repair-Or-Application-At-Low-Temperature.jpg\" alt=\"\" width=\"900\" height=\"364\" title=\"\" srcset=\"https:\/\/www.supersybon.com\/es\/wp-content\/uploads\/2022\/10\/1665546736-HK160-Quick-Drier-Suitable-For-Spot-Repair-Or-Application-At-Low-Temperature.jpg 900w, https:\/\/www.supersybon.com\/es\/wp-content\/uploads\/2022\/10\/1665546736-HK160-Quick-Drier-Suitable-For-Spot-Repair-Or-Application-At-Low-Temperature-480x194.jpg 480w\" sizes=\"(min-width: 0px) and (max-width: 480px) 480px, (min-width: 481px) 900px, 100vw\" \/><\/p>\n<p>&nbsp;<\/p>\n<p><strong>secador r\u00e1pido<\/strong><\/p>\n<p>HK160 secador r\u00e1pido puede acelerar el tiempo libre de polvo y el tiempo de secado al aire de la pel\u00edcula de pintura<\/p>\n<p>Especialmente dise\u00f1ado para colores s\u00f3lidos de 2k y capa transparente, puede acelerar el tiempo libre de polvo y el tiempo de secado al aire de la pel\u00edcula de pintura, adecuado para reparaci\u00f3n puntual o aplicaci\u00f3n a baja temperatura.<\/p>\n<p>&nbsp;<\/p>\n<div data-id=\"paragraph0\"><\/div>\n<div class=\"magic-13\">\n<div class=\"magic-14\">\n<div>\n<div class=\"magic-9\">\n<div class=\"magic-10\">\n<p><strong>Nota: <\/strong><\/p>\n<p>1. La vida \u00fatil de la pintura mezclada con Quick Dryer se acortar\u00eda considerablemente, util\u00edcela lo antes posible.<\/p>\n<p>2. La adici\u00f3n recomendada de secado r\u00e1pido no supera los 15 g para 1 litro de pintura lista para rociar, de lo contrario, la pel\u00edcula de pintura se fragilizar\u00eda y perder\u00eda el brillo.<\/p>\n<p>3. El secador r\u00e1pido no se puede usar como endurecedor.<\/p>\n<div data-id=\"paragraph0\"><\/div>\n<div class=\"magic-13\">\n<div class=\"magic-14\">\n<div class=\"magic-9\">\n<div class=\"magic-10\">\n<p>&nbsp;<\/p>\n<\/div>\n<\/div>\n<\/div>\n<\/div>\n<\/div>\n<\/div>\n<\/div>\n<div data-spm-anchor-id=\"a2700.details.0.i37.625d2e9eLtZffL\"><\/div>\n<div data-spm-anchor-id=\"a2700.details.0.i37.625d2e9eLtZffL\"><img decoding=\"async\" class=\"aligncenter size-full wp-image-802\" src=\"https:\/\/www.supersybon.com\/es\/wp-content\/uploads\/2022\/10\/1665546791-HK160-Quick-Drier-Can-Speed-Up-The-Dust-Free-Time-And-Air-Drying-Time-Of-Paint-Film.jpg\" alt=\"\" width=\"900\" height=\"438\" title=\"\" srcset=\"https:\/\/www.supersybon.com\/es\/wp-content\/uploads\/2022\/10\/1665546791-HK160-Quick-Drier-Can-Speed-Up-The-Dust-Free-Time-And-Air-Drying-Time-Of-Paint-Film.jpg 900w, https:\/\/www.supersybon.com\/es\/wp-content\/uploads\/2022\/10\/1665546791-HK160-Quick-Drier-Can-Speed-Up-The-Dust-Free-Time-And-Air-Drying-Time-Of-Paint-Film-480x234.jpg 480w\" sizes=\"(min-width: 0px) and (max-width: 480px) 480px, (min-width: 481px) 900px, 100vw\" \/><\/div>\n<div data-spm-anchor-id=\"a2700.details.0.i37.625d2e9eLtZffL\"><\/div>\n<div data-spm-anchor-id=\"a2700.details.0.i37.625d2e9eLtZffL\">\n<div data-spm-anchor-id=\"a2700.details.0.i37.625d2e9eLtZffL\">\n<p>&nbsp;<\/p>\n<\/div>\n<div data-spm-anchor-id=\"a2700.details.0.i37.625d2e9eLtZffL\">\n<div><strong>Embalaje y servicio de productos<br \/>\n<\/strong><\/div>\n<hr \/>\n<p><strong>PAQUETE :<br \/>\n<\/strong><\/p>\n<p>1L*12 latas\/cart\u00f3n, 4L*4 latas\/cart\u00f3n.<\/p>\n<p>&nbsp;<\/p>\n<p><strong>NUESTRO SERVICIO:<br \/>\n<\/strong><\/p>\n<p>1.24 horas en l\u00ednea<\/p>\n<p>2. Precio competitivo<\/p>\n<p>3. Excelentes comentarios del cliente<\/p>\n<p>4. Pedidos en l\u00ednea seguros<\/p>\n<p>5. Entrega r\u00e1pida<\/p>\n<p>6. Soporte t\u00e9cnico profesional<\/p>\n<\/div>\n<\/div>\n<p>&nbsp;<\/p>\n<p><strong>Perfil de la empresa<br \/>\n<\/strong><\/p>\n<hr \/>\n<p>&nbsp;<\/p>\n<p>&nbsp;<\/p>\n<p><img decoding=\"async\" class=\"aligncenter size-full wp-image-324\" src=\"https:\/\/www.supersybon.com\/es\/wp-content\/uploads\/2022\/09\/1663401769-Car-Paint-Supplier-Company-Profile-Manufacturer-China.jpg\" alt=\"\" width=\"900\" height=\"958\" title=\"\" srcset=\"https:\/\/www.supersybon.com\/es\/wp-content\/uploads\/2022\/09\/1663401769-Car-Paint-Supplier-Company-Profile-Manufacturer-China.jpg 900w, https:\/\/www.supersybon.com\/es\/wp-content\/uploads\/2022\/09\/1663401769-Car-Paint-Supplier-Company-Profile-Manufacturer-China-480x511.jpg 480w\" sizes=\"(min-width: 0px) and (max-width: 480px) 480px, (min-width: 481px) 900px, 100vw\" \/><\/p>\n<p><strong>Preguntas m\u00e1s frecuentes<br \/>\n<\/strong><\/p>\n<hr \/>\n<p>&nbsp;<\/p>\n<p>P: \u00bfCu\u00e1l es su MOQ?<\/p>\n<p>R: Nuestro pedido m\u00ednimo es de 300 litros.<\/p>\n<p>P: \u00bfEs usted una empresa fabricante?<\/p>\n<p>R: somos fabricantes profesionales y tenemos nuestra propia f\u00e1brica.<\/p>\n<p>P: \u00bfPodemos visitar su f\u00e1brica?<\/p>\n<p>R: S\u00ed. Le invitamos a nuestra f\u00e1brica.<\/p>\n<p>P: \u00bfQu\u00e9 hay de su pago?<\/p>\n<p>R: dep\u00f3sito del 50% por adelantado, saldo del 50% por T\/T, L\/C, paypal, Western Union o antes del env\u00edo.<\/p>\n<p>P: \u00bfProporcionan muestras?<\/p>\n<p>R: S\u00ed, podemos proporcionarle muestras gratuitas, solo debe pagar el flete.<\/p>\n<p>P: \u00bfQu\u00e9 hay de su tiempo de entrega?<\/p>\n<p>R: generalmente 15 d\u00edas despu\u00e9s de recibir su dep\u00f3sito.<\/p>\n<\/div>\n<\/div>\n","protected":false},"excerpt":{"rendered":"<p>Especialmente dise\u00f1ado para colores s\u00f3lidos de 2k y capa transparente, puede acelerar el tiempo libre de polvo y el tiempo de secado al aire de la pel\u00edcula de pintura, adecuado para reparaci\u00f3n puntual o aplicaci\u00f3n a baja temperatura.<\/p>\n","protected":false},"featured_media":803,"template":"","meta":{"_et_pb_use_builder":"","_et_pb_old_content":"","_et_gb_content_width":""},"product_brand":[],"product_cat":[76,77],"product_tag":[519],"class_list":{"0":"post-800","1":"product","2":"type-product","3":"status-publish","4":"has-post-thumbnail","6":"product_cat-serie-de-pintura-automatica","7":"product_cat-aglutinante-1k-2k","8":"product_tag-secador-rapido","10":"first","11":"instock","12":"shipping-taxable","13":"product-type-simple"},"_links":{"self":[{"href":"https:\/\/www.supersybon.com\/es\/wp-json\/wp\/v2\/product\/800","targetHints":{"allow":["GET"]}}],"collection":[{"href":"https:\/\/www.supersybon.com\/es\/wp-json\/wp\/v2\/product"}],"about":[{"href":"https:\/\/www.supersybon.com\/es\/wp-json\/wp\/v2\/types\/product"}],"wp:featuredmedia":[{"embeddable":true,"href":"https:\/\/www.supersybon.com\/es\/wp-json\/wp\/v2\/media\/803"}],"wp:attachment":[{"href":"https:\/\/www.supersybon.com\/es\/wp-json\/wp\/v2\/media?parent=800"}],"wp:term":[{"taxonomy":"product_brand","embeddable":true,"href":"https:\/\/www.supersybon.com\/es\/wp-json\/wp\/v2\/product_brand?post=800"},{"taxonomy":"product_cat","embeddable":true,"href":"https:\/\/www.supersybon.com\/es\/wp-json\/wp\/v2\/product_cat?post=800"},{"taxonomy":"product_tag","embeddable":true,"href":"https:\/\/www.supersybon.com\/es\/wp-json\/wp\/v2\/product_tag?post=800"}],"curies":[{"name":"wp","href":"https:\/\/api.w.org\/{rel}","templated":true}]}}