{"id":796,"date":"2022-10-12T10:52:33","date_gmt":"2022-10-12T02:52:33","guid":{"rendered":"https:\/\/www.supersybon.com\/es\/?post_type=product&#038;p=796"},"modified":"2023-01-02T13:58:58","modified_gmt":"2023-01-02T05:58:58","slug":"hk130-agente-de-union-para-disolver-el-area-aspera-de-exceso-de-rociado-de-acabados-nuevos-y-existentes-y-lograr-una-transicion-invisible-para-la-reparacion-del-panel","status":"publish","type":"product","link":"https:\/\/www.supersybon.com\/es\/product\/hk130-agente-de-union-para-disolver-el-area-aspera-de-exceso-de-rociado-de-acabados-nuevos-y-existentes-y-lograr-una-transicion-invisible-para-la-reparacion-del-panel","title":{"rendered":"HK130 Agente de uni\u00f3n para disolver el \u00e1rea \u00e1spera de exceso de rociado de acabados nuevos y existentes y lograr una transici\u00f3n invisible para la reparaci\u00f3n del panel"},"content":{"rendered":"<p><img decoding=\"async\" class=\"aligncenter size-full wp-image-797\" src=\"https:\/\/www.supersybon.com\/es\/wp-content\/uploads\/2022\/10\/1665544681-HK130-Joining-Agent-Not-Suitable-With-1K-Basecoat-And-Primer.jpg\" alt=\"\" width=\"900\" height=\"364\" title=\"\" srcset=\"https:\/\/www.supersybon.com\/es\/wp-content\/uploads\/2022\/10\/1665544681-HK130-Joining-Agent-Not-Suitable-With-1K-Basecoat-And-Primer.jpg 900w, https:\/\/www.supersybon.com\/es\/wp-content\/uploads\/2022\/10\/1665544681-HK130-Joining-Agent-Not-Suitable-With-1K-Basecoat-And-Primer-480x194.jpg 480w\" sizes=\"(min-width: 0px) and (max-width: 480px) 480px, (min-width: 481px) 900px, 100vw\" \/><\/p>\n<p>&nbsp;<\/p>\n<p><strong>Agente de uni\u00f3n<\/strong><\/p>\n<p>HK130 Agente de uni\u00f3n para disolver el \u00e1rea \u00e1spera de exceso de rociado de acabados nuevos y existentes y lograr una transici\u00f3n invisible para la reparaci\u00f3n del panel<\/p>\n<p>Para disolver el \u00e1rea \u00e1spera de exceso de rociado de acabados nuevos y existentes y lograr una transici\u00f3n invisible para la reparaci\u00f3n del panel<\/p>\n<p>&nbsp;<\/p>\n<p>&nbsp;<\/p>\n<div class=\"magic-13\">\n<div class=\"magic-14\">\n<div>\n<div class=\"magic-9\">\n<div class=\"magic-10\">\n<p><img decoding=\"async\" class=\"aligncenter size-full wp-image-798\" src=\"https:\/\/www.supersybon.com\/es\/wp-content\/uploads\/2022\/10\/1665544757-HK130-To-Dissolve-The-Rough-Overspray-Area-Of-New-And-Existing-Finishes-And-Achieve-An-Invisible-Transition.jpg\" alt=\"\" width=\"900\" height=\"552\" title=\"\" srcset=\"https:\/\/www.supersybon.com\/es\/wp-content\/uploads\/2022\/10\/1665544757-HK130-To-Dissolve-The-Rough-Overspray-Area-Of-New-And-Existing-Finishes-And-Achieve-An-Invisible-Transition.jpg 900w, https:\/\/www.supersybon.com\/es\/wp-content\/uploads\/2022\/10\/1665544757-HK130-To-Dissolve-The-Rough-Overspray-Area-Of-New-And-Existing-Finishes-And-Achieve-An-Invisible-Transition-480x294.jpg 480w\" sizes=\"(min-width: 0px) and (max-width: 480px) 480px, (min-width: 481px) 900px, 100vw\" \/><\/p>\n<\/div>\n<\/div>\n<\/div>\n<div data-spm-anchor-id=\"a2700.details.0.i37.625d2e9eLtZffL\"><\/div>\n<div data-spm-anchor-id=\"a2700.details.0.i37.625d2e9eLtZffL\">\n<div data-spm-anchor-id=\"a2700.details.0.i37.625d2e9eLtZffL\">\n<div data-spm-anchor-id=\"a2700.details.0.i37.625d2e9eLtZffL\">\n<p>&nbsp;<\/p>\n<\/div>\n<div data-spm-anchor-id=\"a2700.details.0.i37.625d2e9eLtZffL\">\n<div><strong>Embalaje y servicio de productos<br \/>\n<\/strong><\/div>\n<hr \/>\n<p><strong>PAQUETE :<br \/>\n<\/strong><\/p>\n<p>1L*12 latas\/cart\u00f3n, 4L*4 latas\/cart\u00f3n.<\/p>\n<p>&nbsp;<\/p>\n<p><strong>NUESTRO SERVICIO:<\/strong><\/p>\n<p>1.24 horas en l\u00ednea<\/p>\n<p>2. Precio competitivo<\/p>\n<p>3. Excelentes comentarios del cliente<\/p>\n<p>4. Pedidos en l\u00ednea seguros<\/p>\n<p>5. Entrega r\u00e1pida<\/p>\n<p>6. Soporte t\u00e9cnico profesional<\/p>\n<\/div>\n<\/div>\n<p>&nbsp;<\/p>\n<\/div>\n<p>&nbsp;<\/p>\n<p><strong>Perfil de la empresa<br \/>\n<\/strong><\/p>\n<hr \/>\n<p>&nbsp;<\/p>\n<p>&nbsp;<\/p>\n<p><img decoding=\"async\" class=\"aligncenter size-full wp-image-324\" src=\"https:\/\/www.supersybon.com\/es\/wp-content\/uploads\/2022\/09\/1663401769-Car-Paint-Supplier-Company-Profile-Manufacturer-China.jpg\" alt=\"\" width=\"900\" height=\"958\" title=\"\" srcset=\"https:\/\/www.supersybon.com\/es\/wp-content\/uploads\/2022\/09\/1663401769-Car-Paint-Supplier-Company-Profile-Manufacturer-China.jpg 900w, https:\/\/www.supersybon.com\/es\/wp-content\/uploads\/2022\/09\/1663401769-Car-Paint-Supplier-Company-Profile-Manufacturer-China-480x511.jpg 480w\" sizes=\"(min-width: 0px) and (max-width: 480px) 480px, (min-width: 481px) 900px, 100vw\" \/><\/p>\n<p><strong>Preguntas m\u00e1s frecuentes<br \/>\n<\/strong><\/p>\n<hr \/>\n<p>&nbsp;<\/p>\n<p>P: \u00bfCu\u00e1l es su MOQ?<\/p>\n<p>R: Nuestro pedido m\u00ednimo es de 300 litros.<\/p>\n<p>P: \u00bfEs usted una empresa fabricante?<\/p>\n<p>R: somos fabricantes profesionales y tenemos nuestra propia f\u00e1brica.<\/p>\n<p>P: \u00bfPodemos visitar su f\u00e1brica?<\/p>\n<p>R: S\u00ed. Le invitamos a nuestra f\u00e1brica.<\/p>\n<p>P: \u00bfQu\u00e9 hay de su pago?<\/p>\n<p>R: dep\u00f3sito del 50% por adelantado, saldo del 50% por T\/T, L\/C, paypal, Western Union o antes del env\u00edo.<\/p>\n<p>P: \u00bfProporcionan muestras?<\/p>\n<p>R: S\u00ed, podemos proporcionarle muestras gratuitas, solo debe pagar el flete.<\/p>\n<p>P: \u00bfQu\u00e9 hay de su tiempo de entrega?<\/p>\n<p>R: generalmente 15 d\u00edas despu\u00e9s de recibir su dep\u00f3sito.<\/p>\n<\/div>\n<\/div>\n","protected":false},"excerpt":{"rendered":"<p>Para disolver el \u00e1rea \u00e1spera de exceso de rociado de acabados nuevos y existentes y lograr una transici\u00f3n invisible para la reparaci\u00f3n de paneles.<\/p>\n","protected":false},"featured_media":799,"template":"","meta":{"_et_pb_use_builder":"","_et_pb_old_content":"","_et_gb_content_width":""},"product_brand":[],"product_cat":[76,77],"product_tag":[518],"class_list":{"0":"post-796","1":"product","2":"type-product","3":"status-publish","4":"has-post-thumbnail","6":"product_cat-serie-de-pintura-automatica","7":"product_cat-aglutinante-1k-2k","8":"product_tag-agente-de-union","10":"first","11":"instock","12":"shipping-taxable","13":"product-type-simple"},"_links":{"self":[{"href":"https:\/\/www.supersybon.com\/es\/wp-json\/wp\/v2\/product\/796","targetHints":{"allow":["GET"]}}],"collection":[{"href":"https:\/\/www.supersybon.com\/es\/wp-json\/wp\/v2\/product"}],"about":[{"href":"https:\/\/www.supersybon.com\/es\/wp-json\/wp\/v2\/types\/product"}],"wp:featuredmedia":[{"embeddable":true,"href":"https:\/\/www.supersybon.com\/es\/wp-json\/wp\/v2\/media\/799"}],"wp:attachment":[{"href":"https:\/\/www.supersybon.com\/es\/wp-json\/wp\/v2\/media?parent=796"}],"wp:term":[{"taxonomy":"product_brand","embeddable":true,"href":"https:\/\/www.supersybon.com\/es\/wp-json\/wp\/v2\/product_brand?post=796"},{"taxonomy":"product_cat","embeddable":true,"href":"https:\/\/www.supersybon.com\/es\/wp-json\/wp\/v2\/product_cat?post=796"},{"taxonomy":"product_tag","embeddable":true,"href":"https:\/\/www.supersybon.com\/es\/wp-json\/wp\/v2\/product_tag?post=796"}],"curies":[{"name":"wp","href":"https:\/\/api.w.org\/{rel}","templated":true}]}}