{"id":758,"date":"2022-10-11T16:30:48","date_gmt":"2022-10-11T08:30:48","guid":{"rendered":"https:\/\/www.supersybon.com\/es\/?post_type=product&#038;p=758"},"modified":"2022-12-24T11:34:11","modified_gmt":"2022-12-24T03:34:11","slug":"hk703-2k-imprimacion-epoxi-dando-una-excelente-resistencia-contra-el-oxido-la-atmosfera-salina-y-el-impacto","status":"publish","type":"product","link":"https:\/\/www.supersybon.com\/es\/product\/hk703-2k-imprimacion-epoxi-dando-una-excelente-resistencia-contra-el-oxido-la-atmosfera-salina-y-el-impacto","title":{"rendered":"HK703 2K Imprimaci\u00f3n epoxi dando una excelente resistencia contra el \u00f3xido, la atm\u00f3sfera salina y el impacto"},"content":{"rendered":"<p><img decoding=\"async\" class=\"aligncenter size-full wp-image-759\" src=\"https:\/\/www.supersybon.com\/es\/wp-content\/uploads\/2022\/10\/1665480380-HK703-Carpaint-2K-Primer-Manufacturer-China.jpg\" alt=\"\" width=\"900\" height=\"364\" title=\"\" srcset=\"https:\/\/www.supersybon.com\/es\/wp-content\/uploads\/2022\/10\/1665480380-HK703-Carpaint-2K-Primer-Manufacturer-China.jpg 900w, https:\/\/www.supersybon.com\/es\/wp-content\/uploads\/2022\/10\/1665480380-HK703-Carpaint-2K-Primer-Manufacturer-China-480x194.jpg 480w\" sizes=\"(min-width: 0px) and (max-width: 480px) 480px, (min-width: 481px) 900px, 100vw\" \/><\/p>\n<p>&nbsp;<\/p>\n<p><strong>Imprimaci\u00f3n epoxi 2K<\/strong><\/p>\n<p>HK703 2K Imprimaci\u00f3n epoxi dando una excelente resistencia contra el \u00f3xido, la atm\u00f3sfera salina y el impacto<\/p>\n<p>Dando una excelente resistencia contra la oxidaci\u00f3n, la atm\u00f3sfera salina y el impacto, tiene una perfecta adherencia a los metales debidamente tratados.<\/p>\n<div>\n<div class=\"magic-9\">\n<p>&nbsp;<\/p>\n<p><img decoding=\"async\" class=\"aligncenter size-full wp-image-761\" src=\"https:\/\/www.supersybon.com\/es\/wp-content\/uploads\/2022\/10\/1665480420-HK703-Epoxy-Primer-Paint-Manufacturer-China.jpg\" alt=\"\" width=\"900\" height=\"476\" title=\"\" srcset=\"https:\/\/www.supersybon.com\/es\/wp-content\/uploads\/2022\/10\/1665480420-HK703-Epoxy-Primer-Paint-Manufacturer-China.jpg 900w, https:\/\/www.supersybon.com\/es\/wp-content\/uploads\/2022\/10\/1665480420-HK703-Epoxy-Primer-Paint-Manufacturer-China-480x254.jpg 480w\" sizes=\"(min-width: 0px) and (max-width: 480px) 480px, (min-width: 481px) 900px, 100vw\" \/><\/p>\n<p>&nbsp;<\/p>\n<\/div>\n<\/div>\n<div data-spm-anchor-id=\"a2700.details.0.i37.625d2e9eLtZffL\">\n\n<table id=\"tablepress-8\" class=\"tablepress tablepress-id-8 tbody-has-connected-cells\">\n<thead>\n<tr class=\"row-1\">\n\t<th class=\"column-1\">Item<\/th><th class=\"column-2\">Item<\/th><th class=\"column-3\">Weigh<\/th><th class=\"column-4\">Volume<\/th>\n<\/tr>\n<\/thead>\n<tbody class=\"row-striping row-hover\">\n<tr class=\"row-2\">\n\t<td rowspan=\"3\" class=\"column-1\">Mixing Ratio<\/td><td class=\"column-2\">2K Epoxy Primer<\/td><td class=\"column-3\">100 Parts<\/td><td class=\"column-4\">3.5 parts<\/td>\n<\/tr>\n<tr class=\"row-3\">\n\t<td class=\"column-2\">2K Epoxy Primer Hardener<\/td><td class=\"column-3\">25 parts<\/td><td class=\"column-4\">1 parts<\/td>\n<\/tr>\n<tr class=\"row-4\">\n\t<td class=\"column-2\">2K Epoxy Primer Thinner<\/td><td class=\"column-3\">25-40 parts<\/td><td class=\"column-4\">1-1.5 parts<\/td>\n<\/tr>\n<\/tbody>\n<\/table>\n\n<p><strong>Nota: <\/strong><\/p>\n<p>1. Para hierro oxidado y hierro fundido, granalle clase 2.5 con una aspereza de 30-75um, o lave las partes oxidadas con \u00e1cido, luego elimine el \u00f3xido.<\/p>\n<p>2. Se recomienda hornear a 60-70 \u2103 durante 30 minutos cuando la temperatura sea inferior a 10 \u2103 para un mejor curado de la pel\u00edcula de pintura.<\/p>\n<p>3. Elija el endurecedor y el diluyente correctos para evitar un curado deficiente de la pel\u00edcula de pintura.<\/p>\n<\/div>\n<div data-spm-anchor-id=\"a2700.details.0.i37.625d2e9eLtZffL\"><\/div>\n<div data-spm-anchor-id=\"a2700.details.0.i37.625d2e9eLtZffL\">\n<p>&nbsp;<\/p>\n<p>&nbsp;<\/p>\n<\/div>\n<div data-spm-anchor-id=\"a2700.details.0.i37.625d2e9eLtZffL\"><img decoding=\"async\" class=\"aligncenter size-full wp-image-760\" src=\"https:\/\/www.supersybon.com\/es\/wp-content\/uploads\/2022\/10\/1665480400-HK703-2K-Epoxy-Primer-Giving-Excellent-Resistance-Against-Rust-Salt-Atmosphere-And-Impact.jpg\" alt=\"\" width=\"900\" height=\"959\" title=\"\" srcset=\"https:\/\/www.supersybon.com\/es\/wp-content\/uploads\/2022\/10\/1665480400-HK703-2K-Epoxy-Primer-Giving-Excellent-Resistance-Against-Rust-Salt-Atmosphere-And-Impact.jpg 900w, https:\/\/www.supersybon.com\/es\/wp-content\/uploads\/2022\/10\/1665480400-HK703-2K-Epoxy-Primer-Giving-Excellent-Resistance-Against-Rust-Salt-Atmosphere-And-Impact-480x511.jpg 480w\" sizes=\"(min-width: 0px) and (max-width: 480px) 480px, (min-width: 481px) 900px, 100vw\" \/><\/div>\n<div data-spm-anchor-id=\"a2700.details.0.i37.625d2e9eLtZffL\">\n<div data-spm-anchor-id=\"a2700.details.0.i37.625d2e9eLtZffL\">\n<p>&nbsp;<\/p>\n<p>&nbsp;<\/p>\n<\/div>\n<div data-spm-anchor-id=\"a2700.details.0.i37.625d2e9eLtZffL\">\n<div><strong>Embalaje y servicio de productos<br \/>\n<\/strong><\/div>\n<hr \/>\n<p><strong>PAQUETE :<br \/>\n<\/strong><\/p>\n<p>1L*12 latas\/cart\u00f3n 4L*4 latas\/cart\u00f3n.<\/p>\n<p>&nbsp;<\/p>\n<p><strong>NUESTRO SERVICIO:<br \/>\n<\/strong><\/p>\n<p>1.24 horas en l\u00ednea<\/p>\n<p>2. Precio competitivo<\/p>\n<p>3. Excelentes comentarios del cliente<\/p>\n<p>4. Pedidos en l\u00ednea seguros<\/p>\n<p>5. Entrega r\u00e1pida<\/p>\n<p>6. Soporte t\u00e9cnico profesional<\/p>\n<\/div>\n<\/div>\n<div data-spm-anchor-id=\"a2700.details.0.i37.625d2e9eLtZffL\"><\/div>\n<p>&nbsp;<\/p>\n<p>&nbsp;<\/p>\n<p><img decoding=\"async\" class=\"aligncenter size-full wp-image-741\" src=\"https:\/\/www.supersybon.com\/es\/wp-content\/uploads\/2022\/09\/1665471795-Hk702-Best-Auto-Filler-Primer-For-Cars-Metallized-Coating-Primer.jpg\" alt=\"\" width=\"750\" height=\"750\" title=\"\" srcset=\"https:\/\/www.supersybon.com\/es\/wp-content\/uploads\/2022\/09\/1665471795-Hk702-Best-Auto-Filler-Primer-For-Cars-Metallized-Coating-Primer.jpg 750w, https:\/\/www.supersybon.com\/es\/wp-content\/uploads\/2022\/09\/1665471795-Hk702-Best-Auto-Filler-Primer-For-Cars-Metallized-Coating-Primer-480x480.jpg 480w\" sizes=\"(min-width: 0px) and (max-width: 480px) 480px, (min-width: 481px) 750px, 100vw\" \/><\/p>\n<p>&nbsp;<\/p>\n<p>&nbsp;<\/p>\n<p><strong>Perfil de la empresa<br \/>\n<\/strong><\/p>\n<hr \/>\n<p>&nbsp;<\/p>\n<p><img decoding=\"async\" class=\"aligncenter size-full wp-image-324\" src=\"https:\/\/www.supersybon.com\/es\/wp-content\/uploads\/2022\/09\/1663401769-Car-Paint-Supplier-Company-Profile-Manufacturer-China.jpg\" alt=\"\" width=\"900\" height=\"958\" title=\"\" srcset=\"https:\/\/www.supersybon.com\/es\/wp-content\/uploads\/2022\/09\/1663401769-Car-Paint-Supplier-Company-Profile-Manufacturer-China.jpg 900w, https:\/\/www.supersybon.com\/es\/wp-content\/uploads\/2022\/09\/1663401769-Car-Paint-Supplier-Company-Profile-Manufacturer-China-480x511.jpg 480w\" sizes=\"(min-width: 0px) and (max-width: 480px) 480px, (min-width: 481px) 900px, 100vw\" \/><\/p>\n<p>&nbsp;<\/p>\n<p><strong>Preguntas m\u00e1s frecuentes<br \/>\n<\/strong><\/p>\n<hr \/>\n<p>P: \u00bfCu\u00e1l es su MOQ?<\/p>\n<p>R: Nuestro pedido m\u00ednimo es de 300 litros.<\/p>\n<p>P: \u00bfEs usted una empresa fabricante?<\/p>\n<p>R: somos fabricantes profesionales y tenemos nuestra propia f\u00e1brica.<\/p>\n<p>P: \u00bfPodemos visitar su f\u00e1brica?<\/p>\n<p>R: S\u00ed. Le invitamos a nuestra f\u00e1brica.<\/p>\n<p>P: \u00bfQu\u00e9 hay de su pago?<\/p>\n<p>R: dep\u00f3sito del 50% por adelantado, saldo del 50% por T\/T, L\/C, paypal, Western Union o antes del env\u00edo.<\/p>\n<p>P: \u00bfProporcionan muestras?<\/p>\n<p>R: S\u00ed, podemos proporcionarle muestras gratuitas, solo debe pagar el flete.<\/p>\n<p>P: \u00bfQu\u00e9 hay de su tiempo de entrega?<\/p>\n<p>R: generalmente 15 d\u00edas despu\u00e9s de recibir su dep\u00f3sito.<\/p>\n","protected":false},"excerpt":{"rendered":"<p>Dando una excelente resistencia contra la oxidaci\u00f3n, la atm\u00f3sfera salina y el impacto, tiene una perfecta adherencia a los metales debidamente tratados.2K Imprimaci\u00f3n epoxi.<\/p>\n","protected":false},"featured_media":762,"template":"","meta":{"_et_pb_use_builder":"","_et_pb_old_content":"","_et_gb_content_width":""},"product_brand":[],"product_cat":[76,78],"product_tag":[504,503,502],"class_list":{"0":"post-758","1":"product","2":"type-product","3":"status-publish","4":"has-post-thumbnail","6":"product_cat-serie-de-pintura-automatica","7":"product_cat-imprimacion-relleno-masilla","8":"product_tag-atmosfera-salina-e-impacto","9":"product_tag-dando-una-excelente-resistencia-contra-el-oxido","10":"product_tag-imprimacion-epoxi-2k","12":"first","13":"instock","14":"shipping-taxable","15":"product-type-simple"},"_links":{"self":[{"href":"https:\/\/www.supersybon.com\/es\/wp-json\/wp\/v2\/product\/758","targetHints":{"allow":["GET"]}}],"collection":[{"href":"https:\/\/www.supersybon.com\/es\/wp-json\/wp\/v2\/product"}],"about":[{"href":"https:\/\/www.supersybon.com\/es\/wp-json\/wp\/v2\/types\/product"}],"wp:featuredmedia":[{"embeddable":true,"href":"https:\/\/www.supersybon.com\/es\/wp-json\/wp\/v2\/media\/762"}],"wp:attachment":[{"href":"https:\/\/www.supersybon.com\/es\/wp-json\/wp\/v2\/media?parent=758"}],"wp:term":[{"taxonomy":"product_brand","embeddable":true,"href":"https:\/\/www.supersybon.com\/es\/wp-json\/wp\/v2\/product_brand?post=758"},{"taxonomy":"product_cat","embeddable":true,"href":"https:\/\/www.supersybon.com\/es\/wp-json\/wp\/v2\/product_cat?post=758"},{"taxonomy":"product_tag","embeddable":true,"href":"https:\/\/www.supersybon.com\/es\/wp-json\/wp\/v2\/product_tag?post=758"}],"curies":[{"name":"wp","href":"https:\/\/api.w.org\/{rel}","templated":true}]}}