{"id":752,"date":"2022-10-11T15:58:04","date_gmt":"2022-10-11T07:58:04","guid":{"rendered":"https:\/\/www.supersybon.com\/es\/?post_type=product&#038;p=752"},"modified":"2026-02-28T19:49:34","modified_gmt":"2026-02-28T11:49:34","slug":"hk701-2k-imprimacion-intermedia-imprimador-de-superficie-multiusos-de-paquete-doble","status":"publish","type":"product","link":"https:\/\/www.supersybon.com\/es\/product\/hk701-2k-imprimacion-intermedia-imprimador-de-superficie-multiusos-de-paquete-doble","title":{"rendered":"HK701 2K Imprimaci\u00f3n intermedia imprimador de superficie multiusos de paquete doble"},"content":{"rendered":"<p><img decoding=\"async\" class=\"aligncenter size-full wp-image-754\" src=\"https:\/\/www.supersybon.com\/es\/wp-content\/uploads\/2022\/10\/1665476743-HK701-Auto-Body-2K-Primer-2K-For-Car-Paint-2K-Grey-Primer-Car-Painting.jpg\" alt=\"\" width=\"900\" height=\"364\" title=\"\" srcset=\"https:\/\/www.supersybon.com\/es\/wp-content\/uploads\/2022\/10\/1665476743-HK701-Auto-Body-2K-Primer-2K-For-Car-Paint-2K-Grey-Primer-Car-Painting.jpg 900w, https:\/\/www.supersybon.com\/es\/wp-content\/uploads\/2022\/10\/1665476743-HK701-Auto-Body-2K-Primer-2K-For-Car-Paint-2K-Grey-Primer-Car-Painting-480x194.jpg 480w\" sizes=\"(min-width: 0px) and (max-width: 480px) 480px, (min-width: 481px) 900px, 100vw\" \/><\/p>\n<p>&nbsp;<\/p>\n<p><strong>Imprimaci\u00f3n intermedia 2K<\/strong><\/p>\n<p>HK701 2K Imprimaci\u00f3n intermedia imprimador de superficie multiusos de paquete doble<\/p>\n<p>Muti-purpose double pack primer surfacer, with good filling power and fine adhesion between coats, has excellent flexibility and impact resistance.<\/p>\n<div>\n<div class=\"magic-9\">\n<div class=\"magic-10\"><\/div>\n<\/div>\n<\/div>\n<div data-spm-anchor-id=\"a2700.details.0.i37.625d2e9eLtZffL\"><\/div>\n<div data-spm-anchor-id=\"a2700.details.0.i37.625d2e9eLtZffL\"><\/div>\n<div data-spm-anchor-id=\"a2700.details.0.i37.625d2e9eLtZffL\"><img decoding=\"async\" class=\"aligncenter size-full wp-image-756\" src=\"https:\/\/www.supersybon.com\/es\/wp-content\/uploads\/2022\/10\/1665476781-HK701-2K-Automotive-Primer-2K-Primer-Filler-2K-Auto-Primer.jpg\" alt=\"\" width=\"850\" height=\"850\" title=\"\" srcset=\"https:\/\/www.supersybon.com\/es\/wp-content\/uploads\/2022\/10\/1665476781-HK701-2K-Automotive-Primer-2K-Primer-Filler-2K-Auto-Primer.jpg 850w, https:\/\/www.supersybon.com\/es\/wp-content\/uploads\/2022\/10\/1665476781-HK701-2K-Automotive-Primer-2K-Primer-Filler-2K-Auto-Primer-480x480.jpg 480w\" sizes=\"(min-width: 0px) and (max-width: 480px) 480px, (min-width: 481px) 850px, 100vw\" \/><\/div>\n<div data-spm-anchor-id=\"a2700.details.0.i37.625d2e9eLtZffL\">\n<p>&nbsp;<\/p>\n\n<table id=\"tablepress-7\" class=\"tablepress tablepress-id-7 tbody-has-connected-cells\">\n<thead>\n<tr class=\"row-1\">\n\t<th class=\"column-1\">Item<\/th><th class=\"column-2\">Temperature<\/th><th class=\"column-3\">Item<\/th><th class=\"column-4\">Weigh<\/th><th class=\"column-5\">Volume<\/th>\n<\/tr>\n<\/thead>\n<tbody class=\"row-striping row-hover\">\n<tr class=\"row-2\">\n\t<td rowspan=\"6\" class=\"column-1\">Mixing Ratio<\/td><td rowspan=\"3\" class=\"column-2\">< 25\u2103<\/td><td class=\"column-3\">Primer filler<\/td><td class=\"column-4\">100 parts<\/td><td class=\"column-5\">3 parts<\/td>\n<\/tr>\n<tr class=\"row-3\">\n\t<td class=\"column-3\">Fast drying hardener<\/td><td class=\"column-4\">25 parts<\/td><td class=\"column-5\">1 parts<\/td>\n<\/tr>\n<tr class=\"row-4\">\n\t<td class=\"column-3\">Thinner<\/td><td class=\"column-4\">25-40 parts<\/td><td class=\"column-5\">1-1.5 parts<\/td>\n<\/tr>\n<tr class=\"row-5\">\n\t<td rowspan=\"3\" class=\"column-2\">\u226525\u2103<\/td><td class=\"column-3\">Primer filler<\/td><td class=\"column-4\">100 parts<\/td><td class=\"column-5\">3 parts<\/td>\n<\/tr>\n<tr class=\"row-6\">\n\t<td class=\"column-3\">Standard hardener<\/td><td class=\"column-4\">25 parts<\/td><td class=\"column-5\">1 parts<\/td>\n<\/tr>\n<tr class=\"row-7\">\n\t<td class=\"column-3\">Thinner<\/td><td class=\"column-4\">25-40 parts<\/td><td class=\"column-5\">1-1.5 parts<\/td>\n<\/tr>\n<\/tbody>\n<\/table>\n<!-- #tablepress-7 from cache -->\n<p>&nbsp;<\/p>\n<p>&nbsp;<\/p>\n<\/div>\n<div data-spm-anchor-id=\"a2700.details.0.i37.625d2e9eLtZffL\"><img decoding=\"async\" class=\"aligncenter size-full wp-image-3846\" src=\"https:\/\/www.supersybon.com\/es\/wp-content\/uploads\/2022\/10\/1772279327-HK701-2K-Primer-Filler-Automotive-2K-Primer-Grey-Spray-Filling-Primer.jpg\" alt=\"\" width=\"900\" height=\"1215\" title=\"\" srcset=\"https:\/\/www.supersybon.com\/es\/wp-content\/uploads\/2022\/10\/1772279327-HK701-2K-Primer-Filler-Automotive-2K-Primer-Grey-Spray-Filling-Primer.jpg 900w, https:\/\/www.supersybon.com\/es\/wp-content\/uploads\/2022\/10\/1772279327-HK701-2K-Primer-Filler-Automotive-2K-Primer-Grey-Spray-Filling-Primer-480x648.jpg 480w\" sizes=\"(min-width: 0px) and (max-width: 480px) 480px, (min-width: 481px) 900px, 100vw\" \/><\/div>\n<div data-spm-anchor-id=\"a2700.details.0.i37.625d2e9eLtZffL\">\n<div data-spm-anchor-id=\"a2700.details.0.i37.625d2e9eLtZffL\">\n<p>&nbsp;<\/p>\n<p><strong>Embalaje y servicio de productos<\/strong><\/p>\n<\/div>\n<div data-spm-anchor-id=\"a2700.details.0.i37.625d2e9eLtZffL\">\n<hr \/>\n<p><strong>PAQUETE :<br \/>\n<\/strong><\/p>\n<p>1L*12tins\/carton 4L*4tins\/carton.<\/p>\n<p>&nbsp;<\/p>\n<p><strong>NUESTRO SERVICIO:<br \/>\n<\/strong><\/p>\n<p>1,24 horas en l\u00ednea<\/p>\n<p>2. Precio competitivo<\/p>\n<p>3. Excelentes comentarios del cliente<\/p>\n<p>4. Pedidos en l\u00ednea seguros<\/p>\n<p>5. Entrega r\u00e1pida<\/p>\n<p>6. Soporte t\u00e9cnico profesional<\/p>\n<\/div>\n<\/div>\n<div data-spm-anchor-id=\"a2700.details.0.i37.625d2e9eLtZffL\"><\/div>\n<p>&nbsp;<\/p>\n<p>&nbsp;<\/p>\n<p><img decoding=\"async\" class=\"aligncenter size-full wp-image-741\" src=\"https:\/\/www.supersybon.com\/es\/wp-content\/uploads\/2022\/09\/1665471795-Hk702-Best-Auto-Filler-Primer-For-Cars-Metallized-Coating-Primer.jpg\" alt=\"\" width=\"750\" height=\"750\" title=\"\" srcset=\"https:\/\/www.supersybon.com\/es\/wp-content\/uploads\/2022\/09\/1665471795-Hk702-Best-Auto-Filler-Primer-For-Cars-Metallized-Coating-Primer.jpg 750w, https:\/\/www.supersybon.com\/es\/wp-content\/uploads\/2022\/09\/1665471795-Hk702-Best-Auto-Filler-Primer-For-Cars-Metallized-Coating-Primer-480x480.jpg 480w\" sizes=\"(min-width: 0px) and (max-width: 480px) 480px, (min-width: 481px) 750px, 100vw\" \/><\/p>\n<p>&nbsp;<\/p>\n<p>&nbsp;<\/p>\n<p><strong>Perfil de la empresa<br \/>\n<\/strong><\/p>\n<hr \/>\n<p>&nbsp;<\/p>\n<p><img decoding=\"async\" class=\"aligncenter size-full wp-image-324\" src=\"https:\/\/www.supersybon.com\/es\/wp-content\/uploads\/2022\/09\/1663401769-Car-Paint-Supplier-Company-Profile-Manufacturer-China.jpg\" alt=\"\" width=\"900\" height=\"958\" title=\"\" srcset=\"https:\/\/www.supersybon.com\/es\/wp-content\/uploads\/2022\/09\/1663401769-Car-Paint-Supplier-Company-Profile-Manufacturer-China.jpg 900w, https:\/\/www.supersybon.com\/es\/wp-content\/uploads\/2022\/09\/1663401769-Car-Paint-Supplier-Company-Profile-Manufacturer-China-480x511.jpg 480w\" sizes=\"(min-width: 0px) and (max-width: 480px) 480px, (min-width: 481px) 900px, 100vw\" \/><\/p>\n<p>&nbsp;<\/p>\n<p><strong>Preguntas m\u00e1s frecuentes<br \/>\n<\/strong><\/p>\n<hr \/>\n<p>&nbsp;<\/p>\n<p>P: \u00bfCu\u00e1l es su MOQ?<\/p>\n<p>R: Nuestro pedido m\u00ednimo es de 300 litros.<\/p>\n<p>P: \u00bfEs usted una empresa fabricante?<\/p>\n<p>R: somos fabricantes profesionales y tenemos nuestra propia f\u00e1brica.<\/p>\n<p>P: \u00bfPodemos visitar su f\u00e1brica?<\/p>\n<p>R: S\u00ed. Le invitamos a nuestra f\u00e1brica.<\/p>\n<p>P: \u00bfQu\u00e9 hay de su pago?<\/p>\n<p>R: dep\u00f3sito del 50% por adelantado, saldo del 50% por T\/T, L\/C, paypal, Western Union o antes del env\u00edo.<\/p>\n<p>P: \u00bfProporcionan muestras?<\/p>\n<p>R: S\u00ed, podemos proporcionarle muestras gratuitas, solo debe pagar el flete.<\/p>\n<p>P: \u00bfQu\u00e9 hay de su tiempo de entrega?<\/p>\n<p>R: generalmente 15 d\u00edas despu\u00e9s de recibir su dep\u00f3sito.<\/p>\n","protected":false},"excerpt":{"rendered":"<p>Dando una excelente resistencia contra la oxidaci\u00f3n, la atm\u00f3sfera salina y el impacto, tiene una perfecta adherencia a los metales debidamente tratados.2K Imprimaci\u00f3n intermedia.<\/p>\n","protected":false},"featured_media":756,"template":"","meta":{"_et_pb_use_builder":"","_et_pb_old_content":"","_et_gb_content_width":""},"product_brand":[],"product_cat":[76,78],"product_tag":[500,501],"class_list":{"0":"post-752","1":"product","2":"type-product","3":"status-publish","4":"has-post-thumbnail","6":"product_cat-serie-de-pintura-automatica","7":"product_cat-imprimacion-relleno-masilla","8":"product_tag-imprimacion-intermedia-2k","9":"product_tag-imprimador-de-superficie-multiusos-de-paquete-doble","11":"first","12":"instock","13":"shipping-taxable","14":"product-type-simple"},"_links":{"self":[{"href":"https:\/\/www.supersybon.com\/es\/wp-json\/wp\/v2\/product\/752","targetHints":{"allow":["GET"]}}],"collection":[{"href":"https:\/\/www.supersybon.com\/es\/wp-json\/wp\/v2\/product"}],"about":[{"href":"https:\/\/www.supersybon.com\/es\/wp-json\/wp\/v2\/types\/product"}],"wp:featuredmedia":[{"embeddable":true,"href":"https:\/\/www.supersybon.com\/es\/wp-json\/wp\/v2\/media\/756"}],"wp:attachment":[{"href":"https:\/\/www.supersybon.com\/es\/wp-json\/wp\/v2\/media?parent=752"}],"wp:term":[{"taxonomy":"product_brand","embeddable":true,"href":"https:\/\/www.supersybon.com\/es\/wp-json\/wp\/v2\/product_brand?post=752"},{"taxonomy":"product_cat","embeddable":true,"href":"https:\/\/www.supersybon.com\/es\/wp-json\/wp\/v2\/product_cat?post=752"},{"taxonomy":"product_tag","embeddable":true,"href":"https:\/\/www.supersybon.com\/es\/wp-json\/wp\/v2\/product_tag?post=752"}],"curies":[{"name":"wp","href":"https:\/\/api.w.org\/{rel}","templated":true}]}}