{"id":745,"date":"2022-10-11T15:16:15","date_gmt":"2022-10-11T07:16:15","guid":{"rendered":"https:\/\/www.supersybon.com\/es\/?post_type=product&#038;p=745"},"modified":"2022-12-24T11:15:16","modified_gmt":"2022-12-24T03:15:16","slug":"hk700-1k-imprimador-de-plastico-imprimacion-monocomponente-transparente-de-secado-rapido","status":"publish","type":"product","link":"https:\/\/www.supersybon.com\/es\/product\/hk700-1k-imprimador-de-plastico-imprimacion-monocomponente-transparente-de-secado-rapido","title":{"rendered":"HK700 1K Imprimador de pl\u00e1stico imprimaci\u00f3n monocomponente transparente de secado r\u00e1pido"},"content":{"rendered":"<p><img decoding=\"async\" class=\"aligncenter size-full wp-image-746\" src=\"https:\/\/www.supersybon.com\/es\/wp-content\/uploads\/2022\/10\/1665474040-HK700-Auto-Plastic-Primer-For-Car-Body-Plastic-Part.jpg\" alt=\"\" width=\"900\" height=\"364\" title=\"\" srcset=\"https:\/\/www.supersybon.com\/es\/wp-content\/uploads\/2022\/10\/1665474040-HK700-Auto-Plastic-Primer-For-Car-Body-Plastic-Part.jpg 900w, https:\/\/www.supersybon.com\/es\/wp-content\/uploads\/2022\/10\/1665474040-HK700-Auto-Plastic-Primer-For-Car-Body-Plastic-Part-480x194.jpg 480w\" sizes=\"(min-width: 0px) and (max-width: 480px) 480px, (min-width: 481px) 900px, 100vw\" \/><\/p>\n<p>&nbsp;<\/p>\n<p><strong>Imprimador de pl\u00e1stico 1K<\/strong><\/p>\n<p>HK700 1K Imprimador de pl\u00e1stico imprimaci\u00f3n monocomponente transparente de secado r\u00e1pido<\/p>\n<p>A single-component transparent fast drying primer, to promote adhesion of paint system to plastic parts.<\/p>\n<div>\n<div class=\"magic-9\">\n<div class=\"magic-10\">\n<p>&nbsp;<\/p>\n<p><img decoding=\"async\" class=\"aligncenter size-full wp-image-748\" src=\"https:\/\/www.supersybon.com\/es\/wp-content\/uploads\/2022\/10\/1665474101-HK700-1K-Plastic-Primer-Automotive-Plastic-Primer-For-Plastic-Car-Parts.jpg\" alt=\"\" width=\"750\" height=\"750\" title=\"\" srcset=\"https:\/\/www.supersybon.com\/es\/wp-content\/uploads\/2022\/10\/1665474101-HK700-1K-Plastic-Primer-Automotive-Plastic-Primer-For-Plastic-Car-Parts.jpg 750w, https:\/\/www.supersybon.com\/es\/wp-content\/uploads\/2022\/10\/1665474101-HK700-1K-Plastic-Primer-Automotive-Plastic-Primer-For-Plastic-Car-Parts-480x480.jpg 480w\" sizes=\"(min-width: 0px) and (max-width: 480px) 480px, (min-width: 481px) 750px, 100vw\" \/><\/p>\n<p>&nbsp;<\/p>\n<p><strong>Nota:<\/strong><\/p>\n<p>1. El producto est\u00e1 listo para usar, no es necesario diluirlo.<\/p>\n<p>2. Se recomienda no rociar de forma espesa para evitar que se despegue.<\/p>\n<p>3. Se recomienda realizar una prueba antes de su uso debido a la variedad de piezas de pl\u00e1stico.<\/p>\n<\/div>\n<\/div>\n<\/div>\n<div class=\"magic-33\" data-spm-anchor-id=\"a2700.details.0.i37.625d2e9eLtZffL\">\n<p>&nbsp;<\/p>\n<p>&nbsp;<\/p>\n<\/div>\n<div data-spm-anchor-id=\"a2700.details.0.i37.625d2e9eLtZffL\"><\/div>\n<div data-spm-anchor-id=\"a2700.details.0.i37.625d2e9eLtZffL\"><\/div>\n<div data-spm-anchor-id=\"a2700.details.0.i37.625d2e9eLtZffL\"><img decoding=\"async\" class=\"aligncenter size-full wp-image-747\" src=\"https:\/\/www.supersybon.com\/es\/wp-content\/uploads\/2022\/10\/1665474076-HK700-Auto-Paint-Plastic-Primer-Car-Paint-Plastic-Primer-For-Plastic-Auto-Parts.jpg\" alt=\"\" width=\"900\" height=\"900\" title=\"\" srcset=\"https:\/\/www.supersybon.com\/es\/wp-content\/uploads\/2022\/10\/1665474076-HK700-Auto-Paint-Plastic-Primer-Car-Paint-Plastic-Primer-For-Plastic-Auto-Parts.jpg 900w, https:\/\/www.supersybon.com\/es\/wp-content\/uploads\/2022\/10\/1665474076-HK700-Auto-Paint-Plastic-Primer-Car-Paint-Plastic-Primer-For-Plastic-Auto-Parts-480x480.jpg 480w\" sizes=\"(min-width: 0px) and (max-width: 480px) 480px, (min-width: 481px) 900px, 100vw\" \/><\/div>\n<div data-spm-anchor-id=\"a2700.details.0.i37.625d2e9eLtZffL\">\n<p>&nbsp;<\/p>\n<p>&nbsp;<\/p>\n<\/div>\n<div data-spm-anchor-id=\"a2700.details.0.i37.625d2e9eLtZffL\">\n<div><strong>Embalaje y servicio de productos<br \/>\n<\/strong><\/div>\n<hr \/>\n<p><strong>PAQUETE :<br \/>\n<\/strong><\/p>\n<p>1L*12 latas\/cart\u00f3n 4L*4 latas\/cart\u00f3n.<\/p>\n<p>&nbsp;<\/p>\n<p><strong>NUESTRO SERVICIO:<br \/>\n<\/strong><\/p>\n<p>1.24 horas en l\u00ednea<\/p>\n<p>2. Precio competitivo<\/p>\n<p>3. Excelentes comentarios del cliente<\/p>\n<p>4. Pedidos en l\u00ednea seguros<\/p>\n<p>5. Entrega r\u00e1pida<\/p>\n<p>6. Soporte t\u00e9cnico profesional<\/p>\n<\/div>\n<div data-spm-anchor-id=\"a2700.details.0.i37.625d2e9eLtZffL\"><\/div>\n<p>&nbsp;<\/p>\n<p>&nbsp;<\/p>\n<p><img decoding=\"async\" class=\"aligncenter size-full wp-image-741\" src=\"https:\/\/www.supersybon.com\/es\/wp-content\/uploads\/2022\/09\/1665471795-Hk702-Best-Auto-Filler-Primer-For-Cars-Metallized-Coating-Primer.jpg\" alt=\"\" width=\"750\" height=\"750\" title=\"\" srcset=\"https:\/\/www.supersybon.com\/es\/wp-content\/uploads\/2022\/09\/1665471795-Hk702-Best-Auto-Filler-Primer-For-Cars-Metallized-Coating-Primer.jpg 750w, https:\/\/www.supersybon.com\/es\/wp-content\/uploads\/2022\/09\/1665471795-Hk702-Best-Auto-Filler-Primer-For-Cars-Metallized-Coating-Primer-480x480.jpg 480w\" sizes=\"(min-width: 0px) and (max-width: 480px) 480px, (min-width: 481px) 750px, 100vw\" \/><\/p>\n<p>&nbsp;<\/p>\n<p>&nbsp;<\/p>\n<p><strong>Perfil de la empresa<br \/>\n<\/strong><\/p>\n<hr \/>\n<p>&nbsp;<\/p>\n<p><img decoding=\"async\" class=\"aligncenter size-full wp-image-324\" src=\"https:\/\/www.supersybon.com\/es\/wp-content\/uploads\/2022\/09\/1663401769-Car-Paint-Supplier-Company-Profile-Manufacturer-China.jpg\" alt=\"\" width=\"900\" height=\"958\" title=\"\" srcset=\"https:\/\/www.supersybon.com\/es\/wp-content\/uploads\/2022\/09\/1663401769-Car-Paint-Supplier-Company-Profile-Manufacturer-China.jpg 900w, https:\/\/www.supersybon.com\/es\/wp-content\/uploads\/2022\/09\/1663401769-Car-Paint-Supplier-Company-Profile-Manufacturer-China-480x511.jpg 480w\" sizes=\"(min-width: 0px) and (max-width: 480px) 480px, (min-width: 481px) 900px, 100vw\" \/><\/p>\n<p><strong>Preguntas m\u00e1s frecuentes<br \/>\n<\/strong><\/p>\n<hr \/>\n<p>P: \u00bfCu\u00e1l es su MOQ?<\/p>\n<p>R: Nuestro pedido m\u00ednimo es de 300 litros.<\/p>\n<p>P: \u00bfEs usted una empresa fabricante?<\/p>\n<p>R: somos fabricantes profesionales y tenemos nuestra propia f\u00e1brica.<\/p>\n<p>P: \u00bfPodemos visitar su f\u00e1brica?<\/p>\n<p>R: S\u00ed. Le invitamos a nuestra f\u00e1brica.<\/p>\n<p>P: \u00bfQu\u00e9 hay de su pago?<\/p>\n<p>R: dep\u00f3sito del 50% por adelantado, saldo del 50% por T\/T, L\/C, paypal, Western Union o antes del env\u00edo.<\/p>\n<p>P: \u00bfProporcionan muestras?<\/p>\n<p>R: S\u00ed, podemos proporcionarle muestras gratuitas, solo debe pagar el flete.<\/p>\n<p>P: \u00bfQu\u00e9 hay de su tiempo de entrega?<\/p>\n<p>R: generalmente 15 d\u00edas despu\u00e9s de recibir su dep\u00f3sito.<\/p>\n","protected":false},"excerpt":{"rendered":"<p>A single-component transparent fast dryingprimer, to promote adhesion of paint system to plastic parts.<\/p>\n","protected":false},"featured_media":748,"template":"","meta":{"_et_pb_use_builder":"","_et_pb_old_content":"","_et_gb_content_width":""},"product_brand":[],"product_cat":[76,78],"product_tag":[496,498,499,497],"class_list":{"0":"post-745","1":"product","2":"type-product","3":"status-publish","4":"has-post-thumbnail","6":"product_cat-serie-de-pintura-automatica","7":"product_cat-imprimacion-relleno-masilla","8":"product_tag-1k-imprimador-de-plastico","9":"product_tag-a-monocomponente-transparente","10":"product_tag-imprimacion-de-secado-rapido","11":"product_tag-imprimador-de-plastico-1k","13":"first","14":"instock","15":"shipping-taxable","16":"product-type-simple"},"_links":{"self":[{"href":"https:\/\/www.supersybon.com\/es\/wp-json\/wp\/v2\/product\/745","targetHints":{"allow":["GET"]}}],"collection":[{"href":"https:\/\/www.supersybon.com\/es\/wp-json\/wp\/v2\/product"}],"about":[{"href":"https:\/\/www.supersybon.com\/es\/wp-json\/wp\/v2\/types\/product"}],"wp:featuredmedia":[{"embeddable":true,"href":"https:\/\/www.supersybon.com\/es\/wp-json\/wp\/v2\/media\/748"}],"wp:attachment":[{"href":"https:\/\/www.supersybon.com\/es\/wp-json\/wp\/v2\/media?parent=745"}],"wp:term":[{"taxonomy":"product_brand","embeddable":true,"href":"https:\/\/www.supersybon.com\/es\/wp-json\/wp\/v2\/product_brand?post=745"},{"taxonomy":"product_cat","embeddable":true,"href":"https:\/\/www.supersybon.com\/es\/wp-json\/wp\/v2\/product_cat?post=745"},{"taxonomy":"product_tag","embeddable":true,"href":"https:\/\/www.supersybon.com\/es\/wp-json\/wp\/v2\/product_tag?post=745"}],"curies":[{"name":"wp","href":"https:\/\/api.w.org\/{rel}","templated":true}]}}