{"id":732,"date":"2022-09-30T11:51:26","date_gmt":"2022-09-30T03:51:26","guid":{"rendered":"https:\/\/www.supersybon.com\/es\/?post_type=product&#038;p=732"},"modified":"2022-12-24T11:08:51","modified_gmt":"2022-12-24T03:08:51","slug":"hk702-1k-imprimador-de-superficie-imprimador-de-relleno-automotriz-de-alto-rendimiento-de-facil-lijado-y-secado-rapidohk702-1k-primer-surfacer-fast-dry-easy-sanding-high-performance-automotive-filler","status":"publish","type":"product","link":"https:\/\/www.supersybon.com\/es\/product\/hk702-1k-imprimador-de-superficie-imprimador-de-relleno-automotriz-de-alto-rendimiento-de-facil-lijado-y-secado-rapidohk702-1k-primer-surfacer-fast-dry-easy-sanding-high-performance-automotive-filler","title":{"rendered":"HK702 1K Imprimador de superficie imprimador de relleno automotriz de alto rendimiento de f\u00e1cil lijado y secado r\u00e1pido"},"content":{"rendered":"<p><iframe title=\"1K Primer Surfacer is a fast drying, easy sanding primer, providing excellent performance .\" width=\"1080\" height=\"608\" src=\"https:\/\/www.youtube.com\/embed\/bvMT2sO27xs?feature=oembed\"  allow=\"accelerometer; autoplay; clipboard-write; encrypted-media; gyroscope; picture-in-picture\" allowfullscreen><\/iframe><\/p>\n<p><img decoding=\"async\" class=\"aligncenter size-full wp-image-739\" src=\"https:\/\/www.supersybon.com\/es\/wp-content\/uploads\/2022\/09\/1665471736-Hk702-1K-Primer-Surfacer-1K-Auto-Primer-1K-Automotive-Primer.jpg\" alt=\"\" width=\"900\" height=\"364\" title=\"\" srcset=\"https:\/\/www.supersybon.com\/es\/wp-content\/uploads\/2022\/09\/1665471736-Hk702-1K-Primer-Surfacer-1K-Auto-Primer-1K-Automotive-Primer.jpg 900w, https:\/\/www.supersybon.com\/es\/wp-content\/uploads\/2022\/09\/1665471736-Hk702-1K-Primer-Surfacer-1K-Auto-Primer-1K-Automotive-Primer-480x194.jpg 480w\" sizes=\"(min-width: 0px) and (max-width: 480px) 480px, (min-width: 481px) 900px, 100vw\" \/><\/p>\n<p>&nbsp;<\/p>\n<p><strong>Imprimador de superficie<\/strong><\/p>\n<p>HK702 1K Imprimador de superficie imprimador de relleno automotriz de alto rendimiento de f\u00e1cil lijado y secado r\u00e1pido<\/p>\n<p>Secado r\u00e1pido,f\u00e1cil lijado,primer aparejo monocomponente,f\u00e1cil de usar,buen poder de relleno,excelente cobertura,adecuado para cubrir defectos menores de la pel\u00edcula de pintura.<\/p>\n<div class=\"magic-13\">\n<div class=\"magic-14\">\n<div class=\"magic-15\" data-id=\"paragraph0\"><\/div>\n<\/div>\n<\/div>\n<div data-id=\"paragraph0\"><\/div>\n<div>\n<div class=\"magic-9\">\n<div class=\"magic-10\"><img decoding=\"async\" class=\"aligncenter size-full wp-image-740\" src=\"https:\/\/www.supersybon.com\/es\/wp-content\/uploads\/2022\/09\/1665471762-Hk702-Automobile-Body-Primer-Car-Body-Filler-Primer.jpg\" alt=\"\" width=\"750\" height=\"750\" title=\"\" srcset=\"https:\/\/www.supersybon.com\/es\/wp-content\/uploads\/2022\/09\/1665471762-Hk702-Automobile-Body-Primer-Car-Body-Filler-Primer.jpg 750w, https:\/\/www.supersybon.com\/es\/wp-content\/uploads\/2022\/09\/1665471762-Hk702-Automobile-Body-Primer-Car-Body-Filler-Primer-480x480.jpg 480w\" sizes=\"(min-width: 0px) and (max-width: 480px) 480px, (min-width: 481px) 750px, 100vw\" \/><\/div>\n<div><\/div>\n<p>&nbsp;<\/p>\n<\/div>\n<\/div>\n<div><strong>Nota: <\/strong><\/div>\n<div>1. Se recomienda para reparaciones puntuales pero no para aplicaciones en \u00e1reas grandes.<br \/>\n2. Se recomienda utilizar imprimaci\u00f3n 2k para lograr una buena adherencia y una buena resistencia a la corrosi\u00f3n.<\/div>\n<div class=\"magic-33\" data-spm-anchor-id=\"a2700.details.0.i37.625d2e9eLtZffL\"><\/div>\n<div data-spm-anchor-id=\"a2700.details.0.i37.625d2e9eLtZffL\"><\/div>\n<div data-spm-anchor-id=\"a2700.details.0.i37.625d2e9eLtZffL\"><\/div>\n<div data-spm-anchor-id=\"a2700.details.0.i37.625d2e9eLtZffL\"><img decoding=\"async\" class=\"aligncenter size-medium wp-image-744\" src=\"https:\/\/www.supersybon.com\/es\/wp-content\/uploads\/2022\/09\/1665472417-HK702-Primer-Manufacturing-Primer-Paint-For-Cars-White-1K-Primer-Spray-Filler.jpg\" alt=\"\" width=\"900\" height=\"953\" title=\"\" srcset=\"https:\/\/www.supersybon.com\/es\/wp-content\/uploads\/2022\/09\/1665472417-HK702-Primer-Manufacturing-Primer-Paint-For-Cars-White-1K-Primer-Spray-Filler.jpg 900w, https:\/\/www.supersybon.com\/es\/wp-content\/uploads\/2022\/09\/1665472417-HK702-Primer-Manufacturing-Primer-Paint-For-Cars-White-1K-Primer-Spray-Filler-480x508.jpg 480w\" sizes=\"(min-width: 0px) and (max-width: 480px) 480px, (min-width: 481px) 900px, 100vw\" \/><\/div>\n<div class=\"magic-31\">\n<div class=\"magic-32\">\n<div data-spm-anchor-id=\"a2700.details.0.i37.625d2e9eLtZffL\"><\/div>\n<div data-spm-anchor-id=\"a2700.details.0.i37.625d2e9eLtZffL\"><\/div>\n<\/div>\n<\/div>\n<div>\n<p>&nbsp;<\/p>\n<\/div>\n<div><\/div>\n<div><\/div>\n<div><strong>Embalaje y servicio de productos<br \/>\n<\/strong><\/div>\n<hr \/>\n<p><strong>PAQUETE :<br \/>\n<\/strong><\/p>\n<p>1L*12 latas\/cart\u00f3n 4L*4 latas\/cart\u00f3n.<\/p>\n<p>&nbsp;<\/p>\n<p><strong>NUESTRO SERVICIO:<br \/>\n<\/strong><\/p>\n<p>1,24 horas en l\u00ednea<\/p>\n<p>2. Precio competitivo<\/p>\n<p>3. Excelentes comentarios del cliente<\/p>\n<p>4. Pedidos en l\u00ednea seguros<\/p>\n<p>5. Entrega r\u00e1pida<\/p>\n<p>6. Soporte t\u00e9cnico profesional<\/p>\n<p>&nbsp;<\/p>\n<p>&nbsp;<\/p>\n<p><img decoding=\"async\" class=\"aligncenter size-full wp-image-741\" src=\"https:\/\/www.supersybon.com\/es\/wp-content\/uploads\/2022\/09\/1665471795-Hk702-Best-Auto-Filler-Primer-For-Cars-Metallized-Coating-Primer.jpg\" alt=\"\" width=\"750\" height=\"750\" title=\"\" srcset=\"https:\/\/www.supersybon.com\/es\/wp-content\/uploads\/2022\/09\/1665471795-Hk702-Best-Auto-Filler-Primer-For-Cars-Metallized-Coating-Primer.jpg 750w, https:\/\/www.supersybon.com\/es\/wp-content\/uploads\/2022\/09\/1665471795-Hk702-Best-Auto-Filler-Primer-For-Cars-Metallized-Coating-Primer-480x480.jpg 480w\" sizes=\"(min-width: 0px) and (max-width: 480px) 480px, (min-width: 481px) 750px, 100vw\" \/><\/p>\n<p>&nbsp;<\/p>\n<p>&nbsp;<\/p>\n<p><strong>Perfil de la empresa<br \/>\n<\/strong><\/p>\n<hr \/>\n<p>&nbsp;<\/p>\n<p>&nbsp;<\/p>\n<p><img decoding=\"async\" class=\"aligncenter size-full wp-image-324\" src=\"https:\/\/www.supersybon.com\/es\/wp-content\/uploads\/2022\/09\/1663401769-Car-Paint-Supplier-Company-Profile-Manufacturer-China.jpg\" alt=\"\" width=\"900\" height=\"958\" title=\"\" srcset=\"https:\/\/www.supersybon.com\/es\/wp-content\/uploads\/2022\/09\/1663401769-Car-Paint-Supplier-Company-Profile-Manufacturer-China.jpg 900w, https:\/\/www.supersybon.com\/es\/wp-content\/uploads\/2022\/09\/1663401769-Car-Paint-Supplier-Company-Profile-Manufacturer-China-480x511.jpg 480w\" sizes=\"(min-width: 0px) and (max-width: 480px) 480px, (min-width: 481px) 900px, 100vw\" \/><\/p>\n<p><strong>Preguntas m\u00e1s frecuentes<br \/>\n<\/strong><\/p>\n<hr \/>\n<p><strong>Q:What's your MOQ?<\/strong><\/p>\n<p>R: Nuestro pedido m\u00ednimo es de 300 litros.<\/p>\n<p>P: \u00bfEs usted una empresa fabricante?<\/p>\n<p>R: somos fabricantes profesionales y tenemos nuestra propia f\u00e1brica.<\/p>\n<p>P: \u00bfPodemos visitar su f\u00e1brica?<\/p>\n<p>R: S\u00ed. Le invitamos a nuestra f\u00e1brica.<\/p>\n<p>P: \u00bfQu\u00e9 hay de su pago?<\/p>\n<p>R: dep\u00f3sito del 50% por adelantado, saldo del 50% por T\/T, L\/C, paypal, Western Union o antes del env\u00edo.<\/p>\n<p>P: \u00bfProporcionan muestras?<\/p>\n<p>R: S\u00ed, podemos proporcionarle muestras gratuitas, solo debe pagar el flete.<\/p>\n<p>P: \u00bfQu\u00e9 hay de su tiempo de entrega?<\/p>\n<p>R: generalmente 15 d\u00edas despu\u00e9s de recibir su dep\u00f3sito.<\/p>\n","protected":false},"excerpt":{"rendered":"<p>Fast drying,easy sanding,single component primer surfacer,easy to use,good filling power,excellent coverage,suitable to cover minor defects of paint film.<\/p>\n","protected":false},"featured_media":742,"template":"","meta":{"_et_pb_use_builder":"","_et_pb_old_content":"","_et_gb_content_width":""},"product_brand":[],"product_cat":[76,78],"product_tag":[493,495,494],"class_list":{"0":"post-732","1":"product","2":"type-product","3":"status-publish","4":"has-post-thumbnail","6":"product_cat-serie-de-pintura-automatica","7":"product_cat-imprimacion-relleno-masilla","8":"product_tag-1k-imprimador-de-superficie","9":"product_tag-imprimacion-de-relleno-automotriz-de-alto-rendimiento","10":"product_tag-lijado-facil-de-secado-rapido","12":"first","13":"instock","14":"shipping-taxable","15":"product-type-simple"},"_links":{"self":[{"href":"https:\/\/www.supersybon.com\/es\/wp-json\/wp\/v2\/product\/732","targetHints":{"allow":["GET"]}}],"collection":[{"href":"https:\/\/www.supersybon.com\/es\/wp-json\/wp\/v2\/product"}],"about":[{"href":"https:\/\/www.supersybon.com\/es\/wp-json\/wp\/v2\/types\/product"}],"wp:featuredmedia":[{"embeddable":true,"href":"https:\/\/www.supersybon.com\/es\/wp-json\/wp\/v2\/media\/742"}],"wp:attachment":[{"href":"https:\/\/www.supersybon.com\/es\/wp-json\/wp\/v2\/media?parent=732"}],"wp:term":[{"taxonomy":"product_brand","embeddable":true,"href":"https:\/\/www.supersybon.com\/es\/wp-json\/wp\/v2\/product_brand?post=732"},{"taxonomy":"product_cat","embeddable":true,"href":"https:\/\/www.supersybon.com\/es\/wp-json\/wp\/v2\/product_cat?post=732"},{"taxonomy":"product_tag","embeddable":true,"href":"https:\/\/www.supersybon.com\/es\/wp-json\/wp\/v2\/product_tag?post=732"}],"curies":[{"name":"wp","href":"https:\/\/api.w.org\/{rel}","templated":true}]}}