{"id":725,"date":"2022-09-30T10:53:04","date_gmt":"2022-09-30T02:53:04","guid":{"rendered":"https:\/\/www.supersybon.com\/es\/?post_type=product&#038;p=725"},"modified":"2025-09-20T14:31:29","modified_gmt":"2025-09-20T06:31:29","slug":"1k-nc-masilla-relleno-de-pintura-para-carroceria-de-automoviles-fabricantes-de-china","status":"publish","type":"product","link":"https:\/\/www.supersybon.com\/es\/product\/1k-nc-masilla-relleno-de-pintura-para-carroceria-de-automoviles-fabricantes-de-china","title":{"rendered":"HK706 1K NC masilla relleno de pintura para carrocer\u00eda de autom\u00f3viles fabricantes de China"},"content":{"rendered":"<p><img decoding=\"async\" class=\"aligncenter size-full wp-image-3519\" src=\"https:\/\/www.supersybon.com\/es\/wp-content\/uploads\/2022\/09\/1758349771-Mastic-de-finition-pour-carrosserie-automobile-HK706-HKS-Brand-Car-Paint-Company-1K-NC.jpg\" alt=\"Mastic-de-finition-pour-carrosserie-automobile-HK706-HKS-Brand-Car-Paint-Company-1K-NC\" width=\"750\" height=\"302\" title=\"\" srcset=\"https:\/\/www.supersybon.com\/es\/wp-content\/uploads\/2022\/09\/1758349771-Mastic-de-finition-pour-carrosserie-automobile-HK706-HKS-Brand-Car-Paint-Company-1K-NC.jpg 750w, https:\/\/www.supersybon.com\/es\/wp-content\/uploads\/2022\/09\/1758349771-Mastic-de-finition-pour-carrosserie-automobile-HK706-HKS-Brand-Car-Paint-Company-1K-NC-480x193.jpg 480w\" sizes=\"(min-width: 0px) and (max-width: 480px) 480px, (min-width: 481px) 750px, 100vw\" \/><\/p>\n<p>&nbsp;<\/p>\n<p><strong>1K NC Masilla Relleno de pintura para carrocer\u00eda de autom\u00f3viles MASILLA NC<\/strong><\/p>\n<p>HK706 1K NC masilla relleno de pintura para carrocer\u00eda de autom\u00f3viles fabricantes de China<\/p>\n<p>Masilla monocomponente de buena cubrici\u00f3n, de secado r\u00e1pido, de f\u00e1cil aplicaci\u00f3n y lijado, indicada para tapar peque\u00f1os ara\u00f1azos, lijados y pinchazos.<\/p>\n<div class=\"magic-13\">\n<div class=\"magic-14\">\n<div class=\"magic-15\" data-id=\"paragraph0\"><img decoding=\"async\" class=\"aligncenter size-full wp-image-3520\" src=\"https:\/\/www.supersybon.com\/es\/wp-content\/uploads\/2022\/09\/1758349795-HK706-Fabricant-Produit-Prix-de-Gros-Mastic-de-Remplissage-de-Carrosserie-1K-NC.jpg\" alt=\"HK706-Fabricant-Produit-Prix-de-Gros-Mastic-de-Remplissage-de-Carrosserie-1K-NC\" width=\"800\" height=\"800\" title=\"\" srcset=\"https:\/\/www.supersybon.com\/es\/wp-content\/uploads\/2022\/09\/1758349795-HK706-Fabricant-Produit-Prix-de-Gros-Mastic-de-Remplissage-de-Carrosserie-1K-NC.jpg 800w, https:\/\/www.supersybon.com\/es\/wp-content\/uploads\/2022\/09\/1758349795-HK706-Fabricant-Produit-Prix-de-Gros-Mastic-de-Remplissage-de-Carrosserie-1K-NC-480x480.jpg 480w\" sizes=\"(min-width: 0px) and (max-width: 480px) 480px, (min-width: 481px) 800px, 100vw\" \/><\/div>\n<div data-id=\"paragraph0\"><img decoding=\"async\" class=\"aligncenter size-full wp-image-3521\" src=\"https:\/\/www.supersybon.com\/es\/wp-content\/uploads\/2022\/09\/1758349817-Mastic-NC-HK706-a-prix-competitif-pour-la-reparation-des-defauts-mineurs.jpg\" alt=\"Mastic-NC-HK706-\u00e0-prix-comp\u00e9titif-pour-la-r\u00e9paration-des-d\u00e9fauts-mineurs\" width=\"800\" height=\"800\" title=\"\" srcset=\"https:\/\/www.supersybon.com\/es\/wp-content\/uploads\/2022\/09\/1758349817-Mastic-NC-HK706-a-prix-competitif-pour-la-reparation-des-defauts-mineurs.jpg 800w, https:\/\/www.supersybon.com\/es\/wp-content\/uploads\/2022\/09\/1758349817-Mastic-NC-HK706-a-prix-competitif-pour-la-reparation-des-defauts-mineurs-480x480.jpg 480w\" sizes=\"(min-width: 0px) and (max-width: 480px) 480px, (min-width: 481px) 800px, 100vw\" \/><\/div>\n<\/div>\n<\/div>\n<div data-id=\"paragraph0\"><\/div>\n<p>&nbsp;<\/p>\n<div data-id=\"paragraph0\">\n<div><strong>Nota:<\/strong><\/div>\n<div>1. Se debe lijar la mayor parte del relleno. Solo se puede dejar del 2 al 5% del \u00e1rea de esparcimiento.<br \/>\n2. El relleno no es adecuado para aplicar directamente sobre metales desnudos.<br \/>\n3. Roc\u00ede la capa de acabado directamente despu\u00e9s de lijar en caso de aplicaci\u00f3n en \u00e1reas peque\u00f1as. Para \u00e1reas grandes, se recomienda usar una imprimaci\u00f3n 2k antes de la capa de acabado.<br \/>\n4. Guarde herm\u00e9ticamente cerrado despu\u00e9s de su uso para evitar la formaci\u00f3n de piel.<\/div>\n<\/div>\n<p>&nbsp;<\/p>\n<div class=\"magic-31\">\n<div class=\"magic-32\">\n<div data-spm-anchor-id=\"a2700.details.0.i37.625d2e9eLtZffL\"><\/div>\n<div data-spm-anchor-id=\"a2700.details.0.i37.625d2e9eLtZffL\"><img decoding=\"async\" class=\"aligncenter size-full wp-image-731\" src=\"https:\/\/www.supersybon.com\/es\/wp-content\/uploads\/2022\/09\/1664509206-Car-Paint-Repair-Process-Super-Popular-Car-Body-Repair-Putty-Good-Quality-1K-NC-Putty.jpg\" alt=\"\" width=\"900\" height=\"620\" title=\"\" srcset=\"https:\/\/www.supersybon.com\/es\/wp-content\/uploads\/2022\/09\/1664509206-Car-Paint-Repair-Process-Super-Popular-Car-Body-Repair-Putty-Good-Quality-1K-NC-Putty.jpg 900w, https:\/\/www.supersybon.com\/es\/wp-content\/uploads\/2022\/09\/1664509206-Car-Paint-Repair-Process-Super-Popular-Car-Body-Repair-Putty-Good-Quality-1K-NC-Putty-480x331.jpg 480w\" sizes=\"(min-width: 0px) and (max-width: 480px) 480px, (min-width: 481px) 900px, 100vw\" \/><\/div>\n<div data-spm-anchor-id=\"a2700.details.0.i37.625d2e9eLtZffL\">\n<div>\n<p>&nbsp;<\/p>\n<p>&nbsp;<\/p>\n<\/div>\n<div><\/div>\n<div><\/div>\n<div><strong>Embalaje y servicio de productos<br \/>\n<\/strong><\/div>\n<hr \/>\n<p><strong>PAQUETE :<br \/>\n<\/strong><\/p>\n<p>1 kg\/lata, 12 latas\/cart\u00f3n.<\/p>\n<p>&nbsp;<\/p>\n<p><strong>NUESTRO SERVICIO:<br \/>\n<\/strong><\/p>\n<p>1.24 horas en l\u00ednea<\/p>\n<p>2. Precio competitivo<\/p>\n<p>3. Excelentes comentarios del cliente<\/p>\n<p>4. Pedidos en l\u00ednea seguros<\/p>\n<p>5. Entrega r\u00e1pida<\/p>\n<p>6. Soporte t\u00e9cnico profesional<\/p>\n<\/div>\n<\/div>\n<\/div>\n<p>&nbsp;<\/p>\n<p>&nbsp;<\/p>\n<p><img decoding=\"async\" class=\"aligncenter size-full wp-image-666\" src=\"https:\/\/www.supersybon.com\/es\/wp-content\/uploads\/2022\/09\/1664346192-Quick-Repair-Car-Body-Scratches-Automotive-Surface-Filling-Putty-Bodyfiller-Putty-Polyesterputty-.jpg\" alt=\"\" width=\"900\" height=\"861\" title=\"\" srcset=\"https:\/\/www.supersybon.com\/es\/wp-content\/uploads\/2022\/09\/1664346192-Quick-Repair-Car-Body-Scratches-Automotive-Surface-Filling-Putty-Bodyfiller-Putty-Polyesterputty-.jpg 900w, https:\/\/www.supersybon.com\/es\/wp-content\/uploads\/2022\/09\/1664346192-Quick-Repair-Car-Body-Scratches-Automotive-Surface-Filling-Putty-Bodyfiller-Putty-Polyesterputty--480x459.jpg 480w\" sizes=\"(min-width: 0px) and (max-width: 480px) 480px, (min-width: 481px) 900px, 100vw\" \/><\/p>\n<p>&nbsp;<\/p>\n<p>&nbsp;<\/p>\n<p><strong>Perfil de la empresa<br \/>\n<\/strong><\/p>\n<hr \/>\n<p>&nbsp;<\/p>\n<p>&nbsp;<\/p>\n<p><img decoding=\"async\" class=\"aligncenter size-full wp-image-324\" src=\"https:\/\/www.supersybon.com\/es\/wp-content\/uploads\/2022\/09\/1663401769-Car-Paint-Supplier-Company-Profile-Manufacturer-China.jpg\" alt=\"\" width=\"900\" height=\"958\" title=\"\" srcset=\"https:\/\/www.supersybon.com\/es\/wp-content\/uploads\/2022\/09\/1663401769-Car-Paint-Supplier-Company-Profile-Manufacturer-China.jpg 900w, https:\/\/www.supersybon.com\/es\/wp-content\/uploads\/2022\/09\/1663401769-Car-Paint-Supplier-Company-Profile-Manufacturer-China-480x511.jpg 480w\" sizes=\"(min-width: 0px) and (max-width: 480px) 480px, (min-width: 481px) 900px, 100vw\" \/><\/p>\n<p><strong>Preguntas m\u00e1s frecuentes<br \/>\n<\/strong><\/p>\n<hr \/>\n<p>P: \u00bfCu\u00e1l es su MOQ?<\/p>\n<p>R: Nuestro pedido m\u00ednimo es de 300 litros.<\/p>\n<p>P: \u00bfEs usted una empresa fabricante?<\/p>\n<p>R: somos fabricantes profesionales y tenemos nuestra propia f\u00e1brica.<\/p>\n<p>P: \u00bfPodemos visitar su f\u00e1brica?<\/p>\n<p>R: S\u00ed. Le invitamos a nuestra f\u00e1brica.<\/p>\n<p>P: \u00bfQu\u00e9 hay de su pago?<\/p>\n<p>R: dep\u00f3sito del 50% por adelantado, saldo del 50% por T\/T, L\/C, paypal, Western Union o antes del env\u00edo.<\/p>\n<p>P: \u00bfProporcionan muestras?<\/p>\n<p>R: S\u00ed, podemos proporcionarle muestras gratuitas, solo debe pagar el flete.<\/p>\n<p>P: \u00bfQu\u00e9 hay de su tiempo de entrega?<\/p>\n<p>R: generalmente 15 d\u00edas despu\u00e9s de recibir su dep\u00f3sito.<\/p>\n","protected":false},"excerpt":{"rendered":"<p>Masilla monocomponente de buena cubrici\u00f3n, de secado r\u00e1pido, de f\u00e1cil aplicaci\u00f3n y lijado, indicada para tapar peque\u00f1os ara\u00f1azos, lijados y pinchazos.<\/p>\n","protected":false},"featured_media":3524,"template":"","meta":{"_et_pb_use_builder":"","_et_pb_old_content":"","_et_gb_content_width":""},"product_brand":[],"product_cat":[76,78],"product_tag":[492,490,491],"class_list":{"0":"post-725","1":"product","2":"type-product","3":"status-publish","4":"has-post-thumbnail","6":"product_cat-serie-de-pintura-automatica","7":"product_cat-imprimacion-relleno-masilla","8":"product_tag-1k-nc-masilla-relleno-de-pintura-para-carroceria-de-automoviles","9":"product_tag-masilla-para-manchas","10":"product_tag-secado-extra-rapido-y-facil-lijado","12":"first","13":"instock","14":"shipping-taxable","15":"product-type-simple"},"_links":{"self":[{"href":"https:\/\/www.supersybon.com\/es\/wp-json\/wp\/v2\/product\/725","targetHints":{"allow":["GET"]}}],"collection":[{"href":"https:\/\/www.supersybon.com\/es\/wp-json\/wp\/v2\/product"}],"about":[{"href":"https:\/\/www.supersybon.com\/es\/wp-json\/wp\/v2\/types\/product"}],"wp:featuredmedia":[{"embeddable":true,"href":"https:\/\/www.supersybon.com\/es\/wp-json\/wp\/v2\/media\/3524"}],"wp:attachment":[{"href":"https:\/\/www.supersybon.com\/es\/wp-json\/wp\/v2\/media?parent=725"}],"wp:term":[{"taxonomy":"product_brand","embeddable":true,"href":"https:\/\/www.supersybon.com\/es\/wp-json\/wp\/v2\/product_brand?post=725"},{"taxonomy":"product_cat","embeddable":true,"href":"https:\/\/www.supersybon.com\/es\/wp-json\/wp\/v2\/product_cat?post=725"},{"taxonomy":"product_tag","embeddable":true,"href":"https:\/\/www.supersybon.com\/es\/wp-json\/wp\/v2\/product_tag?post=725"}],"curies":[{"name":"wp","href":"https:\/\/api.w.org\/{rel}","templated":true}]}}