{"id":714,"date":"2022-09-29T13:54:07","date_gmt":"2022-09-29T05:54:07","guid":{"rendered":"https:\/\/www.supersybon.com\/es\/?post_type=product&#038;p=714"},"modified":"2023-09-23T12:47:42","modified_gmt":"2023-09-23T04:47:42","slug":"hk706t-1k-nc-masilla-de-relleno-de-carroceria-masilla-para-puntos-de-secado-extra-rapido-y-facil-de-lijar","status":"publish","type":"product","link":"https:\/\/www.supersybon.com\/es\/product\/hk706t-1k-nc-masilla-de-relleno-de-carroceria-masilla-para-puntos-de-secado-extra-rapido-y-facil-de-lijar","title":{"rendered":"HK706T 1K NC masilla de relleno de carrocer\u00eda masilla para puntos de secado extra r\u00e1pido y f\u00e1cil de lijar"},"content":{"rendered":"<p><iframe title=\"NC body filler putty\" width=\"1080\" height=\"608\" src=\"https:\/\/www.youtube.com\/embed\/NdN-2IjFJjg?feature=oembed\"  allow=\"accelerometer; autoplay; clipboard-write; encrypted-media; gyroscope; picture-in-picture\" allowfullscreen><\/iframe><\/p>\n<p><img decoding=\"async\" class=\"aligncenter size-full wp-image-715\" src=\"https:\/\/www.supersybon.com\/es\/wp-content\/uploads\/2022\/09\/1664431676-HK706-Auto-Body-Filler-Car-Refinish-Paint-Spot-Filler-1K-Polyester-Putty-Car-Body-Filler.jpg\" alt=\"\" width=\"900\" height=\"394\" title=\"\" srcset=\"https:\/\/www.supersybon.com\/es\/wp-content\/uploads\/2022\/09\/1664431676-HK706-Auto-Body-Filler-Car-Refinish-Paint-Spot-Filler-1K-Polyester-Putty-Car-Body-Filler.jpg 900w, https:\/\/www.supersybon.com\/es\/wp-content\/uploads\/2022\/09\/1664431676-HK706-Auto-Body-Filler-Car-Refinish-Paint-Spot-Filler-1K-Polyester-Putty-Car-Body-Filler-480x210.jpg 480w\" sizes=\"(min-width: 0px) and (max-width: 480px) 480px, (min-width: 481px) 900px, 100vw\" \/><\/p>\n<p>&nbsp;<\/p>\n<p><strong>MASILLA NC<\/strong><\/p>\n<p>HK706T 1K NC masilla de relleno de carrocer\u00eda masilla para puntos de secado extra r\u00e1pido y f\u00e1cil de lijar<\/p>\n<p>Masilla monocomponente de buena cubrici\u00f3n, de secado r\u00e1pido, de f\u00e1cil aplicaci\u00f3n y lijado, indicada para tapar peque\u00f1os ara\u00f1azos, lijados y pinchazos.<\/p>\n<p>&nbsp;<\/p>\n<div>\n<div class=\"magic-13\">\n<div class=\"magic-10\">\n<div class=\"ife-detail-decorate-table\"><img decoding=\"async\" class=\"aligncenter size-full wp-image-717\" src=\"https:\/\/www.supersybon.com\/es\/wp-content\/uploads\/2022\/09\/1664432288-HK706-Good-Filling-Performance-Auto-Repair-Paint-1K-Putty-Car-Body-Filler.jpg\" alt=\"\" width=\"750\" height=\"750\" title=\"\" srcset=\"https:\/\/www.supersybon.com\/es\/wp-content\/uploads\/2022\/09\/1664432288-HK706-Good-Filling-Performance-Auto-Repair-Paint-1K-Putty-Car-Body-Filler.jpg 750w, https:\/\/www.supersybon.com\/es\/wp-content\/uploads\/2022\/09\/1664432288-HK706-Good-Filling-Performance-Auto-Repair-Paint-1K-Putty-Car-Body-Filler-480x480.jpg 480w\" sizes=\"(min-width: 0px) and (max-width: 480px) 480px, (min-width: 481px) 750px, 100vw\" \/><\/div>\n<p>&nbsp;<\/p>\n<\/div>\n<\/div>\n<\/div>\n<div><strong>Nota: <\/strong><\/div>\n<div>1. Se debe lijar la mayor parte del relleno. Solo se puede dejar del 2 al 5% del \u00e1rea de esparcimiento.<br \/>\n2. El relleno no es adecuado para aplicar directamente sobre metales desnudos.<br \/>\n3. Roc\u00ede la capa de acabado directamente despu\u00e9s de lijar en caso de aplicaci\u00f3n en \u00e1reas peque\u00f1as. Para \u00e1reas grandes, se recomienda usar una imprimaci\u00f3n 2k antes de la capa de acabado.<br \/>\n4. Guarde herm\u00e9ticamente cerrado despu\u00e9s de su uso para evitar la formaci\u00f3n de piel.<\/div>\n<div class=\"magic-31\">\n<div class=\"magic-33\" data-spm-anchor-id=\"a2700.details.0.i37.625d2e9eLtZffL\"><\/div>\n<div class=\"magic-32\">\n<div class=\"magic-33\" data-spm-anchor-id=\"a2700.details.0.i37.625d2e9eLtZffL\"><\/div>\n<\/div>\n<\/div>\n<p>&nbsp;<\/p>\n<p><img decoding=\"async\" class=\"aligncenter size-medium wp-image-720\" src=\"https:\/\/www.supersybon.com\/es\/wp-content\/uploads\/2022\/09\/1664432348-HK706-Quick-Drying-1K-Nc-Putty-Repairs-Scratches-Pinholes-Holes-And-Nick.jpg\" alt=\"\" width=\"750\" height=\"750\" title=\"\" srcset=\"https:\/\/www.supersybon.com\/es\/wp-content\/uploads\/2022\/09\/1664432348-HK706-Quick-Drying-1K-Nc-Putty-Repairs-Scratches-Pinholes-Holes-And-Nick.jpg 750w, https:\/\/www.supersybon.com\/es\/wp-content\/uploads\/2022\/09\/1664432348-HK706-Quick-Drying-1K-Nc-Putty-Repairs-Scratches-Pinholes-Holes-And-Nick-480x480.jpg 480w\" sizes=\"(min-width: 0px) and (max-width: 480px) 480px, (min-width: 481px) 750px, 100vw\" \/><\/p>\n<p>&nbsp;<\/p>\n<div>\n<p>&nbsp;<\/p>\n<p>&nbsp;<\/p>\n<\/div>\n<div><\/div>\n<div><\/div>\n<div><strong>Embalaje y servicio de productos<br \/>\n<\/strong><\/div>\n<hr \/>\n<p><strong>PAQUETE :<br \/>\n<\/strong><\/p>\n<p>330 g\/unidad, 48 unidades\/cart\u00f3n.<\/p>\n<p>&nbsp;<\/p>\n<p><strong>NUESTRO SERVICIO:<br \/>\n<\/strong><\/p>\n<p>1,24 horas en l\u00ednea<\/p>\n<p>2. Precio competitivo<\/p>\n<p>3. Excelentes comentarios del cliente<\/p>\n<p>4. Pedidos en l\u00ednea seguros<\/p>\n<p>5. Entrega r\u00e1pida<\/p>\n<p>6. Soporte t\u00e9cnico profesional<\/p>\n<p>&nbsp;<\/p>\n<p>&nbsp;<\/p>\n<p><img decoding=\"async\" class=\"aligncenter size-full wp-image-666\" src=\"https:\/\/www.supersybon.com\/es\/wp-content\/uploads\/2022\/09\/1664346192-Quick-Repair-Car-Body-Scratches-Automotive-Surface-Filling-Putty-Bodyfiller-Putty-Polyesterputty-.jpg\" alt=\"\" width=\"900\" height=\"861\" title=\"\" srcset=\"https:\/\/www.supersybon.com\/es\/wp-content\/uploads\/2022\/09\/1664346192-Quick-Repair-Car-Body-Scratches-Automotive-Surface-Filling-Putty-Bodyfiller-Putty-Polyesterputty-.jpg 900w, https:\/\/www.supersybon.com\/es\/wp-content\/uploads\/2022\/09\/1664346192-Quick-Repair-Car-Body-Scratches-Automotive-Surface-Filling-Putty-Bodyfiller-Putty-Polyesterputty--480x459.jpg 480w\" sizes=\"(min-width: 0px) and (max-width: 480px) 480px, (min-width: 481px) 900px, 100vw\" \/><\/p>\n<p>&nbsp;<\/p>\n<p>&nbsp;<\/p>\n<p><strong>Perfil de la empresa<br \/>\n<\/strong><\/p>\n<hr \/>\n<p>&nbsp;<\/p>\n<p><img decoding=\"async\" class=\"aligncenter size-full wp-image-324\" src=\"https:\/\/www.supersybon.com\/es\/wp-content\/uploads\/2022\/09\/1663401769-Car-Paint-Supplier-Company-Profile-Manufacturer-China.jpg\" alt=\"\" width=\"900\" height=\"958\" title=\"\" srcset=\"https:\/\/www.supersybon.com\/es\/wp-content\/uploads\/2022\/09\/1663401769-Car-Paint-Supplier-Company-Profile-Manufacturer-China.jpg 900w, https:\/\/www.supersybon.com\/es\/wp-content\/uploads\/2022\/09\/1663401769-Car-Paint-Supplier-Company-Profile-Manufacturer-China-480x511.jpg 480w\" sizes=\"(min-width: 0px) and (max-width: 480px) 480px, (min-width: 481px) 900px, 100vw\" \/><\/p>\n<p><strong>Preguntas m\u00e1s frecuentes<br \/>\n<\/strong><\/p>\n<hr \/>\n<p>P: \u00bfCu\u00e1l es su MOQ?<\/p>\n<p>R: Nuestro pedido m\u00ednimo es de 240 kilogramos.<\/p>\n<p>P: \u00bfEs usted una empresa fabricante?<\/p>\n<p>R: somos fabricantes profesionales y tenemos nuestra propia f\u00e1brica.<\/p>\n<p>P: \u00bfPodemos visitar su f\u00e1brica?<\/p>\n<p>R: S\u00ed. Le invitamos a nuestra f\u00e1brica.<\/p>\n<p>P: \u00bfQu\u00e9 hay de su pago?<\/p>\n<p>R: dep\u00f3sito del 50% por adelantado, saldo del 50% por T\/T, L\/C, paypal, Western Union o antes del env\u00edo.<\/p>\n<p>P: \u00bfProporcionan muestras?<\/p>\n<p>R: S\u00ed, podemos proporcionarle muestras gratuitas, solo debe pagar el flete.<\/p>\n<p>P: \u00bfQu\u00e9 hay de su tiempo de entrega?<\/p>\n<p>R: generalmente 15 d\u00edas despu\u00e9s de recibir su dep\u00f3sito.<\/p>\n","protected":false},"excerpt":{"rendered":"<p>Masilla monocomponente de buena cubrici\u00f3n, de secado r\u00e1pido, de f\u00e1cil aplicaci\u00f3n y lijado, indicada para tapar peque\u00f1os ara\u00f1azos, lijados y pinchazos.<\/p>\n","protected":false},"featured_media":716,"template":"","meta":{"_et_pb_use_builder":"","_et_pb_old_content":"","_et_gb_content_width":""},"product_brand":[],"product_cat":[76,78],"product_tag":[489,490,491],"class_list":{"0":"post-714","1":"product","2":"type-product","3":"status-publish","4":"has-post-thumbnail","6":"product_cat-serie-de-pintura-automatica","7":"product_cat-imprimacion-relleno-masilla","8":"product_tag-1k-nc-masilla-de-relleno-de-carroceria","9":"product_tag-masilla-para-manchas","10":"product_tag-secado-extra-rapido-y-facil-lijado","12":"first","13":"instock","14":"shipping-taxable","15":"product-type-simple"},"_links":{"self":[{"href":"https:\/\/www.supersybon.com\/es\/wp-json\/wp\/v2\/product\/714","targetHints":{"allow":["GET"]}}],"collection":[{"href":"https:\/\/www.supersybon.com\/es\/wp-json\/wp\/v2\/product"}],"about":[{"href":"https:\/\/www.supersybon.com\/es\/wp-json\/wp\/v2\/types\/product"}],"wp:featuredmedia":[{"embeddable":true,"href":"https:\/\/www.supersybon.com\/es\/wp-json\/wp\/v2\/media\/716"}],"wp:attachment":[{"href":"https:\/\/www.supersybon.com\/es\/wp-json\/wp\/v2\/media?parent=714"}],"wp:term":[{"taxonomy":"product_brand","embeddable":true,"href":"https:\/\/www.supersybon.com\/es\/wp-json\/wp\/v2\/product_brand?post=714"},{"taxonomy":"product_cat","embeddable":true,"href":"https:\/\/www.supersybon.com\/es\/wp-json\/wp\/v2\/product_cat?post=714"},{"taxonomy":"product_tag","embeddable":true,"href":"https:\/\/www.supersybon.com\/es\/wp-json\/wp\/v2\/product_tag?post=714"}],"curies":[{"name":"wp","href":"https:\/\/api.w.org\/{rel}","templated":true}]}}