{"id":706,"date":"2022-09-29T11:36:23","date_gmt":"2022-09-29T03:36:23","guid":{"rendered":"https:\/\/www.supersybon.com\/es\/?post_type=product&#038;p=706"},"modified":"2025-12-20T14:24:18","modified_gmt":"2025-12-20T06:24:18","slug":"hk016-masilla-de-poliester-de-fibra-de-vidrio-relleno-para-carroceria-verde-para-reparar-aranazos","status":"publish","type":"product","link":"https:\/\/www.supersybon.com\/es\/product\/hk016-masilla-de-poliester-de-fibra-de-vidrio-relleno-para-carroceria-verde-para-reparar-aranazos","title":{"rendered":"HK016 Masilla de poli\u00e9ster de fibra de vidrio relleno para carrocer\u00eda verde para reparar ara\u00f1azos"},"content":{"rendered":"<p><iframe title=\"Wholesale Fibre Glass Polyester Putty Car Body Filler Green Products For Repair Scratches .\" width=\"1080\" height=\"608\" src=\"https:\/\/www.youtube.com\/embed\/E72i7pKP_Yg?feature=oembed\"  allow=\"accelerometer; autoplay; clipboard-write; encrypted-media; gyroscope; picture-in-picture\" allowfullscreen><\/iframe><\/p>\n<p><img decoding=\"async\" class=\"aligncenter size-full wp-image-708\" src=\"https:\/\/www.supersybon.com\/es\/wp-content\/uploads\/2022\/09\/1664423491-HK405-Glass-Fiber-Polyester-Putty-Car-Body-Filler-Green-For-Repair-Scratches.jpg\" alt=\"\" width=\"900\" height=\"365\" title=\"\" srcset=\"https:\/\/www.supersybon.com\/es\/wp-content\/uploads\/2022\/09\/1664423491-HK405-Glass-Fiber-Polyester-Putty-Car-Body-Filler-Green-For-Repair-Scratches.jpg 900w, https:\/\/www.supersybon.com\/es\/wp-content\/uploads\/2022\/09\/1664423491-HK405-Glass-Fiber-Polyester-Putty-Car-Body-Filler-Green-For-Repair-Scratches-480x195.jpg 480w\" sizes=\"(min-width: 0px) and (max-width: 480px) 480px, (min-width: 481px) 900px, 100vw\" \/><\/p>\n<p>&nbsp;<\/p>\n<p>&nbsp;<\/p>\n<p><strong>Masilla de poli\u00e9ster de fibra de vidrio<\/strong><\/p>\n<p>HK016 Masilla de poli\u00e9ster de fibra de vidrio relleno para carrocer\u00eda verde para reparar ara\u00f1azos<\/p>\n<p>Masilla de poli\u00e9ster bicomponente con Buen poder de relleno, secado r\u00e1pido, f\u00e1cil de lijar y aplicar, Indicada para la reparaci\u00f3n de grandes y peque\u00f1as \u00e1reas de superficies automotrices.<\/p>\n<p>&nbsp;<\/p>\n<div class=\"magic-13\">\n<div class=\"magic-14\">\n<div class=\"magic-15\" data-id=\"paragraph0\"><\/div>\n<\/div>\n<\/div>\n<div data-id=\"paragraph0\"><\/div>\n<div>\n<div class=\"magic-9\">\n<div class=\"magic-10\">\n<div class=\"magic-11\"><img decoding=\"async\" class=\"aligncenter size-full wp-image-710\" src=\"https:\/\/www.supersybon.com\/es\/wp-content\/uploads\/2022\/09\/1664430524-HK405-Fiberglass-Fillers-Auto-Body-Supplies-Fiberglasscarbodies.jpg\" alt=\"\" width=\"800\" height=\"800\" title=\"\" srcset=\"https:\/\/www.supersybon.com\/es\/wp-content\/uploads\/2022\/09\/1664430524-HK405-Fiberglass-Fillers-Auto-Body-Supplies-Fiberglasscarbodies.jpg 800w, https:\/\/www.supersybon.com\/es\/wp-content\/uploads\/2022\/09\/1664430524-HK405-Fiberglass-Fillers-Auto-Body-Supplies-Fiberglasscarbodies-480x480.jpg 480w\" sizes=\"(min-width: 0px) and (max-width: 480px) 480px, (min-width: 481px) 800px, 100vw\" \/><\/div>\n<div>\n<p><strong>Nota:<\/strong><\/p>\n<p>1. Revuelva uniformemente antes de usar. No coloque el cuerpo de ceniza usado en el tanque del producto original.<\/p>\n<p>2. La proporci\u00f3n de masilla y agente de curado debe ser adecuada antes de raspar y debe mezclarse bien y de manera uniforme para evitar que se agriete o se ablande.<\/p>\n<p>3. El agente de curado de masilla es un producto que es inflamable, explosivo y tiene una fuerte irritaci\u00f3n en la piel, por favor no entre en contacto directamente con la piel.<\/p>\n<p>4. La capa de masilla no es f\u00e1cil de aplicar demasiado gruesa a la vez, y si el hoyo es profundo, debe aplicarse en varias pasadas.<\/p>\n<p>5. No pulverizar el acabado directamente sobre la masilla, para no perder brillo en el acabado.<\/p>\n<p><strong>Varios factores que hacen que la masilla se deteriore f\u00e1cilmente:<\/strong><\/p>\n<p>1. El isocianato en el componente principal reacciona f\u00e1cilmente con la humedad del aire y se deteriora.<\/p>\n<p>2. Los aditivos (inhibidores, aceleradores) tienen un impacto en la calidad del producto en s\u00ed.<\/p>\n<p>3. El sistema de f\u00f3rmulas debe ser proporcionado de acuerdo al ambiente y clima de cada lugar.<\/p>\n<p>4. Las condiciones de almacenamiento deben ser en un ambiente seco y sensible al clima.<\/p>\n<p>5. La mala calidad de los frascos de empaque de sus productos afecta la calidad del producto de la masilla.<\/p>\n<\/div>\n<\/div>\n<\/div>\n<div class=\"magic-13\">\n<div class=\"magic-10\">\n<div class=\"ife-detail-decorate-table\"><\/div>\n<\/div>\n<\/div>\n<\/div>\n<div><\/div>\n<div class=\"magic-31\">\n<div class=\"magic-32\">\n<div class=\"magic-33\" data-spm-anchor-id=\"a2700.details.0.i37.625d2e9eLtZffL\"><\/div>\n<\/div>\n<\/div>\n<p>&nbsp;<\/p>\n<p>&nbsp;<\/p>\n<p><strong>Embalaje y servicio de productos<br \/>\n<\/strong><\/p>\n<hr \/>\n<p><strong>PAQUETE :<br \/>\n<\/strong><\/p>\n<p>1,8 kg por lata, 8 latas por caja.<\/p>\n<p>&nbsp;<\/p>\n<p><strong>NUESTRO SERVICIO:<br \/>\n<\/strong><\/p>\n<p>1.24 horas en l\u00ednea<\/p>\n<p>2. Precio competitivo<\/p>\n<p>3. Excelentes comentarios del cliente<\/p>\n<p>4. Pedidos en l\u00ednea seguros<\/p>\n<p>5. Entrega r\u00e1pida<\/p>\n<p>6. Soporte t\u00e9cnico profesional<\/p>\n<p>&nbsp;<\/p>\n<p>&nbsp;<\/p>\n<p><img decoding=\"async\" class=\"aligncenter size-full wp-image-666\" src=\"https:\/\/www.supersybon.com\/es\/wp-content\/uploads\/2022\/09\/1664346192-Quick-Repair-Car-Body-Scratches-Automotive-Surface-Filling-Putty-Bodyfiller-Putty-Polyesterputty-.jpg\" alt=\"\" width=\"900\" height=\"861\" title=\"\" srcset=\"https:\/\/www.supersybon.com\/es\/wp-content\/uploads\/2022\/09\/1664346192-Quick-Repair-Car-Body-Scratches-Automotive-Surface-Filling-Putty-Bodyfiller-Putty-Polyesterputty-.jpg 900w, https:\/\/www.supersybon.com\/es\/wp-content\/uploads\/2022\/09\/1664346192-Quick-Repair-Car-Body-Scratches-Automotive-Surface-Filling-Putty-Bodyfiller-Putty-Polyesterputty--480x459.jpg 480w\" sizes=\"(min-width: 0px) and (max-width: 480px) 480px, (min-width: 481px) 900px, 100vw\" \/><\/p>\n<p>&nbsp;<\/p>\n<p>&nbsp;<\/p>\n<p><strong>Pasos de construcci\u00f3n<\/strong><\/p>\n<hr \/>\n<p>&nbsp;<\/p>\n<p><img decoding=\"async\" class=\"aligncenter size-full wp-image-668\" src=\"https:\/\/www.supersybon.com\/es\/wp-content\/uploads\/2022\/09\/1664347507-Auto-Body-And-Paint-Products-Car-Body-Filler-Product-Company-Auto-Repair-Putty-Construction-Steps.jpg\" alt=\"\" width=\"900\" height=\"2225\" title=\"\" srcset=\"https:\/\/www.supersybon.com\/es\/wp-content\/uploads\/2022\/09\/1664347507-Auto-Body-And-Paint-Products-Car-Body-Filler-Product-Company-Auto-Repair-Putty-Construction-Steps.jpg 900w, https:\/\/www.supersybon.com\/es\/wp-content\/uploads\/2022\/09\/1664347507-Auto-Body-And-Paint-Products-Car-Body-Filler-Product-Company-Auto-Repair-Putty-Construction-Steps-480x1187.jpg 480w\" sizes=\"(min-width: 0px) and (max-width: 480px) 480px, (min-width: 481px) 900px, 100vw\" \/><\/p>\n<p>&nbsp;<\/p>\n<p>&nbsp;<\/p>\n<p><strong>Perfil de la empresa<\/strong><\/p>\n<hr \/>\n<p>&nbsp;<\/p>\n<p><img decoding=\"async\" class=\"aligncenter size-full wp-image-324\" src=\"https:\/\/www.supersybon.com\/es\/wp-content\/uploads\/2022\/09\/1663401769-Car-Paint-Supplier-Company-Profile-Manufacturer-China.jpg\" alt=\"\" width=\"900\" height=\"958\" title=\"\" srcset=\"https:\/\/www.supersybon.com\/es\/wp-content\/uploads\/2022\/09\/1663401769-Car-Paint-Supplier-Company-Profile-Manufacturer-China.jpg 900w, https:\/\/www.supersybon.com\/es\/wp-content\/uploads\/2022\/09\/1663401769-Car-Paint-Supplier-Company-Profile-Manufacturer-China-480x511.jpg 480w\" sizes=\"(min-width: 0px) and (max-width: 480px) 480px, (min-width: 481px) 900px, 100vw\" \/><\/p>\n<p><strong>Preguntas m\u00e1s frecuentes<br \/>\n<\/strong><\/p>\n<hr \/>\n<p>&nbsp;<\/p>\n<p>P: \u00bfCu\u00e1l es su MOQ?<\/p>\n<p>R: Nuestro pedido m\u00ednimo es de 300 litros.<\/p>\n<p>P: \u00bfEs usted una empresa fabricante?<\/p>\n<p>R: somos fabricantes profesionales y tenemos nuestra propia f\u00e1brica.<\/p>\n<p>P: \u00bfPodemos visitar su f\u00e1brica?<\/p>\n<p>R: S\u00ed. Le invitamos a nuestra f\u00e1brica.<\/p>\n<p>P: \u00bfQu\u00e9 hay de su pago?<\/p>\n<p>R: dep\u00f3sito del 50% por adelantado, saldo del 50% por T\/T, L\/C, paypal, Western Union o antes del env\u00edo.<\/p>\n<p>P: \u00bfProporcionan muestras?<\/p>\n<p>R: S\u00ed, podemos proporcionarle muestras gratuitas, solo debe pagar el flete.<\/p>\n<p>P: \u00bfQu\u00e9 hay de su tiempo de entrega?<\/p>\n<p>R: generalmente 15 d\u00edas despu\u00e9s de recibir su dep\u00f3sito.<\/p>\n","protected":false},"excerpt":{"rendered":"<p>Masilla de poli\u00e9ster bicomponente con Buen poder de relleno, secado r\u00e1pido, f\u00e1cil de lijar y aplicar, Indicada para la reparaci\u00f3n de grandes y peque\u00f1as \u00e1reas de superficies automotrices.<\/p>\n","protected":false},"featured_media":710,"template":"","meta":{"_et_pb_use_builder":"","_et_pb_old_content":"","_et_gb_content_width":""},"product_brand":[],"product_cat":[76,78],"product_tag":[487,488],"class_list":{"0":"post-706","1":"product","2":"type-product","3":"status-publish","4":"has-post-thumbnail","6":"product_cat-serie-de-pintura-automatica","7":"product_cat-imprimacion-relleno-masilla","8":"product_tag-masilla-de-poliester-de-fibra-de-vidrio","9":"product_tag-relleno-para-carroceria-verde-para-reparar-aranazos","11":"first","12":"instock","13":"shipping-taxable","14":"product-type-simple"},"_links":{"self":[{"href":"https:\/\/www.supersybon.com\/es\/wp-json\/wp\/v2\/product\/706","targetHints":{"allow":["GET"]}}],"collection":[{"href":"https:\/\/www.supersybon.com\/es\/wp-json\/wp\/v2\/product"}],"about":[{"href":"https:\/\/www.supersybon.com\/es\/wp-json\/wp\/v2\/types\/product"}],"wp:featuredmedia":[{"embeddable":true,"href":"https:\/\/www.supersybon.com\/es\/wp-json\/wp\/v2\/media\/710"}],"wp:attachment":[{"href":"https:\/\/www.supersybon.com\/es\/wp-json\/wp\/v2\/media?parent=706"}],"wp:term":[{"taxonomy":"product_brand","embeddable":true,"href":"https:\/\/www.supersybon.com\/es\/wp-json\/wp\/v2\/product_brand?post=706"},{"taxonomy":"product_cat","embeddable":true,"href":"https:\/\/www.supersybon.com\/es\/wp-json\/wp\/v2\/product_cat?post=706"},{"taxonomy":"product_tag","embeddable":true,"href":"https:\/\/www.supersybon.com\/es\/wp-json\/wp\/v2\/product_tag?post=706"}],"curies":[{"name":"wp","href":"https:\/\/api.w.org\/{rel}","templated":true}]}}