{"id":694,"date":"2022-09-29T10:33:10","date_gmt":"2022-09-29T02:33:10","guid":{"rendered":"https:\/\/www.supersybon.com\/es\/?post_type=product&#038;p=694"},"modified":"2022-12-23T18:15:42","modified_gmt":"2022-12-23T10:15:42","slug":"hk017-masilla-de-poliester-de-alta-temperatura-relleno-de-carroceria-para-alta-temperatura-resistente-al-calor","status":"publish","type":"product","link":"https:\/\/www.supersybon.com\/es\/product\/hk017-masilla-de-poliester-de-alta-temperatura-relleno-de-carroceria-para-alta-temperatura-resistente-al-calor","title":{"rendered":"HK017 Masilla de poli\u00e9ster de alta temperatura relleno de carrocer\u00eda para alta temperatura Resistente al calor"},"content":{"rendered":"<p><iframe title=\"High temperature resistance putty provides high temperature and temperature changing resistance.\" width=\"1080\" height=\"608\" src=\"https:\/\/www.youtube.com\/embed\/n39wUv57ov4?feature=oembed\"  allow=\"accelerometer; autoplay; clipboard-write; encrypted-media; gyroscope; picture-in-picture\" allowfullscreen><\/iframe><\/p>\n<p><img decoding=\"async\" class=\"aligncenter size-full wp-image-695\" src=\"https:\/\/www.supersybon.com\/es\/wp-content\/uploads\/2022\/09\/1664419493-HK017-High-Temperature-Polyester-Putty-High-Temp-Body-Filler-Heat-Resistant.jpg\" alt=\"\" width=\"900\" height=\"362\" title=\"\" srcset=\"https:\/\/www.supersybon.com\/es\/wp-content\/uploads\/2022\/09\/1664419493-HK017-High-Temperature-Polyester-Putty-High-Temp-Body-Filler-Heat-Resistant.jpg 900w, https:\/\/www.supersybon.com\/es\/wp-content\/uploads\/2022\/09\/1664419493-HK017-High-Temperature-Polyester-Putty-High-Temp-Body-Filler-Heat-Resistant-480x193.jpg 480w\" sizes=\"(min-width: 0px) and (max-width: 480px) 480px, (min-width: 481px) 900px, 100vw\" \/><\/p>\n<p>&nbsp;<\/p>\n<p><strong>Masilla de poli\u00e9ster de alta temperatura<\/strong><\/p>\n<p>HK017 Masilla de poli\u00e9ster de alta temperatura relleno de carrocer\u00eda para alta temperatura Resistente al calor<\/p>\n<p>La masilla resistente a altas temperaturas proporciona resistencia a altas temperaturas y cambios de temperatura.<\/p>\n<p>Ofrece buena adherencia incluso con tratamiento t\u00e9rmico hasta 280\u2103.<\/p>\n<p>&nbsp;<\/p>\n<div class=\"magic-15\" data-id=\"paragraph0\"><img decoding=\"async\" class=\"aligncenter size-full wp-image-696\" src=\"https:\/\/www.supersybon.com\/es\/wp-content\/uploads\/2022\/09\/1664420020-HK017-High-Temperature-Resistance-Fast-Drying-Easy-Sanding.jpg\" alt=\"\" width=\"900\" height=\"462\" title=\"\" srcset=\"https:\/\/www.supersybon.com\/es\/wp-content\/uploads\/2022\/09\/1664420020-HK017-High-Temperature-Resistance-Fast-Drying-Easy-Sanding.jpg 900w, https:\/\/www.supersybon.com\/es\/wp-content\/uploads\/2022\/09\/1664420020-HK017-High-Temperature-Resistance-Fast-Drying-Easy-Sanding-480x246.jpg 480w\" sizes=\"(min-width: 0px) and (max-width: 480px) 480px, (min-width: 481px) 900px, 100vw\" \/><\/div>\n<div data-id=\"paragraph0\"><\/div>\n<div>\n<p><strong>Nota:<\/strong><\/p>\n<p>1. Revuelva uniformemente antes de usar. No coloque el cuerpo de ceniza usado en el tanque del producto original.<\/p>\n<p>2. La proporci\u00f3n de masilla y agente de curado debe ser adecuada antes de raspar y debe mezclarse bien y de manera uniforme para evitar que se agriete o se ablande.<\/p>\n<p>3. El agente de curado de masilla es un producto que es inflamable, explosivo y tiene una fuerte irritaci\u00f3n en la piel, por favor no entre en contacto directamente con la piel.<\/p>\n<p>4. La capa de masilla no es f\u00e1cil de aplicar demasiado gruesa a la vez, y si el hoyo es profundo, debe aplicarse en varias pasadas.<\/p>\n<p>5. No pulverizar el acabado directamente sobre la masilla, para no perder brillo en el acabado.<\/p>\n<p><strong>Varios factores que hacen que la masilla se deteriore f\u00e1cilmente:<\/strong><\/p>\n<p>1. El isocianato en el componente principal reacciona f\u00e1cilmente con la humedad del aire y se deteriora.<\/p>\n<p>2. Los aditivos (inhibidores, aceleradores) tienen un impacto en la calidad del producto en s\u00ed.<\/p>\n<p>3. El sistema de f\u00f3rmulas debe ser proporcionado de acuerdo al ambiente y clima de cada lugar.<\/p>\n<p>4. Las condiciones de almacenamiento deben ser en un ambiente seco y sensible al clima.<\/p>\n<p>5. La mala calidad de los frascos de empaque de sus productos afecta la calidad del producto de la masilla.<\/p>\n<p>&nbsp;<\/p>\n<p>&nbsp;<\/p>\n<\/div>\n<div><\/div>\n<div><\/div>\n<div><strong>Embalaje y servicio de productos<br \/>\n<\/strong><\/div>\n<hr \/>\n<p><strong>PAQUETE :<br \/>\n<\/strong><\/p>\n<p>1,5 kg por lata, 8 latas por caja.<\/p>\n<p>&nbsp;<\/p>\n<p><img decoding=\"async\" class=\"aligncenter size-full wp-image-697\" src=\"https:\/\/www.supersybon.com\/es\/wp-content\/uploads\/2022\/09\/1664420248-HK017-High-Temp-Body-Filler-Car-Putty-Suit-All-Kinds-of-Metal-Surfaces-All-Kinds-of-Primers-and-Old-Paint-Surfaces.jpg\" alt=\"\" width=\"900\" height=\"900\" title=\"\" srcset=\"https:\/\/www.supersybon.com\/es\/wp-content\/uploads\/2022\/09\/1664420248-HK017-High-Temp-Body-Filler-Car-Putty-Suit-All-Kinds-of-Metal-Surfaces-All-Kinds-of-Primers-and-Old-Paint-Surfaces.jpg 900w, https:\/\/www.supersybon.com\/es\/wp-content\/uploads\/2022\/09\/1664420248-HK017-High-Temp-Body-Filler-Car-Putty-Suit-All-Kinds-of-Metal-Surfaces-All-Kinds-of-Primers-and-Old-Paint-Surfaces-480x480.jpg 480w\" sizes=\"(min-width: 0px) and (max-width: 480px) 480px, (min-width: 481px) 900px, 100vw\" \/><\/p>\n<p>&nbsp;<\/p>\n<p>&nbsp;<\/p>\n<p><strong>NUESTRO SERVICIO:<br \/>\n<\/strong><\/p>\n<p>1.24 horas en l\u00ednea<\/p>\n<p>2. Precio competitivo<\/p>\n<p>3. Excelentes comentarios del cliente<\/p>\n<p>4. Pedidos en l\u00ednea seguros<\/p>\n<p>5. Entrega r\u00e1pida<\/p>\n<p>6. Soporte t\u00e9cnico profesional<\/p>\n<p>&nbsp;<\/p>\n<p><img decoding=\"async\" class=\"aligncenter size-full wp-image-666\" src=\"https:\/\/www.supersybon.com\/es\/wp-content\/uploads\/2022\/09\/1664346192-Quick-Repair-Car-Body-Scratches-Automotive-Surface-Filling-Putty-Bodyfiller-Putty-Polyesterputty-.jpg\" alt=\"\" width=\"900\" height=\"861\" title=\"\" srcset=\"https:\/\/www.supersybon.com\/es\/wp-content\/uploads\/2022\/09\/1664346192-Quick-Repair-Car-Body-Scratches-Automotive-Surface-Filling-Putty-Bodyfiller-Putty-Polyesterputty-.jpg 900w, https:\/\/www.supersybon.com\/es\/wp-content\/uploads\/2022\/09\/1664346192-Quick-Repair-Car-Body-Scratches-Automotive-Surface-Filling-Putty-Bodyfiller-Putty-Polyesterputty--480x459.jpg 480w\" sizes=\"(min-width: 0px) and (max-width: 480px) 480px, (min-width: 481px) 900px, 100vw\" \/><\/p>\n<p>&nbsp;<\/p>\n<p>&nbsp;<\/p>\n<p><strong>Pasos de construcci\u00f3n<\/strong><\/p>\n<hr \/>\n<p>&nbsp;<\/p>\n<p>&nbsp;<\/p>\n<p><img decoding=\"async\" class=\"aligncenter size-full wp-image-668\" src=\"https:\/\/www.supersybon.com\/es\/wp-content\/uploads\/2022\/09\/1664347507-Auto-Body-And-Paint-Products-Car-Body-Filler-Product-Company-Auto-Repair-Putty-Construction-Steps.jpg\" alt=\"\" width=\"900\" height=\"2225\" title=\"\" srcset=\"https:\/\/www.supersybon.com\/es\/wp-content\/uploads\/2022\/09\/1664347507-Auto-Body-And-Paint-Products-Car-Body-Filler-Product-Company-Auto-Repair-Putty-Construction-Steps.jpg 900w, https:\/\/www.supersybon.com\/es\/wp-content\/uploads\/2022\/09\/1664347507-Auto-Body-And-Paint-Products-Car-Body-Filler-Product-Company-Auto-Repair-Putty-Construction-Steps-480x1187.jpg 480w\" sizes=\"(min-width: 0px) and (max-width: 480px) 480px, (min-width: 481px) 900px, 100vw\" \/><\/p>\n<p>&nbsp;<\/p>\n<p><strong>Perfil de la empresa<\/strong><\/p>\n<hr \/>\n<p>&nbsp;<\/p>\n<p><img decoding=\"async\" class=\"aligncenter size-full wp-image-324\" src=\"https:\/\/www.supersybon.com\/es\/wp-content\/uploads\/2022\/09\/1663401769-Car-Paint-Supplier-Company-Profile-Manufacturer-China.jpg\" alt=\"\" width=\"900\" height=\"958\" title=\"\" srcset=\"https:\/\/www.supersybon.com\/es\/wp-content\/uploads\/2022\/09\/1663401769-Car-Paint-Supplier-Company-Profile-Manufacturer-China.jpg 900w, https:\/\/www.supersybon.com\/es\/wp-content\/uploads\/2022\/09\/1663401769-Car-Paint-Supplier-Company-Profile-Manufacturer-China-480x511.jpg 480w\" sizes=\"(min-width: 0px) and (max-width: 480px) 480px, (min-width: 481px) 900px, 100vw\" \/><\/p>\n<p><strong>Preguntas m\u00e1s frecuentes<br \/>\n<\/strong><\/p>\n<hr \/>\n<p>&nbsp;<\/p>\n<p>P: \u00bfCu\u00e1l es su MOQ?<\/p>\n<p>R: Nuestro pedido m\u00ednimo es de 240 kilogramos.<\/p>\n<p>P: \u00bfEs usted una empresa fabricante?<\/p>\n<p>R: somos fabricantes profesionales y tenemos nuestra propia f\u00e1brica.<\/p>\n<p>P: \u00bfPodemos visitar su f\u00e1brica?<\/p>\n<p>R: S\u00ed. Le invitamos a nuestra f\u00e1brica.<\/p>\n<p>P: \u00bfQu\u00e9 hay de su pago?<\/p>\n<p>R: dep\u00f3sito del 50% por adelantado, saldo del 50% por T\/T, L\/C, paypal, Western Union o antes del env\u00edo.<\/p>\n<p>P: \u00bfProporcionan muestras?<\/p>\n<p>R: S\u00ed, podemos proporcionarle muestras gratuitas, solo debe pagar el flete.<\/p>\n<p>P: \u00bfQu\u00e9 hay de su tiempo de entrega?<\/p>\n<p>R: generalmente 15 d\u00edas despu\u00e9s de recibir su dep\u00f3sito.<\/p>\n","protected":false},"excerpt":{"rendered":"<p>La masilla resistente a altas temperaturas proporciona resistencia a altas temperaturas y cambios de temperatura. Ofrece una buena adherencia incluso con<br \/>\ntratamiento t\u00e9rmico hasta 280\u2103.<\/p>\n","protected":false},"featured_media":698,"template":"","meta":{"_et_pb_use_builder":"","_et_pb_old_content":"","_et_gb_content_width":""},"product_brand":[],"product_cat":[76,78],"product_tag":[485,486],"class_list":{"0":"post-694","1":"product","2":"type-product","3":"status-publish","4":"has-post-thumbnail","6":"product_cat-serie-de-pintura-automatica","7":"product_cat-imprimacion-relleno-masilla","8":"product_tag-masilla-de-poliester-de-alta-temperatura","9":"product_tag-relleno-de-carroceria-para-alta-temperatura-resistente-al-calor","11":"first","12":"instock","13":"shipping-taxable","14":"product-type-simple"},"_links":{"self":[{"href":"https:\/\/www.supersybon.com\/es\/wp-json\/wp\/v2\/product\/694","targetHints":{"allow":["GET"]}}],"collection":[{"href":"https:\/\/www.supersybon.com\/es\/wp-json\/wp\/v2\/product"}],"about":[{"href":"https:\/\/www.supersybon.com\/es\/wp-json\/wp\/v2\/types\/product"}],"wp:featuredmedia":[{"embeddable":true,"href":"https:\/\/www.supersybon.com\/es\/wp-json\/wp\/v2\/media\/698"}],"wp:attachment":[{"href":"https:\/\/www.supersybon.com\/es\/wp-json\/wp\/v2\/media?parent=694"}],"wp:term":[{"taxonomy":"product_brand","embeddable":true,"href":"https:\/\/www.supersybon.com\/es\/wp-json\/wp\/v2\/product_brand?post=694"},{"taxonomy":"product_cat","embeddable":true,"href":"https:\/\/www.supersybon.com\/es\/wp-json\/wp\/v2\/product_cat?post=694"},{"taxonomy":"product_tag","embeddable":true,"href":"https:\/\/www.supersybon.com\/es\/wp-json\/wp\/v2\/product_tag?post=694"}],"curies":[{"name":"wp","href":"https:\/\/api.w.org\/{rel}","templated":true}]}}