{"id":672,"date":"2022-09-28T15:04:45","date_gmt":"2022-09-28T07:04:45","guid":{"rendered":"https:\/\/www.supersybon.com\/es\/?post_type=product&#038;p=672"},"modified":"2025-11-24T11:54:54","modified_gmt":"2025-11-24T03:54:54","slug":"hk015-masilla-ligera-para-carroceria-masilla-polivinilica-bpo-mas-vendida-relleno-ligero-para-carrocerias-para-reparacion-de-automoviles","status":"publish","type":"product","link":"https:\/\/www.supersybon.com\/es\/product\/hk015-masilla-ligera-para-carroceria-masilla-polivinilica-bpo-mas-vendida-relleno-ligero-para-carrocerias-para-reparacion-de-automoviles","title":{"rendered":"HK015 Masilla ligera para carrocer\u00eda masilla polivin\u00edlica BPO m\u00e1s vendida relleno ligero para carrocer\u00edas para reparaci\u00f3n de autom\u00f3viles"},"content":{"rendered":"<p><iframe title=\"The most popular and best-selling putty product - HK015 Light Weight Body Filler\" width=\"1080\" height=\"608\" src=\"https:\/\/www.youtube.com\/embed\/jJDw37TiFo8?feature=oembed\"  allow=\"accelerometer; autoplay; clipboard-write; encrypted-media; gyroscope; picture-in-picture; web-share\" referrerpolicy=\"strict-origin-when-cross-origin\" allowfullscreen><\/iframe><\/p>\n<p><img decoding=\"async\" class=\"aligncenter size-full wp-image-3495\" src=\"https:\/\/www.supersybon.com\/es\/wp-content\/uploads\/2022\/09\/1754561157-HK015-Light-Weight-Body-Filler-Wholesale-2K-Bpo-autobody-Repair-Polyester-Putty-Light-Weight-Body-Filler.jpg\" alt=\"Masilla-de-poli\u00e9ster-ligera-HK015-para-reparaci\u00f3n-de-carrocer\u00edas-2K-BPO-venta-al-por-mayor\" width=\"750\" height=\"302\" title=\"\" srcset=\"https:\/\/www.supersybon.com\/es\/wp-content\/uploads\/2022\/09\/1754561157-HK015-Light-Weight-Body-Filler-Wholesale-2K-Bpo-autobody-Repair-Polyester-Putty-Light-Weight-Body-Filler.jpg 750w, https:\/\/www.supersybon.com\/es\/wp-content\/uploads\/2022\/09\/1754561157-HK015-Light-Weight-Body-Filler-Wholesale-2K-Bpo-autobody-Repair-Polyester-Putty-Light-Weight-Body-Filler-480x193.jpg 480w\" sizes=\"(min-width: 0px) and (max-width: 480px) 480px, (min-width: 481px) 750px, 100vw\" \/><\/p>\n<p>&nbsp;<\/p>\n<p><strong>MASILLA POLI\u00c9STER BPO<\/strong><\/p>\n<p>HK011 Masilla polivin\u00edlica BPO m\u00e1s vendida relleno ligero para carrocer\u00edas para reparaci\u00f3n de autom\u00f3viles<\/p>\n<p>F\u00e1cil de rayar, de secado r\u00e1pido a temperatura ambiente, f\u00e1cil de lijar, fuerte adherencia, resistencia a altas temperaturas, buena capacidad de relleno, sin grietas, sin contracci\u00f3n, buena combinaci\u00f3n y otras ventajas.<\/p>\n<p><img decoding=\"async\" class=\"aligncenter size-full wp-image-3496\" src=\"https:\/\/www.supersybon.com\/es\/wp-content\/uploads\/2022\/09\/1754561264-HK015-Lightweight-Auto-Body-Filler-Lightweight-Filler-Best-Light-Weight-Body-Filler-1kg-2kg-4kg-5kg.jpg\" alt=\"HK015-Masilla-ligera-para-carrocer\u00eda-de-autom\u00f3vil-Masilla-ligera-Mejor-masilla-ligera-para-carrocer\u00eda-1-kg-2-kg-4-kg-55-kg\" width=\"750\" height=\"750\" title=\"\" srcset=\"https:\/\/www.supersybon.com\/es\/wp-content\/uploads\/2022\/09\/1754561264-HK015-Lightweight-Auto-Body-Filler-Lightweight-Filler-Best-Light-Weight-Body-Filler-1kg-2kg-4kg-5kg.jpg 750w, https:\/\/www.supersybon.com\/es\/wp-content\/uploads\/2022\/09\/1754561264-HK015-Lightweight-Auto-Body-Filler-Lightweight-Filler-Best-Light-Weight-Body-Filler-1kg-2kg-4kg-5kg-480x480.jpg 480w\" sizes=\"(min-width: 0px) and (max-width: 480px) 480px, (min-width: 481px) 750px, 100vw\" \/><\/p>\n<p><img decoding=\"async\" class=\"aligncenter size-full wp-image-3497\" src=\"https:\/\/www.supersybon.com\/es\/wp-content\/uploads\/2022\/09\/1754561309-HK015-Car-Paint-Putty-HKS-Light-weight-Body-Filler-Auto-Collision-coating-car-paint-repair-Automotive-Refinish.jpg\" alt=\"HK015-Masilla-para-pintura-de-autom\u00f3viles-HKS-Relleno-ligero-para-carrocer\u00eda-Recubrimiento-de-colisi\u00f3n-de-autom\u00f3viles-Reparaci\u00f3n-de-pintura-de-autom\u00f3viles-Reacabado-automotriz\" width=\"750\" height=\"750\" title=\"\" srcset=\"https:\/\/www.supersybon.com\/es\/wp-content\/uploads\/2022\/09\/1754561309-HK015-Car-Paint-Putty-HKS-Light-weight-Body-Filler-Auto-Collision-coating-car-paint-repair-Automotive-Refinish.jpg 750w, https:\/\/www.supersybon.com\/es\/wp-content\/uploads\/2022\/09\/1754561309-HK015-Car-Paint-Putty-HKS-Light-weight-Body-Filler-Auto-Collision-coating-car-paint-repair-Automotive-Refinish-480x480.jpg 480w\" sizes=\"(min-width: 0px) and (max-width: 480px) 480px, (min-width: 481px) 750px, 100vw\" \/><\/p>\n<p><img decoding=\"async\" class=\"aligncenter size-full wp-image-3498\" src=\"https:\/\/www.supersybon.com\/es\/wp-content\/uploads\/2022\/09\/1754561349-HK015-Car-Paint-Body-Putty-Body-Filler-For-Car-Autoputty-Package.jpg\" alt=\"Masilla-para-carrocer\u00eda-HK015-para-pintura-de-coche-relleno-para-carrocer\u00eda-paquete-de-masilla-para-coche\" width=\"900\" height=\"866\" title=\"\" srcset=\"https:\/\/www.supersybon.com\/es\/wp-content\/uploads\/2022\/09\/1754561349-HK015-Car-Paint-Body-Putty-Body-Filler-For-Car-Autoputty-Package.jpg 900w, https:\/\/www.supersybon.com\/es\/wp-content\/uploads\/2022\/09\/1754561349-HK015-Car-Paint-Body-Putty-Body-Filler-For-Car-Autoputty-Package-480x462.jpg 480w\" sizes=\"(min-width: 0px) and (max-width: 480px) 480px, (min-width: 481px) 900px, 100vw\" \/><\/p>\n<p><img decoding=\"async\" class=\"aligncenter size-full wp-image-676\" src=\"https:\/\/www.supersybon.com\/es\/wp-content\/uploads\/2022\/09\/1664352090-HK011-Poly-Putty-Base-Putty-And-Filler-Paint-Primer-Putty-Car-Poly-Putty-Carpoly-Paint.jpg\" alt=\"\" width=\"750\" height=\"750\" title=\"\" srcset=\"https:\/\/www.supersybon.com\/es\/wp-content\/uploads\/2022\/09\/1664352090-HK011-Poly-Putty-Base-Putty-And-Filler-Paint-Primer-Putty-Car-Poly-Putty-Carpoly-Paint.jpg 750w, https:\/\/www.supersybon.com\/es\/wp-content\/uploads\/2022\/09\/1664352090-HK011-Poly-Putty-Base-Putty-And-Filler-Paint-Primer-Putty-Car-Poly-Putty-Carpoly-Paint-480x480.jpg 480w\" sizes=\"(min-width: 0px) and (max-width: 480px) 480px, (min-width: 481px) 750px, 100vw\" \/><\/p>\n<p><img decoding=\"async\" class=\"aligncenter size-full wp-image-675\" src=\"https:\/\/www.supersybon.com\/es\/wp-content\/uploads\/2022\/09\/1664351901-HK011-Automotive-Light-Putty-Masilla-Poliestrer-Metalputtyfiller-Auto-Putty-Paint-Car-Paint-Putty.jpg\" alt=\"\" width=\"750\" height=\"750\" title=\"\" srcset=\"https:\/\/www.supersybon.com\/es\/wp-content\/uploads\/2022\/09\/1664351901-HK011-Automotive-Light-Putty-Masilla-Poliestrer-Metalputtyfiller-Auto-Putty-Paint-Car-Paint-Putty.jpg 750w, https:\/\/www.supersybon.com\/es\/wp-content\/uploads\/2022\/09\/1664351901-HK011-Automotive-Light-Putty-Masilla-Poliestrer-Metalputtyfiller-Auto-Putty-Paint-Car-Paint-Putty-480x480.jpg 480w\" sizes=\"(min-width: 0px) and (max-width: 480px) 480px, (min-width: 481px) 750px, 100vw\" \/><\/p>\n<p><strong>Nota:<\/strong><\/p>\n<p>&nbsp;<\/p>\n<p>1. Revuelva uniformemente antes de usar. No coloque el cuerpo de ceniza usado en el tanque del producto original.<\/p>\n<p>2. La proporci\u00f3n de masilla y agente de curado debe ser adecuada antes de raspar y debe mezclarse bien y de manera uniforme para evitar que se agriete o se ablande.<\/p>\n<p>3. El agente de curado de masilla es un producto que es inflamable, explosivo y tiene una fuerte irritaci\u00f3n en la piel, por favor no entre en contacto directamente con la piel.<\/p>\n<p>4. La capa de masilla no es f\u00e1cil de aplicar demasiado gruesa a la vez, y si el hoyo es profundo, debe aplicarse en varias pasadas.<\/p>\n<p>5. No pulverizar el acabado directamente sobre la masilla, para no perder brillo en el acabado.<\/p>\n<p><strong>Varios factores que hacen que la masilla se deteriore f\u00e1cilmente:<\/strong><\/p>\n<p>1. El isocianato en el componente principal reacciona f\u00e1cilmente con la humedad del aire y se deteriora.<\/p>\n<p>2. Los aditivos (inhibidores, aceleradores) tienen un impacto en la calidad del producto en s\u00ed.<\/p>\n<p>3. El sistema de f\u00f3rmulas debe ser proporcionado de acuerdo al ambiente y clima de cada lugar.<\/p>\n<p>4. Las condiciones de almacenamiento deben ser en un ambiente seco y sensible al clima.<\/p>\n<p>5. La mala calidad de los frascos de empaque de sus productos afecta la calidad del producto de la masilla.<\/p>\n<div class=\"magic-13\">\n<div class=\"magic-14\">\n<div data-id=\"paragraph0\"><\/div>\n<\/div>\n<\/div>\n<p><strong>Embalaje y servicio de productos<\/strong><\/p>\n<hr \/>\n<p><strong>PAQUETE:<\/strong><\/p>\n<p>1 kg por lata, 12 latas por caja;<\/p>\n<p>2 kg por lata, 8 latas por caja.<\/p>\n<p>4 kg por lata, 4 latas por caja;<\/p>\n<p>5.5 kg por lata, 4 latas por caja.<\/p>\n<p>&nbsp;<\/p>\n<p><strong>NUESTRO SERVICIO:<br \/>\n<\/strong><\/p>\n<p>1.24 horas en l\u00ednea<\/p>\n<p>2. Precio competitivo<\/p>\n<p>3. Excelentes comentarios del cliente<\/p>\n<p>4. Pedidos en l\u00ednea seguros<\/p>\n<p>5. Entrega r\u00e1pida<\/p>\n<p>6. Soporte t\u00e9cnico profesional<\/p>\n<p>&nbsp;<\/p>\n<p><img decoding=\"async\" class=\"aligncenter size-full wp-image-666\" src=\"https:\/\/www.supersybon.com\/es\/wp-content\/uploads\/2022\/09\/1664346192-Quick-Repair-Car-Body-Scratches-Automotive-Surface-Filling-Putty-Bodyfiller-Putty-Polyesterputty-.jpg\" alt=\"\" width=\"900\" height=\"861\" title=\"\" srcset=\"https:\/\/www.supersybon.com\/es\/wp-content\/uploads\/2022\/09\/1664346192-Quick-Repair-Car-Body-Scratches-Automotive-Surface-Filling-Putty-Bodyfiller-Putty-Polyesterputty-.jpg 900w, https:\/\/www.supersybon.com\/es\/wp-content\/uploads\/2022\/09\/1664346192-Quick-Repair-Car-Body-Scratches-Automotive-Surface-Filling-Putty-Bodyfiller-Putty-Polyesterputty--480x459.jpg 480w\" sizes=\"(min-width: 0px) and (max-width: 480px) 480px, (min-width: 481px) 900px, 100vw\" \/><\/p>\n<p>&nbsp;<\/p>\n<p><strong>Pasos de construcci\u00f3n<\/strong><\/p>\n<hr \/>\n<p>&nbsp;<\/p>\n<p><img decoding=\"async\" class=\"aligncenter size-full wp-image-668\" src=\"https:\/\/www.supersybon.com\/es\/wp-content\/uploads\/2022\/09\/1664347507-Auto-Body-And-Paint-Products-Car-Body-Filler-Product-Company-Auto-Repair-Putty-Construction-Steps.jpg\" alt=\"\" width=\"900\" height=\"2225\" title=\"\" srcset=\"https:\/\/www.supersybon.com\/es\/wp-content\/uploads\/2022\/09\/1664347507-Auto-Body-And-Paint-Products-Car-Body-Filler-Product-Company-Auto-Repair-Putty-Construction-Steps.jpg 900w, https:\/\/www.supersybon.com\/es\/wp-content\/uploads\/2022\/09\/1664347507-Auto-Body-And-Paint-Products-Car-Body-Filler-Product-Company-Auto-Repair-Putty-Construction-Steps-480x1187.jpg 480w\" sizes=\"(min-width: 0px) and (max-width: 480px) 480px, (min-width: 481px) 900px, 100vw\" \/><\/p>\n<p><strong>Perfil de la empresa<br \/>\n<\/strong><\/p>\n<hr \/>\n<p>&nbsp;<\/p>\n<p><img decoding=\"async\" class=\"aligncenter size-full wp-image-324\" src=\"https:\/\/www.supersybon.com\/es\/wp-content\/uploads\/2022\/09\/1663401769-Car-Paint-Supplier-Company-Profile-Manufacturer-China.jpg\" alt=\"\" width=\"900\" height=\"958\" title=\"\" srcset=\"https:\/\/www.supersybon.com\/es\/wp-content\/uploads\/2022\/09\/1663401769-Car-Paint-Supplier-Company-Profile-Manufacturer-China.jpg 900w, https:\/\/www.supersybon.com\/es\/wp-content\/uploads\/2022\/09\/1663401769-Car-Paint-Supplier-Company-Profile-Manufacturer-China-480x511.jpg 480w\" sizes=\"(min-width: 0px) and (max-width: 480px) 480px, (min-width: 481px) 900px, 100vw\" \/><\/p>\n<p><strong>Preguntas m\u00e1s frecuentes<br \/>\n<\/strong><\/p>\n<hr \/>\n<p>P: \u00bfCu\u00e1l es su MOQ?<\/p>\n<p>R: Nuestro pedido m\u00ednimo es de 240 kilogramos.<\/p>\n<p>P: \u00bfEs usted una empresa fabricante?<\/p>\n<p>R: somos fabricantes profesionales y tenemos nuestra propia f\u00e1brica.<\/p>\n<p>P: \u00bfPodemos visitar su f\u00e1brica?<\/p>\n<p>R: S\u00ed. Le invitamos a nuestra f\u00e1brica.<\/p>\n<p>P: \u00bfQu\u00e9 hay de su pago?<\/p>\n<p>R: dep\u00f3sito del 50% por adelantado, saldo del 50% por T\/T, L\/C, paypal, Western Union o antes del env\u00edo.<\/p>\n<p>P: \u00bfProporcionan muestras?<\/p>\n<p>R: S\u00ed, podemos proporcionarle muestras gratuitas, solo debe pagar el flete.<\/p>\n<p>P: \u00bfQu\u00e9 hay de su tiempo de entrega?<\/p>\n<p>R: generalmente 15 d\u00edas despu\u00e9s de recibir su dep\u00f3sito.<\/p>\n","protected":false},"excerpt":{"rendered":"<p>F\u00e1cil de rayar, secado r\u00e1pido a temperatura ambiente, f\u00e1cil de lijar, fuerte adherencia, resistencia a altas temperaturas, buen relleno<br \/>\nCapacidad, sin grietas, sin contracci\u00f3n, buena combinaci\u00f3n y otras ventajas.<\/p>\n","protected":false},"featured_media":3571,"template":"","meta":{"_et_pb_use_builder":"","_et_pb_old_content":"","_et_gb_content_width":""},"product_brand":[],"product_cat":[76,78],"product_tag":[1197,479,480],"class_list":{"0":"post-672","1":"product","2":"type-product","3":"status-publish","4":"has-post-thumbnail","6":"product_cat-serie-de-pintura-automatica","7":"product_cat-imprimacion-relleno-masilla","8":"product_tag-masilla-ligera-para-carroceria","9":"product_tag-masilla-polivinilica-bpo","10":"product_tag-relleno-ligero-para-carrocerias-para-reparacion-de-automoviles","12":"first","13":"instock","14":"shipping-taxable","15":"product-type-simple"},"_links":{"self":[{"href":"https:\/\/www.supersybon.com\/es\/wp-json\/wp\/v2\/product\/672","targetHints":{"allow":["GET"]}}],"collection":[{"href":"https:\/\/www.supersybon.com\/es\/wp-json\/wp\/v2\/product"}],"about":[{"href":"https:\/\/www.supersybon.com\/es\/wp-json\/wp\/v2\/types\/product"}],"wp:featuredmedia":[{"embeddable":true,"href":"https:\/\/www.supersybon.com\/es\/wp-json\/wp\/v2\/media\/3571"}],"wp:attachment":[{"href":"https:\/\/www.supersybon.com\/es\/wp-json\/wp\/v2\/media?parent=672"}],"wp:term":[{"taxonomy":"product_brand","embeddable":true,"href":"https:\/\/www.supersybon.com\/es\/wp-json\/wp\/v2\/product_brand?post=672"},{"taxonomy":"product_cat","embeddable":true,"href":"https:\/\/www.supersybon.com\/es\/wp-json\/wp\/v2\/product_cat?post=672"},{"taxonomy":"product_tag","embeddable":true,"href":"https:\/\/www.supersybon.com\/es\/wp-json\/wp\/v2\/product_tag?post=672"}],"curies":[{"name":"wp","href":"https:\/\/api.w.org\/{rel}","templated":true}]}}