{"id":659,"date":"2022-09-28T11:11:44","date_gmt":"2022-09-28T03:11:44","guid":{"rendered":"https:\/\/www.supersybon.com\/es\/?post_type=product&#038;p=659"},"modified":"2022-12-23T17:21:33","modified_gmt":"2022-12-23T09:21:33","slug":"diluyente-lento-hk720m-diluyente-de-laca-de-secado-lento-para-pintura-de-automoviles","status":"publish","type":"product","link":"https:\/\/www.supersybon.com\/es\/product\/diluyente-lento-hk720m-diluyente-de-laca-de-secado-lento-para-pintura-de-automoviles","title":{"rendered":"Diluyente lento HK720M diluyente de laca de secado lento para pintura de autom\u00f3viles"},"content":{"rendered":"<p><img decoding=\"async\" class=\"size-full wp-image-162 alignleft\" src=\"https:\/\/www.supersybon.com\/es\/wp-content\/uploads\/2022\/09\/1663044214-1K-Autobase-Colors-2K-Autocryl-Colors.jpg\" alt=\"\" width=\"400\" height=\"400\" title=\"\" srcset=\"https:\/\/www.supersybon.com\/es\/wp-content\/uploads\/2022\/09\/1663044214-1K-Autobase-Colors-2K-Autocryl-Colors.jpg 400w, https:\/\/www.supersybon.com\/es\/wp-content\/uploads\/2022\/09\/1663044214-1K-Autobase-Colors-2K-Autocryl-Colors-300x300.jpg 300w, https:\/\/www.supersybon.com\/es\/wp-content\/uploads\/2022\/09\/1663044214-1K-Autobase-Colors-2K-Autocryl-Colors-100x100.jpg 100w\" sizes=\"(max-width: 400px) 100vw, 400px\" \/><\/p>\n<p>&nbsp;<\/p>\n<p><strong><span style=\"font-size: 20px;\">PINTURA DE ACABADO AUTOMOTRIZ<br \/>\n<\/span><\/strong><\/p>\n<p>Tenemos un juego completo de pintura de repintado de autom\u00f3viles.<\/p>\n<p>incluye:\u00a01K colores autobase\u00a0(1K colores puros, 1K plata, 1K colores perla y 1K color perla cristal).<\/p>\n<p>Colores autocr\u00edlicos 2K\u00a0(colores puros 2K).<\/p>\n<p>imprimaciones (primer aparejo 1K, masilla nc 1K, imprimaci\u00f3n intermedia 2K, imprimaci\u00f3n epoxi 2K e imprimaci\u00f3n pl\u00e1stica 1K).<\/p>\n<p>capas transparentes, endurecedores, diluyentes, masilla, aglutinante 1K, aglutinante 2K y otros aditivos de pintura para reparaci\u00f3n de autom\u00f3viles, etc.<\/p>\n<p>&nbsp;<\/p>\n<p><img decoding=\"async\" class=\"aligncenter size-full wp-image-649\" src=\"https:\/\/www.supersybon.com\/es\/wp-content\/uploads\/2022\/09\/1664332099-HK720-Crylic-Car-Paint-Thinner-Auto-Paint-Lacquer-Thinner-China.jpg\" alt=\"\" width=\"900\" height=\"374\" title=\"\" srcset=\"https:\/\/www.supersybon.com\/es\/wp-content\/uploads\/2022\/09\/1664332099-HK720-Crylic-Car-Paint-Thinner-Auto-Paint-Lacquer-Thinner-China.jpg 900w, https:\/\/www.supersybon.com\/es\/wp-content\/uploads\/2022\/09\/1664332099-HK720-Crylic-Car-Paint-Thinner-Auto-Paint-Lacquer-Thinner-China-480x199.jpg 480w\" sizes=\"(min-width: 0px) and (max-width: 480px) 480px, (min-width: 481px) 900px, 100vw\" \/><\/p>\n<p><strong>Descripci\u00f3n del producto<br \/>\n<\/strong><\/p>\n<hr \/>\n<p>Diluyente lento HK720M diluyente de laca de secado lento para pintura de autom\u00f3viles<\/p>\n<p>Diluyente de alta calidad, especialmente desarrollado para imprimaciones, fondos y acabados.<\/p>\n<p>Disponible con velocidad de secado r\u00e1pida, est\u00e1ndar, lenta y extra lenta para adaptarse a diferentes productos y diferentes requisitos de aplicaci\u00f3n.<\/p>\n<div class=\"magic-13\">\n<div class=\"magic-14\">\n<div class=\"magic-15\" data-id=\"paragraph0\"><\/div>\n<\/div>\n<\/div>\n<div data-id=\"paragraph0\"><\/div>\n<div data-id=\"paragraph0\"><\/div>\n<div class=\"J_module\">\n<div class=\"ife-detail-decorate-table\">\n<table id=\"tablepress-6\" class=\"tablepress tablepress-id-6 tbody-has-connected-cells\">\n<tbody class=\"row-striping row-hover\">\n<tr class=\"row-1\">\n\t<td class=\"column-1\">Application<\/td><td class=\"column-2\">To reduce the application viscosity, increase the smoothness of paint film. Good solubility.<\/td>\n<\/tr>\n<tr class=\"row-2\">\n\t<td rowspan=\"3\" class=\"column-1\">Characteristics<\/td><td class=\"column-2\">720K Fast<br \/>\nFastest evaporation speed, suitable for spot repair or application below 15\u2103.<\/td>\n<\/tr>\n<tr class=\"row-3\">\n\t<td class=\"column-2\">720B Standard<br \/>\nMedium evaporation speed, suitable for spot repair or application at 15-25\u2103.<\/td>\n<\/tr>\n<tr class=\"row-4\">\n\t<td class=\"column-2\">720M Slow<br \/>\nSlowest evaporation speed, suitable for spot repair or overall refinishing or application at 25-30\u2103.<\/td>\n<\/tr>\n<tr class=\"row-5\">\n\t<td class=\"column-1\">Remark<\/td><td class=\"column-2\">At high temperature or high humidity, it is recommended to add 10-30% Retarder sovent.<\/td>\n<\/tr>\n<tr class=\"row-6\">\n\t<td class=\"column-1\">Shelf Life<\/td><td class=\"column-2\">2 years in original sealed can at cool and dry place at 20\u2103.<\/td>\n<\/tr>\n<tr class=\"row-7\">\n\t<td class=\"column-1\">Packaging<\/td><td class=\"column-2\">1L,4L<\/td>\n<\/tr>\n<\/tbody>\n<\/table>\n<!-- #tablepress-6 from cache --><\/div>\n<\/div>\n<div><\/div>\n<div><\/div>\n<p><img decoding=\"async\" class=\"aligncenter size-full wp-image-650\" src=\"https:\/\/www.supersybon.com\/es\/wp-content\/uploads\/2022\/09\/1664332482-HK720-Automotive-Acrylic-Lacquer-Thinner-Car-Lacquer-Thinner-Universal-Thinner.jpg\" alt=\"\" width=\"900\" height=\"889\" title=\"\" srcset=\"https:\/\/www.supersybon.com\/es\/wp-content\/uploads\/2022\/09\/1664332482-HK720-Automotive-Acrylic-Lacquer-Thinner-Car-Lacquer-Thinner-Universal-Thinner.jpg 900w, https:\/\/www.supersybon.com\/es\/wp-content\/uploads\/2022\/09\/1664332482-HK720-Automotive-Acrylic-Lacquer-Thinner-Car-Lacquer-Thinner-Universal-Thinner-480x474.jpg 480w\" sizes=\"(min-width: 0px) and (max-width: 480px) 480px, (min-width: 481px) 900px, 100vw\" \/><\/p>\n<p><strong>Embalaje y servicio de productos<br \/>\n<\/strong><\/p>\n<hr \/>\n<p><strong>PAQUETE :<br \/>\n<\/strong><\/p>\n<p>1L*12 latas\/cart\u00f3n, 4L*4 latas\/cart\u00f3n.<\/p>\n<p><img decoding=\"async\" class=\"aligncenter size-full wp-image-651\" src=\"https:\/\/www.supersybon.com\/es\/wp-content\/uploads\/2022\/09\/1664332690-HK870-Thinner-Solvent-Spray-Paint-Thinner-Manufacturers.jpg\" alt=\"\" width=\"900\" height=\"316\" title=\"\" srcset=\"https:\/\/www.supersybon.com\/es\/wp-content\/uploads\/2022\/09\/1664332690-HK870-Thinner-Solvent-Spray-Paint-Thinner-Manufacturers.jpg 900w, https:\/\/www.supersybon.com\/es\/wp-content\/uploads\/2022\/09\/1664332690-HK870-Thinner-Solvent-Spray-Paint-Thinner-Manufacturers-480x169.jpg 480w\" sizes=\"(min-width: 0px) and (max-width: 480px) 480px, (min-width: 481px) 900px, 100vw\" \/><\/p>\n<p><strong>NUESTRO SERVICIO:<br \/>\n<\/strong><\/p>\n<p>1.24 horas en l\u00ednea<\/p>\n<p>2. Precio competitivo<\/p>\n<p>3. Excelentes comentarios del cliente<\/p>\n<p>4. Pedidos en l\u00ednea seguros<\/p>\n<p>5. Entrega r\u00e1pida<\/p>\n<p>6. Soporte t\u00e9cnico profesional<\/p>\n<p>&nbsp;<\/p>\n<p><img decoding=\"async\" class=\"aligncenter wp-image-322\" src=\"https:\/\/www.supersybon.com\/es\/wp-content\/uploads\/2022\/09\/1663401145-Automotive-Paint-Good-Feedback-Manufacturer-China.jpg\" alt=\"\" width=\"900\" height=\"900\" title=\"\" srcset=\"https:\/\/www.supersybon.com\/es\/wp-content\/uploads\/2022\/09\/1663401145-Automotive-Paint-Good-Feedback-Manufacturer-China.jpg 900w, https:\/\/www.supersybon.com\/es\/wp-content\/uploads\/2022\/09\/1663401145-Automotive-Paint-Good-Feedback-Manufacturer-China-480x480.jpg 480w\" sizes=\"(min-width: 0px) and (max-width: 480px) 480px, (min-width: 481px) 900px, 100vw\" \/><\/p>\n<p><strong>Perfil de la empresa<br \/>\n<\/strong><\/p>\n<hr \/>\n<p>&nbsp;<\/p>\n<p><img decoding=\"async\" class=\"aligncenter size-full wp-image-324\" src=\"https:\/\/www.supersybon.com\/es\/wp-content\/uploads\/2022\/09\/1663401769-Car-Paint-Supplier-Company-Profile-Manufacturer-China.jpg\" alt=\"\" width=\"900\" height=\"958\" title=\"\" srcset=\"https:\/\/www.supersybon.com\/es\/wp-content\/uploads\/2022\/09\/1663401769-Car-Paint-Supplier-Company-Profile-Manufacturer-China.jpg 900w, https:\/\/www.supersybon.com\/es\/wp-content\/uploads\/2022\/09\/1663401769-Car-Paint-Supplier-Company-Profile-Manufacturer-China-480x511.jpg 480w\" sizes=\"(min-width: 0px) and (max-width: 480px) 480px, (min-width: 481px) 900px, 100vw\" \/><\/p>\n<p><strong>Preguntas m\u00e1s frecuentes<br \/>\n<\/strong><\/p>\n<hr \/>\n<p>&nbsp;<\/p>\n<p>P: \u00bfCu\u00e1l es su MOQ?<\/p>\n<p>R: Nuestro pedido m\u00ednimo es de 300 litros.<\/p>\n<p>P: \u00bfEs usted una empresa fabricante?<\/p>\n<p>R: somos fabricantes profesionales y tenemos nuestra propia f\u00e1brica.<\/p>\n<p>P: \u00bfPodemos visitar su f\u00e1brica?<\/p>\n<p>R: S\u00ed. Le invitamos a nuestra f\u00e1brica.<\/p>\n<p>P: \u00bfQu\u00e9 hay de su pago?<\/p>\n<p>R: dep\u00f3sito del 50% por adelantado, saldo del 50% por T\/T, L\/C, paypal, Western Union o antes del env\u00edo.<\/p>\n<p>P: \u00bfProporcionan muestras?<\/p>\n<p>R: S\u00ed, podemos proporcionarle muestras gratuitas, solo debe pagar el flete.<\/p>\n<p>P: \u00bfQu\u00e9 hay de su tiempo de entrega?<\/p>\n<p>R: generalmente 15 d\u00edas despu\u00e9s de recibir su dep\u00f3sito.<\/p>\n","protected":false},"excerpt":{"rendered":"<p>Diluyente de alta calidad, especialmente desarrollado para imprimaciones, fondos y acabados.<br \/>\nDisponible con velocidad de secado r\u00e1pida, est\u00e1ndar, lenta y extra lenta para adaptarse a diferentes productos y diferentes requisitos de aplicaci\u00f3n.<br \/>\nDiluyente de laca de secado lento para pintura de autom\u00f3viles<\/p>\n","protected":false},"featured_media":654,"template":"","meta":{"_et_pb_use_builder":"","_et_pb_old_content":"","_et_gb_content_width":""},"product_brand":[],"product_cat":[76,79],"product_tag":[475,476],"class_list":{"0":"post-659","1":"product","2":"type-product","3":"status-publish","4":"has-post-thumbnail","6":"product_cat-serie-de-pintura-automatica","7":"product_cat-diluyentes","8":"product_tag-diluyente-de-laca-de-secado-lento-para-pintura-de-automoviles","9":"product_tag-diluyente-lento","11":"first","12":"instock","13":"shipping-taxable","14":"product-type-simple"},"_links":{"self":[{"href":"https:\/\/www.supersybon.com\/es\/wp-json\/wp\/v2\/product\/659","targetHints":{"allow":["GET"]}}],"collection":[{"href":"https:\/\/www.supersybon.com\/es\/wp-json\/wp\/v2\/product"}],"about":[{"href":"https:\/\/www.supersybon.com\/es\/wp-json\/wp\/v2\/types\/product"}],"wp:featuredmedia":[{"embeddable":true,"href":"https:\/\/www.supersybon.com\/es\/wp-json\/wp\/v2\/media\/654"}],"wp:attachment":[{"href":"https:\/\/www.supersybon.com\/es\/wp-json\/wp\/v2\/media?parent=659"}],"wp:term":[{"taxonomy":"product_brand","embeddable":true,"href":"https:\/\/www.supersybon.com\/es\/wp-json\/wp\/v2\/product_brand?post=659"},{"taxonomy":"product_cat","embeddable":true,"href":"https:\/\/www.supersybon.com\/es\/wp-json\/wp\/v2\/product_cat?post=659"},{"taxonomy":"product_tag","embeddable":true,"href":"https:\/\/www.supersybon.com\/es\/wp-json\/wp\/v2\/product_tag?post=659"}],"curies":[{"name":"wp","href":"https:\/\/api.w.org\/{rel}","templated":true}]}}