{"id":644,"date":"2022-09-27T15:23:09","date_gmt":"2022-09-27T07:23:09","guid":{"rendered":"https:\/\/www.supersybon.com\/es\/?post_type=product&#038;p=644"},"modified":"2022-12-23T16:47:16","modified_gmt":"2022-12-23T08:47:16","slug":"hk940-capa-transparente-de-secado-rapido-endurecedor-4-1-para-el-fabricante-de-china-de-barniz-de-pintura-automatica","status":"publish","type":"product","link":"https:\/\/www.supersybon.com\/es\/product\/hk940-capa-transparente-de-secado-rapido-endurecedor-4-1-para-el-fabricante-de-china-de-barniz-de-pintura-automatica","title":{"rendered":"HK940 Capa transparente de secado r\u00e1pido endurecedor (4: 1) para el fabricante de China de barniz de pintura autom\u00e1tica"},"content":{"rendered":"<p><img decoding=\"async\" class=\"size-full wp-image-162 alignleft\" src=\"https:\/\/www.supersybon.com\/es\/wp-content\/uploads\/2022\/09\/1663044214-1K-Autobase-Colors-2K-Autocryl-Colors.jpg\" alt=\"\" width=\"400\" height=\"400\" title=\"\" srcset=\"https:\/\/www.supersybon.com\/es\/wp-content\/uploads\/2022\/09\/1663044214-1K-Autobase-Colors-2K-Autocryl-Colors.jpg 400w, https:\/\/www.supersybon.com\/es\/wp-content\/uploads\/2022\/09\/1663044214-1K-Autobase-Colors-2K-Autocryl-Colors-300x300.jpg 300w, https:\/\/www.supersybon.com\/es\/wp-content\/uploads\/2022\/09\/1663044214-1K-Autobase-Colors-2K-Autocryl-Colors-100x100.jpg 100w\" sizes=\"(max-width: 400px) 100vw, 400px\" \/><\/p>\n<p>&nbsp;<\/p>\n<p><strong><span style=\"font-size: 20px;\">PINTURA DE ACABADO AUTOMOTRIZ<br \/>\n<\/span><\/strong><\/p>\n<p>Tenemos un juego completo de pintura de repintado de autom\u00f3viles.<\/p>\n<p>incluye:\u00a01K colores autobase\u00a0(1K colores puros, 1K plata, 1K colores perla y 1K color perla cristal).<\/p>\n<p>Colores autocr\u00edlicos 2K\u00a0(colores puros 2K).<\/p>\n<p>imprimaciones (primer aparejo 1K, masilla nc 1K, imprimaci\u00f3n intermedia 2K, imprimaci\u00f3n epoxi 2K e imprimaci\u00f3n pl\u00e1stica 1K).<\/p>\n<p>capas transparentes, endurecedores, diluyentes, masilla, aglutinante 1K, aglutinante 2K y otros aditivos de pintura para reparaci\u00f3n de autom\u00f3viles, etc.<\/p>\n<p>&nbsp;<\/p>\n<p><img decoding=\"async\" class=\"aligncenter size-full wp-image-630\" src=\"https:\/\/www.supersybon.com\/es\/wp-content\/uploads\/2022\/09\/1664250604-Car-Paint-Hardener-Price-Hardner-Lacquer-Set-Price-Lacquer-Hardener.jpg\" alt=\"\" width=\"900\" height=\"493\" title=\"\" srcset=\"https:\/\/www.supersybon.com\/es\/wp-content\/uploads\/2022\/09\/1664250604-Car-Paint-Hardener-Price-Hardner-Lacquer-Set-Price-Lacquer-Hardener.jpg 900w, https:\/\/www.supersybon.com\/es\/wp-content\/uploads\/2022\/09\/1664250604-Car-Paint-Hardener-Price-Hardner-Lacquer-Set-Price-Lacquer-Hardener-480x263.jpg 480w\" sizes=\"(min-width: 0px) and (max-width: 480px) 480px, (min-width: 481px) 900px, 100vw\" \/><\/p>\n<p><strong>Descripci\u00f3n del producto<br \/>\n<\/strong><\/p>\n<hr \/>\n<p>HK940 Capa transparente de secado r\u00e1pido endurecedor (4: 1) para el fabricante de China de barniz de pintura autom\u00e1tica<\/p>\n<p>Endurecedor resistente amarillo, especialmente dise\u00f1ado para acabado 2k y barniz.<\/p>\n<p>Para combinar con diferentes productos, \u00e1reas de aplicaci\u00f3n y temperatura, incluye varias versiones como est\u00e1ndar, secado r\u00e1pido, lento, etc.<\/p>\n<p>&nbsp;<\/p>\n\n<table id=\"tablepress-5\" class=\"tablepress tablepress-id-5 tbody-has-connected-cells\">\n<tbody class=\"row-striping row-hover\">\n<tr class=\"row-1\">\n\t<td class=\"column-1\">920B<\/td><td class=\"column-2\">Standard hardener<\/td>\n<\/tr>\n<tr class=\"row-2\">\n\t<td class=\"column-1\">920K<\/td><td class=\"column-2\">Fast dry hardener<\/td>\n<\/tr>\n<tr class=\"row-3\">\n\t<td class=\"column-1\">920M<\/td><td class=\"column-2\">Slow dry hardener<\/td>\n<\/tr>\n<tr class=\"row-4\">\n\t<td class=\"column-1\">960B<\/td><td class=\"column-2\">Mid-concentration standard hardener<\/td>\n<\/tr>\n<tr class=\"row-5\">\n\t<td class=\"column-1\">960K<\/td><td class=\"column-2\">Mid-concentration fast dry hardener<\/td>\n<\/tr>\n<tr class=\"row-6\">\n\t<td class=\"column-1\">960M<\/td><td class=\"column-2\">Mid-concentration slow dry hardener<\/td>\n<\/tr>\n<tr class=\"row-7\">\n\t<td class=\"column-1\">980B<\/td><td class=\"column-2\">High concentration standard hardener<\/td>\n<\/tr>\n<tr class=\"row-8\">\n\t<td class=\"column-1\">980K<\/td><td class=\"column-2\">High concentration fast dry hardener<\/td>\n<\/tr>\n<tr class=\"row-9\">\n\t<td class=\"column-1\">980M<\/td><td class=\"column-2\">High concentration slow dry hardener<\/td>\n<\/tr>\n<tr class=\"row-10\">\n\t<td class=\"column-1\">Color<\/td><td class=\"column-2\">Transparent<\/td>\n<\/tr>\n<tr class=\"row-11\">\n\t<td class=\"column-1\">Match With<\/td><td class=\"column-2\">2k pure color and clear coat<\/td>\n<\/tr>\n<tr class=\"row-12\">\n\t<td class=\"column-1\">Application<\/td><td class=\"column-2\">Car Painting, Car Repair<\/td>\n<\/tr>\n<tr class=\"row-13\">\n\t<td class=\"column-1\">Shelf Life<\/td><td class=\"column-2\">2 years in original sealer can in cool and dry place at 20\u2103<\/td>\n<\/tr>\n<tr class=\"row-14\">\n\t<td rowspan=\"2\" class=\"column-1\">Mixing Ratio<\/td><td class=\"column-2\">Clear Coat : Hardener = 2 : (0.2-0.6)<\/td>\n<\/tr>\n<tr class=\"row-15\">\n\t<td class=\"column-2\">2k Color Paint : Hardener = 2 : 1<\/td>\n<\/tr>\n<\/tbody>\n<\/table>\n<!-- #tablepress-5 from cache -->\n<div class=\"J_module\">\n<div class=\"ife-detail-decorate-table\"><\/div>\n<\/div>\n<p><img decoding=\"async\" class=\"aligncenter size-full wp-image-631\" src=\"https:\/\/www.supersybon.com\/es\/wp-content\/uploads\/2022\/09\/1664259763-Hardener-For-Clear-Varnish-Hardener-For-Paint-Parameter.jpg\" alt=\"\" width=\"900\" height=\"629\" title=\"\" srcset=\"https:\/\/www.supersybon.com\/es\/wp-content\/uploads\/2022\/09\/1664259763-Hardener-For-Clear-Varnish-Hardener-For-Paint-Parameter.jpg 900w, https:\/\/www.supersybon.com\/es\/wp-content\/uploads\/2022\/09\/1664259763-Hardener-For-Clear-Varnish-Hardener-For-Paint-Parameter-480x335.jpg 480w\" sizes=\"(min-width: 0px) and (max-width: 480px) 480px, (min-width: 481px) 900px, 100vw\" \/><\/p>\n<p><strong>Embalaje y servicio de productos<br \/>\n<\/strong><\/p>\n<hr \/>\n<p><strong>PAQUETE :<br \/>\n<\/strong><\/p>\n<p>0.5L*12 latas\/caja 1L*12 latas\/caja<\/p>\n<p><img decoding=\"async\" class=\"aligncenter size-full wp-image-632\" src=\"https:\/\/www.supersybon.com\/es\/wp-content\/uploads\/2022\/09\/1664260202-Car-Lacquer-Hardner-Auto-Base-Hardener-Automotive-Paint-Products-Hardener-For-Car-Paint.jpg\" alt=\"\" width=\"900\" height=\"316\" title=\"\" srcset=\"https:\/\/www.supersybon.com\/es\/wp-content\/uploads\/2022\/09\/1664260202-Car-Lacquer-Hardner-Auto-Base-Hardener-Automotive-Paint-Products-Hardener-For-Car-Paint.jpg 900w, https:\/\/www.supersybon.com\/es\/wp-content\/uploads\/2022\/09\/1664260202-Car-Lacquer-Hardner-Auto-Base-Hardener-Automotive-Paint-Products-Hardener-For-Car-Paint-480x169.jpg 480w\" sizes=\"(min-width: 0px) and (max-width: 480px) 480px, (min-width: 481px) 900px, 100vw\" \/><\/p>\n<p><strong>NUESTRO SERVICIO:<br \/>\n<\/strong><\/p>\n<p>1.24 horas en l\u00ednea<\/p>\n<p>2. Precio competitivo<\/p>\n<p>3. Excelentes comentarios del cliente<\/p>\n<p>4. Pedidos en l\u00ednea seguros<\/p>\n<p>5. Entrega r\u00e1pida<\/p>\n<p>6. Soporte t\u00e9cnico profesional<\/p>\n<p>&nbsp;<\/p>\n<p><img decoding=\"async\" class=\"aligncenter wp-image-322\" src=\"https:\/\/www.supersybon.com\/es\/wp-content\/uploads\/2022\/09\/1663401145-Automotive-Paint-Good-Feedback-Manufacturer-China.jpg\" alt=\"\" width=\"900\" height=\"900\" title=\"\" srcset=\"https:\/\/www.supersybon.com\/es\/wp-content\/uploads\/2022\/09\/1663401145-Automotive-Paint-Good-Feedback-Manufacturer-China.jpg 900w, https:\/\/www.supersybon.com\/es\/wp-content\/uploads\/2022\/09\/1663401145-Automotive-Paint-Good-Feedback-Manufacturer-China-480x480.jpg 480w\" sizes=\"(min-width: 0px) and (max-width: 480px) 480px, (min-width: 481px) 900px, 100vw\" \/><\/p>\n<p><strong>Perfil de la empresa<br \/>\n<\/strong><\/p>\n<hr \/>\n<p>&nbsp;<\/p>\n<p><img decoding=\"async\" class=\"aligncenter size-full wp-image-324\" src=\"https:\/\/www.supersybon.com\/es\/wp-content\/uploads\/2022\/09\/1663401769-Car-Paint-Supplier-Company-Profile-Manufacturer-China.jpg\" alt=\"\" width=\"900\" height=\"958\" title=\"\" srcset=\"https:\/\/www.supersybon.com\/es\/wp-content\/uploads\/2022\/09\/1663401769-Car-Paint-Supplier-Company-Profile-Manufacturer-China.jpg 900w, https:\/\/www.supersybon.com\/es\/wp-content\/uploads\/2022\/09\/1663401769-Car-Paint-Supplier-Company-Profile-Manufacturer-China-480x511.jpg 480w\" sizes=\"(min-width: 0px) and (max-width: 480px) 480px, (min-width: 481px) 900px, 100vw\" \/><\/p>\n<p><strong>Preguntas m\u00e1s frecuentes<br \/>\n<\/strong><\/p>\n<hr \/>\n<p>&nbsp;<\/p>\n<p>P: \u00bfCu\u00e1l es su MOQ?<\/p>\n<p>R: Nuestro pedido m\u00ednimo es de 300 litros.<\/p>\n<p>P: \u00bfEs usted una empresa fabricante?<\/p>\n<p>R: somos fabricantes profesionales y tenemos nuestra propia f\u00e1brica.<\/p>\n<p>P: \u00bfPodemos visitar su f\u00e1brica?<\/p>\n<p>R: S\u00ed. Le invitamos a nuestra f\u00e1brica.<\/p>\n<p>P: \u00bfQu\u00e9 hay de su pago?<\/p>\n<p>R: dep\u00f3sito del 50% por adelantado, saldo del 50% por T\/T, L\/C, paypal, Western Union o antes del env\u00edo.<\/p>\n<p>P: \u00bfProporcionan muestras?<\/p>\n<p>R: S\u00ed, podemos proporcionarle muestras gratuitas, solo debe pagar el flete.<\/p>\n<p>P: \u00bfQu\u00e9 hay de su tiempo de entrega?<\/p>\n<p>R: generalmente 15 d\u00edas despu\u00e9s de recibir su dep\u00f3sito.<\/p>\n","protected":false},"excerpt":{"rendered":"<p>Endurecedor resistente amarillo, especialmente dise\u00f1ado para acabado 2k y barniz.<br \/>\nPara combinar con diferentes productos, \u00e1reas de aplicaci\u00f3n y temperatura, incluye varias versiones como est\u00e1ndar, secado r\u00e1pido, lento, etc.<br \/>\nEndurecedor (4: 1) para el fabricante de China de barniz de pintura autom\u00e1tica<\/p>\n","protected":false},"featured_media":645,"template":"","meta":{"_et_pb_use_builder":"","_et_pb_old_content":"","_et_gb_content_width":""},"product_brand":[],"product_cat":[76,80],"product_tag":[470,469],"class_list":{"0":"post-644","1":"product","2":"type-product","3":"status-publish","4":"has-post-thumbnail","6":"product_cat-serie-de-pintura-automatica","7":"product_cat-endurecedores","8":"product_tag-endurecedor-de-capa-transparente-de-secado-rapido-41","9":"product_tag-fabricante-de-china-de-endurecedor-de-barniz-de-pintura-automatica","11":"first","12":"instock","13":"shipping-taxable","14":"product-type-simple"},"_links":{"self":[{"href":"https:\/\/www.supersybon.com\/es\/wp-json\/wp\/v2\/product\/644","targetHints":{"allow":["GET"]}}],"collection":[{"href":"https:\/\/www.supersybon.com\/es\/wp-json\/wp\/v2\/product"}],"about":[{"href":"https:\/\/www.supersybon.com\/es\/wp-json\/wp\/v2\/types\/product"}],"wp:featuredmedia":[{"embeddable":true,"href":"https:\/\/www.supersybon.com\/es\/wp-json\/wp\/v2\/media\/645"}],"wp:attachment":[{"href":"https:\/\/www.supersybon.com\/es\/wp-json\/wp\/v2\/media?parent=644"}],"wp:term":[{"taxonomy":"product_brand","embeddable":true,"href":"https:\/\/www.supersybon.com\/es\/wp-json\/wp\/v2\/product_brand?post=644"},{"taxonomy":"product_cat","embeddable":true,"href":"https:\/\/www.supersybon.com\/es\/wp-json\/wp\/v2\/product_cat?post=644"},{"taxonomy":"product_tag","embeddable":true,"href":"https:\/\/www.supersybon.com\/es\/wp-json\/wp\/v2\/product_tag?post=644"}],"curies":[{"name":"wp","href":"https:\/\/api.w.org\/{rel}","templated":true}]}}