{"id":627,"date":"2022-09-27T11:14:08","date_gmt":"2022-09-27T03:14:08","guid":{"rendered":"https:\/\/www.supersybon.com\/es\/?post_type=product&#038;p=627"},"modified":"2022-12-23T16:11:44","modified_gmt":"2022-12-23T08:11:44","slug":"hk840-capa-transparente-de-secado-rapido-41-capa-transparente-de-alto-brillo-para-reacabado-automatico","status":"publish","type":"product","link":"https:\/\/www.supersybon.com\/es\/product\/hk840-capa-transparente-de-secado-rapido-41-capa-transparente-de-alto-brillo-para-reacabado-automatico","title":{"rendered":"HK840 Capa transparente de secado r\u00e1pido (4:1) capa transparente de alto brillo para reacabado autom\u00e1tico"},"content":{"rendered":"<p><iframe title=\"Top Selling HKS Automotive Clearcoat Products\u2014\u2014HK820 mirror effect clear coat.\" width=\"1080\" height=\"608\" src=\"https:\/\/www.youtube.com\/embed\/VeclBbZW-58?feature=oembed\"  allow=\"accelerometer; autoplay; clipboard-write; encrypted-media; gyroscope; picture-in-picture\" allowfullscreen><\/iframe><\/p>\n<p><img decoding=\"async\" class=\"aligncenter size-full wp-image-605\" src=\"https:\/\/www.supersybon.com\/es\/wp-content\/uploads\/2022\/09\/1664174556-2K-Automotive-Clear-Coat-Auto-Paint-Clear-Coat-Clearcoat-2K.jpg\" alt=\"\" width=\"900\" height=\"790\" title=\"\" srcset=\"https:\/\/www.supersybon.com\/es\/wp-content\/uploads\/2022\/09\/1664174556-2K-Automotive-Clear-Coat-Auto-Paint-Clear-Coat-Clearcoat-2K.jpg 900w, https:\/\/www.supersybon.com\/es\/wp-content\/uploads\/2022\/09\/1664174556-2K-Automotive-Clear-Coat-Auto-Paint-Clear-Coat-Clearcoat-2K-480x421.jpg 480w\" sizes=\"(min-width: 0px) and (max-width: 480px) 480px, (min-width: 481px) 900px, 100vw\" \/><\/p>\n<p><strong>Descripci\u00f3n del producto<br \/>\n<\/strong><\/p>\n<hr \/>\n<p><strong>Serie de capa transparente (barniz)<br \/>\n<\/strong><\/p>\n<p>HK840 Capa transparente de secado r\u00e1pido (4:1) capa transparente de alto brillo para reacabado autom\u00e1tico<\/p>\n<p>Barniz transparente de alto rendimiento y resistente al calor, adecuado para repintado general o reparaciones de paneles con alto brillo. Tiene buena resistencia qu\u00edmica y a la intemperie para garantizar un brillo duradero.<\/p>\n<div class=\"magic-8\">\n<div class=\"magic-9\">\n<div class=\"magic-10\"><img decoding=\"async\" class=\"aligncenter size-full wp-image-606\" src=\"https:\/\/www.supersybon.com\/es\/wp-content\/uploads\/2022\/09\/1664175088-HK820-Auto-Acrylic-Clear-Coat-2K-Clear-Coat-Price-China-Manufacturers.jpg\" alt=\"\" width=\"900\" height=\"669\" title=\"\" srcset=\"https:\/\/www.supersybon.com\/es\/wp-content\/uploads\/2022\/09\/1664175088-HK820-Auto-Acrylic-Clear-Coat-2K-Clear-Coat-Price-China-Manufacturers.jpg 900w, https:\/\/www.supersybon.com\/es\/wp-content\/uploads\/2022\/09\/1664175088-HK820-Auto-Acrylic-Clear-Coat-2K-Clear-Coat-Price-China-Manufacturers-480x357.jpg 480w\" sizes=\"(min-width: 0px) and (max-width: 480px) 480px, (min-width: 481px) 900px, 100vw\" \/><\/div>\n<p>&nbsp;<\/p>\n<div><\/div>\n<div><\/div>\n<\/div>\n<\/div>\n<div>\n<table id=\"tablepress-4\" class=\"tablepress tablepress-id-4 tbody-has-connected-cells\">\n<thead>\n<tr class=\"row-1\">\n\t<th class=\"column-1\">Substrates<\/th><th colspan=\"5\" class=\"column-2\">1K basecoat<\/th>\n<\/tr>\n<\/thead>\n<tbody class=\"row-striping row-hover\">\n<tr class=\"row-2\">\n\t<td rowspan=\"8\" class=\"column-1\">Mixing Ratio<\/td><td colspan=\"2\" class=\"column-2\"><18\u2103<\/td><td colspan=\"2\" class=\"column-4\">18-24\u2103<\/td><td class=\"column-6\"><\/td>\n<\/tr>\n<tr class=\"row-3\">\n\t<td class=\"column-2\">Clear coat<\/td><td class=\"column-3\">100 parts<\/td><td colspan=\"2\" class=\"column-4\">Clear coat<\/td><td class=\"column-6\">100 parts<\/td>\n<\/tr>\n<tr class=\"row-4\">\n\t<td class=\"column-2\">Fast hardener<\/td><td class=\"column-3\">50 parts<\/td><td colspan=\"2\" class=\"column-4\">Standard hardener<\/td><td class=\"column-6\">50 parts<\/td>\n<\/tr>\n<tr class=\"row-5\">\n\t<td class=\"column-2\">Thinner<\/td><td class=\"column-3\">10-30 parts<\/td><td colspan=\"2\" class=\"column-4\">Thinner<\/td><td class=\"column-6\">10-30 parts<\/td>\n<\/tr>\n<tr class=\"row-6\">\n\t<td colspan=\"2\" class=\"column-2\">25-30\u2103<\/td><td colspan=\"3\" class=\"column-4\">>30\u2103<\/td>\n<\/tr>\n<tr class=\"row-7\">\n\t<td class=\"column-2\">Clear coat<\/td><td class=\"column-3\">100 parts<\/td><td colspan=\"2\" class=\"column-4\">Clear coat<\/td><td class=\"column-6\">100 parts<\/td>\n<\/tr>\n<tr class=\"row-8\">\n\t<td class=\"column-2\">Standard hardener<\/td><td class=\"column-3\">50 parts<\/td><td colspan=\"2\" class=\"column-4\">Slow hardener<\/td><td class=\"column-6\">50 parts<\/td>\n<\/tr>\n<tr class=\"row-9\">\n\t<td class=\"column-2\">Thinner<\/td><td class=\"column-3\">10-30 parts<\/td><td colspan=\"2\" class=\"column-4\">Thinner<\/td><td class=\"column-6\">10-30 parts<\/td>\n<\/tr>\n<tr class=\"row-10\">\n\t<td class=\"column-1\">Pot Life<\/td><td colspan=\"5\" class=\"column-2\">25\u2103 , Diamond clear coat + Fast hardener :1.5 hours;<br \/>\nDiamond clear coat + Standard or Slow hardener : 2 hours.<br \/>\n25\u2103, Special grade clear coat (or Mirror effect clear coat)+ Fast hardener :2 hours; <br \/>\nDiamond clear coat + Standard or Slow hardener : 4 hours.<\/td>\n<\/tr>\n<tr class=\"row-11\">\n\t<td class=\"column-1\">Spraying coat<\/td><td colspan=\"5\" class=\"column-2\">2-3 coats, total 40-60 um<\/td>\n<\/tr>\n<tr class=\"row-12\">\n\t<td class=\"column-1\">Interval<\/td><td colspan=\"5\" class=\"column-2\">At 25\u2103, 5-10 minutes between coats, allow 15-20 minutes air-drying time before baking<\/td>\n<\/tr>\n<tr class=\"row-13\">\n\t<td class=\"column-1\">Spray Gun &amp; Pressure<\/td><td colspan=\"5\" class=\"column-2\">Gravity Feed 1.2-1.5mm 3-5 bar\uff0cSiphon Feed 1.4-1.7mm 3-5 bar<\/td>\n<\/tr>\n<tr class=\"row-14\">\n\t<td rowspan=\"3\" class=\"column-1\">Drying Time<\/td><td class=\"column-2\">Temperature<\/td><td class=\"column-3\">Dust Time<\/td><td class=\"column-4\">Tack Free<\/td><td class=\"column-5\">Dry to Handle<\/td><td class=\"column-6\">Thorough Dry<\/td>\n<\/tr>\n<tr class=\"row-15\">\n\t<td class=\"column-2\">25\u2103<\/td><td class=\"column-3\">40 minutes<\/td><td class=\"column-4\">2-3 hours<\/td><td class=\"column-5\">10 hours<\/td><td class=\"column-6\">48 hours<\/td>\n<\/tr>\n<tr class=\"row-16\">\n\t<td class=\"column-2\">70\u2103<\/td><td class=\"column-3\">5 minutes<\/td><td class=\"column-4\">15 minutes<\/td><td class=\"column-5\">30 minutes<\/td><td class=\"column-6\">60 minutes<\/td>\n<\/tr>\n<tr class=\"row-17\">\n\t<td class=\"column-1\">Shelf Life<\/td><td colspan=\"5\" class=\"column-2\">2 years in original sealed can at cool and dry place at 20\u2103<\/td>\n<\/tr>\n<tr class=\"row-18\">\n\t<td class=\"column-1\">Packaging<\/td><td colspan=\"5\" class=\"column-2\">1L, 4L<\/td>\n<\/tr>\n<\/tbody>\n<\/table>\n<!-- #tablepress-4 from cache --><br \/>\n<img decoding=\"async\" class=\"aligncenter size-full wp-image-609\" src=\"https:\/\/www.supersybon.com\/es\/wp-content\/uploads\/2022\/09\/1664242163-HK820-Automobile-Clear-Coat-Automotive-Paint-Clear-Coat-Car-Paint-Clear-Coat.jpg\" alt=\"\" width=\"900\" height=\"1235\" title=\"\" srcset=\"https:\/\/www.supersybon.com\/es\/wp-content\/uploads\/2022\/09\/1664242163-HK820-Automobile-Clear-Coat-Automotive-Paint-Clear-Coat-Car-Paint-Clear-Coat.jpg 900w, https:\/\/www.supersybon.com\/es\/wp-content\/uploads\/2022\/09\/1664242163-HK820-Automobile-Clear-Coat-Automotive-Paint-Clear-Coat-Car-Paint-Clear-Coat-480x659.jpg 480w\" sizes=\"(min-width: 0px) and (max-width: 480px) 480px, (min-width: 481px) 900px, 100vw\" \/><\/p>\n<p><strong>Buenos comentarios<br \/>\n<\/strong><\/p>\n<hr \/>\n<p>&nbsp;<\/p>\n<\/div>\n<p><img decoding=\"async\" class=\"aligncenter size-full wp-image-607\" src=\"https:\/\/www.supersybon.com\/es\/wp-content\/uploads\/2022\/09\/1664192557-HK820-Automotive-Lacquer-Clear-Coat-Car-Paint-Clear-Varnish.jpg\" alt=\"\" width=\"900\" height=\"2383\" title=\"\" srcset=\"https:\/\/www.supersybon.com\/es\/wp-content\/uploads\/2022\/09\/1664192557-HK820-Automotive-Lacquer-Clear-Coat-Car-Paint-Clear-Varnish.jpg 900w, https:\/\/www.supersybon.com\/es\/wp-content\/uploads\/2022\/09\/1664192557-HK820-Automotive-Lacquer-Clear-Coat-Car-Paint-Clear-Varnish-480x1271.jpg 480w\" sizes=\"(min-width: 0px) and (max-width: 480px) 480px, (min-width: 481px) 900px, 100vw\" \/><\/p>\n<p><strong>Embalaje y servicio de productos<br \/>\n<\/strong><\/p>\n<hr \/>\n<p><strong>PAQUETE :<br \/>\n<\/strong><\/p>\n<p>1L*12 latas\/cart\u00f3n, 4L*4 latas\/cart\u00f3n.<\/p>\n<p><img decoding=\"async\" class=\"aligncenter size-full wp-image-610\" src=\"https:\/\/www.supersybon.com\/es\/wp-content\/uploads\/2022\/09\/1664242566-HK820-High-Gloss-Clear-Coat-Set-Automobile-Paint-Varnish.jpg\" alt=\"\" width=\"900\" height=\"316\" title=\"\" srcset=\"https:\/\/www.supersybon.com\/es\/wp-content\/uploads\/2022\/09\/1664242566-HK820-High-Gloss-Clear-Coat-Set-Automobile-Paint-Varnish.jpg 900w, https:\/\/www.supersybon.com\/es\/wp-content\/uploads\/2022\/09\/1664242566-HK820-High-Gloss-Clear-Coat-Set-Automobile-Paint-Varnish-480x169.jpg 480w\" sizes=\"(min-width: 0px) and (max-width: 480px) 480px, (min-width: 481px) 900px, 100vw\" \/><\/p>\n<p><strong>NUESTRO SERVICIO:<br \/>\n<\/strong><\/p>\n<p>1.24 horas en l\u00ednea<\/p>\n<p>2. Precio competitivo<\/p>\n<p>3. Excelentes comentarios del cliente<\/p>\n<p>4. Pedidos en l\u00ednea seguros<\/p>\n<p>5. Entrega r\u00e1pida<\/p>\n<p>6. Soporte t\u00e9cnico profesional<\/p>\n<p><img decoding=\"async\" class=\"aligncenter size-full wp-image-322\" src=\"https:\/\/www.supersybon.com\/es\/wp-content\/uploads\/2022\/09\/1663401145-Automotive-Paint-Good-Feedback-Manufacturer-China.jpg\" alt=\"\" width=\"750\" height=\"750\" title=\"\" srcset=\"https:\/\/www.supersybon.com\/es\/wp-content\/uploads\/2022\/09\/1663401145-Automotive-Paint-Good-Feedback-Manufacturer-China.jpg 750w, https:\/\/www.supersybon.com\/es\/wp-content\/uploads\/2022\/09\/1663401145-Automotive-Paint-Good-Feedback-Manufacturer-China-480x480.jpg 480w\" sizes=\"(min-width: 0px) and (max-width: 480px) 480px, (min-width: 481px) 750px, 100vw\" \/><\/p>\n<p><strong>Perfil de la empresa<br \/>\n<\/strong><\/p>\n<hr \/>\n<p>&nbsp;<\/p>\n<p><img decoding=\"async\" class=\"aligncenter size-full wp-image-324\" src=\"https:\/\/www.supersybon.com\/es\/wp-content\/uploads\/2022\/09\/1663401769-Car-Paint-Supplier-Company-Profile-Manufacturer-China.jpg\" alt=\"\" width=\"900\" height=\"958\" title=\"\" srcset=\"https:\/\/www.supersybon.com\/es\/wp-content\/uploads\/2022\/09\/1663401769-Car-Paint-Supplier-Company-Profile-Manufacturer-China.jpg 900w, https:\/\/www.supersybon.com\/es\/wp-content\/uploads\/2022\/09\/1663401769-Car-Paint-Supplier-Company-Profile-Manufacturer-China-480x511.jpg 480w\" sizes=\"(min-width: 0px) and (max-width: 480px) 480px, (min-width: 481px) 900px, 100vw\" \/><\/p>\n<p><strong>Preguntas m\u00e1s frecuentes<br \/>\n<\/strong><\/p>\n<hr \/>\n<p>&nbsp;<\/p>\n<p>P: \u00bfCu\u00e1l es su MOQ?<\/p>\n<p>R: Nuestro pedido m\u00ednimo es de 300 litros.<\/p>\n<p>P: \u00bfEs usted una empresa fabricante?<\/p>\n<p>R: somos fabricantes profesionales y tenemos nuestra propia f\u00e1brica.<\/p>\n<p>P: \u00bfPodemos visitar su f\u00e1brica?<\/p>\n<p>R: S\u00ed. Le invitamos a nuestra f\u00e1brica.<\/p>\n<p>P: \u00bfQu\u00e9 hay de su pago?<\/p>\n<p>R: dep\u00f3sito del 50% por adelantado, saldo del 50% por T\/T, L\/C, paypal, Western Union o antes del env\u00edo.<\/p>\n<p>P: \u00bfProporcionan muestras?<\/p>\n<p>R: S\u00ed, podemos proporcionarle muestras gratuitas, solo debe pagar el flete.<\/p>\n<p>P: \u00bfQu\u00e9 hay de su tiempo de entrega?<\/p>\n<p>R: generalmente 15 d\u00edas despu\u00e9s de recibir su dep\u00f3sito.<\/p>\n","protected":false},"excerpt":{"rendered":"<p>Alto brillo y amp; muy brillante<br \/>\nAlta calidad y econ\u00f3mico<br \/>\nResistente al amarillo &amp; f\u00e1cil de aplicar<\/p>\n","protected":false},"featured_media":628,"template":"","meta":{"_et_pb_use_builder":"","_et_pb_old_content":"","_et_gb_content_width":""},"product_brand":[],"product_cat":[76,81],"product_tag":[462,461],"class_list":{"0":"post-627","1":"product","2":"type-product","3":"status-publish","4":"has-post-thumbnail","6":"product_cat-serie-de-pintura-automatica","7":"product_cat-capa-transparente-barniz","8":"product_tag-barniz-transparente-de-secado-rapido-41","9":"product_tag-capa-transparente-de-alto-brillo-para-reacabado-automatico","11":"first","12":"instock","13":"shipping-taxable","14":"product-type-simple"},"_links":{"self":[{"href":"https:\/\/www.supersybon.com\/es\/wp-json\/wp\/v2\/product\/627","targetHints":{"allow":["GET"]}}],"collection":[{"href":"https:\/\/www.supersybon.com\/es\/wp-json\/wp\/v2\/product"}],"about":[{"href":"https:\/\/www.supersybon.com\/es\/wp-json\/wp\/v2\/types\/product"}],"wp:featuredmedia":[{"embeddable":true,"href":"https:\/\/www.supersybon.com\/es\/wp-json\/wp\/v2\/media\/628"}],"wp:attachment":[{"href":"https:\/\/www.supersybon.com\/es\/wp-json\/wp\/v2\/media?parent=627"}],"wp:term":[{"taxonomy":"product_brand","embeddable":true,"href":"https:\/\/www.supersybon.com\/es\/wp-json\/wp\/v2\/product_brand?post=627"},{"taxonomy":"product_cat","embeddable":true,"href":"https:\/\/www.supersybon.com\/es\/wp-json\/wp\/v2\/product_cat?post=627"},{"taxonomy":"product_tag","embeddable":true,"href":"https:\/\/www.supersybon.com\/es\/wp-json\/wp\/v2\/product_tag?post=627"}],"curies":[{"name":"wp","href":"https:\/\/api.w.org\/{rel}","templated":true}]}}