{"id":389,"date":"2022-09-20T15:05:12","date_gmt":"2022-09-20T07:05:12","guid":{"rendered":"https:\/\/www.supersybon.com\/es\/?post_type=product&#038;p=389"},"modified":"2022-12-21T11:39:27","modified_gmt":"2022-12-21T03:39:27","slug":"hk312-pintura-de-revestimiento-de-color-azul-lago-para-automoviles-pintura-de-revestimiento-de-color-de-coche","status":"publish","type":"product","link":"https:\/\/www.supersybon.com\/es\/product\/hk312-pintura-de-revestimiento-de-color-azul-lago-para-automoviles-pintura-de-revestimiento-de-color-de-coche","title":{"rendered":"HK312 Pintura de revestimiento de color azul lago para autom\u00f3viles Pintura de revestimiento de color de coche"},"content":{"rendered":"<p><iframe title=\"THE BEST QUALITY AUTOMOTIVE PAINT\" width=\"1080\" height=\"608\" src=\"https:\/\/www.youtube.com\/embed\/o5gVsbw26CU?feature=oembed\"  allow=\"accelerometer; autoplay; clipboard-write; encrypted-media; gyroscope; picture-in-picture\" allowfullscreen><\/iframe><\/p>\n<p><img decoding=\"async\" class=\"size-full wp-image-162 alignleft\" src=\"https:\/\/www.supersybon.com\/es\/wp-content\/uploads\/2022\/09\/1663044214-1K-Autobase-Colors-2K-Autocryl-Colors.jpg\" alt=\"\" width=\"400\" height=\"400\" title=\"\" srcset=\"https:\/\/www.supersybon.com\/es\/wp-content\/uploads\/2022\/09\/1663044214-1K-Autobase-Colors-2K-Autocryl-Colors.jpg 400w, https:\/\/www.supersybon.com\/es\/wp-content\/uploads\/2022\/09\/1663044214-1K-Autobase-Colors-2K-Autocryl-Colors-300x300.jpg 300w, https:\/\/www.supersybon.com\/es\/wp-content\/uploads\/2022\/09\/1663044214-1K-Autobase-Colors-2K-Autocryl-Colors-100x100.jpg 100w\" sizes=\"(max-width: 400px) 100vw, 400px\" \/><\/p>\n<p>&nbsp;<\/p>\n<p><strong><span style=\"font-size: 20px;\">PINTURA DE ACABADO AUTOMOTRIZ<\/span><\/strong><\/p>\n<p>Tenemos un juego completo de pintura de repintado de autom\u00f3viles.<\/p>\n<p>incluye:\u00a01K colores autobase\u00a0(1K colores puros, 1K plata, 1K colores perla y 1K color perla cristal).<\/p>\n<p>Colores autocr\u00edlicos 2K\u00a0(colores puros 2K).<\/p>\n<p>imprimaciones (primer aparejo 1K, masilla nc 1K, imprimaci\u00f3n intermedia 2K, imprimaci\u00f3n epoxi 2K e imprimaci\u00f3n pl\u00e1stica 1K).<\/p>\n<p>capas transparentes, endurecedores, diluyentes, masilla, aglutinante 1K, aglutinante 2K y otros aditivos de pintura para reparaci\u00f3n de autom\u00f3viles, etc.<\/p>\n<p>&nbsp;<\/p>\n<p>&nbsp;<\/p>\n<p style=\"text-align: center;\"><strong>HK312 Pintura de revestimiento de color azul lago para autom\u00f3viles Pintura de revestimiento de color de coche<\/strong><\/p>\n<p>Los colores 1K autobase tienen alta calidad, buena cobertura, excelente efecto metalizado y f\u00e1cil aplicaci\u00f3n. Disponible en colores puros, colores plateados, colores perlados, colores cristalinos disponibles.<\/p>\n<p>2K autocryl colors Es un acabado bicomponente para veh\u00edculos de alto rango, pocas caracter\u00edsticas de pel\u00edcula de pintura dura, alto brillo y construcci\u00f3n con buena resistencia, buena cubrici\u00f3n, secado r\u00e1pido y larga duraci\u00f3n.<\/p>\n<p>&nbsp;<\/p>\n<p><img decoding=\"async\" class=\"size-full wp-image-314 aligncenter\" src=\"https:\/\/www.supersybon.com\/es\/wp-content\/uploads\/2022\/09\/1663398267-car-1k-Topcoat-Color-Paint-Manufacturer-China.jpg\" alt=\"\" width=\"900\" height=\"500\" title=\"\" srcset=\"https:\/\/www.supersybon.com\/es\/wp-content\/uploads\/2022\/09\/1663398267-car-1k-Topcoat-Color-Paint-Manufacturer-China.jpg 900w, https:\/\/www.supersybon.com\/es\/wp-content\/uploads\/2022\/09\/1663398267-car-1k-Topcoat-Color-Paint-Manufacturer-China-480x267.jpg 480w\" sizes=\"(min-width: 0px) and (max-width: 480px) 480px, (min-width: 481px) 900px, 100vw\" \/><\/p>\n<p>&nbsp;<\/p>\n<p><img decoding=\"async\" class=\"aligncenter wp-image-315\" src=\"https:\/\/www.supersybon.com\/es\/wp-content\/uploads\/2022\/09\/1663398726-Car-Paint-Acrylic-Colors-Manufacturer-China.jpg\" alt=\"\" width=\"900\" height=\"1126\" title=\"\" srcset=\"https:\/\/www.supersybon.com\/es\/wp-content\/uploads\/2022\/09\/1663398726-Car-Paint-Acrylic-Colors-Manufacturer-China.jpg 900w, https:\/\/www.supersybon.com\/es\/wp-content\/uploads\/2022\/09\/1663398726-Car-Paint-Acrylic-Colors-Manufacturer-China-480x601.jpg 480w\" sizes=\"(min-width: 0px) and (max-width: 480px) 480px, (min-width: 481px) 900px, 100vw\" \/><\/p>\n<p><img decoding=\"async\" class=\"aligncenter wp-image-316\" src=\"https:\/\/www.supersybon.com\/es\/wp-content\/uploads\/2022\/09\/1663399414-Car-Paint-Automotive-Paint-Manufacturer-China.jpg\" alt=\"\" width=\"900\" height=\"1126\" title=\"\" srcset=\"https:\/\/www.supersybon.com\/es\/wp-content\/uploads\/2022\/09\/1663399414-Car-Paint-Automotive-Paint-Manufacturer-China.jpg 900w, https:\/\/www.supersybon.com\/es\/wp-content\/uploads\/2022\/09\/1663399414-Car-Paint-Automotive-Paint-Manufacturer-China-480x600.jpg 480w\" sizes=\"(min-width: 0px) and (max-width: 480px) 480px, (min-width: 481px) 900px, 100vw\" \/><\/p>\n<p><img decoding=\"async\" class=\"aligncenter wp-image-317\" src=\"https:\/\/www.supersybon.com\/es\/wp-content\/uploads\/2022\/09\/1663399559-Car-Paint-Base-Coat-Manufacturer-China.jpg\" alt=\"\" width=\"900\" height=\"1126\" title=\"\" srcset=\"https:\/\/www.supersybon.com\/es\/wp-content\/uploads\/2022\/09\/1663399559-Car-Paint-Base-Coat-Manufacturer-China.jpg 900w, https:\/\/www.supersybon.com\/es\/wp-content\/uploads\/2022\/09\/1663399559-Car-Paint-Base-Coat-Manufacturer-China-480x601.jpg 480w\" sizes=\"(min-width: 0px) and (max-width: 480px) 480px, (min-width: 481px) 900px, 100vw\" \/><\/p>\n<p><img decoding=\"async\" class=\"aligncenter wp-image-318\" src=\"https:\/\/www.supersybon.com\/es\/wp-content\/uploads\/2022\/09\/1663399670-Car-Paint-Auto-Base-Manufacturer-China.jpg\" alt=\"\" width=\"900\" height=\"1126\" title=\"\" srcset=\"https:\/\/www.supersybon.com\/es\/wp-content\/uploads\/2022\/09\/1663399670-Car-Paint-Auto-Base-Manufacturer-China.jpg 900w, https:\/\/www.supersybon.com\/es\/wp-content\/uploads\/2022\/09\/1663399670-Car-Paint-Auto-Base-Manufacturer-China-480x601.jpg 480w\" sizes=\"(min-width: 0px) and (max-width: 480px) 480px, (min-width: 481px) 900px, 100vw\" \/><\/p>\n<p><img decoding=\"async\" class=\"aligncenter size-full wp-image-320\" src=\"https:\/\/www.supersybon.com\/es\/wp-content\/uploads\/2022\/09\/1663400551-Car-Paint-Color-Chart-Manufacturer-China.jpg\" alt=\"\" width=\"900\" height=\"1100\" title=\"\" srcset=\"https:\/\/www.supersybon.com\/es\/wp-content\/uploads\/2022\/09\/1663400551-Car-Paint-Color-Chart-Manufacturer-China.jpg 900w, https:\/\/www.supersybon.com\/es\/wp-content\/uploads\/2022\/09\/1663400551-Car-Paint-Color-Chart-Manufacturer-China-480x587.jpg 480w\" sizes=\"(min-width: 0px) and (max-width: 480px) 480px, (min-width: 481px) 900px, 100vw\" \/><\/p>\n<p><strong>Embalaje y servicio de productos<\/strong><\/p>\n<hr \/>\n<p><strong>PAQUETE:<\/strong><\/p>\n<p>1L*12 latas\/cart\u00f3n, 4L*4 latas\/cart\u00f3n.<\/p>\n<p><img decoding=\"async\" class=\"aligncenter size-full wp-image-321\" src=\"https:\/\/www.supersybon.com\/es\/wp-content\/uploads\/2022\/09\/1663400925-Auto-Paint-Product-Packaging-Manufacturer-China.jpg\" alt=\"\" width=\"900\" height=\"316\" title=\"\" srcset=\"https:\/\/www.supersybon.com\/es\/wp-content\/uploads\/2022\/09\/1663400925-Auto-Paint-Product-Packaging-Manufacturer-China.jpg 900w, https:\/\/www.supersybon.com\/es\/wp-content\/uploads\/2022\/09\/1663400925-Auto-Paint-Product-Packaging-Manufacturer-China-480x169.jpg 480w\" sizes=\"(min-width: 0px) and (max-width: 480px) 480px, (min-width: 481px) 900px, 100vw\" \/><\/p>\n<p><strong>NUESTRO SERVICIO:<\/strong><\/p>\n<p>1.24 horas en l\u00ednea<\/p>\n<p>2. Precio competitivo<\/p>\n<p>3. Excelentes comentarios del cliente<\/p>\n<p>4. Pedidos en l\u00ednea seguros<\/p>\n<p>5. Entrega r\u00e1pida<\/p>\n<p>6. Soporte t\u00e9cnico profesional<\/p>\n<p><img decoding=\"async\" class=\"aligncenter wp-image-322\" src=\"https:\/\/www.supersybon.com\/es\/wp-content\/uploads\/2022\/09\/1663401145-Automotive-Paint-Good-Feedback-Manufacturer-China.jpg\" alt=\"\" width=\"900\" height=\"900\" title=\"\" srcset=\"https:\/\/www.supersybon.com\/es\/wp-content\/uploads\/2022\/09\/1663401145-Automotive-Paint-Good-Feedback-Manufacturer-China.jpg 900w, https:\/\/www.supersybon.com\/es\/wp-content\/uploads\/2022\/09\/1663401145-Automotive-Paint-Good-Feedback-Manufacturer-China-480x480.jpg 480w\" sizes=\"(min-width: 0px) and (max-width: 480px) 480px, (min-width: 481px) 900px, 100vw\" \/><\/p>\n<p><strong>Proceso de producci\u00f3n<\/strong><\/p>\n<hr \/>\n<p>&nbsp;<\/p>\n<p><img decoding=\"async\" class=\"aligncenter size-full wp-image-323\" src=\"https:\/\/www.supersybon.com\/es\/wp-content\/uploads\/2022\/09\/1663401464-Automotive-Paint-Production-Process-Manufacturer-China.jpg\" alt=\"\" width=\"900\" height=\"509\" title=\"\" srcset=\"https:\/\/www.supersybon.com\/es\/wp-content\/uploads\/2022\/09\/1663401464-Automotive-Paint-Production-Process-Manufacturer-China.jpg 900w, https:\/\/www.supersybon.com\/es\/wp-content\/uploads\/2022\/09\/1663401464-Automotive-Paint-Production-Process-Manufacturer-China-480x271.jpg 480w\" sizes=\"(min-width: 0px) and (max-width: 480px) 480px, (min-width: 481px) 900px, 100vw\" \/><\/p>\n<p><strong>Perfil de la empresa<\/strong><\/p>\n<hr \/>\n<p><img decoding=\"async\" class=\"aligncenter size-full wp-image-324\" src=\"https:\/\/www.supersybon.com\/es\/wp-content\/uploads\/2022\/09\/1663401769-Car-Paint-Supplier-Company-Profile-Manufacturer-China.jpg\" alt=\"\" width=\"900\" height=\"958\" title=\"\" srcset=\"https:\/\/www.supersybon.com\/es\/wp-content\/uploads\/2022\/09\/1663401769-Car-Paint-Supplier-Company-Profile-Manufacturer-China.jpg 900w, https:\/\/www.supersybon.com\/es\/wp-content\/uploads\/2022\/09\/1663401769-Car-Paint-Supplier-Company-Profile-Manufacturer-China-480x511.jpg 480w\" sizes=\"(min-width: 0px) and (max-width: 480px) 480px, (min-width: 481px) 900px, 100vw\" \/><\/p>\n<p><strong>Preguntas m\u00e1s frecuentes<\/strong><\/p>\n<hr \/>\n<p>&nbsp;<\/p>\n<p>P: \u00bfCu\u00e1l es su MOQ?<\/p>\n<p>R: Nuestro pedido m\u00ednimo es de 300 litros.<\/p>\n<p>P: \u00bfEs usted una empresa fabricante?<\/p>\n<p>R: somos fabricantes profesionales y tenemos nuestra propia f\u00e1brica.<\/p>\n<p>P: \u00bfPodemos visitar su f\u00e1brica?<\/p>\n<p>R: S\u00ed. Le invitamos a nuestra f\u00e1brica.<\/p>\n<p>P: \u00bfQu\u00e9 hay de su pago?<\/p>\n<p>R: dep\u00f3sito del 50% por adelantado, saldo del 50% por T\/T, L\/C, paypal, Western Union o antes del env\u00edo.<\/p>\n<p>P: \u00bfProporcionan muestras?<\/p>\n<p>R: S\u00ed, podemos proporcionarle muestras gratuitas, solo debe pagar el flete.<\/p>\n<p>P: \u00bfQu\u00e9 hay de su tiempo de entrega?<\/p>\n<p>R: generalmente 15 d\u00edas despu\u00e9s de recibir su dep\u00f3sito.<\/p>\n","protected":false},"excerpt":{"rendered":"<p>Alta calidad<br \/>\nBuena cobertura<br \/>\nExcelente efecto metalizado y f\u00e1cil de aplicar.<br \/>\nDisponible en colores puros, colores plateados, colores perlados, colores cristalinos disponibles<\/p>\n","protected":false},"featured_media":391,"template":"","meta":{"_et_pb_use_builder":"","_et_pb_old_content":"","_et_gb_content_width":""},"product_brand":[],"product_cat":[85,76],"product_tag":[398,397,396],"class_list":{"0":"post-389","1":"product","2":"type-product","3":"status-publish","4":"has-post-thumbnail","6":"product_cat-1k-colores-de-base-automatica","7":"product_cat-serie-de-pintura-automatica","8":"product_tag-pintura-de-color-de-coche","9":"product_tag-pintura-de-revestimiento-de-color-de-coche","10":"product_tag-revestimiento-de-coche","12":"first","13":"instock","14":"shipping-taxable","15":"product-type-simple"},"_links":{"self":[{"href":"https:\/\/www.supersybon.com\/es\/wp-json\/wp\/v2\/product\/389","targetHints":{"allow":["GET"]}}],"collection":[{"href":"https:\/\/www.supersybon.com\/es\/wp-json\/wp\/v2\/product"}],"about":[{"href":"https:\/\/www.supersybon.com\/es\/wp-json\/wp\/v2\/types\/product"}],"wp:featuredmedia":[{"embeddable":true,"href":"https:\/\/www.supersybon.com\/es\/wp-json\/wp\/v2\/media\/391"}],"wp:attachment":[{"href":"https:\/\/www.supersybon.com\/es\/wp-json\/wp\/v2\/media?parent=389"}],"wp:term":[{"taxonomy":"product_brand","embeddable":true,"href":"https:\/\/www.supersybon.com\/es\/wp-json\/wp\/v2\/product_brand?post=389"},{"taxonomy":"product_cat","embeddable":true,"href":"https:\/\/www.supersybon.com\/es\/wp-json\/wp\/v2\/product_cat?post=389"},{"taxonomy":"product_tag","embeddable":true,"href":"https:\/\/www.supersybon.com\/es\/wp-json\/wp\/v2\/product_tag?post=389"}],"curies":[{"name":"wp","href":"https:\/\/api.w.org\/{rel}","templated":true}]}}