{"id":3860,"date":"2026-04-03T09:25:25","date_gmt":"2026-04-03T01:25:25","guid":{"rendered":"https:\/\/www.supersybon.com\/es\/?post_type=product&#038;p=3860"},"modified":"2026-04-03T09:38:23","modified_gmt":"2026-04-03T01:38:23","slug":"hk018-masilla-de-aluminio-de-alta-resistencia-para-reparacion-de-metales-y-aluminio-en-aplicaciones-automotrices-e-industriales","status":"publish","type":"product","link":"https:\/\/www.supersybon.com\/es\/product\/hk018-masilla-de-aluminio-de-alta-resistencia-para-reparacion-de-metales-y-aluminio-en-aplicaciones-automotrices-e-industriales","title":{"rendered":"HK018 Masilla de aluminio de alta resistencia para reparaci\u00f3n de metales y aluminio en aplicaciones automotrices e industriales"},"content":{"rendered":"<p><iframe title=\"SYBON\u2019s Aluminum Putty is a professional-grade reinforced filler for high-strength metal repairs.\" width=\"1080\" height=\"608\" src=\"https:\/\/www.youtube.com\/embed\/srGhlmtWHAE?feature=oembed\"  allow=\"accelerometer; autoplay; clipboard-write; encrypted-media; gyroscope; picture-in-picture; web-share\" referrerpolicy=\"strict-origin-when-cross-origin\" allowfullscreen><\/iframe><\/p>\n<p><img decoding=\"async\" class=\"aligncenter size-full wp-image-3862\" src=\"https:\/\/www.supersybon.com\/es\/wp-content\/uploads\/2026\/04\/1775179758-Automotive-Wheel-Hub-Aluminum-Repair-Putty-Compound-Body-Filler.jpg\" alt=\"HK018-Masilla-de-reparaci\u00f3n-de-aluminio-para-cubos-de-rueda-de-autom\u00f3viles\" width=\"750\" height=\"302\" title=\"\" srcset=\"https:\/\/www.supersybon.com\/es\/wp-content\/uploads\/2026\/04\/1775179758-Automotive-Wheel-Hub-Aluminum-Repair-Putty-Compound-Body-Filler.jpg 750w, https:\/\/www.supersybon.com\/es\/wp-content\/uploads\/2026\/04\/1775179758-Automotive-Wheel-Hub-Aluminum-Repair-Putty-Compound-Body-Filler-480x193.jpg 480w\" sizes=\"(min-width: 0px) and (max-width: 480px) 480px, (min-width: 481px) 750px, 100vw\" \/><\/p>\n<h2><strong><span dir=\"auto\">Acerca de la masilla de aluminio HK018<\/span><\/strong><\/h2>\n<p><span dir=\"auto\">La masilla de aluminio es un relleno reforzado de calidad profesional dise\u00f1ado para reparaciones de metales de alta resistencia. Ya sea para restauraci\u00f3n de autom\u00f3viles, mantenimiento de maquinaria o aplicaciones industriales, garantiza m\u00e1xima adherencia, resistencia a la corrosi\u00f3n y un acabado liso para pintar.<\/span><\/p>\n<p><strong><span dir=\"auto\">Caracter\u00edstica:<\/span><\/strong><\/p>\n<p><span dir=\"auto\">1. Fuerte poder adhesivo: se adhiere a superficies de aluminio, metal e industriales.<\/span><br \/>\n<span dir=\"auto\">2. Resistente al calor y a los impactos: ideal para entornos de alta temperatura.<\/span><br \/>\n<span dir=\"auto\">3. Aplicaci\u00f3n suave y sencilla: se extiende sin esfuerzo para un acabado perfecto.<\/span><br \/>\n<span dir=\"auto\">4. M\u00ednima contracci\u00f3n y agrietamiento: garantiza la durabilidad en las reparaciones.<\/span><br \/>\n<span dir=\"auto\">5. Uso vers\u00e1til: adecuado para aplicaciones automotrices, marinas e industriales.<\/span><\/p>\n<p><img decoding=\"async\" class=\"aligncenter size-full wp-image-3865\" src=\"https:\/\/www.supersybon.com\/es\/wp-content\/uploads\/2026\/04\/1775179772-Factory-Wholesale-Aluminum-Reinforced-Automotive-Putty-Metal-Gray-Wheel-Hub-Repair-Body-Filler.jpg\" alt=\"Masilla automotriz reforzada con aluminio, color gris metalizado, para reparaci\u00f3n de bujes de ruedas y carrocer\u00edas, venta al por mayor\" width=\"800\" height=\"800\" title=\"\" srcset=\"https:\/\/www.supersybon.com\/es\/wp-content\/uploads\/2026\/04\/1775179772-Factory-Wholesale-Aluminum-Reinforced-Automotive-Putty-Metal-Gray-Wheel-Hub-Repair-Body-Filler.jpg 800w, https:\/\/www.supersybon.com\/es\/wp-content\/uploads\/2026\/04\/1775179772-Factory-Wholesale-Aluminum-Reinforced-Automotive-Putty-Metal-Gray-Wheel-Hub-Repair-Body-Filler-480x480.jpg 480w\" sizes=\"(min-width: 0px) and (max-width: 480px) 480px, (min-width: 481px) 800px, 100vw\" \/> <img decoding=\"async\" class=\"aligncenter size-full wp-image-3864\" src=\"https:\/\/www.supersybon.com\/es\/wp-content\/uploads\/2026\/04\/1775179767-Factory-Direct-Aluminum-Putty-Metal-Working-Wheel-Hub-Repair-Filler-Wholesale-Price.jpg\" alt=\"Masilla de aluminio para metalurgia y reparaci\u00f3n de bujes de ruedas, directamente de f\u00e1brica, precio mayorista.\" width=\"800\" height=\"800\" title=\"\" srcset=\"https:\/\/www.supersybon.com\/es\/wp-content\/uploads\/2026\/04\/1775179767-Factory-Direct-Aluminum-Putty-Metal-Working-Wheel-Hub-Repair-Filler-Wholesale-Price.jpg 800w, https:\/\/www.supersybon.com\/es\/wp-content\/uploads\/2026\/04\/1775179767-Factory-Direct-Aluminum-Putty-Metal-Working-Wheel-Hub-Repair-Filler-Wholesale-Price-480x480.jpg 480w\" sizes=\"(min-width: 0px) and (max-width: 480px) 480px, (min-width: 481px) 800px, 100vw\" \/> <img decoding=\"async\" class=\"aligncenter size-full wp-image-3861\" src=\"https:\/\/www.supersybon.com\/es\/wp-content\/uploads\/2026\/04\/1775179750-Aluminum-Putty-High-Adhesion-Corrosion-Resistance-Metal-Filler.jpg\" alt=\"HK018-Masilla-de-aluminio-de-alta-adherencia-y-resistencia-a-la-corrosi\u00f3n-Relleno-met\u00e1lico\" width=\"800\" height=\"800\" title=\"\" srcset=\"https:\/\/www.supersybon.com\/es\/wp-content\/uploads\/2026\/04\/1775179750-Aluminum-Putty-High-Adhesion-Corrosion-Resistance-Metal-Filler.jpg 800w, https:\/\/www.supersybon.com\/es\/wp-content\/uploads\/2026\/04\/1775179750-Aluminum-Putty-High-Adhesion-Corrosion-Resistance-Metal-Filler-480x480.jpg 480w\" sizes=\"(min-width: 0px) and (max-width: 480px) 480px, (min-width: 481px) 800px, 100vw\" \/> <img decoding=\"async\" class=\"aligncenter size-full wp-image-3867\" src=\"https:\/\/www.supersybon.com\/es\/wp-content\/uploads\/2026\/04\/1775179780-Metal-Gray-Aluminum-Reinforced-Wheel-Hub-Repair-Putty.jpg\" alt=\"Masilla de reparaci\u00f3n para bujes de rueda reforzada con aluminio gris metalizado\" width=\"800\" height=\"800\" title=\"\" srcset=\"https:\/\/www.supersybon.com\/es\/wp-content\/uploads\/2026\/04\/1775179780-Metal-Gray-Aluminum-Reinforced-Wheel-Hub-Repair-Putty.jpg 800w, https:\/\/www.supersybon.com\/es\/wp-content\/uploads\/2026\/04\/1775179780-Metal-Gray-Aluminum-Reinforced-Wheel-Hub-Repair-Putty-480x480.jpg 480w\" sizes=\"(min-width: 0px) and (max-width: 480px) 480px, (min-width: 481px) 800px, 100vw\" \/><\/p>\n<div>\n<div class=\"magic-9\">\n<div class=\"magic-10\"><\/div>\n<\/div>\n<\/div>\n<div data-spm-anchor-id=\"a2700.details.0.i37.625d2e9eLtZffL\"><\/div>\n<div data-spm-anchor-id=\"a2700.details.0.i37.625d2e9eLtZffL\">\n<div data-spm-anchor-id=\"a2700.details.0.i37.625d2e9eLtZffL\">\n<p><strong>Embalaje y servicio de productos<\/strong><\/p>\n<\/div>\n<div data-spm-anchor-id=\"a2700.details.0.i37.625d2e9eLtZffL\">\n<hr \/>\n<p><strong>PAQUETE :<br \/>\n<\/strong><\/p>\n<p>2 kg * 8 latas \/ caja.<\/p>\n<p>&nbsp;<\/p>\n<p><strong>NUESTRO SERVICIO:<br \/>\n<\/strong><\/p>\n<p>1,24 horas en l\u00ednea<\/p>\n<p>2. Precio competitivo<\/p>\n<p>3. Excelentes comentarios del cliente<\/p>\n<p>4. Pedidos en l\u00ednea seguros<\/p>\n<p>5. Entrega r\u00e1pida<\/p>\n<p>6. Soporte t\u00e9cnico profesional<\/p>\n<\/div>\n<\/div>\n<div data-spm-anchor-id=\"a2700.details.0.i37.625d2e9eLtZffL\"><\/div>\n<p>&nbsp;<\/p>\n<p>&nbsp;<\/p>\n<p><img decoding=\"async\" class=\"aligncenter size-full wp-image-741\" src=\"https:\/\/www.supersybon.com\/es\/wp-content\/uploads\/2022\/09\/1665471795-Hk702-Best-Auto-Filler-Primer-For-Cars-Metallized-Coating-Primer.jpg\" alt=\"\" width=\"750\" height=\"750\" title=\"\" srcset=\"https:\/\/www.supersybon.com\/es\/wp-content\/uploads\/2022\/09\/1665471795-Hk702-Best-Auto-Filler-Primer-For-Cars-Metallized-Coating-Primer.jpg 750w, https:\/\/www.supersybon.com\/es\/wp-content\/uploads\/2022\/09\/1665471795-Hk702-Best-Auto-Filler-Primer-For-Cars-Metallized-Coating-Primer-480x480.jpg 480w\" sizes=\"(min-width: 0px) and (max-width: 480px) 480px, (min-width: 481px) 750px, 100vw\" \/><\/p>\n<p>&nbsp;<\/p>\n<p>&nbsp;<\/p>\n<p><strong>Perfil de la empresa<br \/>\n<\/strong><\/p>\n<hr \/>\n<p>&nbsp;<\/p>\n<p><img decoding=\"async\" class=\"aligncenter size-full wp-image-324\" src=\"https:\/\/www.supersybon.com\/es\/wp-content\/uploads\/2022\/09\/1663401769-Car-Paint-Supplier-Company-Profile-Manufacturer-China.jpg\" alt=\"\" width=\"900\" height=\"958\" title=\"\" srcset=\"https:\/\/www.supersybon.com\/es\/wp-content\/uploads\/2022\/09\/1663401769-Car-Paint-Supplier-Company-Profile-Manufacturer-China.jpg 900w, https:\/\/www.supersybon.com\/es\/wp-content\/uploads\/2022\/09\/1663401769-Car-Paint-Supplier-Company-Profile-Manufacturer-China-480x511.jpg 480w\" sizes=\"(min-width: 0px) and (max-width: 480px) 480px, (min-width: 481px) 900px, 100vw\" \/><\/p>\n<p>&nbsp;<\/p>\n<p><strong>Preguntas m\u00e1s frecuentes<br \/>\n<\/strong><\/p>\n<hr \/>\n<p>&nbsp;<\/p>\n<p>P: \u00bfCu\u00e1l es su MOQ?<\/p>\n<p>R: Nuestro pedido m\u00ednimo es de 1 caja.<\/p>\n<p>P: \u00bfEs usted una empresa fabricante?<\/p>\n<p>R: somos fabricantes profesionales y tenemos nuestra propia f\u00e1brica.<\/p>\n<p>P: \u00bfPodemos visitar su f\u00e1brica?<\/p>\n<p>R: S\u00ed. Le invitamos a nuestra f\u00e1brica.<\/p>\n<p>P: \u00bfQu\u00e9 hay de su pago?<\/p>\n<p>R: dep\u00f3sito del 50% por adelantado, saldo del 50% por T\/T, L\/C, paypal, Western Union o antes del env\u00edo.<\/p>\n<p>P: \u00bfProporcionan muestras?<\/p>\n<p>R: S\u00ed, podemos proporcionarle muestras gratuitas, solo debe pagar el flete.<\/p>\n<p>P: \u00bfQu\u00e9 hay de su tiempo de entrega?<\/p>\n<p>R: generalmente 15 d\u00edas despu\u00e9s de recibir su dep\u00f3sito.<\/p>\n","protected":false},"excerpt":{"rendered":"<p><span dir=\"auto\">Acerca de la masilla de aluminio:<\/span><br \/>\n<span dir=\"auto\">1. Gran poder de adhesi\u00f3n.<\/span><br \/>\n<span dir=\"auto\">2. Resistente al calor y a los impactos.<\/span><br \/>\n<span dir=\"auto\">3. Aplicaci\u00f3n suave y sencilla.<\/span><br \/>\n<span dir=\"auto\">4. M\u00ednima contracci\u00f3n y agrietamiento.<\/span><br \/>\n<span dir=\"auto\">5. Uso vers\u00e1til.<\/span><\/p>\n","protected":false},"featured_media":3861,"template":"","meta":{"_et_pb_use_builder":"","_et_pb_old_content":"","_et_gb_content_width":""},"product_brand":[],"product_cat":[76,78],"product_tag":[1219],"class_list":{"0":"post-3860","1":"product","2":"type-product","3":"status-publish","4":"has-post-thumbnail","6":"product_cat-serie-de-pintura-automatica","7":"product_cat-imprimacion-relleno-masilla","8":"product_tag-masilla-de-aluminio","10":"first","11":"instock","12":"shipping-taxable","13":"product-type-simple"},"_links":{"self":[{"href":"https:\/\/www.supersybon.com\/es\/wp-json\/wp\/v2\/product\/3860","targetHints":{"allow":["GET"]}}],"collection":[{"href":"https:\/\/www.supersybon.com\/es\/wp-json\/wp\/v2\/product"}],"about":[{"href":"https:\/\/www.supersybon.com\/es\/wp-json\/wp\/v2\/types\/product"}],"wp:featuredmedia":[{"embeddable":true,"href":"https:\/\/www.supersybon.com\/es\/wp-json\/wp\/v2\/media\/3861"}],"wp:attachment":[{"href":"https:\/\/www.supersybon.com\/es\/wp-json\/wp\/v2\/media?parent=3860"}],"wp:term":[{"taxonomy":"product_brand","embeddable":true,"href":"https:\/\/www.supersybon.com\/es\/wp-json\/wp\/v2\/product_brand?post=3860"},{"taxonomy":"product_cat","embeddable":true,"href":"https:\/\/www.supersybon.com\/es\/wp-json\/wp\/v2\/product_cat?post=3860"},{"taxonomy":"product_tag","embeddable":true,"href":"https:\/\/www.supersybon.com\/es\/wp-json\/wp\/v2\/product_tag?post=3860"}],"curies":[{"name":"wp","href":"https:\/\/api.w.org\/{rel}","templated":true}]}}