{"id":3836,"date":"2026-01-29T13:50:07","date_gmt":"2026-01-29T05:50:07","guid":{"rendered":"https:\/\/www.supersybon.com\/es\/?post_type=product&#038;p=3836"},"modified":"2026-03-04T16:50:48","modified_gmt":"2026-03-04T08:50:48","slug":"hk707-masilla-de-relleno-uv-1k","status":"publish","type":"product","link":"https:\/\/www.supersybon.com\/es\/product\/hk707-masilla-de-relleno-uv-1k","title":{"rendered":"HK707 Masilla de relleno UV 1K de alto rendimiento y curado r\u00e1pido para repintado automotriz"},"content":{"rendered":"<p><iframe title=\"HK707 UV Putty Filler UV Cure Body Filler\" width=\"1080\" height=\"608\" src=\"https:\/\/www.youtube.com\/embed\/IGZZ3aZZymc?feature=oembed\"  allow=\"accelerometer; autoplay; clipboard-write; encrypted-media; gyroscope; picture-in-picture; web-share\" referrerpolicy=\"strict-origin-when-cross-origin\" allowfullscreen><\/iframe><\/p>\n<p><img decoding=\"async\" class=\"aligncenter size-full wp-image-3854\" src=\"https:\/\/www.supersybon.com\/es\/wp-content\/uploads\/2026\/01\/1772595787-Wholesale-Hot-Selling-1K-UV-Putty-Filler-Curing-High-Performance-Fast-Cure-for-Automotive-Refinishing.jpg\" alt=\"Masilla UV 1K de alto rendimiento y curado r\u00e1pido para repintado automotriz, gran oferta al por mayor\" width=\"750\" height=\"302\" title=\"\" srcset=\"https:\/\/www.supersybon.com\/es\/wp-content\/uploads\/2026\/01\/1772595787-Wholesale-Hot-Selling-1K-UV-Putty-Filler-Curing-High-Performance-Fast-Cure-for-Automotive-Refinishing.jpg 750w, https:\/\/www.supersybon.com\/es\/wp-content\/uploads\/2026\/01\/1772595787-Wholesale-Hot-Selling-1K-UV-Putty-Filler-Curing-High-Performance-Fast-Cure-for-Automotive-Refinishing-480x193.jpg 480w\" sizes=\"(min-width: 0px) and (max-width: 480px) 480px, (min-width: 481px) 750px, 100vw\" \/><\/p>\n<h2><strong>Acerca de la masilla de relleno UV HK707 1K<\/strong><\/h2>\n<p>Masilla de relleno universal 1K curable por UV, utilizada para el repintado de autom\u00f3viles y muy recomendada para abolladuras, grietas, ara\u00f1azos y orificios de \u00f3xido. Curado UV completo y r\u00e1pido, de 30 segundos a 1-2 minutos, seg\u00fan el espesor aplicado. Excelente flexibilidad y adherencia.<\/p>\n<h3><strong>M\u00e9todo de aplicaci\u00f3n:<\/strong><\/h3>\n<p>1. Preparaci\u00f3n de la superficie: Limpie, desengrase y lije el sustrato.<br \/>\n2. Aplicaci\u00f3n: Aplique una capa fina con una esp\u00e1tula.<br \/>\n3. Curado: Cure con l\u00e1mpara UV durante 30 segundos a 1-2 minutos (seg\u00fan la capa).<br \/>\n4. Repetici\u00f3n: Aplique m\u00e1s capas finas si es necesario, curando entre cada una.<br \/>\n5. Acabado: Lije despu\u00e9s del curado final (lija de grano P150 a P240) y luego imprima\/pinte.<\/p>\n<p><img decoding=\"async\" class=\"aligncenter size-full wp-image-3853\" src=\"https:\/\/www.supersybon.com\/es\/wp-content\/uploads\/2026\/01\/1772595782-High-Performance-1K-UV-Putty-Filler-Fast-UV-Curing-Process-for-Professional-Automotive-Refinishing.jpg\" alt=\"Masilla de relleno UV 1K de alto rendimiento con curado r\u00e1pido UV para repintado automotriz profesional\" width=\"800\" height=\"800\" title=\"\" srcset=\"https:\/\/www.supersybon.com\/es\/wp-content\/uploads\/2026\/01\/1772595782-High-Performance-1K-UV-Putty-Filler-Fast-UV-Curing-Process-for-Professional-Automotive-Refinishing.jpg 800w, https:\/\/www.supersybon.com\/es\/wp-content\/uploads\/2026\/01\/1772595782-High-Performance-1K-UV-Putty-Filler-Fast-UV-Curing-Process-for-Professional-Automotive-Refinishing-480x480.jpg 480w\" sizes=\"(min-width: 0px) and (max-width: 480px) 480px, (min-width: 481px) 800px, 100vw\" \/> <img decoding=\"async\" class=\"aligncenter size-full wp-image-3849\" src=\"https:\/\/www.supersybon.com\/es\/wp-content\/uploads\/2026\/01\/1772595765-Chinese-Factory-Direct-UV-Filler-Putty-1K-High-Quality-Excellent-Flexibility-Adhesion-for-Car-Refinishing-Wholesale.jpg\" alt=\"Masilla de relleno UV 1K, directa de f\u00e1brica en China, de alta calidad, excelente flexibilidad y adherencia para el repintado de autom\u00f3viles. Venta al por mayor.\" width=\"800\" height=\"800\" title=\"\" srcset=\"https:\/\/www.supersybon.com\/es\/wp-content\/uploads\/2026\/01\/1772595765-Chinese-Factory-Direct-UV-Filler-Putty-1K-High-Quality-Excellent-Flexibility-Adhesion-for-Car-Refinishing-Wholesale.jpg 800w, https:\/\/www.supersybon.com\/es\/wp-content\/uploads\/2026\/01\/1772595765-Chinese-Factory-Direct-UV-Filler-Putty-1K-High-Quality-Excellent-Flexibility-Adhesion-for-Car-Refinishing-Wholesale-480x480.jpg 480w\" sizes=\"(min-width: 0px) and (max-width: 480px) 480px, (min-width: 481px) 800px, 100vw\" \/> <img decoding=\"async\" class=\"aligncenter size-full wp-image-3848\" src=\"https:\/\/www.supersybon.com\/es\/wp-content\/uploads\/2026\/01\/1772595761-Bulk-Supply-1K-UV-Curable-Filler-Putty-Hot-Selling-Fast-UV-Curing-Putty-for-Automotive-Refinishing.jpg\" alt=\"Masilla de relleno de curado UV 1K de gran venta y r\u00e1pido curado UV para repintado automotriz.\" width=\"800\" height=\"800\" title=\"\" srcset=\"https:\/\/www.supersybon.com\/es\/wp-content\/uploads\/2026\/01\/1772595761-Bulk-Supply-1K-UV-Curable-Filler-Putty-Hot-Selling-Fast-UV-Curing-Putty-for-Automotive-Refinishing.jpg 800w, https:\/\/www.supersybon.com\/es\/wp-content\/uploads\/2026\/01\/1772595761-Bulk-Supply-1K-UV-Curable-Filler-Putty-Hot-Selling-Fast-UV-Curing-Putty-for-Automotive-Refinishing-480x480.jpg 480w\" sizes=\"(min-width: 0px) and (max-width: 480px) 480px, (min-width: 481px) 800px, 100vw\" \/> <img decoding=\"async\" class=\"aligncenter size-full wp-image-3850\" src=\"https:\/\/www.supersybon.com\/es\/wp-content\/uploads\/2026\/01\/1772595769-Chinese-Factory-Direct-Wholesale-1K-UV-Putty-Filler-High-Performance-Fast-Curing-for-Automotive-Refinishing.jpg\" alt=\"Masilla UV 1K de alto rendimiento y curado r\u00e1pido para repintado de autom\u00f3viles, venta directa de f\u00e1brica en China\" width=\"800\" height=\"800\" title=\"\" srcset=\"https:\/\/www.supersybon.com\/es\/wp-content\/uploads\/2026\/01\/1772595769-Chinese-Factory-Direct-Wholesale-1K-UV-Putty-Filler-High-Performance-Fast-Curing-for-Automotive-Refinishing.jpg 800w, https:\/\/www.supersybon.com\/es\/wp-content\/uploads\/2026\/01\/1772595769-Chinese-Factory-Direct-Wholesale-1K-UV-Putty-Filler-High-Performance-Fast-Curing-for-Automotive-Refinishing-480x480.jpg 480w\" sizes=\"(min-width: 0px) and (max-width: 480px) 480px, (min-width: 481px) 800px, 100vw\" \/><\/p>\n<div>\n<div class=\"magic-9\">\n<div class=\"magic-10\"><img decoding=\"async\" class=\"aligncenter size-full wp-image-3841\" src=\"https:\/\/www.supersybon.com\/es\/wp-content\/uploads\/2026\/01\/1769666198-Masilla-UV-1K-de-alto-rendimiento-y-curado-rapido-para-repintado-automotriz-venta-al-por-mayor.jpg\" alt=\"Masilla-UV-1K-de-alto-rendimiento-y-curado-r\u00e1pido-para-repintado-automotriz-venta-al-por-mayor\" width=\"800\" height=\"400\" title=\"\" srcset=\"https:\/\/www.supersybon.com\/es\/wp-content\/uploads\/2026\/01\/1769666198-Masilla-UV-1K-de-alto-rendimiento-y-curado-rapido-para-repintado-automotriz-venta-al-por-mayor.jpg 800w, https:\/\/www.supersybon.com\/es\/wp-content\/uploads\/2026\/01\/1769666198-Masilla-UV-1K-de-alto-rendimiento-y-curado-rapido-para-repintado-automotriz-venta-al-por-mayor-480x240.jpg 480w\" sizes=\"(min-width: 0px) and (max-width: 480px) 480px, (min-width: 481px) 800px, 100vw\" \/><\/div>\n<\/div>\n<\/div>\n<div data-spm-anchor-id=\"a2700.details.0.i37.625d2e9eLtZffL\"><\/div>\n<div data-spm-anchor-id=\"a2700.details.0.i37.625d2e9eLtZffL\">\n<div data-spm-anchor-id=\"a2700.details.0.i37.625d2e9eLtZffL\">\n<p><strong>Embalaje y servicio de productos<\/strong><\/p>\n<\/div>\n<div data-spm-anchor-id=\"a2700.details.0.i37.625d2e9eLtZffL\">\n<hr \/>\n<p><strong>PAQUETE :<br \/>\n<\/strong><\/p>\n<p>12 latas\/cart\u00f3n.<\/p>\n<p>&nbsp;<\/p>\n<p><strong>NUESTRO SERVICIO:<br \/>\n<\/strong><\/p>\n<p>1,24 horas en l\u00ednea<\/p>\n<p>2. Precio competitivo<\/p>\n<p>3. Excelentes comentarios del cliente<\/p>\n<p>4. Pedidos en l\u00ednea seguros<\/p>\n<p>5. Entrega r\u00e1pida<\/p>\n<p>6. Soporte t\u00e9cnico profesional<\/p>\n<\/div>\n<\/div>\n<div data-spm-anchor-id=\"a2700.details.0.i37.625d2e9eLtZffL\"><\/div>\n<p>&nbsp;<\/p>\n<p>&nbsp;<\/p>\n<p><img decoding=\"async\" class=\"aligncenter size-full wp-image-741\" src=\"https:\/\/www.supersybon.com\/es\/wp-content\/uploads\/2022\/09\/1665471795-Hk702-Best-Auto-Filler-Primer-For-Cars-Metallized-Coating-Primer.jpg\" alt=\"\" width=\"750\" height=\"750\" title=\"\" srcset=\"https:\/\/www.supersybon.com\/es\/wp-content\/uploads\/2022\/09\/1665471795-Hk702-Best-Auto-Filler-Primer-For-Cars-Metallized-Coating-Primer.jpg 750w, https:\/\/www.supersybon.com\/es\/wp-content\/uploads\/2022\/09\/1665471795-Hk702-Best-Auto-Filler-Primer-For-Cars-Metallized-Coating-Primer-480x480.jpg 480w\" sizes=\"(min-width: 0px) and (max-width: 480px) 480px, (min-width: 481px) 750px, 100vw\" \/><\/p>\n<p>&nbsp;<\/p>\n<p>&nbsp;<\/p>\n<p><strong>Perfil de la empresa<br \/>\n<\/strong><\/p>\n<hr \/>\n<p>&nbsp;<\/p>\n<p><img decoding=\"async\" class=\"aligncenter size-full wp-image-324\" src=\"https:\/\/www.supersybon.com\/es\/wp-content\/uploads\/2022\/09\/1663401769-Car-Paint-Supplier-Company-Profile-Manufacturer-China.jpg\" alt=\"\" width=\"900\" height=\"958\" title=\"\" srcset=\"https:\/\/www.supersybon.com\/es\/wp-content\/uploads\/2022\/09\/1663401769-Car-Paint-Supplier-Company-Profile-Manufacturer-China.jpg 900w, https:\/\/www.supersybon.com\/es\/wp-content\/uploads\/2022\/09\/1663401769-Car-Paint-Supplier-Company-Profile-Manufacturer-China-480x511.jpg 480w\" sizes=\"(min-width: 0px) and (max-width: 480px) 480px, (min-width: 481px) 900px, 100vw\" \/><\/p>\n<p>&nbsp;<\/p>\n<p><strong>Preguntas m\u00e1s frecuentes<br \/>\n<\/strong><\/p>\n<hr \/>\n<p>&nbsp;<\/p>\n<p>P: \u00bfCu\u00e1l es su MOQ?<\/p>\n<p>R: Nuestro pedido m\u00ednimo es de 300 litros.<\/p>\n<p>P: \u00bfEs usted una empresa fabricante?<\/p>\n<p>R: somos fabricantes profesionales y tenemos nuestra propia f\u00e1brica.<\/p>\n<p>P: \u00bfPodemos visitar su f\u00e1brica?<\/p>\n<p>R: S\u00ed. Le invitamos a nuestra f\u00e1brica.<\/p>\n<p>P: \u00bfQu\u00e9 hay de su pago?<\/p>\n<p>R: dep\u00f3sito del 50% por adelantado, saldo del 50% por T\/T, L\/C, paypal, Western Union o antes del env\u00edo.<\/p>\n<p>P: \u00bfProporcionan muestras?<\/p>\n<p>R: S\u00ed, podemos proporcionarle muestras gratuitas, solo debe pagar el flete.<\/p>\n<p>P: \u00bfQu\u00e9 hay de su tiempo de entrega?<\/p>\n<p>R: generalmente 15 d\u00edas despu\u00e9s de recibir su dep\u00f3sito.<\/p>\n","protected":false},"excerpt":{"rendered":"<p><span dir=\"auto\">Acerca de la masilla de relleno UV 1K:<\/span><br \/>\n<span dir=\"auto\">Masilla de relleno universal 1K curable por UV, utilizada para el repintado de autom\u00f3viles y muy recomendada para abolladuras, grietas, rayones y orificios de \u00f3xido. Curado UV completo y r\u00e1pido, de 30 segundos a 1-2 minutos, seg\u00fan el espesor aplicado. Excelente flexibilidad y adherencia.<\/span><\/p>\n","protected":false},"featured_media":3849,"template":"","meta":{"_et_pb_use_builder":"","_et_pb_old_content":"","_et_gb_content_width":""},"product_brand":[],"product_cat":[76,78],"product_tag":[1218],"class_list":{"0":"post-3836","1":"product","2":"type-product","3":"status-publish","4":"has-post-thumbnail","6":"product_cat-serie-de-pintura-automatica","7":"product_cat-imprimacion-relleno-masilla","8":"product_tag-masilla-de-relleno-uv","10":"first","11":"instock","12":"shipping-taxable","13":"product-type-simple"},"_links":{"self":[{"href":"https:\/\/www.supersybon.com\/es\/wp-json\/wp\/v2\/product\/3836","targetHints":{"allow":["GET"]}}],"collection":[{"href":"https:\/\/www.supersybon.com\/es\/wp-json\/wp\/v2\/product"}],"about":[{"href":"https:\/\/www.supersybon.com\/es\/wp-json\/wp\/v2\/types\/product"}],"wp:featuredmedia":[{"embeddable":true,"href":"https:\/\/www.supersybon.com\/es\/wp-json\/wp\/v2\/media\/3849"}],"wp:attachment":[{"href":"https:\/\/www.supersybon.com\/es\/wp-json\/wp\/v2\/media?parent=3836"}],"wp:term":[{"taxonomy":"product_brand","embeddable":true,"href":"https:\/\/www.supersybon.com\/es\/wp-json\/wp\/v2\/product_brand?post=3836"},{"taxonomy":"product_cat","embeddable":true,"href":"https:\/\/www.supersybon.com\/es\/wp-json\/wp\/v2\/product_cat?post=3836"},{"taxonomy":"product_tag","embeddable":true,"href":"https:\/\/www.supersybon.com\/es\/wp-json\/wp\/v2\/product_tag?post=3836"}],"curies":[{"name":"wp","href":"https:\/\/api.w.org\/{rel}","templated":true}]}}