{"id":3820,"date":"2025-12-05T15:01:10","date_gmt":"2025-12-05T07:01:10","guid":{"rendered":"https:\/\/www.supersybon.com\/es\/?post_type=product&#038;p=3820"},"modified":"2025-12-05T15:20:13","modified_gmt":"2025-12-05T07:20:13","slug":"s2213-recubrimiento-nanoceramico-en-aerosol-de-300-ml-el-recubrimiento-nano-en-aerosol-mejora-el-brillo-y-la-profundidad-proteccion-hidrofobica-extrema","status":"publish","type":"product","link":"https:\/\/www.supersybon.com\/es\/product\/s2213-recubrimiento-nanoceramico-en-aerosol-de-300-ml-el-recubrimiento-nano-en-aerosol-mejora-el-brillo-y-la-profundidad-proteccion-hidrofobica-extrema","title":{"rendered":"S2213 Recubrimiento nanocer\u00e1mico en aerosol de 300 ml. El recubrimiento nano en aerosol mejora el brillo y la profundidad. Protecci\u00f3n hidrof\u00f3bica extrema."},"content":{"rendered":"<p><iframe title=\"300ml Nano Spray Coating Enhances Gloss and Depth Extreme Hydrophobic Protection\" width=\"1080\" height=\"608\" src=\"https:\/\/www.youtube.com\/embed\/VycGd0XvzHc?feature=oembed\"  allow=\"accelerometer; autoplay; clipboard-write; encrypted-media; gyroscope; picture-in-picture; web-share\" referrerpolicy=\"strict-origin-when-cross-origin\" allowfullscreen><\/iframe><\/p>\n<p><img decoding=\"async\" class=\"aligncenter size-full wp-image-3825\" src=\"https:\/\/www.supersybon.com\/es\/wp-content\/uploads\/2025\/12\/1764918650-S2213-Excellent-high-gloss-effect-Nano-Ceramic-Coating-Spray.jpg\" alt=\"S2213 - Spray de recubrimiento nanocer\u00e1mico con excelente efecto de alto brillo\" width=\"750\" height=\"302\" title=\"\" srcset=\"https:\/\/www.supersybon.com\/es\/wp-content\/uploads\/2025\/12\/1764918650-S2213-Excellent-high-gloss-effect-Nano-Ceramic-Coating-Spray.jpg 750w, https:\/\/www.supersybon.com\/es\/wp-content\/uploads\/2025\/12\/1764918650-S2213-Excellent-high-gloss-effect-Nano-Ceramic-Coating-Spray-480x193.jpg 480w\" sizes=\"(min-width: 0px) and (max-width: 480px) 480px, (min-width: 481px) 750px, 100vw\" \/><\/p>\n<p>&nbsp;<\/p>\n<h2><strong>Recubrimiento nanocer\u00e1mico en aerosol<\/strong><\/h2>\n<p>Caracter\u00edsticas del Producto:<br \/>\nFuertemente hidrof\u00f3bico, alto brillo, alto grado de deslizamiento, antisuciedad, f\u00e1cil de usar, ideal para bricolaje.<\/p>\n<p>Si necesita un recubrimiento nanocer\u00e1mico 9H, haga clic aqu\u00ed.<\/p>\n<p>Para m\u00e1s informaci\u00f3n, visite Facebook, TikTok, Instagram, YouTube.<\/p>\n<p>Eficacia del Producto:<br \/>\nEl recubrimiento nanocer\u00e1mico en aerosol tiene una gran capacidad de reparaci\u00f3n por permeabilidad, penetra r\u00e1pidamente en peque\u00f1os huecos de la superficie de la pintura, rellena los ara\u00f1azos finos y mejora eficazmente el deslizamiento y el brillo. Tras el curado, el pol\u00edmero hidrof\u00f3bico se adhiere firmemente a la superficie de la pintura, formando una capa protectora que le confiere una gran hidrofobicidad, propiedades antipolvo y antiincrustantes, y a\u00edsla el contacto entre la superficie y el exterior.<\/p>\n<p>M\u00e9todo de Operaci\u00f3n:<br \/>\n1. Limpie la superficie de la pintura y s\u00e9quela con una toalla de microfibra.<\/p>\n<p>2. Roc\u00ede el producto uniformemente sobre la superficie de la pintura y s\u00e9quela con una toalla de microfibra limpia.<\/p>\n<div data-id=\"paragraph0\"><img decoding=\"async\" class=\"aligncenter size-full wp-image-3822\" src=\"https:\/\/www.supersybon.com\/es\/wp-content\/uploads\/2025\/12\/1764918633-S2213-Car-Wax-Nano-Spray-Nano-Ceramic-Spray-Coating-Ceramic-Car-Coating-Spray-Wax.jpg\" alt=\"S2213 - Cera para coches en aerosol nanocer\u00e1mico - Recubrimiento en aerosol nanocer\u00e1mico - Cera en aerosol para recubrimiento cer\u00e1mico para coches\" width=\"750\" height=\"750\" title=\"\" srcset=\"https:\/\/www.supersybon.com\/es\/wp-content\/uploads\/2025\/12\/1764918633-S2213-Car-Wax-Nano-Spray-Nano-Ceramic-Spray-Coating-Ceramic-Car-Coating-Spray-Wax.jpg 750w, https:\/\/www.supersybon.com\/es\/wp-content\/uploads\/2025\/12\/1764918633-S2213-Car-Wax-Nano-Spray-Nano-Ceramic-Spray-Coating-Ceramic-Car-Coating-Spray-Wax-480x480.jpg 480w\" sizes=\"(min-width: 0px) and (max-width: 480px) 480px, (min-width: 481px) 750px, 100vw\" \/> <img decoding=\"async\" class=\"aligncenter size-full wp-image-3827\" src=\"https:\/\/www.supersybon.com\/es\/wp-content\/uploads\/2025\/12\/1764918662-S2213-Nano-Ceramic-Coating-Spray-Detailer-Spray-Wax-for-Car-Hydrophobic-Top-Coat-Professional-Grade-Sealant-Polish-for-Cars.jpg\" alt=\"S2213 - Recubrimiento nanocer\u00e1mico en aerosol, cera en aerosol para detalles de autos, capa superior hidrof\u00f3bica, sellador y abrillantador de grado profesional para autos\" width=\"750\" height=\"750\" title=\"\" srcset=\"https:\/\/www.supersybon.com\/es\/wp-content\/uploads\/2025\/12\/1764918662-S2213-Nano-Ceramic-Coating-Spray-Detailer-Spray-Wax-for-Car-Hydrophobic-Top-Coat-Professional-Grade-Sealant-Polish-for-Cars.jpg 750w, https:\/\/www.supersybon.com\/es\/wp-content\/uploads\/2025\/12\/1764918662-S2213-Nano-Ceramic-Coating-Spray-Detailer-Spray-Wax-for-Car-Hydrophobic-Top-Coat-Professional-Grade-Sealant-Polish-for-Cars-480x480.jpg 480w\" sizes=\"(min-width: 0px) and (max-width: 480px) 480px, (min-width: 481px) 750px, 100vw\" \/> <img decoding=\"async\" class=\"aligncenter size-full wp-image-3824\" src=\"https:\/\/www.supersybon.com\/es\/wp-content\/uploads\/2025\/12\/1764918644-S2213-Ceramic-Spray-Coating-Ultra-Hydrophobic-DIY-Ceramic-Nano-Coat-Super-Slick-Finish-Feel-Superior-to-Wax-Polymer-Sealants.jpg\" alt=\"S2213 - Recubrimiento cer\u00e1mico en aerosol ultrahidrof\u00f3bico para bricolaje, nanocapa cer\u00e1mica, acabado y tacto s\u00faper lisos, superior a los selladores de cera y pol\u00edmeros\" width=\"750\" height=\"750\" title=\"\" srcset=\"https:\/\/www.supersybon.com\/es\/wp-content\/uploads\/2025\/12\/1764918644-S2213-Ceramic-Spray-Coating-Ultra-Hydrophobic-DIY-Ceramic-Nano-Coat-Super-Slick-Finish-Feel-Superior-to-Wax-Polymer-Sealants.jpg 750w, https:\/\/www.supersybon.com\/es\/wp-content\/uploads\/2025\/12\/1764918644-S2213-Ceramic-Spray-Coating-Ultra-Hydrophobic-DIY-Ceramic-Nano-Coat-Super-Slick-Finish-Feel-Superior-to-Wax-Polymer-Sealants-480x480.jpg 480w\" sizes=\"(min-width: 0px) and (max-width: 480px) 480px, (min-width: 481px) 750px, 100vw\" \/> <img decoding=\"async\" class=\"aligncenter size-full wp-image-3826\" src=\"https:\/\/www.supersybon.com\/es\/wp-content\/uploads\/2025\/12\/1764918656-S2213-High-Protection-Fast-Car-Ceramic-Coating-Spray-Car-Scratch-Nano-Repair-Spray-Car-Coating-Fast-Wax-Polishing-Spray.jpg\" alt=\"S2213 - Spray de recubrimiento cer\u00e1mico r\u00e1pido de alta protecci\u00f3n para autom\u00f3viles - Spray nanorreparador de ara\u00f1azos - Spray de pulido r\u00e1pido con cera para autom\u00f3viles\" width=\"750\" height=\"750\" title=\"\" srcset=\"https:\/\/www.supersybon.com\/es\/wp-content\/uploads\/2025\/12\/1764918656-S2213-High-Protection-Fast-Car-Ceramic-Coating-Spray-Car-Scratch-Nano-Repair-Spray-Car-Coating-Fast-Wax-Polishing-Spray.jpg 750w, https:\/\/www.supersybon.com\/es\/wp-content\/uploads\/2025\/12\/1764918656-S2213-High-Protection-Fast-Car-Ceramic-Coating-Spray-Car-Scratch-Nano-Repair-Spray-Car-Coating-Fast-Wax-Polishing-Spray-480x480.jpg 480w\" sizes=\"(min-width: 0px) and (max-width: 480px) 480px, (min-width: 481px) 750px, 100vw\" \/><\/div>\n<div data-id=\"paragraph0\"><\/div>\n<p>&nbsp;<\/p>\n<p>&nbsp;<\/p>\n<p>&nbsp;<\/p>\n<p>&nbsp;<\/p>\n<p><strong>Embalaje y servicio de productos<br \/>\n<\/strong><\/p>\n<hr \/>\n<p><strong>PAQUETE :<br \/>\n<\/strong><\/p>\n<p>54 piezas\/cart\u00f3n.<\/p>\n<p>&nbsp;<\/p>\n<p><strong>NUESTRO SERVICIO:<br \/>\n<\/strong><\/p>\n<p>1.24 horas en l\u00ednea<\/p>\n<p>2. Precio competitivo<\/p>\n<p>3. Excelentes comentarios del cliente<\/p>\n<p>4. Pedidos en l\u00ednea seguros<\/p>\n<p>5. Entrega r\u00e1pida<\/p>\n<p>6. Soporte t\u00e9cnico profesional<\/p>\n","protected":false},"excerpt":{"rendered":"<p>Recubrimiento nanocer\u00e1mico en aerosol: Fuerte hidrof\u00f3bico, alto brillo, alto grado de deslizamiento, antisuciedad, f\u00e1cil de operar, adecuado para bricolaje.<\/p>\n","protected":false},"featured_media":3822,"template":"","meta":{"_et_pb_use_builder":"","_et_pb_old_content":"","_et_gb_content_width":""},"product_brand":[],"product_cat":[56,60],"product_tag":[1217],"class_list":{"0":"post-3820","1":"product","2":"type-product","3":"status-publish","4":"has-post-thumbnail","6":"product_cat-serie-de-cuidado-de-automoviles","7":"product_cat-detallado-del-cuidado-del-automovil","8":"product_tag-recubrimiento-nanoceramico-en-aerosol","10":"first","11":"instock","12":"shipping-taxable","13":"product-type-simple"},"_links":{"self":[{"href":"https:\/\/www.supersybon.com\/es\/wp-json\/wp\/v2\/product\/3820","targetHints":{"allow":["GET"]}}],"collection":[{"href":"https:\/\/www.supersybon.com\/es\/wp-json\/wp\/v2\/product"}],"about":[{"href":"https:\/\/www.supersybon.com\/es\/wp-json\/wp\/v2\/types\/product"}],"wp:featuredmedia":[{"embeddable":true,"href":"https:\/\/www.supersybon.com\/es\/wp-json\/wp\/v2\/media\/3822"}],"wp:attachment":[{"href":"https:\/\/www.supersybon.com\/es\/wp-json\/wp\/v2\/media?parent=3820"}],"wp:term":[{"taxonomy":"product_brand","embeddable":true,"href":"https:\/\/www.supersybon.com\/es\/wp-json\/wp\/v2\/product_brand?post=3820"},{"taxonomy":"product_cat","embeddable":true,"href":"https:\/\/www.supersybon.com\/es\/wp-json\/wp\/v2\/product_cat?post=3820"},{"taxonomy":"product_tag","embeddable":true,"href":"https:\/\/www.supersybon.com\/es\/wp-json\/wp\/v2\/product_tag?post=3820"}],"curies":[{"name":"wp","href":"https:\/\/api.w.org\/{rel}","templated":true}]}}