{"id":3811,"date":"2025-12-05T14:46:43","date_gmt":"2025-12-05T06:46:43","guid":{"rendered":"https:\/\/www.supersybon.com\/es\/?post_type=product&#038;p=3811"},"modified":"2025-12-05T14:57:22","modified_gmt":"2025-12-05T06:57:22","slug":"s700a-cera-de-carnauba-avanzada-brillo-brillante-de-larga-duracion-hidrofobicidad-extrema-cera-para-el-cuidado-del-automovil","status":"publish","type":"product","link":"https:\/\/www.supersybon.com\/es\/product\/s700a-cera-de-carnauba-avanzada-brillo-brillante-de-larga-duracion-hidrofobicidad-extrema-cera-para-el-cuidado-del-automovil","title":{"rendered":"S700A Cera de carnauba avanzada, brillo brillante de larga duraci\u00f3n, hidrofobicidad extrema, cera para el cuidado del autom\u00f3vil"},"content":{"rendered":"<p><img decoding=\"async\" class=\"aligncenter size-full wp-image-3815\" src=\"https:\/\/www.supersybon.com\/es\/wp-content\/uploads\/2025\/12\/1764917315-S700A-Mirror-Shine-Carnauba-Palm-Car-Wax-Hydrophobic-Polish-Compounds-Waxing.jpg\" alt=\"S700A - Abrillantador de espejos - Cera de palma de carnauba - Compuestos de pulido hidrof\u00f3bicos - Encerado\" width=\"750\" height=\"302\" title=\"\" srcset=\"https:\/\/www.supersybon.com\/es\/wp-content\/uploads\/2025\/12\/1764917315-S700A-Mirror-Shine-Carnauba-Palm-Car-Wax-Hydrophobic-Polish-Compounds-Waxing.jpg 750w, https:\/\/www.supersybon.com\/es\/wp-content\/uploads\/2025\/12\/1764917315-S700A-Mirror-Shine-Carnauba-Palm-Car-Wax-Hydrophobic-Polish-Compounds-Waxing-480x193.jpg 480w\" sizes=\"(min-width: 0px) and (max-width: 480px) 480px, (min-width: 481px) 750px, 100vw\" \/><\/p>\n<p>&nbsp;<\/p>\n<h2><strong>Cera de Carnauba Avanzada S700A, Brillo Brillante de Larga Duraci\u00f3n, Hidrofobicidad Extrema, Cera para el Cuidado del Auto<\/strong><\/h2>\n<p>Caracter\u00edsticas:<\/p>\n<p>1. Protecci\u00f3n de Alta Calidad: La Cera de Carnauba SYBON es una cera premium que brinda protecci\u00f3n duradera contra los rayos UV, las manchas de agua y otros contaminantes ambientales.<\/p>\n<p>2. Brillo de Sal\u00f3n: Con su f\u00f3rmula avanzada, la Cera de Carnauba SYBON proporciona un brillo intenso que har\u00e1 que su auto luzca como reci\u00e9n salido de la concesionaria.<\/p>\n<p>3. F\u00e1cil de Usar: Esta cera para autos es incre\u00edblemente f\u00e1cil de aplicar y pulir, lo que la convierte en la opci\u00f3n perfecta para los entusiastas de los autos que desean mantener sus veh\u00edculos impecables sin pasar horas detall\u00e1ndolos.<\/p>\n<p>4. Vers\u00e1til: La Cera de Carnauba SYBON es segura para usar en todo tipo de acabados de pintura automotriz, incluyendo barnices, pinturas monocapa y m\u00e1s. Tambi\u00e9n se puede usar en embarcaciones, motocicletas y otros veh\u00edculos.<\/p>\n<p>Nota: Es normal que se produzcan algunas grietas y desmoronamientos en la cera durante el transporte y no afectan la calidad del producto.<\/p>\n<div class=\"magic-13\">\n<div class=\"magic-14\">\n<div class=\"magic-9\">\n<p><img decoding=\"async\" class=\"aligncenter size-full wp-image-3814\" src=\"https:\/\/www.supersybon.com\/es\/wp-content\/uploads\/2025\/12\/1764917309-S700A-High-Gloss-and-UV-Protection-Automobile-Soft-Wax-with-Carnauba-Formula-Wax-for-All-Vehicle.jpg\" alt=\"S700A - Cera suave para autom\u00f3viles de alto brillo y protecci\u00f3n UV con f\u00f3rmula de carnauba para todo tipo de veh\u00edculos\" width=\"800\" height=\"800\" title=\"\" srcset=\"https:\/\/www.supersybon.com\/es\/wp-content\/uploads\/2025\/12\/1764917309-S700A-High-Gloss-and-UV-Protection-Automobile-Soft-Wax-with-Carnauba-Formula-Wax-for-All-Vehicle.jpg 800w, https:\/\/www.supersybon.com\/es\/wp-content\/uploads\/2025\/12\/1764917309-S700A-High-Gloss-and-UV-Protection-Automobile-Soft-Wax-with-Carnauba-Formula-Wax-for-All-Vehicle-480x480.jpg 480w\" sizes=\"(min-width: 0px) and (max-width: 480px) 480px, (min-width: 481px) 800px, 100vw\" \/><img decoding=\"async\" class=\"aligncenter size-full wp-image-3818\" src=\"https:\/\/www.supersybon.com\/es\/wp-content\/uploads\/2025\/12\/1764917335-S700A-Wholesale-Factory-Price-Commercial-S700A-Car-Care-Products-Hydrophobic-Carnauba-Car-Wax-Car-Scratch-Coating-Wax.jpg\" alt=\"S700A - Venta al por mayor - Precio de f\u00e1brica - Comercial - S700A - Productos para el cuidado del autom\u00f3vil - Cera hidrof\u00f3bica de carnauba - Cera para auto - Recubrimiento antirayaduras\" width=\"800\" height=\"800\" title=\"\" srcset=\"https:\/\/www.supersybon.com\/es\/wp-content\/uploads\/2025\/12\/1764917335-S700A-Wholesale-Factory-Price-Commercial-S700A-Car-Care-Products-Hydrophobic-Carnauba-Car-Wax-Car-Scratch-Coating-Wax.jpg 800w, https:\/\/www.supersybon.com\/es\/wp-content\/uploads\/2025\/12\/1764917335-S700A-Wholesale-Factory-Price-Commercial-S700A-Car-Care-Products-Hydrophobic-Carnauba-Car-Wax-Car-Scratch-Coating-Wax-480x480.jpg 480w\" sizes=\"(min-width: 0px) and (max-width: 480px) 480px, (min-width: 481px) 800px, 100vw\" \/><img decoding=\"async\" class=\"aligncenter size-full wp-image-3816\" src=\"https:\/\/www.supersybon.com\/es\/wp-content\/uploads\/2025\/12\/1764917322-S700A-Premium-Quality-Carnauba-Wax-Car-Wax-Long-lasting-protection-Against-UV-Rays-290G.jpg\" alt=\"Cera de carnauba S700A de primera calidad para coche, protecci\u00f3n duradera contra los rayos UV, 290 g\" width=\"800\" height=\"800\" title=\"\" srcset=\"https:\/\/www.supersybon.com\/es\/wp-content\/uploads\/2025\/12\/1764917322-S700A-Premium-Quality-Carnauba-Wax-Car-Wax-Long-lasting-protection-Against-UV-Rays-290G.jpg 800w, https:\/\/www.supersybon.com\/es\/wp-content\/uploads\/2025\/12\/1764917322-S700A-Premium-Quality-Carnauba-Wax-Car-Wax-Long-lasting-protection-Against-UV-Rays-290G-480x480.jpg 480w\" sizes=\"(min-width: 0px) and (max-width: 480px) 480px, (min-width: 481px) 800px, 100vw\" \/> <img decoding=\"async\" class=\"aligncenter size-full wp-image-3813\" src=\"https:\/\/www.supersybon.com\/es\/wp-content\/uploads\/2025\/12\/1764917302-S700A-Car-Polishing-Products-Hydrophobic-Waterproof-Shine-Auto-Care-Car-Wax-Carnauba-Wax-Car-Detailing.jpg\" alt=\"S700A - Productos para pulir autos - Hidrof\u00f3bico - Impermeable - Brillo - Cuidado del auto - Cera para autos - Cera de carnauba - Detallado de autos\" width=\"800\" height=\"800\" title=\"\" srcset=\"https:\/\/www.supersybon.com\/es\/wp-content\/uploads\/2025\/12\/1764917302-S700A-Car-Polishing-Products-Hydrophobic-Waterproof-Shine-Auto-Care-Car-Wax-Carnauba-Wax-Car-Detailing.jpg 800w, https:\/\/www.supersybon.com\/es\/wp-content\/uploads\/2025\/12\/1764917302-S700A-Car-Polishing-Products-Hydrophobic-Waterproof-Shine-Auto-Care-Car-Wax-Carnauba-Wax-Car-Detailing-480x480.jpg 480w\" sizes=\"(min-width: 0px) and (max-width: 480px) 480px, (min-width: 481px) 800px, 100vw\" \/><\/p>\n<div class=\"magic-10\">\n<p>&nbsp;<\/p>\n<div class=\"magic-13\">\n<div class=\"magic-14\">\n<div class=\"magic-9\">\n<div class=\"magic-10\">\n<p>&nbsp;<\/p>\n<p><strong>Embalaje y servicio de productos<br \/>\n<\/strong><\/p>\n<hr \/>\n<p><strong>PAQUETE :<br \/>\n<\/strong><\/p>\n<p>48 piezas\/caja de cart\u00f3n.<\/p>\n<p><img decoding=\"async\" class=\"aligncenter size-full wp-image-3819\" src=\"https:\/\/www.supersybon.com\/es\/wp-content\/uploads\/2025\/12\/1764917342-S700A-Wholesale-High-Quality-Premium-Carnauba-Wax-New-Car-Coating-Care-Auto-Detailing.jpg\" alt=\"S700A - Venta al por mayor - Cera de carnauba premium de alta calidad - Recubrimiento para autos nuevos - Cuidado y detallado automotriz\" width=\"800\" height=\"800\" title=\"\" srcset=\"https:\/\/www.supersybon.com\/es\/wp-content\/uploads\/2025\/12\/1764917342-S700A-Wholesale-High-Quality-Premium-Carnauba-Wax-New-Car-Coating-Care-Auto-Detailing.jpg 800w, https:\/\/www.supersybon.com\/es\/wp-content\/uploads\/2025\/12\/1764917342-S700A-Wholesale-High-Quality-Premium-Carnauba-Wax-New-Car-Coating-Care-Auto-Detailing-480x480.jpg 480w\" sizes=\"(min-width: 0px) and (max-width: 480px) 480px, (min-width: 481px) 800px, 100vw\" \/><\/p>\n<div class=\"magic-13\">\n<div class=\"magic-14\">\n<div class=\"magic-9\">\n<div class=\"magic-10\">\n<p>&nbsp;<\/p>\n<\/div>\n<\/div>\n<\/div>\n<\/div>\n<\/div>\n<\/div>\n<\/div>\n<\/div>\n<div class=\"magic-13\">\n<div class=\"magic-14\">\n<div class=\"magic-13\">\n<div class=\"magic-14\">\n<div data-spm-anchor-id=\"a2700.details.0.i37.625d2e9eLtZffL\">\n<div class=\"magic-13\">\n<div class=\"magic-14\">\n<div data-spm-anchor-id=\"a2700.details.0.i37.625d2e9eLtZffL\">\n<p><strong>NUESTRO SERVICIO:<br \/>\n<\/strong><\/p>\n<p>1.24 horas en l\u00ednea<\/p>\n<p>2. Precio competitivo<\/p>\n<p>3. Excelentes comentarios del cliente<\/p>\n<p>4. Pedidos en l\u00ednea seguros<\/p>\n<p>5. Entrega r\u00e1pida<\/p>\n<p>6. Soporte t\u00e9cnico profesional<\/p>\n<\/div>\n<\/div>\n<\/div>\n<\/div>\n<\/div>\n<\/div>\n<\/div>\n<\/div>\n<\/div>\n<\/div>\n<\/div>\n<\/div>\n","protected":false},"excerpt":{"rendered":"<p>Cera de carnauba avanzada:<br \/>\nProtecci\u00f3n de alta calidad.<br \/>\nBrillo de sala de exposici\u00f3n.<br \/>\nF\u00e1cil de usar.<br \/>\nVers\u00e1til.<\/p>\n","protected":false},"featured_media":3817,"template":"","meta":{"_et_pb_use_builder":"","_et_pb_old_content":"","_et_gb_content_width":""},"product_brand":[],"product_cat":[56,61],"product_tag":[1216],"class_list":{"0":"post-3811","1":"product","2":"type-product","3":"status-publish","4":"has-post-thumbnail","6":"product_cat-serie-de-cuidado-de-automoviles","7":"product_cat-cera-de-carnauba","8":"product_tag-cera-de-carnauba-avanzada","10":"first","11":"instock","12":"shipping-taxable","13":"product-type-simple"},"_links":{"self":[{"href":"https:\/\/www.supersybon.com\/es\/wp-json\/wp\/v2\/product\/3811","targetHints":{"allow":["GET"]}}],"collection":[{"href":"https:\/\/www.supersybon.com\/es\/wp-json\/wp\/v2\/product"}],"about":[{"href":"https:\/\/www.supersybon.com\/es\/wp-json\/wp\/v2\/types\/product"}],"wp:featuredmedia":[{"embeddable":true,"href":"https:\/\/www.supersybon.com\/es\/wp-json\/wp\/v2\/media\/3817"}],"wp:attachment":[{"href":"https:\/\/www.supersybon.com\/es\/wp-json\/wp\/v2\/media?parent=3811"}],"wp:term":[{"taxonomy":"product_brand","embeddable":true,"href":"https:\/\/www.supersybon.com\/es\/wp-json\/wp\/v2\/product_brand?post=3811"},{"taxonomy":"product_cat","embeddable":true,"href":"https:\/\/www.supersybon.com\/es\/wp-json\/wp\/v2\/product_cat?post=3811"},{"taxonomy":"product_tag","embeddable":true,"href":"https:\/\/www.supersybon.com\/es\/wp-json\/wp\/v2\/product_tag?post=3811"}],"curies":[{"name":"wp","href":"https:\/\/api.w.org\/{rel}","templated":true}]}}