{"id":3799,"date":"2025-12-05T14:26:34","date_gmt":"2025-12-05T06:26:34","guid":{"rendered":"https:\/\/www.supersybon.com\/es\/?post_type=product&#038;p=3799"},"modified":"2025-12-05T14:45:15","modified_gmt":"2025-12-05T06:45:15","slug":"s5983-compuesto-para-frotar-en-pasta-05983-1-kg-y-4-kg","status":"publish","type":"product","link":"https:\/\/www.supersybon.com\/es\/product\/s5983-compuesto-para-frotar-en-pasta-05983-1-kg-y-4-kg","title":{"rendered":"S5983 Compuesto para frotar en pasta, 05983, 1 kg y 4 kg"},"content":{"rendered":"<p><iframe title=\"S5983 Paste Rubbing Compound, 05983, 1KG &amp; 4KG\" width=\"1080\" height=\"608\" src=\"https:\/\/www.youtube.com\/embed\/bUipfknnCS0?feature=oembed\"  allow=\"accelerometer; autoplay; clipboard-write; encrypted-media; gyroscope; picture-in-picture; web-share\" referrerpolicy=\"strict-origin-when-cross-origin\" allowfullscreen><\/iframe><\/p>\n<p><img decoding=\"async\" class=\"aligncenter size-full wp-image-3808\" src=\"https:\/\/www.supersybon.com\/es\/wp-content\/uploads\/2025\/12\/1764916102-S5983-Rubbing-Compound-Paste-Buffs-to-High-Gloss-for-Consistently-Professional-Results-1KG-4KG.jpg\" alt=\"S5983 - Pasta de pulido para pulir, brillo intenso y resultados profesionales consistentes (1 kg - 4 kg)\" width=\"750\" height=\"302\" title=\"\" srcset=\"https:\/\/www.supersybon.com\/es\/wp-content\/uploads\/2025\/12\/1764916102-S5983-Rubbing-Compound-Paste-Buffs-to-High-Gloss-for-Consistently-Professional-Results-1KG-4KG.jpg 750w, https:\/\/www.supersybon.com\/es\/wp-content\/uploads\/2025\/12\/1764916102-S5983-Rubbing-Compound-Paste-Buffs-to-High-Gloss-for-Consistently-Professional-Results-1KG-4KG-480x193.jpg 480w\" sizes=\"(min-width: 0px) and (max-width: 480px) 480px, (min-width: 481px) 750px, 100vw\" \/><\/p>\n<p>&nbsp;<\/p>\n<h2><strong>S5983 Compuesto para frotar en pasta:<\/strong><\/h2>\n<p>El compuesto pulidor en pasta SYBON est\u00e1 especialmente dise\u00f1ado para eliminar rayones finos de lijado de grano 1200, 1500 y 2000 en una amplia gama de pinturas automotrices, incluyendo la capa transparente. Este compuesto para reparaci\u00f3n de colisiones a\u00f1ade una opci\u00f3n de corte r\u00e1pido al sistema completo de acabado de pintura SYBON, creado para colores m\u00e1s intensos y acabados m\u00e1s brillantes. \u00daselo con una almohadilla de pulido de lana o espuma.<\/p>\n<p><strong>Ventajas del compuesto pulidor SYBON:<\/strong><br \/>\n1. Compuesto en pasta especialmente dise\u00f1ado para eliminar rayones finos de lijado.<br \/>\n2. Su capacidad de corte media es adecuada para pintura y capa transparente.<br \/>\n3. Produce m\u00ednimas marcas de remolino, lo que reduce el trabajo de acabado.<br \/>\n4. Pule a alto brillo para obtener resultados profesionales uniformes.<br \/>\n5. Ampl\u00eda la gama de aplicaciones del sistema de acabado de pintura SYBON.<\/p>\n<p>Como parte del sistema de acabado de pintura SYBON, el compuesto pulidor en pasta SYBON est\u00e1 dise\u00f1ado para eliminar rayones finos que quedan durante el proceso de lijado de color con m\u00ednimas marcas de remolino. Esta pasta de corte r\u00e1pido se aplica f\u00e1cilmente con una pulidora y una almohadilla de pulido SYBON. Esta pasta de pulido elimina rayones de lija de grano 1200, 1500 y 2000 en lacas transparentes de autom\u00f3viles para un acabado profesional de alto brillo. Para un corte m\u00e1s r\u00e1pido, utilice una almohadilla de lana como la Almohadilla de Pulido de Lana SYBON. Para un acabado m\u00e1s fino, utilice una almohadilla de espuma como la Almohadilla de Pulido de Espuma SYBON.<\/p>\n<div data-id=\"paragraph0\"><img decoding=\"async\" class=\"aligncenter size-full wp-image-3805\" src=\"https:\/\/www.supersybon.com\/es\/wp-content\/uploads\/2025\/12\/1764916085-S5983-Paste-Rubbing-Compound-Compuesto-Pulidor-En-Pasta-Swiftly-Removes-Sand-Scratches-and-Surface-Defects-Fast-Cutting-Compound-05983.jpg\" alt=\"S5983 - Compuesto para pulir en pasta. Elimina r\u00e1pidamente ara\u00f1azos de arena y defectos superficiales. Compuesto de corte r\u00e1pido. 05983\" width=\"800\" height=\"800\" title=\"\" srcset=\"https:\/\/www.supersybon.com\/es\/wp-content\/uploads\/2025\/12\/1764916085-S5983-Paste-Rubbing-Compound-Compuesto-Pulidor-En-Pasta-Swiftly-Removes-Sand-Scratches-and-Surface-Defects-Fast-Cutting-Compound-05983.jpg 800w, https:\/\/www.supersybon.com\/es\/wp-content\/uploads\/2025\/12\/1764916085-S5983-Paste-Rubbing-Compound-Compuesto-Pulidor-En-Pasta-Swiftly-Removes-Sand-Scratches-and-Surface-Defects-Fast-Cutting-Compound-05983-480x480.jpg 480w\" sizes=\"(min-width: 0px) and (max-width: 480px) 480px, (min-width: 481px) 800px, 100vw\" \/> <img decoding=\"async\" class=\"aligncenter size-full wp-image-3802\" src=\"https:\/\/www.supersybon.com\/es\/wp-content\/uploads\/2025\/12\/1764916070-S5983-High-Performance-Polish-Paste-Compound-1KG-4KG-Fast-Cutting-and-High-Gloss-Finish-Car-Polish-Rubbing-Compound-05983.jpg\" alt=\"S5983 - Pasta de pulido de alto rendimiento (1 kg y 4 kg) - Corte r\u00e1pido y acabado brillante - Pulido de autom\u00f3viles - 05983\" width=\"800\" height=\"800\" title=\"\" srcset=\"https:\/\/www.supersybon.com\/es\/wp-content\/uploads\/2025\/12\/1764916070-S5983-High-Performance-Polish-Paste-Compound-1KG-4KG-Fast-Cutting-and-High-Gloss-Finish-Car-Polish-Rubbing-Compound-05983.jpg 800w, https:\/\/www.supersybon.com\/es\/wp-content\/uploads\/2025\/12\/1764916070-S5983-High-Performance-Polish-Paste-Compound-1KG-4KG-Fast-Cutting-and-High-Gloss-Finish-Car-Polish-Rubbing-Compound-05983-480x480.jpg 480w\" sizes=\"(min-width: 0px) and (max-width: 480px) 480px, (min-width: 481px) 800px, 100vw\" \/> <img decoding=\"async\" class=\"aligncenter size-full wp-image-3801\" src=\"https:\/\/www.supersybon.com\/es\/wp-content\/uploads\/2025\/12\/1764916064-S5983-Factory-Wholesale-Fast-Cut-Medium-Polishing-Compound-Fine-Abrasive-Polish-Rubbing-Compound-Paste-1KG-05983.jpg\" alt=\"S5983 - Pasta abrasiva fina para pulido de corte r\u00e1pido, mediana, venta al por mayor, 1 kg, 05983\" width=\"800\" height=\"800\" title=\"\" srcset=\"https:\/\/www.supersybon.com\/es\/wp-content\/uploads\/2025\/12\/1764916064-S5983-Factory-Wholesale-Fast-Cut-Medium-Polishing-Compound-Fine-Abrasive-Polish-Rubbing-Compound-Paste-1KG-05983.jpg 800w, https:\/\/www.supersybon.com\/es\/wp-content\/uploads\/2025\/12\/1764916064-S5983-Factory-Wholesale-Fast-Cut-Medium-Polishing-Compound-Fine-Abrasive-Polish-Rubbing-Compound-Paste-1KG-05983-480x480.jpg 480w\" sizes=\"(min-width: 0px) and (max-width: 480px) 480px, (min-width: 481px) 800px, 100vw\" \/> <img decoding=\"async\" class=\"aligncenter size-full wp-image-3800\" src=\"https:\/\/www.supersybon.com\/es\/wp-content\/uploads\/2025\/12\/1764916059-S5983-Compounds-Polishes-Glazes-for-Collision-Repair-Car-Care-Detailing-S5983.jpg\" alt=\"S5983 - Compuestos, pulimentos y esmaltes para reparaci\u00f3n de colisiones, cuidado y detallado de veh\u00edculos\" width=\"800\" height=\"800\" title=\"\" srcset=\"https:\/\/www.supersybon.com\/es\/wp-content\/uploads\/2025\/12\/1764916059-S5983-Compounds-Polishes-Glazes-for-Collision-Repair-Car-Care-Detailing-S5983.jpg 800w, https:\/\/www.supersybon.com\/es\/wp-content\/uploads\/2025\/12\/1764916059-S5983-Compounds-Polishes-Glazes-for-Collision-Repair-Car-Care-Detailing-S5983-480x480.jpg 480w\" sizes=\"(min-width: 0px) and (max-width: 480px) 480px, (min-width: 481px) 800px, 100vw\" \/><\/div>\n<div class=\"magic-13\">\n<div class=\"magic-14\">\n<div class=\"magic-9\">\n<p>&nbsp;<\/p>\n<div class=\"magic-10\">\n<div class=\"magic-13\">\n<div class=\"magic-14\">\n<div class=\"magic-9\">\n<div class=\"magic-10\">\n<p><strong>Embalaje y servicio de productos<br \/>\n<\/strong><\/p>\n<hr \/>\n<p><strong>PAQUETE :<br \/>\n<\/strong><\/p>\n<p>4KG: 4 piezas\/caja de papel.<\/p>\n<p>&nbsp;<\/p>\n<div class=\"magic-13\">\n<div class=\"magic-14\">\n<div class=\"magic-9\">\n<div class=\"magic-10\">\n<p>&nbsp;<\/p>\n<\/div>\n<\/div>\n<\/div>\n<\/div>\n<\/div>\n<\/div>\n<\/div>\n<\/div>\n<div class=\"magic-13\">\n<div class=\"magic-14\">\n<div class=\"magic-13\">\n<div class=\"magic-14\">\n<div data-spm-anchor-id=\"a2700.details.0.i37.625d2e9eLtZffL\">\n<div class=\"magic-13\">\n<div class=\"magic-14\">\n<div data-spm-anchor-id=\"a2700.details.0.i37.625d2e9eLtZffL\">\n<p><strong>NUESTRO SERVICIO:<br \/>\n<\/strong><\/p>\n<p>1,24 horas en l\u00ednea<\/p>\n<p>2. Precio competitivo<\/p>\n<p>3. Excelentes comentarios del cliente<\/p>\n<p>4. Pedidos en l\u00ednea seguros<\/p>\n<p>5. Entrega r\u00e1pida<\/p>\n<p>6. Soporte t\u00e9cnico profesional<\/p>\n<\/div>\n<\/div>\n<\/div>\n<\/div>\n<\/div>\n<\/div>\n<\/div>\n<\/div>\n<\/div>\n<\/div>\n<\/div>\n<\/div>\n","protected":false},"excerpt":{"rendered":"<p>S5983 Compuesto para frotar en pasta:<br \/>\n1. Compuesto en pasta especialmente dise\u00f1ado para eliminar rayones de lijado de grano fino.<br \/>\n2. Su capacidad de corte media es adecuada para pintura y barniz.<br \/>\n3. Produce m\u00ednimas marcas de remolino, lo que reduce el trabajo de acabado.<br \/>\n4. Pule hasta un alto brillo para obtener resultados profesionales uniformes.<br \/>\n5. Ampl\u00eda la gama de productos del sistema de acabado de pintura SYBON.<\/p>\n","protected":false},"featured_media":3805,"template":"","meta":{"_et_pb_use_builder":"","_et_pb_old_content":"","_et_gb_content_width":""},"product_brand":[],"product_cat":[56,62],"product_tag":[1215],"class_list":{"0":"post-3799","1":"product","2":"type-product","3":"status-publish","4":"has-post-thumbnail","6":"product_cat-serie-de-cuidado-de-automoviles","7":"product_cat-compuesto-polaco","8":"product_tag-s5983-compuesto-para-frotar-en-pasta","10":"first","11":"instock","12":"shipping-taxable","13":"product-type-simple"},"_links":{"self":[{"href":"https:\/\/www.supersybon.com\/es\/wp-json\/wp\/v2\/product\/3799","targetHints":{"allow":["GET"]}}],"collection":[{"href":"https:\/\/www.supersybon.com\/es\/wp-json\/wp\/v2\/product"}],"about":[{"href":"https:\/\/www.supersybon.com\/es\/wp-json\/wp\/v2\/types\/product"}],"wp:featuredmedia":[{"embeddable":true,"href":"https:\/\/www.supersybon.com\/es\/wp-json\/wp\/v2\/media\/3805"}],"wp:attachment":[{"href":"https:\/\/www.supersybon.com\/es\/wp-json\/wp\/v2\/media?parent=3799"}],"wp:term":[{"taxonomy":"product_brand","embeddable":true,"href":"https:\/\/www.supersybon.com\/es\/wp-json\/wp\/v2\/product_brand?post=3799"},{"taxonomy":"product_cat","embeddable":true,"href":"https:\/\/www.supersybon.com\/es\/wp-json\/wp\/v2\/product_cat?post=3799"},{"taxonomy":"product_tag","embeddable":true,"href":"https:\/\/www.supersybon.com\/es\/wp-json\/wp\/v2\/product_tag?post=3799"}],"curies":[{"name":"wp","href":"https:\/\/api.w.org\/{rel}","templated":true}]}}