{"id":3792,"date":"2025-12-05T14:17:24","date_gmt":"2025-12-05T06:17:24","guid":{"rendered":"https:\/\/www.supersybon.com\/es\/?post_type=product&#038;p=3792"},"modified":"2025-12-05T14:25:52","modified_gmt":"2025-12-05T06:25:52","slug":"s2215-eliminador-de-rayones-y-remolinos-pulidor-de-autos-cuidado-de-pintura-eliminador-de-rayones-de-autos-crema-reparadora-eliminador-de-rayones-y-remolinos","status":"publish","type":"product","link":"https:\/\/www.supersybon.com\/es\/product\/s2215-eliminador-de-rayones-y-remolinos-pulidor-de-autos-cuidado-de-pintura-eliminador-de-rayones-de-autos-crema-reparadora-eliminador-de-rayones-y-remolinos","title":{"rendered":"S2215 Eliminador de rayones y remolinos Pulidor de autos Cuidado de pintura Eliminador de rayones de autos Crema reparadora Eliminador de rayones y remolinos"},"content":{"rendered":"<p><iframe title=\"Car Scratch &amp; Swirl Remover\" width=\"1080\" height=\"608\" src=\"https:\/\/www.youtube.com\/embed\/BA8zXDl1FQo?feature=oembed\"  allow=\"accelerometer; autoplay; clipboard-write; encrypted-media; gyroscope; picture-in-picture; web-share\" referrerpolicy=\"strict-origin-when-cross-origin\" allowfullscreen><\/iframe><\/p>\n<p><img decoding=\"async\" class=\"aligncenter size-full wp-image-3794\" src=\"https:\/\/www.supersybon.com\/es\/wp-content\/uploads\/2025\/12\/1764915573-S2215-Car-Scratch-Repair-Tool-Swirl-Remover-120ml-Auto-Scratches-paint-Repair-Polishing-Wax-Anti-Scratch-Car-Accessories.jpg\" alt=\"S2215 - Herramienta para reparar ara\u00f1azos de coche - Eliminador de remolinos - 120 ml - Cera pulidora para reparaci\u00f3n de ara\u00f1azos de coche - Accesorios para coche\" width=\"750\" height=\"302\" title=\"\" srcset=\"https:\/\/www.supersybon.com\/es\/wp-content\/uploads\/2025\/12\/1764915573-S2215-Car-Scratch-Repair-Tool-Swirl-Remover-120ml-Auto-Scratches-paint-Repair-Polishing-Wax-Anti-Scratch-Car-Accessories.jpg 750w, https:\/\/www.supersybon.com\/es\/wp-content\/uploads\/2025\/12\/1764915573-S2215-Car-Scratch-Repair-Tool-Swirl-Remover-120ml-Auto-Scratches-paint-Repair-Polishing-Wax-Anti-Scratch-Car-Accessories-480x193.jpg 480w\" sizes=\"(min-width: 0px) and (max-width: 480px) 480px, (min-width: 481px) 750px, 100vw\" \/><\/p>\n<p>&nbsp;<\/p>\n<h2><strong>Eliminador de Rayones y Remolinos<\/strong><\/h2>\n<p><strong>Presentaci\u00f3n del Producto:<\/strong><br \/>\nEl eliminador de rayones est\u00e1 formulado espec\u00edficamente para aviaci\u00f3n con una mezcla de abrasivos de microal\u00famina que proporciona lubricaci\u00f3n y pulido adecuados. Dise\u00f1ado para un uso sencillo en un solo paso, funciona perfectamente a mano con un aplicador de pulido manual. Elimina r\u00e1pida y eficazmente rayones, remolinos y otros defectos, restaurando la pintura de su auto a un brillo de espejo con reflejos profundos. \u00a1Pulir\u00e1 la pintura de su auto con un brillo excepcional como un profesional! Sin rellenos ni ceras, su f\u00f3rmula innovadora es segura para todo tipo y color de pintura, logrando un acabado liso, brillante y sin rayones en la superficie del auto.<\/p>\n<p>Si necesita eliminar rayones profundos en su auto, haga clic aqu\u00ed.<\/p>\n<p>Para m\u00e1s informaci\u00f3n, visite Facebook, TikTok, Instagram, YouTube.<\/p>\n<p><strong>Instrucciones:<\/strong><br \/>\n1. Aplique dos gotas de Eliminador de Rayones del tama\u00f1o de un guisante en un aplicador de pulido manual.<\/p>\n<p>2. Aplique una capa fina de producto sobre la pintura del coche con movimientos circulares firmes, extendi\u00e9ndola cuidadosamente hasta obtener una consistencia uniforme.<\/p>\n<p>3. Pula suavemente los residuos con un pa\u00f1o de microfibra limpio hasta que la superficie quede transparente.<\/p>\n<p>4. Repita el proceso en cada panel hasta que los ara\u00f1azos y las marcas desaparezcan por completo.<\/p>\n<div data-id=\"paragraph0\"><img decoding=\"async\" class=\"aligncenter size-full wp-image-3795\" src=\"https:\/\/www.supersybon.com\/es\/wp-content\/uploads\/2025\/12\/1764915578-S2215-Car-Scratch-Swirl-Remover-Hand-Correction-System-Remove-Restore-Paint.jpg\" alt=\"S2215 - Eliminador de rayones y remolinos para auto - Sistema de correcci\u00f3n manual - Elimina y restaura pintura\" width=\"750\" height=\"750\" title=\"\" srcset=\"https:\/\/www.supersybon.com\/es\/wp-content\/uploads\/2025\/12\/1764915578-S2215-Car-Scratch-Swirl-Remover-Hand-Correction-System-Remove-Restore-Paint.jpg 750w, https:\/\/www.supersybon.com\/es\/wp-content\/uploads\/2025\/12\/1764915578-S2215-Car-Scratch-Swirl-Remover-Hand-Correction-System-Remove-Restore-Paint-480x480.jpg 480w\" sizes=\"(min-width: 0px) and (max-width: 480px) 480px, (min-width: 481px) 750px, 100vw\" \/> <img decoding=\"async\" class=\"aligncenter size-full wp-image-3797\" src=\"https:\/\/www.supersybon.com\/es\/wp-content\/uploads\/2025\/12\/1764915589-S2215-Ultimate-cut-polish-wax-scratch-swirl-remover-auto-one-step-paint-repair-wax-compound.jpg\" alt=\"S2215 - Cera de pulido de corte definitivo, removedor de rayones y remolinos, compuesto de cera para reparaci\u00f3n de pintura en un solo paso para autom\u00f3viles\" width=\"750\" height=\"750\" title=\"\" srcset=\"https:\/\/www.supersybon.com\/es\/wp-content\/uploads\/2025\/12\/1764915589-S2215-Ultimate-cut-polish-wax-scratch-swirl-remover-auto-one-step-paint-repair-wax-compound.jpg 750w, https:\/\/www.supersybon.com\/es\/wp-content\/uploads\/2025\/12\/1764915589-S2215-Ultimate-cut-polish-wax-scratch-swirl-remover-auto-one-step-paint-repair-wax-compound-480x480.jpg 480w\" sizes=\"(min-width: 0px) and (max-width: 480px) 480px, (min-width: 481px) 750px, 100vw\" \/><\/div>\n<div data-id=\"paragraph0\"><\/div>\n<p>&nbsp;<\/p>\n<div class=\"magic-13\">\n<div class=\"magic-14\">\n<div class=\"magic-9\">\n<p>&nbsp;<\/p>\n<div class=\"magic-10\">\n<div class=\"magic-13\">\n<div class=\"magic-14\">\n<div class=\"magic-9\">\n<div class=\"magic-10\">\n<p><strong>Embalaje y servicio de productos<br \/>\n<\/strong><\/p>\n<hr \/>\n<p><strong>PAQUETE :<br \/>\n<\/strong><\/p>\n<p>168 piezas\/cart\u00f3n.<\/p>\n<p>&nbsp;<\/p>\n<div class=\"magic-13\">\n<div class=\"magic-14\">\n<div class=\"magic-9\">\n<div class=\"magic-10\">\n<p>&nbsp;<\/p>\n<\/div>\n<\/div>\n<\/div>\n<\/div>\n<\/div>\n<\/div>\n<\/div>\n<\/div>\n<div class=\"magic-13\">\n<div class=\"magic-14\">\n<div class=\"magic-13\">\n<div class=\"magic-14\">\n<div data-spm-anchor-id=\"a2700.details.0.i37.625d2e9eLtZffL\">\n<div class=\"magic-13\">\n<div class=\"magic-14\">\n<div data-spm-anchor-id=\"a2700.details.0.i37.625d2e9eLtZffL\">\n<p><strong>NUESTRO SERVICIO:<br \/>\n<\/strong><\/p>\n<p>1,24 horas en l\u00ednea<\/p>\n<p>2. Precio competitivo<\/p>\n<p>3. Excelentes comentarios del cliente<\/p>\n<p>4. Pedidos en l\u00ednea seguros<\/p>\n<p>5. Entrega r\u00e1pida<\/p>\n<p>6. Soporte t\u00e9cnico profesional<\/p>\n<\/div>\n<\/div>\n<\/div>\n<\/div>\n<\/div>\n<\/div>\n<\/div>\n<\/div>\n<\/div>\n<\/div>\n<\/div>\n<\/div>\n<div class=\"magic-13\">\n<div class=\"magic-14\">\n<p>&nbsp;<\/p>\n<div class=\"magic-13\">\n<div class=\"magic-14\">\n<div class=\"magic-9\">\n<div class=\"magic-10\">\n<div class=\"magic-13\">\n<div class=\"magic-14\">\n<div data-spm-anchor-id=\"a2700.details.0.i37.625d2e9eLtZffL\">\n<div class=\"magic-13\">\n<div class=\"magic-14\">\n<div class=\"magic-13\">\n<div class=\"magic-14\">\n<p>&nbsp;<\/p>\n<\/div>\n<\/div>\n<\/div>\n<\/div>\n<\/div>\n<\/div>\n<\/div>\n<\/div>\n<\/div>\n<\/div>\n<\/div>\n<div class=\"magic-13\">\n<div class=\"magic-14\">\n<p><strong>Perfil de la empresa<br \/>\n<\/strong><\/p>\n<hr \/>\n<p>&nbsp;<\/p>\n<\/div>\n<\/div>\n<p><img decoding=\"async\" class=\"aligncenter size-full wp-image-324\" src=\"https:\/\/www.supersybon.com\/es\/wp-content\/uploads\/2022\/09\/1663401769-Car-Paint-Supplier-Company-Profile-Manufacturer-China.jpg\" alt=\"\" width=\"900\" height=\"958\" title=\"\" srcset=\"https:\/\/www.supersybon.com\/es\/wp-content\/uploads\/2022\/09\/1663401769-Car-Paint-Supplier-Company-Profile-Manufacturer-China.jpg 900w, https:\/\/www.supersybon.com\/es\/wp-content\/uploads\/2022\/09\/1663401769-Car-Paint-Supplier-Company-Profile-Manufacturer-China-480x511.jpg 480w\" sizes=\"(min-width: 0px) and (max-width: 480px) 480px, (min-width: 481px) 900px, 100vw\" \/><\/p>\n<div class=\"magic-13\">\n<div class=\"magic-14\">\n<p><strong>Preguntas m\u00e1s frecuentes<\/strong><\/p>\n<hr \/>\n<\/div>\n<\/div>\n<p>P: \u00bfCu\u00e1l es su MOQ?<\/p>\n<p>R: Nuestro pedido m\u00ednimo es de 1 caja de cart\u00f3n.<\/p>\n<p>P: \u00bfQu\u00e9 hay de su pago?<\/p>\n<p>R: dep\u00f3sito del 50% por adelantado, saldo del 50% por T\/T, L\/C, paypal, Western Union o antes del env\u00edo.<\/p>\n<p>P: \u00bfProporcionan muestras?<\/p>\n<p>R: S\u00ed, puede comprar una muestra para probarla.<\/p>\n<p>P: \u00bfQu\u00e9 hay de su tiempo de entrega?<\/p>\n<p>R: generalmente 15 d\u00edas despu\u00e9s de recibir su dep\u00f3sito.<\/p>\n<\/div>\n<\/div>\n","protected":false},"excerpt":{"rendered":"<p>Eliminador de rayones<br \/>\n\u00b7Restaura el brillo de la pintura automotriz.<br \/>\n\u00b7Produce una apariencia deslumbrante que casi parece mojada.<br \/>\n\u00b7Proporciona un acabado profundo que restaura la apariencia OEM de un veh\u00edculo.<\/p>\n","protected":false},"featured_media":3798,"template":"","meta":{"_et_pb_use_builder":"","_et_pb_old_content":"","_et_gb_content_width":""},"product_brand":[],"product_cat":[56,62],"product_tag":[1214],"class_list":{"0":"post-3792","1":"product","2":"type-product","3":"status-publish","4":"has-post-thumbnail","6":"product_cat-serie-de-cuidado-de-automoviles","7":"product_cat-compuesto-polaco","8":"product_tag-eliminador-de-rayones","10":"first","11":"instock","12":"shipping-taxable","13":"product-type-simple"},"_links":{"self":[{"href":"https:\/\/www.supersybon.com\/es\/wp-json\/wp\/v2\/product\/3792","targetHints":{"allow":["GET"]}}],"collection":[{"href":"https:\/\/www.supersybon.com\/es\/wp-json\/wp\/v2\/product"}],"about":[{"href":"https:\/\/www.supersybon.com\/es\/wp-json\/wp\/v2\/types\/product"}],"wp:featuredmedia":[{"embeddable":true,"href":"https:\/\/www.supersybon.com\/es\/wp-json\/wp\/v2\/media\/3798"}],"wp:attachment":[{"href":"https:\/\/www.supersybon.com\/es\/wp-json\/wp\/v2\/media?parent=3792"}],"wp:term":[{"taxonomy":"product_brand","embeddable":true,"href":"https:\/\/www.supersybon.com\/es\/wp-json\/wp\/v2\/product_brand?post=3792"},{"taxonomy":"product_cat","embeddable":true,"href":"https:\/\/www.supersybon.com\/es\/wp-json\/wp\/v2\/product_cat?post=3792"},{"taxonomy":"product_tag","embeddable":true,"href":"https:\/\/www.supersybon.com\/es\/wp-json\/wp\/v2\/product_tag?post=3792"}],"curies":[{"name":"wp","href":"https:\/\/api.w.org\/{rel}","templated":true}]}}