{"id":3784,"date":"2025-12-05T14:00:09","date_gmt":"2025-12-05T06:00:09","guid":{"rendered":"https:\/\/www.supersybon.com\/es\/?post_type=product&#038;p=3784"},"modified":"2025-12-05T14:09:07","modified_gmt":"2025-12-05T06:09:07","slug":"pl122-pulidora-de-doble-accion-para-coche-kit-de-pulidora-aleatoria-con-6-velocidades-variables-de-2000-a-5200-rpm","status":"publish","type":"product","link":"https:\/\/www.supersybon.com\/es\/product\/pl122-pulidora-de-doble-accion-para-coche-kit-de-pulidora-aleatoria-con-6-velocidades-variables-de-2000-a-5200-rpm","title":{"rendered":"PL122 Pulidora de doble acci\u00f3n para coche, kit de pulidora aleatoria con 6 velocidades variables de 2000 a 5200 rpm"},"content":{"rendered":"<p><iframe title=\"Car Buffer Polisher Dual Action Polisher Random Buffer Polisher with 6 Variable Speed 2000-5200 rpm\" width=\"1080\" height=\"608\" src=\"https:\/\/www.youtube.com\/embed\/2y1hvoNPHEQ?feature=oembed\"  allow=\"accelerometer; autoplay; clipboard-write; encrypted-media; gyroscope; picture-in-picture; web-share\" referrerpolicy=\"strict-origin-when-cross-origin\" allowfullscreen><\/iframe><\/p>\n<p><img decoding=\"async\" class=\"aligncenter size-full wp-image-3785\" src=\"https:\/\/www.supersybon.com\/es\/wp-content\/uploads\/2025\/12\/1764914502-PL122-900W-Dual-Action-Polisher-6-Variable-Speed-Car-Polisher-Kit-for-Waxing-Buffering-Polishing.jpg\" alt=\"Pulidora de doble acci\u00f3n PL122 de 900 W con 6 velocidades variables para encerar, pulir y abrillantar veh\u00edculos\" width=\"750\" height=\"302\" title=\"\" srcset=\"https:\/\/www.supersybon.com\/es\/wp-content\/uploads\/2025\/12\/1764914502-PL122-900W-Dual-Action-Polisher-6-Variable-Speed-Car-Polisher-Kit-for-Waxing-Buffering-Polishing.jpg 750w, https:\/\/www.supersybon.com\/es\/wp-content\/uploads\/2025\/12\/1764914502-PL122-900W-Dual-Action-Polisher-6-Variable-Speed-Car-Polisher-Kit-for-Waxing-Buffering-Polishing-480x193.jpg 480w\" sizes=\"(min-width: 0px) and (max-width: 480px) 480px, (min-width: 481px) 750px, 100vw\" \/><\/p>\n<div class=\"magic-13\">\n<div class=\"magic-14\">\n<div class=\"magic-9\">\n<div class=\"magic-10\">\n<p>&nbsp;<\/p>\n<\/div>\n<\/div>\n<\/div>\n<\/div>\n<div class=\"magic-13\">\n<div class=\"magic-14\">\n<p>&nbsp;<\/p>\n<h2><strong>Acerca de la pulidora de doble acci\u00f3n SYBON<\/strong><\/h2>\n<p>1. Potente motor de 900 W, con potencia de hasta 1350 W. Elimina defectos con mayor rapidez y eficacia.<br \/>\n2. Buen equilibrio, velocidad de rotaci\u00f3n estable sin carga, sin sensaci\u00f3n de parada.<br \/>\n3. Sistema electr\u00f3nico de velocidad constante de 6 velocidades. 1-6 velocidades ajustables para seleccionar la marcha adecuada. Mejora la eficiencia del trabajo seg\u00fan las diferentes situaciones.<br \/>\n4. Pule y elimina rayones, ara\u00f1azos y defectos en todo tipo de veh\u00edculos pintados.<br \/>\n5. Tecnolog\u00eda CNC de alta precisi\u00f3n. Sistema de eliminaci\u00f3n de vibraciones para un pulido m\u00e1s suave.<br \/>\n6. Arranque suave y sistema de velocidad constante.<br \/>\n7. Regulaci\u00f3n continua de la velocidad.<br \/>\n8. Funci\u00f3n de protecci\u00f3n contra apagado.<\/p>\n<\/div>\n<\/div>\n<div class=\"magic-13\">\n<div class=\"magic-14\">\n<div class=\"magic-9\">\n<div class=\"magic-10\">\n<p><img decoding=\"async\" class=\"aligncenter size-full wp-image-3789\" src=\"https:\/\/www.supersybon.com\/es\/wp-content\/uploads\/2025\/12\/1764914523-PL122-Car-Buffer-Polisher-Dual-Action-Polisher-Random-Buffer-Polisher-kit-with-6-Variable-Speed-2000-5200-rpm.jpg\" alt=\"PL122 - Pulidora de doble acci\u00f3n para autom\u00f3viles - Kit de pulidora aleatoria con 6 velocidades variables - 2000-5200 rpm\" width=\"750\" height=\"750\" title=\"\" srcset=\"https:\/\/www.supersybon.com\/es\/wp-content\/uploads\/2025\/12\/1764914523-PL122-Car-Buffer-Polisher-Dual-Action-Polisher-Random-Buffer-Polisher-kit-with-6-Variable-Speed-2000-5200-rpm.jpg 750w, https:\/\/www.supersybon.com\/es\/wp-content\/uploads\/2025\/12\/1764914523-PL122-Car-Buffer-Polisher-Dual-Action-Polisher-Random-Buffer-Polisher-kit-with-6-Variable-Speed-2000-5200-rpm-480x480.jpg 480w\" sizes=\"(min-width: 0px) and (max-width: 480px) 480px, (min-width: 481px) 750px, 100vw\" \/> <img decoding=\"async\" class=\"aligncenter size-full wp-image-3788\" src=\"https:\/\/www.supersybon.com\/es\/wp-content\/uploads\/2025\/12\/1764914518-PL122-Buffer-Polisher-5-Inch-Dual-Action-Polisher-for-Car-Detailing-6-Variable-Speed-2000-5200RPM-Random-Orbital-Polisher-Waxer-Kit.jpg\" alt=\"Pulidora-Brilladora PL122 de 5 pulgadas y doble acci\u00f3n para detallado de veh\u00edculos, 6 velocidades variables, 2000-5200 RPM, kit de pulidora orbital aleatoria y enceradora\" width=\"750\" height=\"750\" title=\"\" srcset=\"https:\/\/www.supersybon.com\/es\/wp-content\/uploads\/2025\/12\/1764914518-PL122-Buffer-Polisher-5-Inch-Dual-Action-Polisher-for-Car-Detailing-6-Variable-Speed-2000-5200RPM-Random-Orbital-Polisher-Waxer-Kit.jpg 750w, https:\/\/www.supersybon.com\/es\/wp-content\/uploads\/2025\/12\/1764914518-PL122-Buffer-Polisher-5-Inch-Dual-Action-Polisher-for-Car-Detailing-6-Variable-Speed-2000-5200RPM-Random-Orbital-Polisher-Waxer-Kit-480x480.jpg 480w\" sizes=\"(min-width: 0px) and (max-width: 480px) 480px, (min-width: 481px) 750px, 100vw\" \/> <img decoding=\"async\" class=\"aligncenter size-full wp-image-3787\" src=\"https:\/\/www.supersybon.com\/es\/wp-content\/uploads\/2025\/12\/1764914513-PL122-Buffer-Polisher-5-inch-Dual-ActionDA-Polisher-for-Car-Detailing-Random-Orbital-Car-Buffer-Polisher-Waxer-Kit.jpg\" alt=\"Pulidora-Bordado PL122 de 5 pulgadas, doble acci\u00f3n, DA para detallado de veh\u00edculos, kit de pulidora-bordado-orbital aleatoria y enceradora\" width=\"750\" height=\"750\" title=\"\" srcset=\"https:\/\/www.supersybon.com\/es\/wp-content\/uploads\/2025\/12\/1764914513-PL122-Buffer-Polisher-5-inch-Dual-ActionDA-Polisher-for-Car-Detailing-Random-Orbital-Car-Buffer-Polisher-Waxer-Kit.jpg 750w, https:\/\/www.supersybon.com\/es\/wp-content\/uploads\/2025\/12\/1764914513-PL122-Buffer-Polisher-5-inch-Dual-ActionDA-Polisher-for-Car-Detailing-Random-Orbital-Car-Buffer-Polisher-Waxer-Kit-480x480.jpg 480w\" sizes=\"(min-width: 0px) and (max-width: 480px) 480px, (min-width: 481px) 750px, 100vw\" \/> <img decoding=\"async\" class=\"aligncenter size-full wp-image-3790\" src=\"https:\/\/www.supersybon.com\/es\/wp-content\/uploads\/2025\/12\/1764914528-PL122-Car-Polisher-15mm-Long-Throw-Random-Orbital-Polisher-Buffer-for-Car-Detailing-5900W-Dual-Action-Polisher-with-Variable-Speed.jpg\" alt=\"Pulidora orbital aleatoria PL122 para autom\u00f3viles, 15 mm de recorrido, para detallado de veh\u00edculos, 5900 W, doble acci\u00f3n y velocidad variable\" width=\"750\" height=\"750\" title=\"\" srcset=\"https:\/\/www.supersybon.com\/es\/wp-content\/uploads\/2025\/12\/1764914528-PL122-Car-Polisher-15mm-Long-Throw-Random-Orbital-Polisher-Buffer-for-Car-Detailing-5900W-Dual-Action-Polisher-with-Variable-Speed.jpg 750w, https:\/\/www.supersybon.com\/es\/wp-content\/uploads\/2025\/12\/1764914528-PL122-Car-Polisher-15mm-Long-Throw-Random-Orbital-Polisher-Buffer-for-Car-Detailing-5900W-Dual-Action-Polisher-with-Variable-Speed-480x480.jpg 480w\" sizes=\"(min-width: 0px) and (max-width: 480px) 480px, (min-width: 481px) 750px, 100vw\" \/><\/p>\n<\/div>\n<\/div>\n<\/div>\n<\/div>\n","protected":false},"excerpt":{"rendered":"<p>1. Pulidora mejorada: El nuevo contrapeso de palanquilla garantiza suavidad, precisi\u00f3n y equilibrio en la m\u00e1quina. El dise\u00f1o humanizado de la pulidora rotativa permite realizar cada detalle de forma r\u00e1pida y sencilla.<br \/>\n2. Kit multifunci\u00f3n para detallado de autom\u00f3viles: Kit de pulidora y lijadora de 1650 W, para encerado, pulido y sellado de todo tipo de pinturas de recubrimiento. Permite a los usuarios obtener resultados profesionales de pulido a m\u00e1quina en casa.<br \/>\n3. Pulidora potente: Gesti\u00f3n digital del par, ajusta electr\u00f3nicamente el par para mantener la velocidad durante el pulido a m\u00e1quina, que var\u00eda de 500 r\/min a 3000 r\/min, para satisfacer mejor sus necesidades. No encontrar\u00e1 una pulidora de autom\u00f3viles que no funcione al presionarla.<\/p>\n","protected":false},"featured_media":3789,"template":"","meta":{"_et_pb_use_builder":"","_et_pb_old_content":"","_et_gb_content_width":""},"product_brand":[],"product_cat":[66,56],"product_tag":[1213],"class_list":{"0":"post-3784","1":"product","2":"type-product","3":"status-publish","4":"has-post-thumbnail","6":"product_cat-pulidora-de-coches","7":"product_cat-serie-de-cuidado-de-automoviles","8":"product_tag-pulidora-de-doble-accion-para-coche","10":"first","11":"instock","12":"shipping-taxable","13":"product-type-simple"},"_links":{"self":[{"href":"https:\/\/www.supersybon.com\/es\/wp-json\/wp\/v2\/product\/3784","targetHints":{"allow":["GET"]}}],"collection":[{"href":"https:\/\/www.supersybon.com\/es\/wp-json\/wp\/v2\/product"}],"about":[{"href":"https:\/\/www.supersybon.com\/es\/wp-json\/wp\/v2\/types\/product"}],"wp:featuredmedia":[{"embeddable":true,"href":"https:\/\/www.supersybon.com\/es\/wp-json\/wp\/v2\/media\/3789"}],"wp:attachment":[{"href":"https:\/\/www.supersybon.com\/es\/wp-json\/wp\/v2\/media?parent=3784"}],"wp:term":[{"taxonomy":"product_brand","embeddable":true,"href":"https:\/\/www.supersybon.com\/es\/wp-json\/wp\/v2\/product_brand?post=3784"},{"taxonomy":"product_cat","embeddable":true,"href":"https:\/\/www.supersybon.com\/es\/wp-json\/wp\/v2\/product_cat?post=3784"},{"taxonomy":"product_tag","embeddable":true,"href":"https:\/\/www.supersybon.com\/es\/wp-json\/wp\/v2\/product_tag?post=3784"}],"curies":[{"name":"wp","href":"https:\/\/api.w.org\/{rel}","templated":true}]}}