{"id":3775,"date":"2025-12-05T13:49:06","date_gmt":"2025-12-05T05:49:06","guid":{"rendered":"https:\/\/www.supersybon.com\/es\/?post_type=product&#038;p=3775"},"modified":"2025-12-05T13:58:58","modified_gmt":"2025-12-05T05:58:58","slug":"pl121-pulidora-rotativa-de-1650-w-6-velocidades-variables-500-3000-rpm-mango-desmontable-para-lijado-y-pulido-de-coches-y-barcos","status":"publish","type":"product","link":"https:\/\/www.supersybon.com\/es\/product\/pl121-pulidora-rotativa-de-1650-w-6-velocidades-variables-500-3000-rpm-mango-desmontable-para-lijado-y-pulido-de-coches-y-barcos","title":{"rendered":"PL121 Pulidora rotativa de 1650 W, 6 velocidades variables, 500-3000 RPM, mango desmontable para lijado y pulido de coches y barcos."},"content":{"rendered":"<p><iframe title=\"\ud83c\udf1f Introducing SYBON Rotary\/RO Polisher.#sybon  #DetailingEssentials\" width=\"1080\" height=\"608\" src=\"https:\/\/www.youtube.com\/embed\/Jd9_HgcvQQU?feature=oembed\"  allow=\"accelerometer; autoplay; clipboard-write; encrypted-media; gyroscope; picture-in-picture; web-share\" referrerpolicy=\"strict-origin-when-cross-origin\" allowfullscreen><\/iframe><\/p>\n<p><img decoding=\"async\" class=\"aligncenter size-full wp-image-3777\" src=\"https:\/\/www.supersybon.com\/es\/wp-content\/uploads\/2025\/12\/1764913831-PL121-Buffer-Polisher-for-Car-Detailing-Car-Buffer-6-inch-Car-Polisher-with-6-Variable-Speed-500-3000-RPM-1650W-Polishing-Machine.jpg\" alt=\"Pulidora PL121 para detallado de veh\u00edculos, de 6 pulgadas y 6 velocidades variables, 500-3000 RPM, 1650 W\" width=\"750\" height=\"302\" title=\"\" srcset=\"https:\/\/www.supersybon.com\/es\/wp-content\/uploads\/2025\/12\/1764913831-PL121-Buffer-Polisher-for-Car-Detailing-Car-Buffer-6-inch-Car-Polisher-with-6-Variable-Speed-500-3000-RPM-1650W-Polishing-Machine.jpg 750w, https:\/\/www.supersybon.com\/es\/wp-content\/uploads\/2025\/12\/1764913831-PL121-Buffer-Polisher-for-Car-Detailing-Car-Buffer-6-inch-Car-Polisher-with-6-Variable-Speed-500-3000-RPM-1650W-Polishing-Machine-480x193.jpg 480w\" sizes=\"(min-width: 0px) and (max-width: 480px) 480px, (min-width: 481px) 750px, 100vw\" \/><\/p>\n<div class=\"magic-13\">\n<div class=\"magic-14\">\n<div class=\"magic-9\">\n<div class=\"magic-10\">\n<p>&nbsp;<\/p>\n<\/div>\n<\/div>\n<\/div>\n<\/div>\n<div class=\"magic-13\">\n<div class=\"magic-14\">\n<p>&nbsp;<\/p>\n<h2><strong>Acerca de la pulidora rotativa SYBON<\/strong><\/h2>\n<p>1. Potente: SYBON ha dise\u00f1ado la pulidora rotativa con un motor de alta eficiencia para garantizar mayor potencia y torque en cualquier superficie, haciendo que su experiencia de detallado sea m\u00e1s f\u00e1cil, eficiente y r\u00e1pida.<\/p>\n<p>2. Perfectamente equilibrada: Los componentes internos han sido dise\u00f1ados y dispuestos para proporcionar una distribuci\u00f3n perfecta del peso durante el pulido, eliminando el estr\u00e9s del usuario.<\/p>\n<p>3. Cable de alimentaci\u00f3n: Un cable de extensi\u00f3n de 4 metros (13 pulgadas) garantiza un rango de movimiento libre, mientras que los refuerzos alrededor de la base del cable de alimentaci\u00f3n garantizan una larga vida \u00fatil.<\/p>\n<p>4. Control de velocidad definible por el usuario: Velocidad ajustable de 500 a 3000 rpm, que ofrece la capacidad de cortar r\u00e1pidamente y terminar con delicadeza.<\/p>\n<p>5. Controlador de velocidad: Controlador de velocidad constante con 6 configuraciones de velocidad.<\/p>\n<p>La pulidora rotativa de SYBON es la soluci\u00f3n ideal para que esas peque\u00f1as \u00e1reas dif\u00edciles de pulir luzcan de nuevo impecables. Es una de las m\u00e1quinas m\u00e1s f\u00e1ciles y seguras para iniciarse en el mundo de las pulidoras rotativas. Sin embargo, para aquellos con experiencia en pulido rotativo, la pulidora rotativa SYBON ofrece un equipo de trabajo duradero y de calidad profesional que es liviano y altamente efectivo.<\/p>\n<\/div>\n<\/div>\n<div class=\"magic-13\">\n<div class=\"magic-14\">\n<div class=\"magic-9\">\n<div class=\"magic-10\">\n<p><img decoding=\"async\" class=\"aligncenter size-full wp-image-3780\" src=\"https:\/\/www.supersybon.com\/es\/wp-content\/uploads\/2025\/12\/1764913847-PL121-RO-polisher-polishing-machine-car-polisher-polisher-for-car-detailing.jpg\" alt=\"Pulidora PL121-RO para coches\" width=\"750\" height=\"750\" title=\"\" srcset=\"https:\/\/www.supersybon.com\/es\/wp-content\/uploads\/2025\/12\/1764913847-PL121-RO-polisher-polishing-machine-car-polisher-polisher-for-car-detailing.jpg 750w, https:\/\/www.supersybon.com\/es\/wp-content\/uploads\/2025\/12\/1764913847-PL121-RO-polisher-polishing-machine-car-polisher-polisher-for-car-detailing-480x480.jpg 480w\" sizes=\"(min-width: 0px) and (max-width: 480px) 480px, (min-width: 481px) 750px, 100vw\" \/> <img decoding=\"async\" class=\"aligncenter size-full wp-image-3782\" src=\"https:\/\/www.supersybon.com\/es\/wp-content\/uploads\/2025\/12\/1764913858-PL121-Rotary-Car-Buffer-Polisher-Waxer-1650W-7-inch-6-inch-Variable-Speed-500-3000RPM-Detachable-Handle-Perfect-for-Car-Polishing.jpg\" alt=\"PL121 - Pulidora-enceradora rotativa para autos, 1650 W, 7-6 pulgadas, velocidad variable, 500-3000 RPM, mango desmontable, ideal para pulir autos\" width=\"750\" height=\"750\" title=\"\" srcset=\"https:\/\/www.supersybon.com\/es\/wp-content\/uploads\/2025\/12\/1764913858-PL121-Rotary-Car-Buffer-Polisher-Waxer-1650W-7-inch-6-inch-Variable-Speed-500-3000RPM-Detachable-Handle-Perfect-for-Car-Polishing.jpg 750w, https:\/\/www.supersybon.com\/es\/wp-content\/uploads\/2025\/12\/1764913858-PL121-Rotary-Car-Buffer-Polisher-Waxer-1650W-7-inch-6-inch-Variable-Speed-500-3000RPM-Detachable-Handle-Perfect-for-Car-Polishing-480x480.jpg 480w\" sizes=\"(min-width: 0px) and (max-width: 480px) 480px, (min-width: 481px) 750px, 100vw\" \/> <img decoding=\"async\" class=\"aligncenter size-full wp-image-3779\" src=\"https:\/\/www.supersybon.com\/es\/wp-content\/uploads\/2025\/12\/1764913842-PL121-Buffer-Rotary-Polisher-Car-Polisher-Electric-RO-Polisher-Polishing-Pads-Set-for-Auto-Buffing-and-Polishing.jpg\" alt=\"PL121 - Pulidora rotativa para autom\u00f3viles - Pulidora el\u00e9ctrica RO - Juego de almohadillas para pulir y abrillantar autom\u00f3viles\" width=\"750\" height=\"750\" title=\"\" srcset=\"https:\/\/www.supersybon.com\/es\/wp-content\/uploads\/2025\/12\/1764913842-PL121-Buffer-Rotary-Polisher-Car-Polisher-Electric-RO-Polisher-Polishing-Pads-Set-for-Auto-Buffing-and-Polishing.jpg 750w, https:\/\/www.supersybon.com\/es\/wp-content\/uploads\/2025\/12\/1764913842-PL121-Buffer-Rotary-Polisher-Car-Polisher-Electric-RO-Polisher-Polishing-Pads-Set-for-Auto-Buffing-and-Polishing-480x480.jpg 480w\" sizes=\"(min-width: 0px) and (max-width: 480px) 480px, (min-width: 481px) 750px, 100vw\" \/> <img decoding=\"async\" class=\"aligncenter size-full wp-image-3783\" src=\"https:\/\/www.supersybon.com\/es\/wp-content\/uploads\/2025\/12\/1764913863-PL121-Rotary-RO-Polisher-1650W-M14-Spindle-Thread-Variable-6-Speed-Dial-4-Meter-Cable.jpg\" alt=\"Pulidora rotativa PL121 de 1650 W con husillo M14, rosca variable, dial de 6 velocidades y cable de 4 metros\" width=\"750\" height=\"750\" title=\"\" srcset=\"https:\/\/www.supersybon.com\/es\/wp-content\/uploads\/2025\/12\/1764913863-PL121-Rotary-RO-Polisher-1650W-M14-Spindle-Thread-Variable-6-Speed-Dial-4-Meter-Cable.jpg 750w, https:\/\/www.supersybon.com\/es\/wp-content\/uploads\/2025\/12\/1764913863-PL121-Rotary-RO-Polisher-1650W-M14-Spindle-Thread-Variable-6-Speed-Dial-4-Meter-Cable-480x480.jpg 480w\" sizes=\"(min-width: 0px) and (max-width: 480px) 480px, (min-width: 481px) 750px, 100vw\" \/> <img decoding=\"async\" class=\"aligncenter size-full wp-image-3778\" src=\"https:\/\/www.supersybon.com\/es\/wp-content\/uploads\/2025\/12\/1764913836-PL121-Buffer-Polisher-Rotary-Polisher-Waxer-1650W-6-Variable-Speed-500-3000RPM.jpg\" alt=\"PL121 - Pulidora rotativa de cera y pulidora - 1650 W - 6 velocidades variables - 500-3000 RPM\" width=\"750\" height=\"750\" title=\"\" srcset=\"https:\/\/www.supersybon.com\/es\/wp-content\/uploads\/2025\/12\/1764913836-PL121-Buffer-Polisher-Rotary-Polisher-Waxer-1650W-6-Variable-Speed-500-3000RPM.jpg 750w, https:\/\/www.supersybon.com\/es\/wp-content\/uploads\/2025\/12\/1764913836-PL121-Buffer-Polisher-Rotary-Polisher-Waxer-1650W-6-Variable-Speed-500-3000RPM-480x480.jpg 480w\" sizes=\"(min-width: 0px) and (max-width: 480px) 480px, (min-width: 481px) 750px, 100vw\" \/><\/p>\n<p>&nbsp;<\/p>\n<p><strong>Embalaje y servicio de productos<br \/>\n<\/strong><\/p>\n<hr \/>\n<p><strong>PAQUETE :<\/strong><\/p>\n<p><img decoding=\"async\" class=\"aligncenter size-full wp-image-3776\" src=\"https:\/\/www.supersybon.com\/es\/wp-content\/uploads\/2025\/12\/1764913826-PL121-Buffer-Polisher-1650W-Ro-Buffer-Polisher-Waxer-6-Variable-Speed-500-3000-RPM-Detachable-Handle-for-Car-Boat-Sanding-Polishing.jpg\" alt=\"Pulidora-Enceradora PL121 de 1650 W con 6 velocidades variables, 500-3000 RPM, con mango desmontable, ideal para lijar y pulir coches y barcos.\" width=\"750\" height=\"750\" title=\"\" srcset=\"https:\/\/www.supersybon.com\/es\/wp-content\/uploads\/2025\/12\/1764913826-PL121-Buffer-Polisher-1650W-Ro-Buffer-Polisher-Waxer-6-Variable-Speed-500-3000-RPM-Detachable-Handle-for-Car-Boat-Sanding-Polishing.jpg 750w, https:\/\/www.supersybon.com\/es\/wp-content\/uploads\/2025\/12\/1764913826-PL121-Buffer-Polisher-1650W-Ro-Buffer-Polisher-Waxer-6-Variable-Speed-500-3000-RPM-Detachable-Handle-for-Car-Boat-Sanding-Polishing-480x480.jpg 480w\" sizes=\"(min-width: 0px) and (max-width: 480px) 480px, (min-width: 481px) 750px, 100vw\" \/><\/p>\n<div data-spm-anchor-id=\"a2700.details.0.i37.625d2e9eLtZffL\">\n<p>&nbsp;<\/p>\n<\/div>\n<div class=\"magic-13\">\n<div class=\"magic-14\">\n<div class=\"magic-9\">\n<div class=\"magic-10\">\n<div class=\"magic-13\">\n<div class=\"magic-14\">\n<div data-spm-anchor-id=\"a2700.details.0.i37.625d2e9eLtZffL\">\n<p>&nbsp;<\/p>\n<\/div>\n<\/div>\n<\/div>\n<\/div>\n<\/div>\n<\/div>\n<\/div>\n<div class=\"magic-13\">\n<div class=\"magic-14\">\n<div data-spm-anchor-id=\"a2700.details.0.i37.625d2e9eLtZffL\">\n<p><strong>NUESTRO SERVICIO:<br \/>\n<\/strong><\/p>\n<p>1.24 horas en l\u00ednea<\/p>\n<p>2. Precio competitivo<\/p>\n<p>3. Excelentes comentarios del cliente<\/p>\n<p>4. Pedidos en l\u00ednea seguros<\/p>\n<p>5. Entrega r\u00e1pida<\/p>\n<p>6. Soporte t\u00e9cnico profesional<\/p>\n<\/div>\n<\/div>\n<\/div>\n<\/div>\n<\/div>\n<\/div>\n<\/div>\n<div class=\"magic-13\">\n<div class=\"magic-14\">\n<div class=\"magic-13\">\n<div class=\"magic-14\">\n<div class=\"magic-9\">\n<div class=\"magic-10\">\n<div class=\"magic-13\">\n<div class=\"magic-14\">\n<div data-spm-anchor-id=\"a2700.details.0.i37.625d2e9eLtZffL\">\n<div class=\"magic-13\">\n<div class=\"magic-14\">\n<p>&nbsp;<\/p>\n<\/div>\n<\/div>\n<\/div>\n<\/div>\n<\/div>\n<\/div>\n<\/div>\n<\/div>\n<\/div>\n<div class=\"magic-13\">\n<div class=\"magic-14\">\n<p><strong>Perfil de la empresa<br \/>\n<\/strong><\/p>\n<hr \/>\n<p>&nbsp;<\/p>\n<\/div>\n<\/div>\n<p><img decoding=\"async\" class=\"aligncenter size-full wp-image-324\" src=\"https:\/\/www.supersybon.com\/es\/wp-content\/uploads\/2022\/09\/1663401769-Car-Paint-Supplier-Company-Profile-Manufacturer-China.jpg\" alt=\"\" width=\"900\" height=\"958\" title=\"\" srcset=\"https:\/\/www.supersybon.com\/es\/wp-content\/uploads\/2022\/09\/1663401769-Car-Paint-Supplier-Company-Profile-Manufacturer-China.jpg 900w, https:\/\/www.supersybon.com\/es\/wp-content\/uploads\/2022\/09\/1663401769-Car-Paint-Supplier-Company-Profile-Manufacturer-China-480x511.jpg 480w\" sizes=\"(min-width: 0px) and (max-width: 480px) 480px, (min-width: 481px) 900px, 100vw\" \/><\/p>\n<div class=\"magic-13\">\n<div class=\"magic-14\">\n<p><strong>Preguntas m\u00e1s frecuentes<\/strong><\/p>\n<hr \/>\n<\/div>\n<\/div>\n<p>P: \u00bfCu\u00e1l es su MOQ?<\/p>\n<p>R: Nuestro pedido m\u00ednimo es de 1 juego.<\/p>\n<p>P: \u00bfQu\u00e9 hay de su pago?<\/p>\n<p>R: dep\u00f3sito del 50% por adelantado, saldo del 50% por T\/T, L\/C, paypal, Western Union o antes del env\u00edo.<\/p>\n<p>P: \u00bfProporcionan muestras?<\/p>\n<p>R: S\u00ed, puede comprar una muestra para probarla.<\/p>\n<p>P: \u00bfQu\u00e9 hay de su tiempo de entrega?<\/p>\n<p>R: generalmente 15 d\u00edas despu\u00e9s de recibir su dep\u00f3sito.<\/p>\n<\/div>\n<\/div>\n","protected":false},"excerpt":{"rendered":"<p>1. Pulidora mejorada: El nuevo contrapeso de palanquilla garantiza suavidad, precisi\u00f3n y equilibrio en la m\u00e1quina. El dise\u00f1o humanizado de la pulidora rotativa permite realizar cada detalle de forma r\u00e1pida y sencilla.<br \/>\n2. Kit multifunci\u00f3n para detallado de autom\u00f3viles: Kit de pulidora y lijadora de 1650 W, para encerado, pulido y sellado de todo tipo de pinturas de recubrimiento. Permite a los usuarios obtener resultados profesionales de pulido a m\u00e1quina en casa.<br \/>\n3. Pulidora potente: Gesti\u00f3n digital del par, ajusta electr\u00f3nicamente el par para mantener la velocidad durante el pulido a m\u00e1quina, que var\u00eda de 500 r\/min a 3000 r\/min, para satisfacer mejor sus necesidades. No encontrar\u00e1 una pulidora de autom\u00f3viles que no funcione al presionarla.<\/p>\n","protected":false},"featured_media":3781,"template":"","meta":{"_et_pb_use_builder":"","_et_pb_old_content":"","_et_gb_content_width":""},"product_brand":[],"product_cat":[66,56],"product_tag":[1212],"class_list":{"0":"post-3775","1":"product","2":"type-product","3":"status-publish","4":"has-post-thumbnail","6":"product_cat-pulidora-de-coches","7":"product_cat-serie-de-cuidado-de-automoviles","8":"product_tag-pulidora-rotativa","10":"first","11":"instock","12":"shipping-taxable","13":"product-type-simple"},"_links":{"self":[{"href":"https:\/\/www.supersybon.com\/es\/wp-json\/wp\/v2\/product\/3775","targetHints":{"allow":["GET"]}}],"collection":[{"href":"https:\/\/www.supersybon.com\/es\/wp-json\/wp\/v2\/product"}],"about":[{"href":"https:\/\/www.supersybon.com\/es\/wp-json\/wp\/v2\/types\/product"}],"wp:featuredmedia":[{"embeddable":true,"href":"https:\/\/www.supersybon.com\/es\/wp-json\/wp\/v2\/media\/3781"}],"wp:attachment":[{"href":"https:\/\/www.supersybon.com\/es\/wp-json\/wp\/v2\/media?parent=3775"}],"wp:term":[{"taxonomy":"product_brand","embeddable":true,"href":"https:\/\/www.supersybon.com\/es\/wp-json\/wp\/v2\/product_brand?post=3775"},{"taxonomy":"product_cat","embeddable":true,"href":"https:\/\/www.supersybon.com\/es\/wp-json\/wp\/v2\/product_cat?post=3775"},{"taxonomy":"product_tag","embeddable":true,"href":"https:\/\/www.supersybon.com\/es\/wp-json\/wp\/v2\/product_tag?post=3775"}],"curies":[{"name":"wp","href":"https:\/\/api.w.org\/{rel}","templated":true}]}}