{"id":3765,"date":"2025-12-05T13:37:55","date_gmt":"2025-12-05T05:37:55","guid":{"rendered":"https:\/\/www.supersybon.com\/es\/?post_type=product&#038;p=3765"},"modified":"2025-12-05T13:47:45","modified_gmt":"2025-12-05T05:47:45","slug":"1028-pano-adhesivo-para-quitar-el-polvo-de-alta-calidad-amarillo-o-blanco-100-algodon-para-pintores","status":"publish","type":"product","link":"https:\/\/www.supersybon.com\/es\/product\/1028-pano-adhesivo-para-quitar-el-polvo-de-alta-calidad-amarillo-o-blanco-100-algodon-para-pintores","title":{"rendered":"1028 Pa\u00f1o adhesivo para quitar el polvo de alta calidad, amarillo o blanco, 100 % algod\u00f3n, para pintores."},"content":{"rendered":"<p><iframe title=\"Get a flawless surface with SYBON&#039;s Sticky Tack Cloth! Perfect for prepping before painting.\" width=\"1080\" height=\"608\" src=\"https:\/\/www.youtube.com\/embed\/V_7eupVHATw?feature=oembed\"  allow=\"accelerometer; autoplay; clipboard-write; encrypted-media; gyroscope; picture-in-picture; web-share\" referrerpolicy=\"strict-origin-when-cross-origin\" allowfullscreen><\/iframe><\/p>\n<p>&nbsp;<\/p>\n<h2><strong>1028 Pa\u00f1o Adhesivo de Alta Calidad para Quitar el Polvo 35 cm x 80 cm<\/strong><\/h2>\n<p><strong>Acerca del Pa\u00f1o Adhesivo 1028:<\/strong><\/p>\n<p>1. Pa\u00f1os Adhesivos de Alta Calidad, envueltos individualmente. Estos pa\u00f1os adhesivos grandes, duraderos y resistentes al desgarro miden 35 cm x 80 cm desplegados. Est\u00e1n hechos de una suave malla de algod\u00f3n de color amarillo o blanco que se adapta a la forma de la superficie para eliminar part\u00edculas de polvo, suciedad, pelusa, residuos de lijado, serr\u00edn y otras part\u00edculas con defectos superficiales.<\/p>\n<p>2. El tejido de los pa\u00f1os adhesivos tiene microperforaciones para atrapar, recoger y eliminar todas las part\u00edculas y contaminantes de la superficie, dejando una superficie excepcionalmente limpia, esencial para pintar autom\u00f3viles o barnizar madera.<\/p>\n<p>3. Pa\u00f1os adhesivos de calidad profesional, dise\u00f1ados para profesionales del repintado y acabado. Fabricados con la cantidad \u00f3ptima de adhesivo, ya que un exceso de adhesivo puede causar la acumulaci\u00f3n de residuos invisibles, y una cantidad insuficiente puede causar part\u00edculas contaminantes no deseadas en el acabado de la superficie.<\/p>\n<p>4. Los pa\u00f1os adhesivos no contienen cera ni silicona, tienen propiedades antiest\u00e1ticas y est\u00e1n dise\u00f1ados para preparar superficies antes de aplicar pinturas al agua y al disolvente, as\u00ed como acabados de laca, barnices y tintes.<\/p>\n<p>5. Se recomienda usar los pa\u00f1os frotando suavemente la superficie para eliminar completamente el polvo, la suciedad, las pelusas y otras part\u00edculas. A medida que el pa\u00f1o se ensucie con el uso, d\u00f3blelo para dejar una parte limpia al descubierto para su uso posterior.<\/p>\n<div data-id=\"paragraph0\"><img decoding=\"async\" class=\"aligncenter size-full wp-image-3773\" src=\"https:\/\/www.supersybon.com\/es\/wp-content\/uploads\/2025\/12\/1764913184-1028-Tack-Rags-Gauze-Auto-Body-Paint-Clean-Dust-Wipes-35cm80cm-Removing-Dust-Tack-Cloth.jpg\" alt=\"1028 - Trapos de limpieza, gasas, toallitas para quitar pintura de carrocer\u00eda, 35 cm y 80 cm\" width=\"750\" height=\"750\" title=\"\" srcset=\"https:\/\/www.supersybon.com\/es\/wp-content\/uploads\/2025\/12\/1764913184-1028-Tack-Rags-Gauze-Auto-Body-Paint-Clean-Dust-Wipes-35cm80cm-Removing-Dust-Tack-Cloth.jpg 750w, https:\/\/www.supersybon.com\/es\/wp-content\/uploads\/2025\/12\/1764913184-1028-Tack-Rags-Gauze-Auto-Body-Paint-Clean-Dust-Wipes-35cm80cm-Removing-Dust-Tack-Cloth-480x480.jpg 480w\" sizes=\"(min-width: 0px) and (max-width: 480px) 480px, (min-width: 481px) 750px, 100vw\" \/> <img decoding=\"async\" class=\"aligncenter size-full wp-image-3769\" src=\"https:\/\/www.supersybon.com\/es\/wp-content\/uploads\/2025\/12\/1764913162-1028-Automotive-dust-removal-sticky-refinish-cleaning-tack-cloth.jpg\" alt=\"1028 - Pa\u00f1o adhesivo para limpieza de autom\u00f3viles, eliminaci\u00f3n de polvo y repintado\" width=\"750\" height=\"750\" title=\"\" srcset=\"https:\/\/www.supersybon.com\/es\/wp-content\/uploads\/2025\/12\/1764913162-1028-Automotive-dust-removal-sticky-refinish-cleaning-tack-cloth.jpg 750w, https:\/\/www.supersybon.com\/es\/wp-content\/uploads\/2025\/12\/1764913162-1028-Automotive-dust-removal-sticky-refinish-cleaning-tack-cloth-480x480.jpg 480w\" sizes=\"(min-width: 0px) and (max-width: 480px) 480px, (min-width: 481px) 750px, 100vw\" \/> <img decoding=\"async\" class=\"aligncenter size-full wp-image-3767\" src=\"https:\/\/www.supersybon.com\/es\/wp-content\/uploads\/2025\/12\/1764913150-1028-Auto-Body-Paint-Clean-Dust-Wipes-35cm80cm-Tack-Cloth-Removing-Dust-Tack-Rags.jpg\" alt=\"1028 - Toallitas para limpiar pintura de carrocer\u00eda, 35 cm, 80 cm, pa\u00f1os adhesivos para quitar el polvo\" width=\"750\" height=\"750\" title=\"\" srcset=\"https:\/\/www.supersybon.com\/es\/wp-content\/uploads\/2025\/12\/1764913150-1028-Auto-Body-Paint-Clean-Dust-Wipes-35cm80cm-Tack-Cloth-Removing-Dust-Tack-Rags.jpg 750w, https:\/\/www.supersybon.com\/es\/wp-content\/uploads\/2025\/12\/1764913150-1028-Auto-Body-Paint-Clean-Dust-Wipes-35cm80cm-Tack-Cloth-Removing-Dust-Tack-Rags-480x480.jpg 480w\" sizes=\"(min-width: 0px) and (max-width: 480px) 480px, (min-width: 481px) 750px, 100vw\" \/> <img decoding=\"async\" class=\"aligncenter size-full wp-image-3766\" src=\"https:\/\/www.supersybon.com\/es\/wp-content\/uploads\/2025\/12\/1764913144-1028-35cm80cm-Tack-Cloth-Removing-Dust-Tack-Rags-for-Metal-Sanding-Particles-Automotive.jpg\" alt=\"1028-35cm80cm-Pa\u00f1o antipolvo para eliminar polvo y part\u00edculas de metal para lijar en automoci\u00f3n\" width=\"750\" height=\"750\" title=\"\" srcset=\"https:\/\/www.supersybon.com\/es\/wp-content\/uploads\/2025\/12\/1764913144-1028-35cm80cm-Tack-Cloth-Removing-Dust-Tack-Rags-for-Metal-Sanding-Particles-Automotive.jpg 750w, https:\/\/www.supersybon.com\/es\/wp-content\/uploads\/2025\/12\/1764913144-1028-35cm80cm-Tack-Cloth-Removing-Dust-Tack-Rags-for-Metal-Sanding-Particles-Automotive-480x480.jpg 480w\" sizes=\"(min-width: 0px) and (max-width: 480px) 480px, (min-width: 481px) 750px, 100vw\" \/><\/div>\n<div class=\"magic-13\">\n<div class=\"magic-14\">\n<div class=\"magic-9\">\n<div class=\"magic-10\">\n<p><strong>Embalaje y servicio de productos<br \/>\n<\/strong><\/p>\n<hr \/>\n<p><strong>PAQUETE :<\/strong><\/p>\n<\/div>\n<\/div>\n<\/div>\n<\/div>\n<div class=\"magic-13\">\n<div class=\"magic-14\">\n<div data-spm-anchor-id=\"a2700.details.0.i37.625d2e9eLtZffL\">\n<p>&nbsp;<\/p>\n<p><img decoding=\"async\" class=\"aligncenter size-full wp-image-3774\" src=\"https:\/\/www.supersybon.com\/es\/wp-content\/uploads\/2025\/12\/1764913189-1028-White-Yellow-Removing-Dust-Tack-Rags-Individually-Packed-Gauze-Tack-Cloth.jpg\" alt=\"1028 - Pa\u00f1os antipolvo blancos y amarillos, empaquetados individualmente, gasa antipolvo\" width=\"750\" height=\"750\" title=\"\" srcset=\"https:\/\/www.supersybon.com\/es\/wp-content\/uploads\/2025\/12\/1764913189-1028-White-Yellow-Removing-Dust-Tack-Rags-Individually-Packed-Gauze-Tack-Cloth.jpg 750w, https:\/\/www.supersybon.com\/es\/wp-content\/uploads\/2025\/12\/1764913189-1028-White-Yellow-Removing-Dust-Tack-Rags-Individually-Packed-Gauze-Tack-Cloth-480x480.jpg 480w\" sizes=\"(min-width: 0px) and (max-width: 480px) 480px, (min-width: 481px) 750px, 100vw\" \/><\/p>\n<p>&nbsp;<\/p>\n<\/div>\n<div class=\"magic-13\">\n<div class=\"magic-14\">\n<div class=\"magic-9\">\n<div class=\"magic-10\">\n<div class=\"magic-13\">\n<div class=\"magic-14\">\n<div data-spm-anchor-id=\"a2700.details.0.i37.625d2e9eLtZffL\">\n<p>&nbsp;<\/p>\n<\/div>\n<\/div>\n<\/div>\n<\/div>\n<\/div>\n<\/div>\n<\/div>\n<div class=\"magic-13\">\n<div class=\"magic-14\">\n<div data-spm-anchor-id=\"a2700.details.0.i37.625d2e9eLtZffL\">\n<p><strong>NUESTRO SERVICIO:<br \/>\n<\/strong><\/p>\n<p>1.24 horas en l\u00ednea<\/p>\n<p>2. Precio competitivo<\/p>\n<p>3. Excelentes comentarios del cliente<\/p>\n<p>4. Pedidos en l\u00ednea seguros<\/p>\n<p>5. Entrega r\u00e1pida<\/p>\n<p>6. Soporte t\u00e9cnico profesional<\/p>\n<p>&nbsp;<\/p>\n<div class=\"magic-13\">\n<div class=\"magic-14\">\n<div class=\"magic-9\">\n<div class=\"magic-10\">\n<div class=\"magic-13\">\n<div class=\"magic-14\">\n<div data-spm-anchor-id=\"a2700.details.0.i37.625d2e9eLtZffL\">\n<div class=\"magic-13\">\n<div class=\"magic-14\">\n<p>&nbsp;<\/p>\n<\/div>\n<\/div>\n<\/div>\n<\/div>\n<\/div>\n<\/div>\n<\/div>\n<\/div>\n<\/div>\n<div class=\"magic-13\">\n<div class=\"magic-14\">\n<p><strong>Perfil de la empresa<br \/>\n<\/strong><\/p>\n<hr \/>\n<p>&nbsp;<\/p>\n<\/div>\n<\/div>\n<\/div>\n<\/div>\n<\/div>\n<p><img decoding=\"async\" class=\"aligncenter size-full wp-image-324\" src=\"https:\/\/www.supersybon.com\/es\/wp-content\/uploads\/2022\/09\/1663401769-Car-Paint-Supplier-Company-Profile-Manufacturer-China.jpg\" alt=\"\" width=\"900\" height=\"958\" title=\"\" srcset=\"https:\/\/www.supersybon.com\/es\/wp-content\/uploads\/2022\/09\/1663401769-Car-Paint-Supplier-Company-Profile-Manufacturer-China.jpg 900w, https:\/\/www.supersybon.com\/es\/wp-content\/uploads\/2022\/09\/1663401769-Car-Paint-Supplier-Company-Profile-Manufacturer-China-480x511.jpg 480w\" sizes=\"(min-width: 0px) and (max-width: 480px) 480px, (min-width: 481px) 900px, 100vw\" \/><\/p>\n<div class=\"magic-13\">\n<div class=\"magic-14\">\n<p><strong>Preguntas m\u00e1s frecuentes<\/strong><\/p>\n<hr \/>\n<\/div>\n<\/div>\n<p>P: \u00bfCu\u00e1l es su MOQ?<\/p>\n<p>R: Nuestro pedido m\u00ednimo es de 1 caja de cart\u00f3n.<\/p>\n<p>P: \u00bfQu\u00e9 hay de su pago?<\/p>\n<p>R: dep\u00f3sito del 50% por adelantado, saldo del 50% por T\/T, L\/C, paypal, Western Union o antes del env\u00edo.<\/p>\n<p>P: \u00bfProporcionan muestras?<\/p>\n<p>R: S\u00ed, puede comprar una muestra para probarla.<\/p>\n<p>P: \u00bfQu\u00e9 hay de su tiempo de entrega?<\/p>\n<p>R: generalmente 15 d\u00edas despu\u00e9s de recibir su dep\u00f3sito.<\/p>\n<\/div>\n<\/div>\n","protected":false},"excerpt":{"rendered":"<p>Acerca de 1028 Pa\u00f1o adhesivo:<br \/>\n1. Pa\u00f1os Atrapadizos Superiores envueltos individualmente.<br \/>\n2. El tejido de los pa\u00f1os atrapadizos tiene microperforaciones para atrapar, recoger y eliminar todas las part\u00edculas y contaminantes de la superficie.<br \/>\n3. Pa\u00f1os atrapadizos de calidad profesional, dise\u00f1ados para profesionales del repintado y acabado.<\/p>\n","protected":false},"featured_media":3773,"template":"","meta":{"_et_pb_use_builder":"","_et_pb_old_content":"","_et_gb_content_width":""},"product_brand":[],"product_cat":[67,68],"product_tag":[1211],"class_list":{"0":"post-3765","1":"product","2":"type-product","3":"status-publish","4":"has-post-thumbnail","6":"product_cat-serie-de-reparacion-de-automoviles","7":"product_cat-pano-pegajoso","8":"product_tag-pano-adhesivo","10":"first","11":"instock","12":"shipping-taxable","13":"product-type-simple"},"_links":{"self":[{"href":"https:\/\/www.supersybon.com\/es\/wp-json\/wp\/v2\/product\/3765","targetHints":{"allow":["GET"]}}],"collection":[{"href":"https:\/\/www.supersybon.com\/es\/wp-json\/wp\/v2\/product"}],"about":[{"href":"https:\/\/www.supersybon.com\/es\/wp-json\/wp\/v2\/types\/product"}],"wp:featuredmedia":[{"embeddable":true,"href":"https:\/\/www.supersybon.com\/es\/wp-json\/wp\/v2\/media\/3773"}],"wp:attachment":[{"href":"https:\/\/www.supersybon.com\/es\/wp-json\/wp\/v2\/media?parent=3765"}],"wp:term":[{"taxonomy":"product_brand","embeddable":true,"href":"https:\/\/www.supersybon.com\/es\/wp-json\/wp\/v2\/product_brand?post=3765"},{"taxonomy":"product_cat","embeddable":true,"href":"https:\/\/www.supersybon.com\/es\/wp-json\/wp\/v2\/product_cat?post=3765"},{"taxonomy":"product_tag","embeddable":true,"href":"https:\/\/www.supersybon.com\/es\/wp-json\/wp\/v2\/product_tag?post=3765"}],"curies":[{"name":"wp","href":"https:\/\/api.w.org\/{rel}","templated":true}]}}