{"id":3753,"date":"2025-12-05T11:51:17","date_gmt":"2025-12-05T03:51:17","guid":{"rendered":"https:\/\/www.supersybon.com\/es\/?post_type=product&#038;p=3753"},"modified":"2025-12-05T12:31:28","modified_gmt":"2025-12-05T04:31:28","slug":"msa-c-papel-de-lija-de-malla-abrasiva-de-ceramica-para-coche-para-madera-metal-superficie-gancho-bucle-redondo-papel-de-lija-seco-novedad","status":"publish","type":"product","link":"https:\/\/www.supersybon.com\/es\/product\/msa-c-papel-de-lija-de-malla-abrasiva-de-ceramica-para-coche-para-madera-metal-superficie-gancho-bucle-redondo-papel-de-lija-seco-novedad","title":{"rendered":"MSA\/C Papel de lija de malla abrasiva de cer\u00e1mica para coche, para madera, metal, superficie, gancho, bucle, redondo, papel de lija seco, novedad"},"content":{"rendered":"<p><iframe title=\"Introducing SYBON&#039;s new mesh sandpaper!\" width=\"1080\" height=\"608\" src=\"https:\/\/www.youtube.com\/embed\/CGVuh5cncsg?feature=oembed\"  allow=\"accelerometer; autoplay; clipboard-write; encrypted-media; gyroscope; picture-in-picture; web-share\" referrerpolicy=\"strict-origin-when-cross-origin\" allowfullscreen><\/iframe><\/p>\n<p>&nbsp;<\/p>\n<h2><strong>MSA\/C - Papel de lija de malla abrasiva de cer\u00e1mica, nuevo producto<\/strong><\/h2>\n<p>* Discos de lijado de malla:<\/p>\n<p>1. El papel de lija de malla est\u00e1 hecho de fibra de poli\u00e9ster de alta resistencia, con un potente efecto de pulido y una resistencia al desgaste de 5 a 8 veces superior a la del papel de lija convencional.<\/p>\n<p>2. Es adecuado para el pulido de masilla, revestimientos intermedios y barnices, y tambi\u00e9n se puede utilizar para el pulido de materiales compuestos, corcho de aluminio ligero, paredes de yeso y tableros de densidad media, evitando la acumulaci\u00f3n de polvo perjudicial.<\/p>\n<p>3. Buena resistencia al desgaste. Las part\u00edculas superficiales de la malla de lijado son de alta dureza, lo que dificulta su desprendimiento y ofrece un lijado afilado y duradero.<\/p>\n<p>4. Buen efecto de aspiraci\u00f3n. Tiene un fuerte efecto antibloqueo y reduce la acumulaci\u00f3n de polvo.<\/p>\n<p>* Caracter\u00edsticas principales:<\/p>\n<p>1. Su exclusiva construcci\u00f3n de malla evita que el polvo afecte el acabado final.<\/p>\n<p>2. Lijado sin polvo con la mayor\u00eda de las herramientas asistidas por aspiraci\u00f3n.<\/p>\n<p>3. Se puede utilizar con m\u00e1quinas de lijado con velcro o a mano.<\/p>\n<p>4. Excelente para retirar el polvo de superficies lijadas, con o sin extracci\u00f3n de polvo. Se puede usar en madera, metal, acr\u00edlico, pintura, poli\u00e9ster y fibra de vidrio.<\/p>\n<div class=\"magic-13\">\n<div class=\"magic-14\">\n<div class=\"magic-15\" data-id=\"paragraph0\"><img decoding=\"async\" class=\"aligncenter size-full wp-image-3760\" src=\"https:\/\/www.supersybon.com\/es\/wp-content\/uploads\/2025\/12\/1764906785-MSAC-High-Quality-Sanding-Disc-150mm-Sanding-Discs-Dust-free-Hook-Loop-Aluminum-Oxide-Ceramic-Abrasive-Mesh-Disc.jpg\" alt=\"Disco de lijado MSAC de alta calidad de 150 mm, sin polvo, con cierre de velcro, de \u00f3xido de aluminio y cer\u00e1mica, con malla abrasiva\" width=\"750\" height=\"750\" title=\"\" srcset=\"https:\/\/www.supersybon.com\/es\/wp-content\/uploads\/2025\/12\/1764906785-MSAC-High-Quality-Sanding-Disc-150mm-Sanding-Discs-Dust-free-Hook-Loop-Aluminum-Oxide-Ceramic-Abrasive-Mesh-Disc.jpg 750w, https:\/\/www.supersybon.com\/es\/wp-content\/uploads\/2025\/12\/1764906785-MSAC-High-Quality-Sanding-Disc-150mm-Sanding-Discs-Dust-free-Hook-Loop-Aluminum-Oxide-Ceramic-Abrasive-Mesh-Disc-480x480.jpg 480w\" sizes=\"(min-width: 0px) and (max-width: 480px) 480px, (min-width: 481px) 750px, 100vw\" \/> <img decoding=\"async\" class=\"aligncenter size-full wp-image-3761\" src=\"https:\/\/www.supersybon.com\/es\/wp-content\/uploads\/2025\/12\/1764906789-MSAC-High-quality-sanding-disc-P80-P800-grit-aluminum-oxide-abrasives-mesh-sanding-disc-for-wood.jpg\" alt=\"Disco de lijado de alta calidad MSAC, grano P80-P800, abrasivos de \u00f3xido de aluminio, malla para madera\" width=\"750\" height=\"750\" title=\"\" srcset=\"https:\/\/www.supersybon.com\/es\/wp-content\/uploads\/2025\/12\/1764906789-MSAC-High-quality-sanding-disc-P80-P800-grit-aluminum-oxide-abrasives-mesh-sanding-disc-for-wood.jpg 750w, https:\/\/www.supersybon.com\/es\/wp-content\/uploads\/2025\/12\/1764906789-MSAC-High-quality-sanding-disc-P80-P800-grit-aluminum-oxide-abrasives-mesh-sanding-disc-for-wood-480x480.jpg 480w\" sizes=\"(min-width: 0px) and (max-width: 480px) 480px, (min-width: 481px) 750px, 100vw\" \/> <img decoding=\"async\" class=\"aligncenter size-full wp-image-3759\" src=\"https:\/\/www.supersybon.com\/es\/wp-content\/uploads\/2025\/12\/1764906779-MSAC-High-Quality-Mesh-Sandpaper-Abrasive-Dust-Free-Sanding-Discs.jpg\" alt=\"Discos de lijado MSAC de malla de alta calidad, abrasivos y sin polvo\" width=\"750\" height=\"750\" title=\"\" srcset=\"https:\/\/www.supersybon.com\/es\/wp-content\/uploads\/2025\/12\/1764906779-MSAC-High-Quality-Mesh-Sandpaper-Abrasive-Dust-Free-Sanding-Discs.jpg 750w, https:\/\/www.supersybon.com\/es\/wp-content\/uploads\/2025\/12\/1764906779-MSAC-High-Quality-Mesh-Sandpaper-Abrasive-Dust-Free-Sanding-Discs-480x480.jpg 480w\" sizes=\"(min-width: 0px) and (max-width: 480px) 480px, (min-width: 481px) 750px, 100vw\" \/> <img decoding=\"async\" class=\"aligncenter size-full wp-image-3763\" src=\"https:\/\/www.supersybon.com\/es\/wp-content\/uploads\/2025\/12\/1764906798-MSAC-New-Arrival-Ceramic-Auto-Car-Wood-Metal-Surface-Condition-Hook-Loop-Abrasive-Mesh-Sandpaper-Round-Dry-Sand-Paper.jpg\" alt=\"MSAC - Reci\u00e9n llegado - Cer\u00e1mica - Autom\u00f3vil - Madera - Metal - Estado de la superficie - Malla abrasiva con velcro - Papel de lija redondo - Papel de lija seco\" width=\"750\" height=\"750\" title=\"\" srcset=\"https:\/\/www.supersybon.com\/es\/wp-content\/uploads\/2025\/12\/1764906798-MSAC-New-Arrival-Ceramic-Auto-Car-Wood-Metal-Surface-Condition-Hook-Loop-Abrasive-Mesh-Sandpaper-Round-Dry-Sand-Paper.jpg 750w, https:\/\/www.supersybon.com\/es\/wp-content\/uploads\/2025\/12\/1764906798-MSAC-New-Arrival-Ceramic-Auto-Car-Wood-Metal-Surface-Condition-Hook-Loop-Abrasive-Mesh-Sandpaper-Round-Dry-Sand-Paper-480x480.jpg 480w\" sizes=\"(min-width: 0px) and (max-width: 480px) 480px, (min-width: 481px) 750px, 100vw\" \/> <img decoding=\"async\" class=\"aligncenter size-full wp-image-3762\" src=\"https:\/\/www.supersybon.com\/es\/wp-content\/uploads\/2025\/12\/1764906794-MSAC-Mesh-Grip-Disc-6-in-Anti-blocking-Dry-Grinding-Sandpaper-150mm-80-to-800-Grits-Abrasive-Mesh-Cloth-Dust-Free-Sanding-Disc.jpg\" alt=\"Disco de lija MSAC con malla de agarre, 15 cm, antibloqueo, para desbaste en seco, 150 mm, grano 80 a 800, malla abrasiva, disco de lijado sin polvo\" width=\"750\" height=\"750\" title=\"\" srcset=\"https:\/\/www.supersybon.com\/es\/wp-content\/uploads\/2025\/12\/1764906794-MSAC-Mesh-Grip-Disc-6-in-Anti-blocking-Dry-Grinding-Sandpaper-150mm-80-to-800-Grits-Abrasive-Mesh-Cloth-Dust-Free-Sanding-Disc.jpg 750w, https:\/\/www.supersybon.com\/es\/wp-content\/uploads\/2025\/12\/1764906794-MSAC-Mesh-Grip-Disc-6-in-Anti-blocking-Dry-Grinding-Sandpaper-150mm-80-to-800-Grits-Abrasive-Mesh-Cloth-Dust-Free-Sanding-Disc-480x480.jpg 480w\" sizes=\"(min-width: 0px) and (max-width: 480px) 480px, (min-width: 481px) 750px, 100vw\" \/><\/div>\n<\/div>\n<\/div>\n<div class=\"magic-13\">\n<div class=\"magic-14\">\n<div data-spm-anchor-id=\"a2700.details.0.i37.625d2e9eLtZffL\">\n<p><strong>Embalaje y servicio de productos<br \/>\n<\/strong><\/p>\n<hr \/>\n<p><strong>PAQUETE :<br \/>\n<\/strong><\/p>\n<p>2000 piezas por caja.<\/p>\n<div class=\"magic-13\">\n<div class=\"magic-14\">\n<div class=\"magic-9\">\n<div class=\"magic-10\">\n<div class=\"magic-13\">\n<div class=\"magic-14\">\n<div data-spm-anchor-id=\"a2700.details.0.i37.625d2e9eLtZffL\">\n<p>&nbsp;<\/p>\n<\/div>\n<\/div>\n<\/div>\n<\/div>\n<\/div>\n<\/div>\n<\/div>\n<div class=\"magic-13\">\n<div class=\"magic-14\">\n<div data-spm-anchor-id=\"a2700.details.0.i37.625d2e9eLtZffL\">\n<p><strong>NUESTRO SERVICIO:<br \/>\n<\/strong><\/p>\n<p>1.24 horas en l\u00ednea<\/p>\n<p>2. Precio competitivo<\/p>\n<p>3. Excelentes comentarios del cliente<\/p>\n<p>4. Pedidos en l\u00ednea seguros<\/p>\n<p>5. Entrega r\u00e1pida<\/p>\n<p>6. Soporte t\u00e9cnico profesional<\/p>\n<\/div>\n<\/div>\n<\/div>\n<\/div>\n<div class=\"magic-13\">\n<div class=\"magic-14\">\n<div class=\"magic-9\">\n<div class=\"magic-10\">\n<div class=\"magic-13\">\n<div class=\"magic-14\">\n<div data-spm-anchor-id=\"a2700.details.0.i37.625d2e9eLtZffL\">\n<div class=\"magic-13\">\n<div class=\"magic-14\">\n<div class=\"magic-9\">\n<div class=\"magic-10\">\n<div class=\"magic-13\">\n<div class=\"magic-14\">\n<div data-spm-anchor-id=\"a2700.details.0.i37.625d2e9eLtZffL\">\n<p>&nbsp;<\/p>\n<\/div>\n<\/div>\n<\/div>\n<\/div>\n<\/div>\n<\/div>\n<\/div>\n<div class=\"magic-13\">\n<div class=\"magic-14\">\n<p>&nbsp;<\/p>\n<\/div>\n<\/div>\n<\/div>\n<\/div>\n<\/div>\n<\/div>\n<\/div>\n<\/div>\n<\/div>\n<div class=\"magic-13\">\n<div class=\"magic-14\">\n<p><strong>Perfil de la empresa<br \/>\n<\/strong><\/p>\n<hr \/>\n<p>&nbsp;<\/p>\n<\/div>\n<\/div>\n<p><img decoding=\"async\" class=\"aligncenter size-full wp-image-324\" src=\"https:\/\/www.supersybon.com\/es\/wp-content\/uploads\/2022\/09\/1663401769-Car-Paint-Supplier-Company-Profile-Manufacturer-China.jpg\" alt=\"\" width=\"900\" height=\"958\" title=\"\" srcset=\"https:\/\/www.supersybon.com\/es\/wp-content\/uploads\/2022\/09\/1663401769-Car-Paint-Supplier-Company-Profile-Manufacturer-China.jpg 900w, https:\/\/www.supersybon.com\/es\/wp-content\/uploads\/2022\/09\/1663401769-Car-Paint-Supplier-Company-Profile-Manufacturer-China-480x511.jpg 480w\" sizes=\"(min-width: 0px) and (max-width: 480px) 480px, (min-width: 481px) 900px, 100vw\" \/><\/p>\n<div class=\"magic-13\">\n<div class=\"magic-14\">\n<p><strong>Preguntas m\u00e1s frecuentes<\/strong><\/p>\n<hr \/>\n<\/div>\n<\/div>\n<p>P: \u00bfCu\u00e1l es su MOQ?<\/p>\n<p>R: Nuestro pedido m\u00ednimo es de 1 caja de cart\u00f3n.<\/p>\n<p>P: \u00bfQu\u00e9 hay de su pago?<\/p>\n<p>R: dep\u00f3sito del 50% por adelantado, saldo del 50% por T\/T, L\/C, paypal, Western Union o antes del env\u00edo.<\/p>\n<p>P: \u00bfProporcionan muestras?<\/p>\n<p>R: S\u00ed, puede comprar una muestra para probarla.<\/p>\n<p>P: \u00bfQu\u00e9 hay de su tiempo de entrega?<\/p>\n<p>R: generalmente 15 d\u00edas despu\u00e9s de recibir su dep\u00f3sito.<\/p>\n<\/div>\n<\/div>\n","protected":false},"excerpt":{"rendered":"<p>1. El papel de lija de malla abrasiva cer\u00e1mica est\u00e1 hecho de fibra de poli\u00e9ster de alta resistencia, con un potente efecto de pulido y una resistencia al desgaste de 5 a 8 veces superior a la del papel de lija convencional.<br \/>\n2. Es adecuado para el pulido de masilla, revestimientos intermedios y barnices, as\u00ed como para el pulido de materiales compuestos, corcho de aluminio ligero, paredes de yeso y tableros de densidad media, evitando la acumulaci\u00f3n de polvo da\u00f1ino.<br \/>\n3. Buena resistencia al desgaste. Las part\u00edculas superficiales de la malla de lija son de alta dureza, lo que dificulta su desprendimiento y ofrece un pulido afilado y duradero.<br \/>\n4. Buen efecto de aspiraci\u00f3n. Tiene un fuerte efecto antibloqueo y reduce la acumulaci\u00f3n de polvo.<\/p>\n","protected":false},"featured_media":3762,"template":"","meta":{"_et_pb_use_builder":"","_et_pb_old_content":"","_et_gb_content_width":""},"product_brand":[],"product_cat":[67,69],"product_tag":[556,557],"class_list":{"0":"post-3753","1":"product","2":"type-product","3":"status-publish","4":"has-post-thumbnail","6":"product_cat-serie-de-reparacion-de-automoviles","7":"product_cat-papel-de-lija","8":"product_tag-discos-de-lijado-de-5-6","9":"product_tag-hook-and-loop-6-17-agujeros-papel-de-lija","11":"first","12":"instock","13":"shipping-taxable","14":"product-type-simple"},"_links":{"self":[{"href":"https:\/\/www.supersybon.com\/es\/wp-json\/wp\/v2\/product\/3753","targetHints":{"allow":["GET"]}}],"collection":[{"href":"https:\/\/www.supersybon.com\/es\/wp-json\/wp\/v2\/product"}],"about":[{"href":"https:\/\/www.supersybon.com\/es\/wp-json\/wp\/v2\/types\/product"}],"wp:featuredmedia":[{"embeddable":true,"href":"https:\/\/www.supersybon.com\/es\/wp-json\/wp\/v2\/media\/3762"}],"wp:attachment":[{"href":"https:\/\/www.supersybon.com\/es\/wp-json\/wp\/v2\/media?parent=3753"}],"wp:term":[{"taxonomy":"product_brand","embeddable":true,"href":"https:\/\/www.supersybon.com\/es\/wp-json\/wp\/v2\/product_brand?post=3753"},{"taxonomy":"product_cat","embeddable":true,"href":"https:\/\/www.supersybon.com\/es\/wp-json\/wp\/v2\/product_cat?post=3753"},{"taxonomy":"product_tag","embeddable":true,"href":"https:\/\/www.supersybon.com\/es\/wp-json\/wp\/v2\/product_tag?post=3753"}],"curies":[{"name":"wp","href":"https:\/\/api.w.org\/{rel}","templated":true}]}}