{"id":3745,"date":"2025-12-05T11:34:45","date_gmt":"2025-12-05T03:34:45","guid":{"rendered":"https:\/\/www.supersybon.com\/es\/?post_type=product&#038;p=3745"},"modified":"2025-12-05T11:47:21","modified_gmt":"2025-12-05T03:47:21","slug":"v660-v62000-disco-de-lija-ceramico-morado-p60-p2000-de-150-mm-y-6-pulgadas-con-velcro-para-automocion","status":"publish","type":"product","link":"https:\/\/www.supersybon.com\/es\/product\/v660-v62000-disco-de-lija-ceramico-morado-p60-p2000-de-150-mm-y-6-pulgadas-con-velcro-para-automocion","title":{"rendered":"V660-V62000 Disco de lija cer\u00e1mico morado P60-P2000 de 150 mm y 6 pulgadas con velcro para automoci\u00f3n."},"content":{"rendered":"<p><iframe title=\"Purple Ceramic Sanding Disc \u2014 Quality Meets Value!\" width=\"1080\" height=\"608\" src=\"https:\/\/www.youtube.com\/embed\/bN9BNf1eVfk?feature=oembed\"  allow=\"accelerometer; autoplay; clipboard-write; encrypted-media; gyroscope; picture-in-picture; web-share\" referrerpolicy=\"strict-origin-when-cross-origin\" allowfullscreen><\/iframe><\/p>\n<p><img decoding=\"async\" class=\"aligncenter size-full wp-image-3749\" src=\"https:\/\/www.supersybon.com\/es\/wp-content\/uploads\/2025\/12\/1764905789-Professional-Sandpaper-for-6-inch-6-Hole-Random-Orbital-Sanding-Machines.jpg\" alt=\"Papel de lija profesional para lijadoras orbitales aleatorias de 6 pulgadas y 6 agujeros\" width=\"750\" height=\"302\" title=\"\" srcset=\"https:\/\/www.supersybon.com\/es\/wp-content\/uploads\/2025\/12\/1764905789-Professional-Sandpaper-for-6-inch-6-Hole-Random-Orbital-Sanding-Machines.jpg 750w, https:\/\/www.supersybon.com\/es\/wp-content\/uploads\/2025\/12\/1764905789-Professional-Sandpaper-for-6-inch-6-Hole-Random-Orbital-Sanding-Machines-480x193.jpg 480w\" sizes=\"(min-width: 0px) and (max-width: 480px) 480px, (min-width: 481px) 750px, 100vw\" \/><\/p>\n<p>&nbsp;<\/p>\n<h2><strong>Papel de lija P60-P2000 al por mayor, disco de lija cer\u00e1mico morado de 150 mm y 6 pulgadas, discos abrasivos con velcro para automoci\u00f3n.<\/strong><\/h2>\n<p>Ventajas:<\/p>\n<p>1. Amplia gama de modelos: compatible con todas las lijadoras orbitales aleatorias de 6\" y 17 agujeros.<br \/>\n2. Alta calidad: material abrasivo cer\u00e1mico de alta calidad, con revestimiento antiobstrucci\u00f3n, base de papel de pel\u00edcula de poli\u00e9ster y adhesivo de alta calidad que mejora el rendimiento del producto, ofrece un buen efecto de lijado y una larga vida \u00fatil, de 3 a 5 veces m\u00e1s que el papel de lija convencional.<br \/>\n3. Abrasivos cer\u00e1micos de alta calidad: los abrasivos cer\u00e1micos son duros y resistentes, con autoafilado, lo que garantiza la nitidez de los granos abrasivos durante el uso, un gran poder de corte y una mayor eficiencia. Adem\u00e1s, mejoran el efecto de lijado y reducen los ara\u00f1azos. Su larga vida \u00fatil reduce la necesidad de reemplazos.<\/p>\n<div class=\"magic-13\">\n<div class=\"magic-14\">\n<div class=\"magic-15\" data-id=\"paragraph0\"><img decoding=\"async\" class=\"aligncenter size-full wp-image-3746\" src=\"https:\/\/www.supersybon.com\/es\/wp-content\/uploads\/2025\/12\/1764905773-6-Inch-6-Holes-Purple-Surfaces-Polish-Self-Adhesive-Round-Hook-And-Loop-Abrasive-Tools-Sandpaper-Sanding-Discs.jpg\" alt=\"Discos de lija de 6 pulgadas, 6 agujeros, color morado, para pulir superficies, autoadhesivos, redondos, con velcro, abrasivos, papel de lija\" width=\"800\" height=\"800\" title=\"\" srcset=\"https:\/\/www.supersybon.com\/es\/wp-content\/uploads\/2025\/12\/1764905773-6-Inch-6-Holes-Purple-Surfaces-Polish-Self-Adhesive-Round-Hook-And-Loop-Abrasive-Tools-Sandpaper-Sanding-Discs.jpg 800w, https:\/\/www.supersybon.com\/es\/wp-content\/uploads\/2025\/12\/1764905773-6-Inch-6-Holes-Purple-Surfaces-Polish-Self-Adhesive-Round-Hook-And-Loop-Abrasive-Tools-Sandpaper-Sanding-Discs-480x480.jpg 480w\" sizes=\"(min-width: 0px) and (max-width: 480px) 480px, (min-width: 481px) 800px, 100vw\" \/> <img decoding=\"async\" class=\"aligncenter size-full wp-image-3750\" src=\"https:\/\/www.supersybon.com\/es\/wp-content\/uploads\/2025\/12\/1764905795-Purple-multi-holes-abrasive-wholesale-sandpaper-polishing-disc.jpg\" alt=\"Disco de lija abrasivo morado con m\u00faltiples agujeros para pulir al por mayor\" width=\"800\" height=\"800\" title=\"\" srcset=\"https:\/\/www.supersybon.com\/es\/wp-content\/uploads\/2025\/12\/1764905795-Purple-multi-holes-abrasive-wholesale-sandpaper-polishing-disc.jpg 800w, https:\/\/www.supersybon.com\/es\/wp-content\/uploads\/2025\/12\/1764905795-Purple-multi-holes-abrasive-wholesale-sandpaper-polishing-disc-480x480.jpg 480w\" sizes=\"(min-width: 0px) and (max-width: 480px) 480px, (min-width: 481px) 800px, 100vw\" \/> <img decoding=\"async\" class=\"aligncenter size-full wp-image-3751\" src=\"https:\/\/www.supersybon.com\/es\/wp-content\/uploads\/2025\/12\/1764905800-Quality-sand-paper-disc-abrasive-tools-hook-and-loop-sanding-disc-150mm.jpg\" alt=\"Disco de lija de calidad, herramientas abrasivas, disco de lijado con velcro, 150 mm\" width=\"800\" height=\"800\" title=\"\" srcset=\"https:\/\/www.supersybon.com\/es\/wp-content\/uploads\/2025\/12\/1764905800-Quality-sand-paper-disc-abrasive-tools-hook-and-loop-sanding-disc-150mm.jpg 800w, https:\/\/www.supersybon.com\/es\/wp-content\/uploads\/2025\/12\/1764905800-Quality-sand-paper-disc-abrasive-tools-hook-and-loop-sanding-disc-150mm-480x480.jpg 480w\" sizes=\"(min-width: 0px) and (max-width: 480px) 480px, (min-width: 481px) 800px, 100vw\" \/> <img decoding=\"async\" class=\"aligncenter size-full wp-image-3752\" src=\"https:\/\/www.supersybon.com\/es\/wp-content\/uploads\/2025\/12\/1764905805-Wholesale-Sandpaper-P60-P2000-Purple-Ceramic-Sanding-Disc-150mm-6-inch-Hook-and-Loop-Sanding-Paper-Abrasive-Discs-for-Automotive.jpg\" alt=\"Venta al por mayor de discos de lija cer\u00e1micos P60-P2000 morados de 150 mm y 6 pulgadas con cierre de velcro para automoci\u00f3n\" width=\"800\" height=\"800\" title=\"\" srcset=\"https:\/\/www.supersybon.com\/es\/wp-content\/uploads\/2025\/12\/1764905805-Wholesale-Sandpaper-P60-P2000-Purple-Ceramic-Sanding-Disc-150mm-6-inch-Hook-and-Loop-Sanding-Paper-Abrasive-Discs-for-Automotive.jpg 800w, https:\/\/www.supersybon.com\/es\/wp-content\/uploads\/2025\/12\/1764905805-Wholesale-Sandpaper-P60-P2000-Purple-Ceramic-Sanding-Disc-150mm-6-inch-Hook-and-Loop-Sanding-Paper-Abrasive-Discs-for-Automotive-480x480.jpg 480w\" sizes=\"(min-width: 0px) and (max-width: 480px) 480px, (min-width: 481px) 800px, 100vw\" \/><img decoding=\"async\" class=\"aligncenter size-full wp-image-3747\" src=\"https:\/\/www.supersybon.com\/es\/wp-content\/uploads\/2025\/12\/1764905779-6-Inch-Sanding-Discs-Sandpaper-6-Holes-Hook-and-Loop-Sandpaper.jpg\" alt=\"Discos de lija de 6 pulgadas, papel de lija con 6 agujeros y cierre de velcro\" width=\"800\" height=\"800\" title=\"\" srcset=\"https:\/\/www.supersybon.com\/es\/wp-content\/uploads\/2025\/12\/1764905779-6-Inch-Sanding-Discs-Sandpaper-6-Holes-Hook-and-Loop-Sandpaper.jpg 800w, https:\/\/www.supersybon.com\/es\/wp-content\/uploads\/2025\/12\/1764905779-6-Inch-Sanding-Discs-Sandpaper-6-Holes-Hook-and-Loop-Sandpaper-480x480.jpg 480w\" sizes=\"(min-width: 0px) and (max-width: 480px) 480px, (min-width: 481px) 800px, 100vw\" \/><\/div>\n<div class=\"magic-15\" data-id=\"paragraph0\"><\/div>\n<\/div>\n<\/div>\n<div class=\"magic-13\">\n<div class=\"magic-14\">\n<div class=\"magic-9\">\n<div class=\"magic-10\">\n<p>&nbsp;<\/p>\n<\/div>\n<\/div>\n<\/div>\n<\/div>\n<div class=\"magic-13\">\n<div class=\"magic-14\">\n<div data-spm-anchor-id=\"a2700.details.0.i37.625d2e9eLtZffL\">\n<p><strong>Embalaje y servicio de productos<br \/>\n<\/strong><\/p>\n<hr \/>\n<p><strong>PAQUETE :<br \/>\n<\/strong><\/p>\n<p>100 piezas por caja.<\/p>\n<div class=\"magic-13\">\n<div class=\"magic-14\">\n<div class=\"magic-9\">\n<div class=\"magic-10\">\n<div class=\"magic-13\">\n<div class=\"magic-14\">\n<div class=\"magic-9\">\n<div class=\"magic-10\">\n<p>&nbsp;<\/p>\n<\/div>\n<\/div>\n<\/div>\n<\/div>\n<div class=\"magic-13\">\n<div class=\"magic-14\">\n<div data-spm-anchor-id=\"a2700.details.0.i37.625d2e9eLtZffL\">\n<p><img decoding=\"async\" class=\"aligncenter size-full wp-image-3748\" src=\"https:\/\/www.supersybon.com\/es\/wp-content\/uploads\/2025\/12\/1764905784-Manufacturers-wholesale-sandpaper-6-inch-purple-disc-cyclone-hole-old-paint-removal-dust-free-flocking-sanding-sandpaper.jpg\" alt=\"Fabricantes - Venta al por mayor - Papel de lija - Disco morado de 6 pulgadas - Agujero cicl\u00f3nico - Eliminaci\u00f3n de pintura vieja - Lijado flocado sin polvo - Papel de lija\" width=\"800\" height=\"800\" title=\"\" srcset=\"https:\/\/www.supersybon.com\/es\/wp-content\/uploads\/2025\/12\/1764905784-Manufacturers-wholesale-sandpaper-6-inch-purple-disc-cyclone-hole-old-paint-removal-dust-free-flocking-sanding-sandpaper.jpg 800w, https:\/\/www.supersybon.com\/es\/wp-content\/uploads\/2025\/12\/1764905784-Manufacturers-wholesale-sandpaper-6-inch-purple-disc-cyclone-hole-old-paint-removal-dust-free-flocking-sanding-sandpaper-480x480.jpg 480w\" sizes=\"(min-width: 0px) and (max-width: 480px) 480px, (min-width: 481px) 800px, 100vw\" \/><\/p>\n<p>&nbsp;<\/p>\n<\/div>\n<\/div>\n<\/div>\n<\/div>\n<\/div>\n<\/div>\n<\/div>\n<div class=\"magic-13\">\n<div class=\"magic-14\">\n<div data-spm-anchor-id=\"a2700.details.0.i37.625d2e9eLtZffL\">\n<p><strong>NUESTRO SERVICIO:<br \/>\n<\/strong><\/p>\n<p>1.24 horas en l\u00ednea<\/p>\n<p>2. Precio competitivo<\/p>\n<p>3. Excelentes comentarios del cliente<\/p>\n<p>4. Pedidos en l\u00ednea seguros<\/p>\n<p>5. Entrega r\u00e1pida<\/p>\n<p>6. Soporte t\u00e9cnico profesional<\/p>\n<\/div>\n<\/div>\n<\/div>\n<\/div>\n<div class=\"magic-13\">\n<div class=\"magic-14\">\n<div class=\"magic-9\">\n<div class=\"magic-10\">\n<div class=\"magic-13\">\n<div class=\"magic-14\">\n<div data-spm-anchor-id=\"a2700.details.0.i37.625d2e9eLtZffL\">\n<div class=\"magic-13\">\n<div class=\"magic-14\">\n<div class=\"magic-9\">\n<div class=\"magic-10\">\n<div class=\"magic-13\">\n<div class=\"magic-14\">\n<div data-spm-anchor-id=\"a2700.details.0.i37.625d2e9eLtZffL\">\n<p>&nbsp;<\/p>\n<\/div>\n<\/div>\n<\/div>\n<\/div>\n<\/div>\n<\/div>\n<\/div>\n<div class=\"magic-13\">\n<div class=\"magic-14\">\n<p>&nbsp;<\/p>\n<\/div>\n<\/div>\n<\/div>\n<\/div>\n<\/div>\n<\/div>\n<\/div>\n<\/div>\n<\/div>\n<div class=\"magic-13\">\n<div class=\"magic-14\">\n<p><strong>Perfil de la empresa<br \/>\n<\/strong><\/p>\n<hr \/>\n<p>&nbsp;<\/p>\n<\/div>\n<\/div>\n<p><img decoding=\"async\" class=\"aligncenter size-full wp-image-324\" src=\"https:\/\/www.supersybon.com\/es\/wp-content\/uploads\/2022\/09\/1663401769-Car-Paint-Supplier-Company-Profile-Manufacturer-China.jpg\" alt=\"\" width=\"900\" height=\"958\" title=\"\" srcset=\"https:\/\/www.supersybon.com\/es\/wp-content\/uploads\/2022\/09\/1663401769-Car-Paint-Supplier-Company-Profile-Manufacturer-China.jpg 900w, https:\/\/www.supersybon.com\/es\/wp-content\/uploads\/2022\/09\/1663401769-Car-Paint-Supplier-Company-Profile-Manufacturer-China-480x511.jpg 480w\" sizes=\"(min-width: 0px) and (max-width: 480px) 480px, (min-width: 481px) 900px, 100vw\" \/><\/p>\n<div class=\"magic-13\">\n<div class=\"magic-14\">\n<p><strong>Preguntas m\u00e1s frecuentes<\/strong><\/p>\n<hr \/>\n<\/div>\n<\/div>\n<p>P: \u00bfCu\u00e1l es su MOQ?<\/p>\n<p>R: Nuestro pedido m\u00ednimo es de 1 caja de cart\u00f3n.<\/p>\n<p>P: \u00bfQu\u00e9 hay de su pago?<\/p>\n<p>R: dep\u00f3sito del 50% por adelantado, saldo del 50% por T\/T, L\/C, paypal, Western Union o antes del env\u00edo.<\/p>\n<p>P: \u00bfProporcionan muestras?<\/p>\n<p>R: S\u00ed, puede comprar una muestra para probarla.<\/p>\n<p>P: \u00bfQu\u00e9 hay de su tiempo de entrega?<\/p>\n<p>R: generalmente 15 d\u00edas despu\u00e9s de recibir su dep\u00f3sito.<\/p>\n<\/div>\n<\/div>\n","protected":false},"excerpt":{"rendered":"<p>Disco de lija cer\u00e1mico morado<br \/>\n\u00b7Corte r\u00e1pido, larga vida \u00fatil.<br \/>\n\u00b7Funciona bien en muchas superficies.<br \/>\n\u00b7Lijado agresivo con extra durabilidad.<\/p>\n","protected":false},"featured_media":3746,"template":"","meta":{"_et_pb_use_builder":"","_et_pb_old_content":"","_et_gb_content_width":""},"product_brand":[],"product_cat":[67,69],"product_tag":[1210],"class_list":{"0":"post-3745","1":"product","2":"type-product","3":"status-publish","4":"has-post-thumbnail","6":"product_cat-serie-de-reparacion-de-automoviles","7":"product_cat-papel-de-lija","8":"product_tag-disco-de-lija-ceramico-morado","10":"first","11":"instock","12":"shipping-taxable","13":"product-type-simple"},"_links":{"self":[{"href":"https:\/\/www.supersybon.com\/es\/wp-json\/wp\/v2\/product\/3745","targetHints":{"allow":["GET"]}}],"collection":[{"href":"https:\/\/www.supersybon.com\/es\/wp-json\/wp\/v2\/product"}],"about":[{"href":"https:\/\/www.supersybon.com\/es\/wp-json\/wp\/v2\/types\/product"}],"wp:featuredmedia":[{"embeddable":true,"href":"https:\/\/www.supersybon.com\/es\/wp-json\/wp\/v2\/media\/3746"}],"wp:attachment":[{"href":"https:\/\/www.supersybon.com\/es\/wp-json\/wp\/v2\/media?parent=3745"}],"wp:term":[{"taxonomy":"product_brand","embeddable":true,"href":"https:\/\/www.supersybon.com\/es\/wp-json\/wp\/v2\/product_brand?post=3745"},{"taxonomy":"product_cat","embeddable":true,"href":"https:\/\/www.supersybon.com\/es\/wp-json\/wp\/v2\/product_cat?post=3745"},{"taxonomy":"product_tag","embeddable":true,"href":"https:\/\/www.supersybon.com\/es\/wp-json\/wp\/v2\/product_tag?post=3745"}],"curies":[{"name":"wp","href":"https:\/\/api.w.org\/{rel}","templated":true}]}}