{"id":3735,"date":"2025-12-05T11:23:22","date_gmt":"2025-12-05T03:23:22","guid":{"rendered":"https:\/\/www.supersybon.com\/es\/?post_type=product&#038;p=3735"},"modified":"2025-12-05T11:33:25","modified_gmt":"2025-12-05T03:33:25","slug":"vs-hojas-abrasivas-con-velcro-multiagujeros-de-70-x-400-420-mm-grado-p60-2500-violeta-para-lijado-automotriz","status":"publish","type":"product","link":"https:\/\/www.supersybon.com\/es\/product\/vs-hojas-abrasivas-con-velcro-multiagujeros-de-70-x-400-420-mm-grado-p60-2500-violeta-para-lijado-automotriz","title":{"rendered":"VS Hojas abrasivas con velcro multiagujeros de 70 x 400\/420 mm, grado P60-2500, violeta, para lijado automotriz"},"content":{"rendered":"<p><iframe title=\"Upgrade your sanding performance with SYBON Multi-Hole Purple Ceramic Automotive Sandpaper!\" width=\"1080\" height=\"608\" src=\"https:\/\/www.youtube.com\/embed\/gvKd_zH2yXs?feature=oembed\"  allow=\"accelerometer; autoplay; clipboard-write; encrypted-media; gyroscope; picture-in-picture; web-share\" referrerpolicy=\"strict-origin-when-cross-origin\" allowfullscreen><\/iframe><\/p>\n<p><img decoding=\"async\" class=\"aligncenter size-full wp-image-3739\" src=\"https:\/\/www.supersybon.com\/es\/wp-content\/uploads\/2025\/12\/1764905076-VS-Abrasive-Sheet-P60-2500-Grade-Automotive-Sanding-Sandpaper-for-Coating-Removal-Body-Repair-Auto-Sanding.jpg\" alt=\"Hoja abrasiva VS P60 de grado 2500 para lijado automotriz, eliminaci\u00f3n de revestimientos, reparaci\u00f3n de carrocer\u00edas y lijado de autom\u00f3viles\" width=\"750\" height=\"302\" title=\"\" srcset=\"https:\/\/www.supersybon.com\/es\/wp-content\/uploads\/2025\/12\/1764905076-VS-Abrasive-Sheet-P60-2500-Grade-Automotive-Sanding-Sandpaper-for-Coating-Removal-Body-Repair-Auto-Sanding.jpg 750w, https:\/\/www.supersybon.com\/es\/wp-content\/uploads\/2025\/12\/1764905076-VS-Abrasive-Sheet-P60-2500-Grade-Automotive-Sanding-Sandpaper-for-Coating-Removal-Body-Repair-Auto-Sanding-480x193.jpg 480w\" sizes=\"(min-width: 0px) and (max-width: 480px) 480px, (min-width: 481px) 750px, 100vw\" \/><\/p>\n<p>&nbsp;<\/p>\n<h2><strong>Hojas abrasivas con velcro multiagujeros<\/strong><\/h2>\n<p>Ventajas:<\/p>\n<p>1. Rendimiento superior: Obtenga un corte un 30 % m\u00e1s r\u00e1pido y una vida \u00fatil un 30 % mayor con la hoja de lija SYBON.<br \/>\n2. Excelente extracci\u00f3n de polvo: El patr\u00f3n multiagujeros maximiza la extracci\u00f3n de polvo.<br \/>\n3. Cambio r\u00e1pido: El accesorio de velcro se fija firmemente y se retira r\u00e1pidamente para una mayor eficiencia.<br \/>\n4. Menor presi\u00f3n requerida: Corte afilado gracias a los granos de precisi\u00f3n que producen excelentes resultados con una presi\u00f3n menor.<br \/>\n5. Solo para uso industrial\/profesional.<\/p>\n<div class=\"magic-13\">\n<div class=\"magic-14\">\n<div class=\"magic-15\" data-id=\"paragraph0\"><img decoding=\"async\" class=\"aligncenter size-full wp-image-3744\" src=\"https:\/\/www.supersybon.com\/es\/wp-content\/uploads\/2025\/12\/1764905099-VS-Violet-Abrasive-Sheet-Multi-Hole-Automotive-Sanding-Sandpaper-for-Coating-Removal-Body-Repair-Auto-Sanding.jpg\" alt=\"Hoja abrasiva violeta VS, papel de lija multiagujero para lijado automotriz, eliminaci\u00f3n de revestimientos, reparaci\u00f3n de carrocer\u00edas y lijado de autom\u00f3viles\" width=\"800\" height=\"800\" title=\"\" srcset=\"https:\/\/www.supersybon.com\/es\/wp-content\/uploads\/2025\/12\/1764905099-VS-Violet-Abrasive-Sheet-Multi-Hole-Automotive-Sanding-Sandpaper-for-Coating-Removal-Body-Repair-Auto-Sanding.jpg 800w, https:\/\/www.supersybon.com\/es\/wp-content\/uploads\/2025\/12\/1764905099-VS-Violet-Abrasive-Sheet-Multi-Hole-Automotive-Sanding-Sandpaper-for-Coating-Removal-Body-Repair-Auto-Sanding-480x480.jpg 480w\" sizes=\"(min-width: 0px) and (max-width: 480px) 480px, (min-width: 481px) 800px, 100vw\" \/> <img decoding=\"async\" class=\"aligncenter size-full wp-image-3736\" src=\"https:\/\/www.supersybon.com\/es\/wp-content\/uploads\/2025\/12\/1764905059-VS-70x400mm-Abrasive-strips-Factory-Supply-Sandpaper-Multi-Holes-Hook-And-Loop-Abrasive-Purple-Sanding-Paper.jpg\" alt=\"Tiras abrasivas VS-70x400 mm, papel de lija de f\u00e1brica, con m\u00faltiples agujeros, con velcro, abrasivo morado\" width=\"750\" height=\"750\" title=\"\" srcset=\"https:\/\/www.supersybon.com\/es\/wp-content\/uploads\/2025\/12\/1764905059-VS-70x400mm-Abrasive-strips-Factory-Supply-Sandpaper-Multi-Holes-Hook-And-Loop-Abrasive-Purple-Sanding-Paper.jpg 750w, https:\/\/www.supersybon.com\/es\/wp-content\/uploads\/2025\/12\/1764905059-VS-70x400mm-Abrasive-strips-Factory-Supply-Sandpaper-Multi-Holes-Hook-And-Loop-Abrasive-Purple-Sanding-Paper-480x480.jpg 480w\" sizes=\"(min-width: 0px) and (max-width: 480px) 480px, (min-width: 481px) 750px, 100vw\" \/> <img decoding=\"async\" class=\"aligncenter size-full wp-image-3740\" src=\"https:\/\/www.supersybon.com\/es\/wp-content\/uploads\/2025\/12\/1764905080-VS-Hook-loop-purple-sand-paper-sheet-abrasive-paper-violet-polishing-multi-holes-sand-sheet.jpg\" alt=\"Papel de lija violeta con velcro VS, papel abrasivo violeta para pulir con m\u00faltiples agujeros\" width=\"750\" height=\"750\" title=\"\" srcset=\"https:\/\/www.supersybon.com\/es\/wp-content\/uploads\/2025\/12\/1764905080-VS-Hook-loop-purple-sand-paper-sheet-abrasive-paper-violet-polishing-multi-holes-sand-sheet.jpg 750w, https:\/\/www.supersybon.com\/es\/wp-content\/uploads\/2025\/12\/1764905080-VS-Hook-loop-purple-sand-paper-sheet-abrasive-paper-violet-polishing-multi-holes-sand-sheet-480x480.jpg 480w\" sizes=\"(min-width: 0px) and (max-width: 480px) 480px, (min-width: 481px) 750px, 100vw\" \/> <img decoding=\"async\" class=\"aligncenter size-full wp-image-3741\" src=\"https:\/\/www.supersybon.com\/es\/wp-content\/uploads\/2025\/12\/1764905085-VS-P60-2000-Grit-Sandpaper-Heavy-Duty-Sticky-back-Adhesive-Longboard-Sanding-Sand-Paper-for-Wood-Metal-Autobody-Paint-Air-Sanders.jpg\" alt=\"Papel de lija VS-P60 de grano 2000, resistente, adhesivo para longboard, lijado de madera, metal, carrocer\u00eda y pintura, lijadoras neum\u00e1ticas\" width=\"800\" height=\"800\" title=\"\" srcset=\"https:\/\/www.supersybon.com\/es\/wp-content\/uploads\/2025\/12\/1764905085-VS-P60-2000-Grit-Sandpaper-Heavy-Duty-Sticky-back-Adhesive-Longboard-Sanding-Sand-Paper-for-Wood-Metal-Autobody-Paint-Air-Sanders.jpg 800w, https:\/\/www.supersybon.com\/es\/wp-content\/uploads\/2025\/12\/1764905085-VS-P60-2000-Grit-Sandpaper-Heavy-Duty-Sticky-back-Adhesive-Longboard-Sanding-Sand-Paper-for-Wood-Metal-Autobody-Paint-Air-Sanders-480x480.jpg 480w\" sizes=\"(min-width: 0px) and (max-width: 480px) 480px, (min-width: 481px) 800px, 100vw\" \/><\/div>\n<\/div>\n<\/div>\n<div data-id=\"paragraph0\"><\/div>\n<div class=\"magic-13\">\n<div class=\"magic-14\">\n<div class=\"magic-9\">\n<div class=\"magic-10\">\n<p>&nbsp;<\/p>\n<p>&nbsp;<\/p>\n<p>&nbsp;<\/p>\n<p>&nbsp;<\/p>\n<p>&nbsp;<\/p>\n<p><strong>Embalaje y servicio de productos<br \/>\n<\/strong><\/p>\n<hr \/>\n<p><strong>PAQUETE :<br \/>\n<\/strong><\/p>\n<p>1000 piezas\/cart\u00f3n.<\/p>\n<p>&nbsp;<\/p>\n<\/div>\n<\/div>\n<\/div>\n<\/div>\n<div class=\"magic-13\">\n<div class=\"magic-14\">\n<div data-spm-anchor-id=\"a2700.details.0.i37.625d2e9eLtZffL\"><img decoding=\"async\" class=\"aligncenter size-full wp-image-3742\" src=\"https:\/\/www.supersybon.com\/es\/wp-content\/uploads\/2025\/12\/1764905090-VS-Purple-70-mm-x-400-mm-P60-P2000-Grit-Clean-Sanding-Sheet.jpg\" alt=\"Hoja de lija limpia VS-P\u00farpura-70-mm-x-400-mm-P60-P2000-Grit\" width=\"750\" height=\"750\" title=\"\" srcset=\"https:\/\/www.supersybon.com\/es\/wp-content\/uploads\/2025\/12\/1764905090-VS-Purple-70-mm-x-400-mm-P60-P2000-Grit-Clean-Sanding-Sheet.jpg 750w, https:\/\/www.supersybon.com\/es\/wp-content\/uploads\/2025\/12\/1764905090-VS-Purple-70-mm-x-400-mm-P60-P2000-Grit-Clean-Sanding-Sheet-480x480.jpg 480w\" sizes=\"(min-width: 0px) and (max-width: 480px) 480px, (min-width: 481px) 750px, 100vw\" \/><\/div>\n<div data-spm-anchor-id=\"a2700.details.0.i37.625d2e9eLtZffL\">\n<div class=\"magic-13\">\n<div class=\"magic-14\">\n<div class=\"magic-9\">\n<div class=\"magic-10\">\n<p>&nbsp;<\/p>\n<\/div>\n<\/div>\n<\/div>\n<\/div>\n<div class=\"magic-13\">\n<div class=\"magic-14\">\n<div data-spm-anchor-id=\"a2700.details.0.i37.625d2e9eLtZffL\">\n<p>&nbsp;<\/p>\n<p><strong>NUESTRO SERVICIO:<br \/>\n<\/strong><\/p>\n<p>1.24 horas en l\u00ednea<\/p>\n<p>2. Precio competitivo<\/p>\n<p>3. Excelentes comentarios del cliente<\/p>\n<p>4. Pedidos en l\u00ednea seguros<\/p>\n<p>5. Entrega r\u00e1pida<\/p>\n<p>6. Soporte t\u00e9cnico profesional<\/p>\n<\/div>\n<\/div>\n<\/div>\n<\/div>\n<div class=\"magic-13\">\n<div class=\"magic-14\">\n<div class=\"magic-9\">\n<div class=\"magic-10\">\n<p>&nbsp;<\/p>\n<p>&nbsp;<\/p>\n<\/div>\n<\/div>\n<\/div>\n<\/div>\n<div class=\"magic-13\">\n<div class=\"magic-14\">\n<p><strong>Perfil de la empresa<br \/>\n<\/strong><\/p>\n<hr \/>\n<p>&nbsp;<\/p>\n<\/div>\n<\/div>\n<p><img decoding=\"async\" class=\"aligncenter size-full wp-image-324\" src=\"https:\/\/www.supersybon.com\/es\/wp-content\/uploads\/2022\/09\/1663401769-Car-Paint-Supplier-Company-Profile-Manufacturer-China.jpg\" alt=\"\" width=\"900\" height=\"958\" title=\"\" srcset=\"https:\/\/www.supersybon.com\/es\/wp-content\/uploads\/2022\/09\/1663401769-Car-Paint-Supplier-Company-Profile-Manufacturer-China.jpg 900w, https:\/\/www.supersybon.com\/es\/wp-content\/uploads\/2022\/09\/1663401769-Car-Paint-Supplier-Company-Profile-Manufacturer-China-480x511.jpg 480w\" sizes=\"(min-width: 0px) and (max-width: 480px) 480px, (min-width: 481px) 900px, 100vw\" \/><\/p>\n<div class=\"magic-13\">\n<div class=\"magic-14\">\n<p><strong>Preguntas m\u00e1s frecuentes<\/strong><\/p>\n<hr \/>\n<\/div>\n<\/div>\n<p>P: \u00bfCu\u00e1l es su MOQ?<\/p>\n<p>R: Nuestro pedido m\u00ednimo es de 1 caja de cart\u00f3n.<\/p>\n<p>P: \u00bfQu\u00e9 hay de su pago?<\/p>\n<p>R: dep\u00f3sito del 50% por adelantado, saldo del 50% por T\/T, L\/C, paypal, Western Union o antes del env\u00edo.<\/p>\n<p>P: \u00bfProporcionan muestras?<\/p>\n<p>R: S\u00ed, puede comprar una muestra para probarla.<\/p>\n<p>P: \u00bfQu\u00e9 hay de su tiempo de entrega?<\/p>\n<p>R: generalmente 15 d\u00edas despu\u00e9s de recibir su dep\u00f3sito.<\/p>\n<\/div>\n<\/div>\n","protected":false},"excerpt":{"rendered":"<p>Hojas abrasivas con velcro multiagujeros<br \/>\n1. Rendimiento superior: Obtenga un corte un 30 % m\u00e1s r\u00e1pido y una vida \u00fatil un 30 % mayor con las hojas de lija SYBON<br \/>\n2. Excelente extracci\u00f3n de polvo: El patr\u00f3n de m\u00faltiples orificios maximiza la extracci\u00f3n de polvo<br \/>\n3. Cambio r\u00e1pido: El accesorio de velcro se fija firmemente y se retira r\u00e1pidamente para una mayor eficiencia<br \/>\n4. Menor presi\u00f3n requerida: Los granos de corte preciso y preciso producen excelentes resultados con una presi\u00f3n menor<br \/>\n5. Solo para uso industrial\/ocupacional.<\/p>\n","protected":false},"featured_media":3737,"template":"","meta":{"_et_pb_use_builder":"","_et_pb_old_content":"","_et_gb_content_width":""},"product_brand":[],"product_cat":[67,69],"product_tag":[1209],"class_list":{"0":"post-3735","1":"product","2":"type-product","3":"status-publish","4":"has-post-thumbnail","6":"product_cat-serie-de-reparacion-de-automoviles","7":"product_cat-papel-de-lija","8":"product_tag-hojas-abrasivas-con-velcro-multiagujeros","10":"first","11":"instock","12":"shipping-taxable","13":"product-type-simple"},"_links":{"self":[{"href":"https:\/\/www.supersybon.com\/es\/wp-json\/wp\/v2\/product\/3735","targetHints":{"allow":["GET"]}}],"collection":[{"href":"https:\/\/www.supersybon.com\/es\/wp-json\/wp\/v2\/product"}],"about":[{"href":"https:\/\/www.supersybon.com\/es\/wp-json\/wp\/v2\/types\/product"}],"wp:featuredmedia":[{"embeddable":true,"href":"https:\/\/www.supersybon.com\/es\/wp-json\/wp\/v2\/media\/3737"}],"wp:attachment":[{"href":"https:\/\/www.supersybon.com\/es\/wp-json\/wp\/v2\/media?parent=3735"}],"wp:term":[{"taxonomy":"product_brand","embeddable":true,"href":"https:\/\/www.supersybon.com\/es\/wp-json\/wp\/v2\/product_brand?post=3735"},{"taxonomy":"product_cat","embeddable":true,"href":"https:\/\/www.supersybon.com\/es\/wp-json\/wp\/v2\/product_cat?post=3735"},{"taxonomy":"product_tag","embeddable":true,"href":"https:\/\/www.supersybon.com\/es\/wp-json\/wp\/v2\/product_tag?post=3735"}],"curies":[{"name":"wp","href":"https:\/\/api.w.org\/{rel}","templated":true}]}}