{"id":3727,"date":"2025-12-05T11:12:49","date_gmt":"2025-12-05T03:12:49","guid":{"rendered":"https:\/\/www.supersybon.com\/es\/?post_type=product&#038;p=3727"},"modified":"2025-12-05T11:21:28","modified_gmt":"2025-12-05T03:21:28","slug":"hp101-estropajos-de-mano-scotch-brite-de-6-x-9-pulgadas-para-preparacion-de-superficies-lijado-y-limpieza","status":"publish","type":"product","link":"https:\/\/www.supersybon.com\/es\/product\/hp101-estropajos-de-mano-scotch-brite-de-6-x-9-pulgadas-para-preparacion-de-superficies-lijado-y-limpieza","title":{"rendered":"HP101 Estropajos de mano Scotch Brite de 6 x 9 pulgadas para preparaci\u00f3n de superficies, lijado y limpieza"},"content":{"rendered":"<p><iframe title=\"Scotch Brite Hand Pad 6 in x 9 in Scouring Pads for Surface Preparation, Scuffing, and Cleaning\" width=\"1080\" height=\"608\" src=\"https:\/\/www.youtube.com\/embed\/3pcdvd6ZJaQ?feature=oembed\"  allow=\"accelerometer; autoplay; clipboard-write; encrypted-media; gyroscope; picture-in-picture; web-share\" referrerpolicy=\"strict-origin-when-cross-origin\" allowfullscreen><\/iframe><\/p>\n<p><img decoding=\"async\" class=\"aligncenter size-full wp-image-3728\" src=\"https:\/\/www.supersybon.com\/es\/wp-content\/uploads\/2025\/12\/1764904416-HP101-6-x-9-Inch-Hand-Pads-Coarse-Medium-Fine-Superfine-Different-Specifications-Assortment-General-Purpose-Scouring-Pad.jpg\" alt=\"HP101 - Estropajos de mano de 6 x 9 pulgadas, gruesos, medianos, finos y superfinos, con diferentes especificaciones, surtidos, para uso general\" width=\"750\" height=\"302\" title=\"\" srcset=\"https:\/\/www.supersybon.com\/es\/wp-content\/uploads\/2025\/12\/1764904416-HP101-6-x-9-Inch-Hand-Pads-Coarse-Medium-Fine-Superfine-Different-Specifications-Assortment-General-Purpose-Scouring-Pad.jpg 750w, https:\/\/www.supersybon.com\/es\/wp-content\/uploads\/2025\/12\/1764904416-HP101-6-x-9-Inch-Hand-Pads-Coarse-Medium-Fine-Superfine-Different-Specifications-Assortment-General-Purpose-Scouring-Pad-480x193.jpg 480w\" sizes=\"(min-width: 0px) and (max-width: 480px) 480px, (min-width: 481px) 750px, 100vw\" \/><\/p>\n<p>&nbsp;<\/p>\n<h2><strong>Estropajos de mano<\/strong><\/h2>\n<p>1) Ideal para limpiar y eliminar rebabas, eliminando la pel\u00edcula de \u00f3xido del metal y las manchas de \u00f3xido. Desbaste previo a la aglutinaci\u00f3n de tableros de pintura y placas de acero delgadas, procesamiento de l\u00edneas finas de acero inoxidable y otros rastros de pulido.<br \/>\n2) Desoxidaci\u00f3n y rebabas, tratamiento de superficies de pintura, embutici\u00f3n de chapados, productos de aluminio, pulido de muebles de madera y embutici\u00f3n de pulido.<\/p>\n<p>Caracter\u00edsticas:<br \/>\n1. Buena impermeabilidad y resistencia al aceite.<br \/>\n2. Cortes en fr\u00edo: su estructura \u00fanica garantiza un enfriamiento eficiente, evitando la deformaci\u00f3n y decoloraci\u00f3n de la pieza por sobrecalentamiento.<br \/>\n3. Autoafilado: proceso de desbaste con p\u00e9rdida continua de fibra, formaci\u00f3n natural de mineral y desbaste continuo, lo que proporciona una calidad constante.<\/p>\n<p>Aplicaci\u00f3n del producto:<br \/>\n1. Procesamiento de metales<br \/>\n2. Procesamiento de madera<br \/>\n3. Procesamiento de materiales compuestos<br \/>\n4. Reacabado automotriz<br \/>\n5. Construcci\u00f3n y decoraci\u00f3n<br \/>\n6. Mecanizado manual<\/p>\n<div class=\"magic-13\">\n<div class=\"magic-14\">\n<div class=\"magic-15\" data-id=\"paragraph0\"><img decoding=\"async\" class=\"aligncenter size-full wp-image-3729\" src=\"https:\/\/www.supersybon.com\/es\/wp-content\/uploads\/2025\/12\/1764904420-HP101-6x9-Industrial-Scouring-Pad-Hand-Pad-for-Metal-Surface-Cleaning.jpg\" alt=\"HP101 - Estropajo industrial de 6&#039;&#039; x 9&#039;&#039; para limpieza de superficies met\u00e1licas\" width=\"750\" height=\"750\" title=\"\" srcset=\"https:\/\/www.supersybon.com\/es\/wp-content\/uploads\/2025\/12\/1764904420-HP101-6x9-Industrial-Scouring-Pad-Hand-Pad-for-Metal-Surface-Cleaning.jpg 750w, https:\/\/www.supersybon.com\/es\/wp-content\/uploads\/2025\/12\/1764904420-HP101-6x9-Industrial-Scouring-Pad-Hand-Pad-for-Metal-Surface-Cleaning-480x480.jpg 480w\" sizes=\"(min-width: 0px) and (max-width: 480px) 480px, (min-width: 481px) 750px, 100vw\" \/> <img decoding=\"async\" class=\"aligncenter size-full wp-image-3730\" src=\"https:\/\/www.supersybon.com\/es\/wp-content\/uploads\/2025\/12\/1764904424-HP101-Best-Quality-Abrasive-Scouring-Pad-Scouring-Pad-Scotch-Brite.jpg\" alt=\"HP101 - Estropajo abrasivo de la mejor calidad - Estropajo Scotch-Brite\" width=\"750\" height=\"750\" title=\"\" srcset=\"https:\/\/www.supersybon.com\/es\/wp-content\/uploads\/2025\/12\/1764904424-HP101-Best-Quality-Abrasive-Scouring-Pad-Scouring-Pad-Scotch-Brite.jpg 750w, https:\/\/www.supersybon.com\/es\/wp-content\/uploads\/2025\/12\/1764904424-HP101-Best-Quality-Abrasive-Scouring-Pad-Scouring-Pad-Scotch-Brite-480x480.jpg 480w\" sizes=\"(min-width: 0px) and (max-width: 480px) 480px, (min-width: 481px) 750px, 100vw\" \/> <img decoding=\"async\" class=\"aligncenter size-full wp-image-3731\" src=\"https:\/\/www.supersybon.com\/es\/wp-content\/uploads\/2025\/12\/1764904428-HP101-Scotch-Brite-Abrasive-Cleaning-Industry-Scouring-Pad-for-Polishing-Grinding-and-Finishing.jpg\" alt=\"HP101 - Estropajo abrasivo Scotch-Brite para pulido, amolado y acabado\" width=\"750\" height=\"750\" title=\"\" srcset=\"https:\/\/www.supersybon.com\/es\/wp-content\/uploads\/2025\/12\/1764904428-HP101-Scotch-Brite-Abrasive-Cleaning-Industry-Scouring-Pad-for-Polishing-Grinding-and-Finishing.jpg 750w, https:\/\/www.supersybon.com\/es\/wp-content\/uploads\/2025\/12\/1764904428-HP101-Scotch-Brite-Abrasive-Cleaning-Industry-Scouring-Pad-for-Polishing-Grinding-and-Finishing-480x480.jpg 480w\" sizes=\"(min-width: 0px) and (max-width: 480px) 480px, (min-width: 481px) 750px, 100vw\" \/> <img decoding=\"async\" class=\"aligncenter size-full wp-image-3733\" src=\"https:\/\/www.supersybon.com\/es\/wp-content\/uploads\/2025\/12\/1764904439-HP101-Scotch-Brite-Hand-Pad-6-in-x-9-in-Scouring-Pads-for-Surface-Preparation-Scuffing-and-Cleaning.jpg\" alt=\"HP101 - Estropajos Scotch-Brite de 15 x 23 cm para preparaci\u00f3n, lijado y limpieza de superficies\" width=\"750\" height=\"750\" title=\"\" srcset=\"https:\/\/www.supersybon.com\/es\/wp-content\/uploads\/2025\/12\/1764904439-HP101-Scotch-Brite-Hand-Pad-6-in-x-9-in-Scouring-Pads-for-Surface-Preparation-Scuffing-and-Cleaning.jpg 750w, https:\/\/www.supersybon.com\/es\/wp-content\/uploads\/2025\/12\/1764904439-HP101-Scotch-Brite-Hand-Pad-6-in-x-9-in-Scouring-Pads-for-Surface-Preparation-Scuffing-and-Cleaning-480x480.jpg 480w\" sizes=\"(min-width: 0px) and (max-width: 480px) 480px, (min-width: 481px) 750px, 100vw\" \/> <img decoding=\"async\" class=\"aligncenter size-full wp-image-3734\" src=\"https:\/\/www.supersybon.com\/es\/wp-content\/uploads\/2025\/12\/1764904444-HP101-Scotch-Brite-Hand-Sanding-Abrasive-Finishing-Scouring-Pads-For-General-Purpose.jpg\" alt=\"HP101 - Estropajos abrasivos Scotch-Brite para lijado manual y acabado general\" width=\"750\" height=\"750\" title=\"\" srcset=\"https:\/\/www.supersybon.com\/es\/wp-content\/uploads\/2025\/12\/1764904444-HP101-Scotch-Brite-Hand-Sanding-Abrasive-Finishing-Scouring-Pads-For-General-Purpose.jpg 750w, https:\/\/www.supersybon.com\/es\/wp-content\/uploads\/2025\/12\/1764904444-HP101-Scotch-Brite-Hand-Sanding-Abrasive-Finishing-Scouring-Pads-For-General-Purpose-480x480.jpg 480w\" sizes=\"(min-width: 0px) and (max-width: 480px) 480px, (min-width: 481px) 750px, 100vw\" \/><\/div>\n<\/div>\n<\/div>\n","protected":false},"excerpt":{"rendered":"<p>Estropajos de mano<br \/>\n1. Buena impermeabilidad y resistencia al aceite.<br \/>\n2. Cortes en fr\u00edo: estructuras \u00fanicas para un enfriamiento eficiente que evitan la deformaci\u00f3n y decoloraci\u00f3n de la pieza por sobrecalentamiento.<br \/>\n3. Rectificado autoafilante: proceso de rectificado con p\u00e9rdida continua de fibra, formaci\u00f3n natural de mineral y rectificado continuo de nuevo material, lo que proporciona una calidad constante.<\/p>\n","protected":false},"featured_media":3732,"template":"","meta":{"_et_pb_use_builder":"","_et_pb_old_content":"","_et_gb_content_width":""},"product_brand":[],"product_cat":[67,69],"product_tag":[1208],"class_list":{"0":"post-3727","1":"product","2":"type-product","3":"status-publish","4":"has-post-thumbnail","6":"product_cat-serie-de-reparacion-de-automoviles","7":"product_cat-papel-de-lija","8":"product_tag-esponja-abrasiva-scotch","10":"first","11":"instock","12":"shipping-taxable","13":"product-type-simple"},"_links":{"self":[{"href":"https:\/\/www.supersybon.com\/es\/wp-json\/wp\/v2\/product\/3727","targetHints":{"allow":["GET"]}}],"collection":[{"href":"https:\/\/www.supersybon.com\/es\/wp-json\/wp\/v2\/product"}],"about":[{"href":"https:\/\/www.supersybon.com\/es\/wp-json\/wp\/v2\/types\/product"}],"wp:featuredmedia":[{"embeddable":true,"href":"https:\/\/www.supersybon.com\/es\/wp-json\/wp\/v2\/media\/3732"}],"wp:attachment":[{"href":"https:\/\/www.supersybon.com\/es\/wp-json\/wp\/v2\/media?parent=3727"}],"wp:term":[{"taxonomy":"product_brand","embeddable":true,"href":"https:\/\/www.supersybon.com\/es\/wp-json\/wp\/v2\/product_brand?post=3727"},{"taxonomy":"product_cat","embeddable":true,"href":"https:\/\/www.supersybon.com\/es\/wp-json\/wp\/v2\/product_cat?post=3727"},{"taxonomy":"product_tag","embeddable":true,"href":"https:\/\/www.supersybon.com\/es\/wp-json\/wp\/v2\/product_tag?post=3727"}],"curies":[{"name":"wp","href":"https:\/\/api.w.org\/{rel}","templated":true}]}}