{"id":3699,"date":"2025-12-04T20:05:16","date_gmt":"2025-12-04T12:05:16","guid":{"rendered":"https:\/\/www.supersybon.com\/es\/?post_type=product&#038;p=3699"},"modified":"2025-12-04T20:12:51","modified_gmt":"2025-12-04T12:12:51","slug":"199bgt-papel-de-enmascarar-kraft-marron-con-cinta-verde-para-proteger-la-pintura-del-coche","status":"publish","type":"product","link":"https:\/\/www.supersybon.com\/es\/product\/199bgt-papel-de-enmascarar-kraft-marron-con-cinta-verde-para-proteger-la-pintura-del-coche","title":{"rendered":"199BGT Papel de enmascarar kraft marr\u00f3n con cinta verde para proteger la pintura del coche"},"content":{"rendered":"<p><img decoding=\"async\" class=\"aligncenter size-full wp-image-3705\" src=\"https:\/\/www.supersybon.com\/es\/wp-content\/uploads\/2025\/12\/1764850031-199BGT-Kertas-Masking-Kraft-Pra-Rekat-25m-Tahan-Air-Dan-Debu-Berkualitas-Tinggi-Coklat-Untuk-Pengecatan.jpg\" alt=\"199BGT - Papel de enmascarar kraft preadhesivo de 25 m, de alta calidad, resistente al agua y al polvo, color marr\u00f3n, para pintar\" width=\"750\" height=\"302\" title=\"\" srcset=\"https:\/\/www.supersybon.com\/es\/wp-content\/uploads\/2025\/12\/1764850031-199BGT-Kertas-Masking-Kraft-Pra-Rekat-25m-Tahan-Air-Dan-Debu-Berkualitas-Tinggi-Coklat-Untuk-Pengecatan.jpg 750w, https:\/\/www.supersybon.com\/es\/wp-content\/uploads\/2025\/12\/1764850031-199BGT-Kertas-Masking-Kraft-Pra-Rekat-25m-Tahan-Air-Dan-Debu-Berkualitas-Tinggi-Coklat-Untuk-Pengecatan-480x193.jpg 480w\" sizes=\"(min-width: 0px) and (max-width: 480px) 480px, (min-width: 481px) 750px, 100vw\" \/><\/p>\n<h2><strong>199BGT Papel de enmascarar kraft marr\u00f3n con cinta verde<\/strong><\/h2>\n<p>SYBON 199BGT Papel Kraft de Enmascarar Marr\u00f3n con Cinta Verde. DESCRIPCI\u00d3N:<br \/>\nNombre del producto: Papel Kraft de Enmascarar<br \/>\nLado del Adhesivo: Una Cara<br \/>\nColor: Papel Marr\u00f3n + Cinta Verde<br \/>\nTama\u00f1o: 0,15 x 25 m, 0,3 x 25 m, 0,45 x 25 m, 0,6 x 25 m<\/p>\n<p>Paquete:<br \/>\n0,15 x 25 m: 50 unidades\/caja,<br \/>\n0,3 x 25 m: 25 unidades\/caja,<br \/>\n0,45 x 25 m: 25 unidades\/caja,<br \/>\n0,6 x 25 m: 20 unidades\/caja.<\/p>\n<p>1. Adhesivo y removible: Papel de enmascarar de pintura altamente adhesivo, fuerte y estable, no deja residuos despu\u00e9s de retirarlo, no se corre ni deja residuos pegajosos.<br \/>\n2. Material premium: Nuestra pel\u00edcula de enmascarar est\u00e1 hecha de papel de calidad, impermeable y repelente al aceite, resistente al desgarro y con alta resistencia a la penetraci\u00f3n, lo que puede proteger eficazmente la superficie del objeto.<br \/>\n3. F\u00e1cil de usar: Pel\u00edculas de enmascarar pre-encintadas, s\u00faper f\u00e1ciles de aplicar, se desenrollan, se adhieren y se desgarran f\u00e1cilmente con la mano, sin necesidad de tijeras, enmascarador manual, aplicador de cinta de pintura ni herramienta maestra de enmascaramiento.<br \/>\n4. Amplia aplicaci\u00f3n: Papel protector de pintura, con efecto premium impermeable y a prueba de polvo, ligero y resistente al desgarro, se adhiere, no se desgoma ni deja residuos. El rollo de papel de pintura automotriz con cinta protege las \u00e1reas protegidas del polvo y la pintura. Es ampliamente aplicable para pintura automotriz, cobertura de equipos y protecci\u00f3n de electrodom\u00e9sticos, como veh\u00edculos, botes, pisos, escaleras, puertas, etc.<\/p>\n<div data-id=\"paragraph0\"><\/div>\n<div class=\"magic-13\">\n<div class=\"magic-14\">\n<div class=\"magic-9\">\n<div class=\"magic-10\">\n<p>&nbsp;<\/p>\n<p><img decoding=\"async\" class=\"aligncenter size-full wp-image-3706\" src=\"https:\/\/www.supersybon.com\/es\/wp-content\/uploads\/2025\/12\/1764850036-199BGT-Pre-Tape-Car-Automotive-Kraft-Paper-Masking-Paper-Covering-Painting-Paint-protection-Paper.jpg\" alt=\"199BGT - Precinto - Autom\u00f3vil - Papel Kraft - Papel de Enmascarar - Recubrimiento - Pintura - Papel Protector de Pintura\" width=\"800\" height=\"800\" title=\"\" srcset=\"https:\/\/www.supersybon.com\/es\/wp-content\/uploads\/2025\/12\/1764850036-199BGT-Pre-Tape-Car-Automotive-Kraft-Paper-Masking-Paper-Covering-Painting-Paint-protection-Paper.jpg 800w, https:\/\/www.supersybon.com\/es\/wp-content\/uploads\/2025\/12\/1764850036-199BGT-Pre-Tape-Car-Automotive-Kraft-Paper-Masking-Paper-Covering-Painting-Paint-protection-Paper-480x480.jpg 480w\" sizes=\"(min-width: 0px) and (max-width: 480px) 480px, (min-width: 481px) 800px, 100vw\" \/> <img decoding=\"async\" class=\"aligncenter size-full wp-image-3703\" src=\"https:\/\/www.supersybon.com\/es\/wp-content\/uploads\/2025\/12\/1764850019-199BGT-High-Performance-Auto-Masking-Paper-Pre-taped-Brown-Kraft-Masking-Paper-for-Painting.jpg\" alt=\"199BGT - Papel de enmascaramiento autom\u00e1tico de alto rendimiento, preencintado, de color kraft marr\u00f3n, para pintar\" width=\"800\" height=\"800\" title=\"\" srcset=\"https:\/\/www.supersybon.com\/es\/wp-content\/uploads\/2025\/12\/1764850019-199BGT-High-Performance-Auto-Masking-Paper-Pre-taped-Brown-Kraft-Masking-Paper-for-Painting.jpg 800w, https:\/\/www.supersybon.com\/es\/wp-content\/uploads\/2025\/12\/1764850019-199BGT-High-Performance-Auto-Masking-Paper-Pre-taped-Brown-Kraft-Masking-Paper-for-Painting-480x480.jpg 480w\" sizes=\"(min-width: 0px) and (max-width: 480px) 480px, (min-width: 481px) 800px, 100vw\" \/> <img decoding=\"async\" class=\"aligncenter size-full wp-image-3702\" src=\"https:\/\/www.supersybon.com\/es\/wp-content\/uploads\/2025\/12\/1764850013-199BGT-Heat-Resist-Car-Cover-Painting-Pre-Taped-Pe-Auto-Protective-Paint-Kraft-Paper-Masking-Film.jpg\" alt=\"199BGT - Pintura para cubiertas de coche resistente al calor, preencintada, PE, pintura protectora para autom\u00f3viles, pel\u00edcula de enmascaramiento de papel kraft\" width=\"800\" height=\"800\" title=\"\" srcset=\"https:\/\/www.supersybon.com\/es\/wp-content\/uploads\/2025\/12\/1764850013-199BGT-Heat-Resist-Car-Cover-Painting-Pre-Taped-Pe-Auto-Protective-Paint-Kraft-Paper-Masking-Film.jpg 800w, https:\/\/www.supersybon.com\/es\/wp-content\/uploads\/2025\/12\/1764850013-199BGT-Heat-Resist-Car-Cover-Painting-Pre-Taped-Pe-Auto-Protective-Paint-Kraft-Paper-Masking-Film-480x480.jpg 480w\" sizes=\"(min-width: 0px) and (max-width: 480px) 480px, (min-width: 481px) 800px, 100vw\" \/> <img decoding=\"async\" class=\"aligncenter size-full wp-image-3700\" src=\"https:\/\/www.supersybon.com\/es\/wp-content\/uploads\/2025\/12\/1764850001-199BGT-Autobody-Kraft-Masking-Paper-Pre-Taped-Brown-Masking-Paper-for-Auto-Painting-Use.jpg\" alt=\"Papel de enmascarar kraft para carrocer\u00eda 199BGT, preencintado, marr\u00f3n, para pintar autom\u00f3viles\" width=\"800\" height=\"800\" title=\"\" srcset=\"https:\/\/www.supersybon.com\/es\/wp-content\/uploads\/2025\/12\/1764850001-199BGT-Autobody-Kraft-Masking-Paper-Pre-Taped-Brown-Masking-Paper-for-Auto-Painting-Use.jpg 800w, https:\/\/www.supersybon.com\/es\/wp-content\/uploads\/2025\/12\/1764850001-199BGT-Autobody-Kraft-Masking-Paper-Pre-Taped-Brown-Masking-Paper-for-Auto-Painting-Use-480x480.jpg 480w\" sizes=\"(min-width: 0px) and (max-width: 480px) 480px, (min-width: 481px) 800px, 100vw\" \/><\/p>\n<div data-spm-anchor-id=\"a2700.details.0.i37.625d2e9eLtZffL\">\n<div data-spm-anchor-id=\"a2700.details.0.i37.625d2e9eLtZffL\">\n<div data-spm-anchor-id=\"a2700.details.0.i37.625d2e9eLtZffL\">\n<p>&nbsp;<\/p>\n<\/div>\n<\/div>\n<\/div>\n<\/div>\n<\/div>\n<\/div>\n<\/div>\n","protected":false},"excerpt":{"rendered":"<p>Papel de enmascarar kraft marr\u00f3n con cinta<br \/>\n\u00bfPlaneas pintar tu auto? \u00a1No olvides la importancia de protegerlo adecuadamente! Nuestro papel de enmascarar kraft marr\u00f3n 199BGT con cinta verde garantiza que las \u00e1reas no destinadas a pintar permanezcan seguras e intactas. \u00a1Conf\u00eda en SYBON para todas tus reparaciones automotrices!<\/p>\n","protected":false},"featured_media":3706,"template":"","meta":{"_et_pb_use_builder":"","_et_pb_old_content":"","_et_gb_content_width":""},"product_brand":[],"product_cat":[67,72],"product_tag":[1207],"class_list":{"0":"post-3699","1":"product","2":"type-product","3":"status-publish","4":"has-post-thumbnail","6":"product_cat-serie-de-reparacion-de-automoviles","7":"product_cat-cinta-de-enmascarar-pelicula-papel","8":"product_tag-papel-de-enmascarar-kraft-marron-con-cinta","10":"first","11":"instock","12":"shipping-taxable","13":"product-type-simple"},"_links":{"self":[{"href":"https:\/\/www.supersybon.com\/es\/wp-json\/wp\/v2\/product\/3699","targetHints":{"allow":["GET"]}}],"collection":[{"href":"https:\/\/www.supersybon.com\/es\/wp-json\/wp\/v2\/product"}],"about":[{"href":"https:\/\/www.supersybon.com\/es\/wp-json\/wp\/v2\/types\/product"}],"wp:featuredmedia":[{"embeddable":true,"href":"https:\/\/www.supersybon.com\/es\/wp-json\/wp\/v2\/media\/3706"}],"wp:attachment":[{"href":"https:\/\/www.supersybon.com\/es\/wp-json\/wp\/v2\/media?parent=3699"}],"wp:term":[{"taxonomy":"product_brand","embeddable":true,"href":"https:\/\/www.supersybon.com\/es\/wp-json\/wp\/v2\/product_brand?post=3699"},{"taxonomy":"product_cat","embeddable":true,"href":"https:\/\/www.supersybon.com\/es\/wp-json\/wp\/v2\/product_cat?post=3699"},{"taxonomy":"product_tag","embeddable":true,"href":"https:\/\/www.supersybon.com\/es\/wp-json\/wp\/v2\/product_tag?post=3699"}],"curies":[{"name":"wp","href":"https:\/\/api.w.org\/{rel}","templated":true}]}}