{"id":3688,"date":"2025-12-04T19:52:44","date_gmt":"2025-12-04T11:52:44","guid":{"rendered":"https:\/\/www.supersybon.com\/es\/?post_type=product&#038;p=3688"},"modified":"2025-12-04T20:04:47","modified_gmt":"2025-12-04T12:04:47","slug":"1002hg-cinta-adhesiva-washi-de-alto-rendimiento-verde","status":"publish","type":"product","link":"https:\/\/www.supersybon.com\/es\/product\/1002hg-cinta-adhesiva-washi-de-alto-rendimiento-verde","title":{"rendered":"1002HG Cinta adhesiva washi de alto rendimiento verde"},"content":{"rendered":"<p><iframe title=\"Performance Green Masking Tape by SYBON!\" width=\"1080\" height=\"608\" src=\"https:\/\/www.youtube.com\/embed\/w6Bl-cIZpF4?feature=oembed\"  allow=\"accelerometer; autoplay; clipboard-write; encrypted-media; gyroscope; picture-in-picture; web-share\" referrerpolicy=\"strict-origin-when-cross-origin\" allowfullscreen><\/iframe><\/p>\n<p><img decoding=\"async\" class=\"aligncenter size-full wp-image-3690\" src=\"https:\/\/www.supersybon.com\/es\/wp-content\/uploads\/2025\/12\/1764849229-1002HG-Green-Painters-Tape-Painters-Tape-for-Rough-Surfaces-High-Adhesion-Clean-Removal.jpg\" alt=\"Cinta de pintor verde 1002HG para superficies rugosas, alta adherencia, f\u00e1cil de retirar\" width=\"750\" height=\"302\" title=\"\" srcset=\"https:\/\/www.supersybon.com\/es\/wp-content\/uploads\/2025\/12\/1764849229-1002HG-Green-Painters-Tape-Painters-Tape-for-Rough-Surfaces-High-Adhesion-Clean-Removal.jpg 750w, https:\/\/www.supersybon.com\/es\/wp-content\/uploads\/2025\/12\/1764849229-1002HG-Green-Painters-Tape-Painters-Tape-for-Rough-Surfaces-High-Adhesion-Clean-Removal-480x193.jpg 480w\" sizes=\"(min-width: 0px) and (max-width: 480px) 480px, (min-width: 481px) 750px, 100vw\" \/><\/p>\n<p>&nbsp;<\/p>\n<h2><strong>1002HG Cinta adhesiva washi de alto rendimiento verde<\/strong><\/h2>\n<p>Ventajas:<br \/>\n1) RESISTENTE Y FIABLE: Resistente a roturas, levantamientos y ondulaciones en los bordes gracias a su soporte de papel premium.<br \/>\n2) VERS\u00c1TIL: Ofrece gran adaptabilidad a diversas superficies.<br \/>\n3) REMOCI\u00d3N SUAVE: Se retira f\u00e1cilmente sin astillarse ni transferir el adhesivo para lograr l\u00edneas de pintura impecables.<br \/>\n4) RESISTENTE AL CALOR: Resiste temperaturas de hasta 120 \u00b0C.<br \/>\n5) ALTAMENTE VISIBLE: El soporte verde brillante mejora la visibilidad para una alineaci\u00f3n precisa de los bordes.<\/p>\n<div data-id=\"paragraph0\"><img decoding=\"async\" class=\"aligncenter size-full wp-image-3693\" src=\"https:\/\/www.supersybon.com\/es\/wp-content\/uploads\/2025\/12\/1764849245-1002HG-No-Residue-Green-Automotive-Painters-Washi-Tape-Heat-Water-Resistant-Auto-Car-Tape-for-Painting-Provide-Sharp-Paint-Line.jpg\" alt=\"Cinta adhesiva 1002HG ecol\u00f3gica, sin residuos, para pintores de autom\u00f3viles, resistente al calor y al agua, para pintar autom\u00f3viles y l\u00edneas de pintura n\u00edtidas.\" width=\"800\" height=\"800\" title=\"\" srcset=\"https:\/\/www.supersybon.com\/es\/wp-content\/uploads\/2025\/12\/1764849245-1002HG-No-Residue-Green-Automotive-Painters-Washi-Tape-Heat-Water-Resistant-Auto-Car-Tape-for-Painting-Provide-Sharp-Paint-Line.jpg 800w, https:\/\/www.supersybon.com\/es\/wp-content\/uploads\/2025\/12\/1764849245-1002HG-No-Residue-Green-Automotive-Painters-Washi-Tape-Heat-Water-Resistant-Auto-Car-Tape-for-Painting-Provide-Sharp-Paint-Line-480x480.jpg 480w\" sizes=\"(min-width: 0px) and (max-width: 480px) 480px, (min-width: 481px) 800px, 100vw\" \/> <img decoding=\"async\" class=\"aligncenter size-full wp-image-3694\" src=\"https:\/\/www.supersybon.com\/es\/wp-content\/uploads\/2025\/12\/1764849249-1002HG-Performance-Green-AUTO-Masking-Tape-Light-Green-Color-Masking-Tape-Car-Painting-Masking-Tape.jpg\" alt=\"Cinta de enmascarar 1002HG, de alto rendimiento, verde, para autom\u00f3viles, color verde claro, para pintar autom\u00f3viles\" width=\"800\" height=\"800\" title=\"\" srcset=\"https:\/\/www.supersybon.com\/es\/wp-content\/uploads\/2025\/12\/1764849249-1002HG-Performance-Green-AUTO-Masking-Tape-Light-Green-Color-Masking-Tape-Car-Painting-Masking-Tape.jpg 800w, https:\/\/www.supersybon.com\/es\/wp-content\/uploads\/2025\/12\/1764849249-1002HG-Performance-Green-AUTO-Masking-Tape-Light-Green-Color-Masking-Tape-Car-Painting-Masking-Tape-480x480.jpg 480w\" sizes=\"(min-width: 0px) and (max-width: 480px) 480px, (min-width: 481px) 800px, 100vw\" \/> <img decoding=\"async\" class=\"aligncenter size-full wp-image-3689\" src=\"https:\/\/www.supersybon.com\/es\/wp-content\/uploads\/2025\/12\/1764849223-1002HG-Factory-Price-Quality-Automotive-Masking-Tape-Green-Washi-Paper-Painters-Masking-Tape-for-Car-Washi-Masking-Tape.jpg\" alt=\"Cinta de enmascarar para autom\u00f3viles 1002HG, precio de f\u00e1brica, calidad, papel washi verde, cinta de pintor para auto, cinta de enmascarar para auto\" width=\"800\" height=\"800\" title=\"\" srcset=\"https:\/\/www.supersybon.com\/es\/wp-content\/uploads\/2025\/12\/1764849223-1002HG-Factory-Price-Quality-Automotive-Masking-Tape-Green-Washi-Paper-Painters-Masking-Tape-for-Car-Washi-Masking-Tape.jpg 800w, https:\/\/www.supersybon.com\/es\/wp-content\/uploads\/2025\/12\/1764849223-1002HG-Factory-Price-Quality-Automotive-Masking-Tape-Green-Washi-Paper-Painters-Masking-Tape-for-Car-Washi-Masking-Tape-480x480.jpg 480w\" sizes=\"(min-width: 0px) and (max-width: 480px) 480px, (min-width: 481px) 800px, 100vw\" \/> <img decoding=\"async\" class=\"aligncenter size-full wp-image-3697\" src=\"https:\/\/www.supersybon.com\/es\/wp-content\/uploads\/2025\/12\/1764849265-1002HG-Premium-Green-Masking-Tape-High-Adhesive-Crepe-Paper-Masking-Tape-Easy-Painters-Tape-for-Painting-Art.jpg\" alt=\"Cinta de enmascarar verde premium 1002HG, de alta adherencia, de papel crep\u00e9, f\u00e1cil de usar, ideal para pintar y pintar\" width=\"800\" height=\"800\" title=\"\" srcset=\"https:\/\/www.supersybon.com\/es\/wp-content\/uploads\/2025\/12\/1764849265-1002HG-Premium-Green-Masking-Tape-High-Adhesive-Crepe-Paper-Masking-Tape-Easy-Painters-Tape-for-Painting-Art.jpg 800w, https:\/\/www.supersybon.com\/es\/wp-content\/uploads\/2025\/12\/1764849265-1002HG-Premium-Green-Masking-Tape-High-Adhesive-Crepe-Paper-Masking-Tape-Easy-Painters-Tape-for-Painting-Art-480x480.jpg 480w\" sizes=\"(min-width: 0px) and (max-width: 480px) 480px, (min-width: 481px) 800px, 100vw\" \/><\/div>\n<p><img decoding=\"async\" class=\"aligncenter size-full wp-image-3692\" src=\"https:\/\/www.supersybon.com\/es\/wp-content\/uploads\/2025\/12\/1764849239-1002HG-Making-Tape-Automotive-Paint-Tape-Green-Car-Painting-Painter-Crepe-Paper-Masking-Tape-for-Paint-protection.jpg\" alt=\"1002HG - Fabricaci\u00f3n de cinta adhesiva para pintura automotriz, ecol\u00f3gica, para pintura de autos, papel crep\u00e9, cinta de enmascarar para protecci\u00f3n de pintura\" width=\"800\" height=\"800\" title=\"\" srcset=\"https:\/\/www.supersybon.com\/es\/wp-content\/uploads\/2025\/12\/1764849239-1002HG-Making-Tape-Automotive-Paint-Tape-Green-Car-Painting-Painter-Crepe-Paper-Masking-Tape-for-Paint-protection.jpg 800w, https:\/\/www.supersybon.com\/es\/wp-content\/uploads\/2025\/12\/1764849239-1002HG-Making-Tape-Automotive-Paint-Tape-Green-Car-Painting-Painter-Crepe-Paper-Masking-Tape-for-Paint-protection-480x480.jpg 480w\" sizes=\"(min-width: 0px) and (max-width: 480px) 480px, (min-width: 481px) 800px, 100vw\" \/> <img decoding=\"async\" class=\"aligncenter size-full wp-image-3691\" src=\"https:\/\/www.supersybon.com\/es\/wp-content\/uploads\/2025\/12\/1764849233-1002HG-Heat-Resistant-Masking-Tape-for-Automotive-Detailing-Green-Washi-Paper-Tape.jpg\" alt=\"Cinta de enmascarar resistente al calor 1002HG para detalles automotrices, color verde\" width=\"800\" height=\"800\" title=\"\" srcset=\"https:\/\/www.supersybon.com\/es\/wp-content\/uploads\/2025\/12\/1764849233-1002HG-Heat-Resistant-Masking-Tape-for-Automotive-Detailing-Green-Washi-Paper-Tape.jpg 800w, https:\/\/www.supersybon.com\/es\/wp-content\/uploads\/2025\/12\/1764849233-1002HG-Heat-Resistant-Masking-Tape-for-Automotive-Detailing-Green-Washi-Paper-Tape-480x480.jpg 480w\" sizes=\"(min-width: 0px) and (max-width: 480px) 480px, (min-width: 481px) 800px, 100vw\" \/><\/p>\n<div class=\"magic-13\">\n<div class=\"magic-14\">\n<div class=\"magic-9\">\n<div class=\"magic-10\">\n<div class=\"magic-13\">\n<div class=\"magic-14\">\n<div class=\"magic-9\">\n<div data-spm-anchor-id=\"a2700.details.0.i37.625d2e9eLtZffL\"><\/div>\n<div class=\"magic-13\">\n<div class=\"magic-14\">\n<div data-spm-anchor-id=\"a2700.details.0.i37.625d2e9eLtZffL\">\n<div><strong>Embalaje y servicio de productos<br \/>\n<\/strong><\/div>\n<hr \/>\n<p><strong>PAQUETE :<\/strong><\/p>\n<\/div>\n<\/div>\n<\/div>\n<\/div>\n<\/div>\n<\/div>\n<\/div>\n<div data-spm-anchor-id=\"a2700.details.0.i37.625d2e9eLtZffL\"><img decoding=\"async\" class=\"aligncenter size-full wp-image-3695\" src=\"https:\/\/www.supersybon.com\/es\/wp-content\/uploads\/2025\/12\/1764849255-1002HG-Performance-Green-Masking-Tape-Single-Sided-Water-Resistant-Paper-Tape-for-Automotive-Painting-Adhesion.jpg\" alt=\"Cinta de enmascarar ecol\u00f3gica de alto rendimiento 1002HG, cinta de papel de una cara resistente al agua para adhesi\u00f3n de pintura automotriz\" width=\"800\" height=\"800\" title=\"\" srcset=\"https:\/\/www.supersybon.com\/es\/wp-content\/uploads\/2025\/12\/1764849255-1002HG-Performance-Green-Masking-Tape-Single-Sided-Water-Resistant-Paper-Tape-for-Automotive-Painting-Adhesion.jpg 800w, https:\/\/www.supersybon.com\/es\/wp-content\/uploads\/2025\/12\/1764849255-1002HG-Performance-Green-Masking-Tape-Single-Sided-Water-Resistant-Paper-Tape-for-Automotive-Painting-Adhesion-480x480.jpg 480w\" sizes=\"(min-width: 0px) and (max-width: 480px) 480px, (min-width: 481px) 800px, 100vw\" \/><\/div>\n<\/div>\n<\/div>\n<\/div>\n<div class=\"magic-13\">\n<div class=\"magic-14\">\n<div data-spm-anchor-id=\"a2700.details.0.i37.625d2e9eLtZffL\">\n<div data-spm-anchor-id=\"a2700.details.0.i37.625d2e9eLtZffL\">\n<div data-spm-anchor-id=\"a2700.details.0.i37.625d2e9eLtZffL\">\n<p>&nbsp;<\/p>\n<\/div>\n<div data-spm-anchor-id=\"a2700.details.0.i37.625d2e9eLtZffL\"><\/div>\n<\/div>\n<\/div>\n<div data-spm-anchor-id=\"a2700.details.0.i37.625d2e9eLtZffL\">\n<p><strong>NUESTRO SERVICIO:<br \/>\n<\/strong><\/p>\n<p>1.24 horas en l\u00ednea<\/p>\n<p>2. Precio competitivo<\/p>\n<p>3. Excelentes comentarios del cliente<\/p>\n<p>4. Pedidos en l\u00ednea seguros<\/p>\n<p>5. Entrega r\u00e1pida<\/p>\n<p>6. Soporte t\u00e9cnico profesional<\/p>\n<p>&nbsp;<\/p>\n<p><strong>Perfil de la empresa<br \/>\n<\/strong><\/p>\n<hr \/>\n<p>&nbsp;<\/p>\n<\/div>\n<p><img decoding=\"async\" class=\"aligncenter size-full wp-image-324\" src=\"https:\/\/www.supersybon.com\/es\/wp-content\/uploads\/2022\/09\/1663401769-Car-Paint-Supplier-Company-Profile-Manufacturer-China.jpg\" alt=\"\" width=\"900\" height=\"958\" title=\"\" srcset=\"https:\/\/www.supersybon.com\/es\/wp-content\/uploads\/2022\/09\/1663401769-Car-Paint-Supplier-Company-Profile-Manufacturer-China.jpg 900w, https:\/\/www.supersybon.com\/es\/wp-content\/uploads\/2022\/09\/1663401769-Car-Paint-Supplier-Company-Profile-Manufacturer-China-480x511.jpg 480w\" sizes=\"(min-width: 0px) and (max-width: 480px) 480px, (min-width: 481px) 900px, 100vw\" \/><\/p>\n<div class=\"magic-13\">\n<div class=\"magic-14\">\n<p><strong>Preguntas m\u00e1s frecuentes<\/strong><\/p>\n<hr \/>\n<\/div>\n<\/div>\n<p>P: \u00bfCu\u00e1l es su MOQ?<\/p>\n<p>R: Nuestro pedido m\u00ednimo es de 20 cajas.<\/p>\n<p>P: \u00bfQu\u00e9 hay de su pago?<\/p>\n<p>R: dep\u00f3sito del 50% por adelantado, saldo del 50% por T\/T, L\/C, paypal, Western Union o antes del env\u00edo.<\/p>\n<p>P: \u00bfProporcionan muestras?<\/p>\n<p>R: S\u00ed, puede comprar una muestra para probarla.<\/p>\n<p>P: \u00bfQu\u00e9 hay de su tiempo de entrega?<\/p>\n<p>R: generalmente 15 d\u00edas despu\u00e9s de recibir su dep\u00f3sito.<\/p>\n<\/div>\n<\/div>\n","protected":false},"excerpt":{"rendered":"<p>Acerca de la cinta de enmascarar verde:<br \/>\n1. RESISTENTE Y FIABLE: Resiste roturas, levantamientos y ondulaciones en los bordes gracias a su soporte de papel de primera calidad.<br \/>\n2. VERS\u00c1TIL: Ofrece gran adaptabilidad a diversas superficies.<br \/>\n3. EXTRACCI\u00d3N F\u00c1CIL: Se retira f\u00e1cilmente sin astillarse ni transferir el adhesivo para lograr l\u00edneas de pintura impecables.<br \/>\n4. RESISTENTE AL CALOR: Resiste temperaturas de hasta 120 \u00b0C.<br \/>\n5. ALTAMENTE VISIBLE: Su soporte verde brillante mejora la visibilidad para una alineaci\u00f3n precisa de los bordes.<\/p>\n","protected":false},"featured_media":3696,"template":"","meta":{"_et_pb_use_builder":"","_et_pb_old_content":"","_et_gb_content_width":""},"product_brand":[],"product_cat":[67,72],"product_tag":[1206],"class_list":{"0":"post-3688","1":"product","2":"type-product","3":"status-publish","4":"has-post-thumbnail","6":"product_cat-serie-de-reparacion-de-automoviles","7":"product_cat-cinta-de-enmascarar-pelicula-papel","8":"product_tag-cinta-adhesiva-washi","10":"first","11":"instock","12":"shipping-taxable","13":"product-type-simple"},"_links":{"self":[{"href":"https:\/\/www.supersybon.com\/es\/wp-json\/wp\/v2\/product\/3688","targetHints":{"allow":["GET"]}}],"collection":[{"href":"https:\/\/www.supersybon.com\/es\/wp-json\/wp\/v2\/product"}],"about":[{"href":"https:\/\/www.supersybon.com\/es\/wp-json\/wp\/v2\/types\/product"}],"wp:featuredmedia":[{"embeddable":true,"href":"https:\/\/www.supersybon.com\/es\/wp-json\/wp\/v2\/media\/3696"}],"wp:attachment":[{"href":"https:\/\/www.supersybon.com\/es\/wp-json\/wp\/v2\/media?parent=3688"}],"wp:term":[{"taxonomy":"product_brand","embeddable":true,"href":"https:\/\/www.supersybon.com\/es\/wp-json\/wp\/v2\/product_brand?post=3688"},{"taxonomy":"product_cat","embeddable":true,"href":"https:\/\/www.supersybon.com\/es\/wp-json\/wp\/v2\/product_cat?post=3688"},{"taxonomy":"product_tag","embeddable":true,"href":"https:\/\/www.supersybon.com\/es\/wp-json\/wp\/v2\/product_tag?post=3688"}],"curies":[{"name":"wp","href":"https:\/\/api.w.org\/{rel}","templated":true}]}}