{"id":3678,"date":"2025-12-04T19:41:31","date_gmt":"2025-12-04T11:41:31","guid":{"rendered":"https:\/\/www.supersybon.com\/es\/?post_type=product&#038;p=3678"},"modified":"2025-12-04T19:52:18","modified_gmt":"2025-12-04T11:52:18","slug":"199wt-papel-de-enmascarar-precintado-adhesivo-para-pintura-papel-de-enmascarar-protector-para-pintar-automoviles","status":"publish","type":"product","link":"https:\/\/www.supersybon.com\/es\/product\/199wt-papel-de-enmascarar-precintado-adhesivo-para-pintura-papel-de-enmascarar-protector-para-pintar-automoviles","title":{"rendered":"199WT Papel de enmascarar precintado, adhesivo para pintura, papel de enmascarar protector para pintar autom\u00f3viles"},"content":{"rendered":"<p><iframe title=\"Planning to paint your car? Don&#039;t forget the importance of proper vehicle protection!\" width=\"1080\" height=\"608\" src=\"https:\/\/www.youtube.com\/embed\/zLj9O9EGYVE?feature=oembed\"  allow=\"accelerometer; autoplay; clipboard-write; encrypted-media; gyroscope; picture-in-picture; web-share\" referrerpolicy=\"strict-origin-when-cross-origin\" allowfullscreen><\/iframe><\/p>\n<p>&nbsp;<\/p>\n<p><img decoding=\"async\" class=\"aligncenter size-full wp-image-3683\" src=\"https:\/\/www.supersybon.com\/es\/wp-content\/uploads\/2025\/12\/1764848664-Masking-Paper-Pre-Taped-Masking-Paper-for-Car-Painting-Tape.jpg\" alt=\"Papel de enmascarar preencintado para pintar coches\" width=\"750\" height=\"302\" title=\"\" srcset=\"https:\/\/www.supersybon.com\/es\/wp-content\/uploads\/2025\/12\/1764848664-Masking-Paper-Pre-Taped-Masking-Paper-for-Car-Painting-Tape.jpg 750w, https:\/\/www.supersybon.com\/es\/wp-content\/uploads\/2025\/12\/1764848664-Masking-Paper-Pre-Taped-Masking-Paper-for-Car-Painting-Tape-480x193.jpg 480w\" sizes=\"(min-width: 0px) and (max-width: 480px) 480px, (min-width: 481px) 750px, 100vw\" \/><\/p>\n<h2><strong>199WT\u00a0Papel de enmascarar preencintado<\/strong><\/h2>\n<p>Papel de enmascarar preencintado SYBON 199WT DESCRIPCI\u00d3N:<br \/>\nNombre del producto: Papel de enmascarar adhesivo<br \/>\nCara adhesiva: Una cara<br \/>\nColor: Papel blanco + cinta amarilla<br \/>\nAncho: 17 cm, 30 cm, 45 cm, 60 cm<br \/>\nLongitud: 20 m<br \/>\nPaquete:<br \/>\n1,17 cm x 20 m: 60 rollos\/caja, 38 x 32,5 x 22,5 cm, 11,2 kg<br \/>\n2,30 cm x 20 m: 60 rollos\/caja, 39 x 33,5 x 26,5 cm, 13,2 kg<br \/>\n3,45 cm x 20 m: 30 rollos\/caja, 39,5 x 33,5 x 35,5 cm, 16,6 kg<br \/>\n4,60 cm x 20 m: 30 rollos\/caja, 39,5 x 33,5 x 35,5 cm 18 kg<\/p>\n<p>1. Adhesivo y removible: Papel de enmascarar de alta adherencia, resistente y estable, no deja residuos tras su retirada, no se corre ni deja residuos pegajosos.<br \/>\n2. Material premium: Nuestra pel\u00edcula de enmascarar est\u00e1 hecha de papel de calidad, impermeable y oleof\u00f3bico, resistente al desgarro y con alta resistencia a la penetraci\u00f3n, lo que protege eficazmente la superficie del objeto.<br \/>\n3. F\u00e1cil de usar: Pel\u00edculas de enmascarar preencintadas, muy f\u00e1ciles de aplicar, se desenrollan, se adhieren y se desgarran f\u00e1cilmente con la mano. No se necesitan tijeras, enmascarador manual, aplicador de cinta de pintura ni herramientas de enmascaramiento.<br \/>\n4. Amplia aplicaci\u00f3n: Papel protector de pintura, con efecto premium impermeable y antipolvo, ligero y resistente al desgarro, se adhiere, no se desgoma ni deja residuos. El rollo de papel para pintura automotriz con cinta adhesiva protege las \u00e1reas protegidas del polvo y la pintura. Es ampliamente aplicable para pintura automotriz, equipos y protecci\u00f3n de electrodom\u00e9sticos, como veh\u00edculos, embarcaciones, pisos, escaleras, puertas, etc.<\/p>\n<div data-id=\"paragraph0\"><\/div>\n<div class=\"magic-13\">\n<div class=\"magic-14\">\n<div class=\"magic-9\">\n<div class=\"magic-10\">\n<p>&nbsp;<\/p>\n<p><img decoding=\"async\" class=\"aligncenter size-full wp-image-3687\" src=\"https:\/\/www.supersybon.com\/es\/wp-content\/uploads\/2025\/12\/1764848681-Paint-Masking-Paper-with-Adhesive-Paint-Adhesive-Protective-Paper-Roll-for-Covering-Skirting-Frames-Cars-and-Auto-Body.jpg\" alt=\"Papel de enmascarar con adhesivo para pintura, rollo de papel protector para cubrir z\u00f3calos, marcos de coches y carrocer\u00edas\" width=\"750\" height=\"750\" title=\"\" srcset=\"https:\/\/www.supersybon.com\/es\/wp-content\/uploads\/2025\/12\/1764848681-Paint-Masking-Paper-with-Adhesive-Paint-Adhesive-Protective-Paper-Roll-for-Covering-Skirting-Frames-Cars-and-Auto-Body.jpg 750w, https:\/\/www.supersybon.com\/es\/wp-content\/uploads\/2025\/12\/1764848681-Paint-Masking-Paper-with-Adhesive-Paint-Adhesive-Protective-Paper-Roll-for-Covering-Skirting-Frames-Cars-and-Auto-Body-480x480.jpg 480w\" sizes=\"(min-width: 0px) and (max-width: 480px) 480px, (min-width: 481px) 750px, 100vw\" \/><img decoding=\"async\" class=\"aligncenter size-full wp-image-3686\" src=\"https:\/\/www.supersybon.com\/es\/wp-content\/uploads\/2025\/12\/1764848677-Paint-Masking-Paper-with-Adhesive-17cmx20m-Paint-Adhesive-Protective-Paper-Roll-for-Covering-Skirting-Frames-Cars-and-Auto-Body.jpg\" alt=\"Papel de enmascarar con adhesivo (17 cm x 20 m) - Rollo de papel protector adhesivo para cubrir z\u00f3calos, marcos de coches y carrocer\u00edas\" width=\"750\" height=\"750\" title=\"\" srcset=\"https:\/\/www.supersybon.com\/es\/wp-content\/uploads\/2025\/12\/1764848677-Paint-Masking-Paper-with-Adhesive-17cmx20m-Paint-Adhesive-Protective-Paper-Roll-for-Covering-Skirting-Frames-Cars-and-Auto-Body.jpg 750w, https:\/\/www.supersybon.com\/es\/wp-content\/uploads\/2025\/12\/1764848677-Paint-Masking-Paper-with-Adhesive-17cmx20m-Paint-Adhesive-Protective-Paper-Roll-for-Covering-Skirting-Frames-Cars-and-Auto-Body-480x480.jpg 480w\" sizes=\"(min-width: 0px) and (max-width: 480px) 480px, (min-width: 481px) 750px, 100vw\" \/> <img decoding=\"async\" class=\"aligncenter size-full wp-image-3684\" src=\"https:\/\/www.supersybon.com\/es\/wp-content\/uploads\/2025\/12\/1764848668-Paint-Adhesive-Protective-Paper-Roll-for-Car-and-Furniture-Protection.jpg\" alt=\"Rollo de papel protector adhesivo para pintura de coches y muebles\" width=\"750\" height=\"750\" title=\"\" srcset=\"https:\/\/www.supersybon.com\/es\/wp-content\/uploads\/2025\/12\/1764848668-Paint-Adhesive-Protective-Paper-Roll-for-Car-and-Furniture-Protection.jpg 750w, https:\/\/www.supersybon.com\/es\/wp-content\/uploads\/2025\/12\/1764848668-Paint-Adhesive-Protective-Paper-Roll-for-Car-and-Furniture-Protection-480x480.jpg 480w\" sizes=\"(min-width: 0px) and (max-width: 480px) 480px, (min-width: 481px) 750px, 100vw\" \/><\/p>\n<\/div>\n<\/div>\n<\/div>\n<\/div>\n","protected":false},"excerpt":{"rendered":"<p>\u00bfPlaneas pintar tu auto? \u00a1No olvides la importancia de protegerlo adecuadamente! Nuestro papel de enmascaramiento adhesivo garantiza que las \u00e1reas no destinadas a pintar permanezcan seguras e intactas. \u00a1Conf\u00eda en SYBON para todas tus reparaciones automotrices!<\/p>\n","protected":false},"featured_media":3685,"template":"","meta":{"_et_pb_use_builder":"","_et_pb_old_content":"","_et_gb_content_width":""},"product_brand":[],"product_cat":[67,72],"product_tag":[1205],"class_list":{"0":"post-3678","1":"product","2":"type-product","3":"status-publish","4":"has-post-thumbnail","6":"product_cat-serie-de-reparacion-de-automoviles","7":"product_cat-cinta-de-enmascarar-pelicula-papel","8":"product_tag-papel-de-enmascarar-precintado","10":"first","11":"instock","12":"shipping-taxable","13":"product-type-simple"},"_links":{"self":[{"href":"https:\/\/www.supersybon.com\/es\/wp-json\/wp\/v2\/product\/3678","targetHints":{"allow":["GET"]}}],"collection":[{"href":"https:\/\/www.supersybon.com\/es\/wp-json\/wp\/v2\/product"}],"about":[{"href":"https:\/\/www.supersybon.com\/es\/wp-json\/wp\/v2\/types\/product"}],"wp:featuredmedia":[{"embeddable":true,"href":"https:\/\/www.supersybon.com\/es\/wp-json\/wp\/v2\/media\/3685"}],"wp:attachment":[{"href":"https:\/\/www.supersybon.com\/es\/wp-json\/wp\/v2\/media?parent=3678"}],"wp:term":[{"taxonomy":"product_brand","embeddable":true,"href":"https:\/\/www.supersybon.com\/es\/wp-json\/wp\/v2\/product_brand?post=3678"},{"taxonomy":"product_cat","embeddable":true,"href":"https:\/\/www.supersybon.com\/es\/wp-json\/wp\/v2\/product_cat?post=3678"},{"taxonomy":"product_tag","embeddable":true,"href":"https:\/\/www.supersybon.com\/es\/wp-json\/wp\/v2\/product_tag?post=3678"}],"curies":[{"name":"wp","href":"https:\/\/api.w.org\/{rel}","templated":true}]}}