{"id":3670,"date":"2025-12-04T19:32:06","date_gmt":"2025-12-04T11:32:06","guid":{"rendered":"https:\/\/www.supersybon.com\/es\/?post_type=product&#038;p=3670"},"modified":"2025-12-04T19:39:21","modified_gmt":"2025-12-04T11:39:21","slug":"sk798-pistola-pulverizadora-de-pintura-hvlp-automotriz-avanzada-con-boquilla-de-13-mm-y-aire-por-gravedad","status":"publish","type":"product","link":"https:\/\/www.supersybon.com\/es\/product\/sk798-pistola-pulverizadora-de-pintura-hvlp-automotriz-avanzada-con-boquilla-de-13-mm-y-aire-por-gravedad","title":{"rendered":"SK798 Pistola pulverizadora de pintura HVLP automotriz avanzada con boquilla de 1,3 mm y aire por gravedad"},"content":{"rendered":"<p><iframe title=\"Introducing SYBON\u2019s New Arrival: The Quality SK798 1.3mm Gravity Spray Gun!\" width=\"1080\" height=\"608\" src=\"https:\/\/www.youtube.com\/embed\/eDeUK2cwrgk?feature=oembed\"  allow=\"accelerometer; autoplay; clipboard-write; encrypted-media; gyroscope; picture-in-picture; web-share\" referrerpolicy=\"strict-origin-when-cross-origin\" allowfullscreen><\/iframe><\/p>\n<p><img decoding=\"async\" class=\"aligncenter size-full wp-image-3674\" src=\"https:\/\/www.supersybon.com\/es\/wp-content\/uploads\/2025\/12\/1764847995-SK798-General-Purpose-HVLP-Gravity-Feed-1.3mm-Paint-Spray-Gun-with-600mL-Cup.jpg\" alt=\"SK798 - Pistola pulverizadora de pintura HVLP de uso general con alimentaci\u00f3n por gravedad de 1,3 mm y dep\u00f3sito de 600 ml\" width=\"750\" height=\"302\" title=\"\" srcset=\"https:\/\/www.supersybon.com\/es\/wp-content\/uploads\/2025\/12\/1764847995-SK798-General-Purpose-HVLP-Gravity-Feed-1.3mm-Paint-Spray-Gun-with-600mL-Cup.jpg 750w, https:\/\/www.supersybon.com\/es\/wp-content\/uploads\/2025\/12\/1764847995-SK798-General-Purpose-HVLP-Gravity-Feed-1.3mm-Paint-Spray-Gun-with-600mL-Cup-480x193.jpg 480w\" sizes=\"(min-width: 0px) and (max-width: 480px) 480px, (min-width: 481px) 750px, 100vw\" \/><\/p>\n<p>&nbsp;<\/p>\n<h2><strong>SK798 Pistola pulverizadora de pintura HVLP para automoci\u00f3n avanzada<\/strong><\/h2>\n<p>1. Pistola de aire por gravedad HVLP: Ligera, de dise\u00f1o ergon\u00f3mico y con gatillo pivotante que reduce la fatiga. La boquilla profesional HVLP de 1,3 mm permite una pulverizaci\u00f3n m\u00e1s suave, uniforme y f\u00e1cil de controlar. Esta pistola permite una pulverizaci\u00f3n m\u00e1s suave, f\u00e1cil de controlar y reduce el exceso de pulverizaci\u00f3n.<\/p>\n<p>2. Pistola de tipo dep\u00f3sito: Cuerpo principal forjado en aleaci\u00f3n de aluminio, resistente y duradero. Pistola HVLP con boquilla de fluido de 1,3 mm e incluye un dep\u00f3sito de pl\u00e1stico de 600 cc.<\/p>\n<p>3. Pistola HVLP y componentes adecuados para las industrias automotriz, de mantenimiento, de chapa met\u00e1lica, de muebles, de pl\u00e1stico y de construcci\u00f3n. Apta para pulverizar pinturas al \u00f3leo o l\u00e1tex, as\u00ed como imprimaci\u00f3n, pintura transparente, pintura monogrado, imprimaci\u00f3n, etc.<\/p>\n<p>Clasificaci\u00f3n: Pistola pulverizadora de tipo bote<\/p>\n<p>Di\u00e1metro de la boquilla: 1,3 mm<\/p>\n<p>Capacidad del dep\u00f3sito de carga: 600 ml<\/p>\n<p>Di\u00e1metro de la boquilla: 220 mm<\/p>\n<p>Cantidad de pintura pulverizada: 330 ml\/min<\/p>\n<p>Distancia efectiva de pulverizaci\u00f3n: 240 mm<\/p>\n<p>Consumo de aire: 200 l\/min<\/p>\n<p>Potencia: 2,0 bar<\/p>\n<p>Aplicaci\u00f3n de la pistola pulverizadora HVLP: Apta para pulverizar pintura al \u00f3leo o pintura de emulsi\u00f3n, as\u00ed como imprimaci\u00f3n, pintura transparente, pintura monogrado, imprimaci\u00f3n, industria automotriz, mantenimiento de autom\u00f3viles, chapa met\u00e1lica, muebles, pl\u00e1stico y construcci\u00f3n.<\/p>\n<div class=\"magic-13\">\n<div class=\"magic-14\">\n<div class=\"magic-9\">\n<div class=\"magic-10\">\n<p>&nbsp;<\/p>\n<p>&nbsp;<\/p>\n<\/div>\n<\/div>\n<\/div>\n<\/div>\n<div data-spm-anchor-id=\"a2700.details.0.i37.625d2e9eLtZffL\"><img decoding=\"async\" class=\"aligncenter size-full wp-image-3676\" src=\"https:\/\/www.supersybon.com\/es\/wp-content\/uploads\/2025\/12\/1764848004-SK798-HVLP-Spray-Gun-Paint-Sprayer-1.3-mm-Spray-Paint-Gun-Nozzle-Size-600-cc-Auto-Paint-Spray-Gun-Machine-For-Car-household-Use.jpg\" alt=\"Pistola pulverizadora SK798 HVLP para pintura, boquilla de 1,3 mm, 600 cc, para uso dom\u00e9stico en autom\u00f3viles\" width=\"750\" height=\"750\" title=\"\" srcset=\"https:\/\/www.supersybon.com\/es\/wp-content\/uploads\/2025\/12\/1764848004-SK798-HVLP-Spray-Gun-Paint-Sprayer-1.3-mm-Spray-Paint-Gun-Nozzle-Size-600-cc-Auto-Paint-Spray-Gun-Machine-For-Car-household-Use.jpg 750w, https:\/\/www.supersybon.com\/es\/wp-content\/uploads\/2025\/12\/1764848004-SK798-HVLP-Spray-Gun-Paint-Sprayer-1.3-mm-Spray-Paint-Gun-Nozzle-Size-600-cc-Auto-Paint-Spray-Gun-Machine-For-Car-household-Use-480x480.jpg 480w\" sizes=\"(min-width: 0px) and (max-width: 480px) 480px, (min-width: 481px) 750px, 100vw\" \/> <img decoding=\"async\" class=\"aligncenter size-full wp-image-3677\" src=\"https:\/\/www.supersybon.com\/es\/wp-content\/uploads\/2025\/12\/1764848009-SK798-Pneumatic-Paint-Spray-Gun-Handheld-Automatic-Spraying-Tool-for-Furniture-Automobile-Leather-Coat-Top-Coat.jpg\" alt=\"SK798 - Pistola pulverizadora neum\u00e1tica de pintura, herramienta manual y autom\u00e1tica para muebles, autom\u00f3viles, cuero y acabados\" width=\"750\" height=\"750\" title=\"\" srcset=\"https:\/\/www.supersybon.com\/es\/wp-content\/uploads\/2025\/12\/1764848009-SK798-Pneumatic-Paint-Spray-Gun-Handheld-Automatic-Spraying-Tool-for-Furniture-Automobile-Leather-Coat-Top-Coat.jpg 750w, https:\/\/www.supersybon.com\/es\/wp-content\/uploads\/2025\/12\/1764848009-SK798-Pneumatic-Paint-Spray-Gun-Handheld-Automatic-Spraying-Tool-for-Furniture-Automobile-Leather-Coat-Top-Coat-480x480.jpg 480w\" sizes=\"(min-width: 0px) and (max-width: 480px) 480px, (min-width: 481px) 750px, 100vw\" \/> <img decoding=\"async\" class=\"aligncenter size-full wp-image-3675\" src=\"https:\/\/www.supersybon.com\/es\/wp-content\/uploads\/2025\/12\/1764848000-SK798-HVLP-Gravity-Feed-Air-Spray-Gun-Kit-with-Spray-Paint-Gun-600-milliliter-Plastic-Cup-for-Auto-Paint-Primer.jpg\" alt=\"SK798-Kit de pistola pulverizadora de aire HVLP con alimentaci\u00f3n por gravedad y dep\u00f3sito de pl\u00e1stico de 600 ml para imprimaci\u00f3n de pintura automotriz\" width=\"750\" height=\"750\" title=\"\" srcset=\"https:\/\/www.supersybon.com\/es\/wp-content\/uploads\/2025\/12\/1764848000-SK798-HVLP-Gravity-Feed-Air-Spray-Gun-Kit-with-Spray-Paint-Gun-600-milliliter-Plastic-Cup-for-Auto-Paint-Primer.jpg 750w, https:\/\/www.supersybon.com\/es\/wp-content\/uploads\/2025\/12\/1764848000-SK798-HVLP-Gravity-Feed-Air-Spray-Gun-Kit-with-Spray-Paint-Gun-600-milliliter-Plastic-Cup-for-Auto-Paint-Primer-480x480.jpg 480w\" sizes=\"(min-width: 0px) and (max-width: 480px) 480px, (min-width: 481px) 750px, 100vw\" \/><img decoding=\"async\" class=\"aligncenter size-full wp-image-3671\" src=\"https:\/\/www.supersybon.com\/es\/wp-content\/uploads\/2025\/12\/1764847982-SK798-Advanced-Automotive-HVLP-Paint-Sprayer-1.3mm-Nozzle-Gravity-Air-Spray-Gun.jpg\" alt=\"SK798 - Pulverizador de pintura HVLP automotriz avanzado con boquilla de 1,3 mm y pistola de aire por gravedad\" width=\"750\" height=\"750\" title=\"\" srcset=\"https:\/\/www.supersybon.com\/es\/wp-content\/uploads\/2025\/12\/1764847982-SK798-Advanced-Automotive-HVLP-Paint-Sprayer-1.3mm-Nozzle-Gravity-Air-Spray-Gun.jpg 750w, https:\/\/www.supersybon.com\/es\/wp-content\/uploads\/2025\/12\/1764847982-SK798-Advanced-Automotive-HVLP-Paint-Sprayer-1.3mm-Nozzle-Gravity-Air-Spray-Gun-480x480.jpg 480w\" sizes=\"(min-width: 0px) and (max-width: 480px) 480px, (min-width: 481px) 750px, 100vw\" \/><\/div>\n<div data-spm-anchor-id=\"a2700.details.0.i37.625d2e9eLtZffL\"><\/div>\n<div data-spm-anchor-id=\"a2700.details.0.i37.625d2e9eLtZffL\"><\/div>\n<div class=\"magic-13\">\n<div class=\"magic-14\">\n<div data-spm-anchor-id=\"a2700.details.0.i37.625d2e9eLtZffL\">\n<div data-spm-anchor-id=\"a2700.details.0.i37.625d2e9eLtZffL\">\n<p>&nbsp;<\/p>\n<\/div>\n<div data-spm-anchor-id=\"a2700.details.0.i37.625d2e9eLtZffL\">\n<div><strong>Embalaje y servicio de productos<br \/>\n<\/strong><\/div>\n<hr \/>\n<p><strong>PAQUETE :<br \/>\n<\/strong><\/p>\n<p>1 unidad\/caja de papel.<\/p>\n<p><img decoding=\"async\" class=\"aligncenter size-full wp-image-3672\" src=\"https:\/\/www.supersybon.com\/es\/wp-content\/uploads\/2025\/12\/1764847987-SK798-Automotive-HVLP-Paint-Sprayer-High-Atomization-1.3mm-Nozzle-Pot-for-Auto-Primer-Clear-Top-Coat-Touch-Up.jpg\" alt=\"SK798 - Pulverizador de pintura HVLP para autom\u00f3viles, alta atomizaci\u00f3n, boquilla de 1,3 mm, para imprimaci\u00f3n, capa superior transparente y retoques de autom\u00f3viles\" width=\"750\" height=\"750\" title=\"\" srcset=\"https:\/\/www.supersybon.com\/es\/wp-content\/uploads\/2025\/12\/1764847987-SK798-Automotive-HVLP-Paint-Sprayer-High-Atomization-1.3mm-Nozzle-Pot-for-Auto-Primer-Clear-Top-Coat-Touch-Up.jpg 750w, https:\/\/www.supersybon.com\/es\/wp-content\/uploads\/2025\/12\/1764847987-SK798-Automotive-HVLP-Paint-Sprayer-High-Atomization-1.3mm-Nozzle-Pot-for-Auto-Primer-Clear-Top-Coat-Touch-Up-480x480.jpg 480w\" sizes=\"(min-width: 0px) and (max-width: 480px) 480px, (min-width: 481px) 750px, 100vw\" \/><\/p>\n<p><strong>NUESTRO SERVICIO:<br \/>\n<\/strong><\/p>\n<p>1.24 horas en l\u00ednea<\/p>\n<p>2. Precio competitivo<\/p>\n<p>3. Excelentes comentarios del cliente<\/p>\n<p>4. Pedidos en l\u00ednea seguros<\/p>\n<p>5. Entrega r\u00e1pida<\/p>\n<p>6. Soporte t\u00e9cnico profesional<\/p>\n<\/div>\n<\/div>\n<div data-spm-anchor-id=\"a2700.details.0.i37.625d2e9eLtZffL\"><\/div>\n<div data-spm-anchor-id=\"a2700.details.0.i37.625d2e9eLtZffL\"><\/div>\n<p>&nbsp;<\/p>\n<p><strong>Perfil de la empresa<br \/>\n<\/strong><\/p>\n<hr \/>\n<p>&nbsp;<\/p>\n<p>&nbsp;<\/p>\n<p><img decoding=\"async\" class=\"aligncenter size-full wp-image-324\" src=\"https:\/\/www.supersybon.com\/es\/wp-content\/uploads\/2022\/09\/1663401769-Car-Paint-Supplier-Company-Profile-Manufacturer-China.jpg\" alt=\"\" width=\"900\" height=\"958\" title=\"\" srcset=\"https:\/\/www.supersybon.com\/es\/wp-content\/uploads\/2022\/09\/1663401769-Car-Paint-Supplier-Company-Profile-Manufacturer-China.jpg 900w, https:\/\/www.supersybon.com\/es\/wp-content\/uploads\/2022\/09\/1663401769-Car-Paint-Supplier-Company-Profile-Manufacturer-China-480x511.jpg 480w\" sizes=\"(min-width: 0px) and (max-width: 480px) 480px, (min-width: 481px) 900px, 100vw\" \/><\/p>\n<p><strong>Preguntas m\u00e1s frecuentes<\/strong><\/p>\n<hr \/>\n<\/div>\n<\/div>\n<p>P: \u00bfCu\u00e1l es su MOQ?<\/p>\n<p>R: Nuestro pedido m\u00ednimo es de 10 unidades.<\/p>\n<p>P: \u00bfQu\u00e9 hay de su pago?<\/p>\n<p>R: dep\u00f3sito del 50% por adelantado, saldo del 50% por T\/T, L\/C, paypal, Western Union o antes del env\u00edo.<\/p>\n<p>P: \u00bfProporcionan muestras?<\/p>\n<p>R: S\u00ed, puede comprar una muestra para probarla.<\/p>\n<p>P: \u00bfQu\u00e9 hay de su tiempo de entrega?<\/p>\n<p>R: generalmente 15 d\u00edas despu\u00e9s de recibir su dep\u00f3sito.<\/p>\n","protected":false},"excerpt":{"rendered":"<p>Acerca de la pistola pulverizadora de pintura HVLP para autom\u00f3viles:<br \/>\n1. TRANSFERENCIA EFICIENTE: El uso de tecnolog\u00eda ajustable proporciona una transferencia de material m\u00e1s eficiente, a la vez que reduce el rebote y la sobrepulverizaci\u00f3n, mejorando as\u00ed la transferencia del material de recubrimiento a la superficie.<br \/>\n2. AHORRO DE MATERIAL: Con este pulverizador, tambi\u00e9n puede ahorrar mucho material, hasta un 25-40%, lo cual es \u00fatil y pr\u00e1ctico.<br \/>\n3. MULTIUSOS: Aplique capa base, barniz, capa \u00fanica, imprimaci\u00f3n, etc. El pulverizador ofrece un patr\u00f3n de pulverizaci\u00f3n totalmente atomizado para lograr acabados automotrices profesionales.<\/p>\n","protected":false},"featured_media":3672,"template":"","meta":{"_et_pb_use_builder":"","_et_pb_old_content":"","_et_gb_content_width":""},"product_brand":[],"product_cat":[67,75],"product_tag":[1204],"class_list":{"0":"post-3670","1":"product","2":"type-product","3":"status-publish","4":"has-post-thumbnail","6":"product_cat-serie-de-reparacion-de-automoviles","7":"product_cat-pistola-rociadora","8":"product_tag-pistola-pulverizadora-de-pintura","10":"first","11":"instock","12":"shipping-taxable","13":"product-type-simple"},"_links":{"self":[{"href":"https:\/\/www.supersybon.com\/es\/wp-json\/wp\/v2\/product\/3670","targetHints":{"allow":["GET"]}}],"collection":[{"href":"https:\/\/www.supersybon.com\/es\/wp-json\/wp\/v2\/product"}],"about":[{"href":"https:\/\/www.supersybon.com\/es\/wp-json\/wp\/v2\/types\/product"}],"wp:featuredmedia":[{"embeddable":true,"href":"https:\/\/www.supersybon.com\/es\/wp-json\/wp\/v2\/media\/3672"}],"wp:attachment":[{"href":"https:\/\/www.supersybon.com\/es\/wp-json\/wp\/v2\/media?parent=3670"}],"wp:term":[{"taxonomy":"product_brand","embeddable":true,"href":"https:\/\/www.supersybon.com\/es\/wp-json\/wp\/v2\/product_brand?post=3670"},{"taxonomy":"product_cat","embeddable":true,"href":"https:\/\/www.supersybon.com\/es\/wp-json\/wp\/v2\/product_cat?post=3670"},{"taxonomy":"product_tag","embeddable":true,"href":"https:\/\/www.supersybon.com\/es\/wp-json\/wp\/v2\/product_tag?post=3670"}],"curies":[{"name":"wp","href":"https:\/\/api.w.org\/{rel}","templated":true}]}}