{"id":3662,"date":"2025-12-04T19:22:33","date_gmt":"2025-12-04T11:22:33","guid":{"rendered":"https:\/\/www.supersybon.com\/es\/?post_type=product&#038;p=3662"},"modified":"2025-12-04T19:31:43","modified_gmt":"2025-12-04T11:31:43","slug":"h-827m-mini-pistola-pulverizadora-neumatica-hvlp-de-alimentacion-por-gravedad-de-05-mm-08-mm-y-10-mm-con-deposito-de-plastico-de-125-cc","status":"publish","type":"product","link":"https:\/\/www.supersybon.com\/es\/product\/h-827m-mini-pistola-pulverizadora-neumatica-hvlp-de-alimentacion-por-gravedad-de-05-mm-08-mm-y-10-mm-con-deposito-de-plastico-de-125-cc","title":{"rendered":"H-827M Mini pistola pulverizadora neum\u00e1tica HVLP de alimentaci\u00f3n por gravedad de 0,5 mm, 0,8 mm y 1,0 mm con dep\u00f3sito de pl\u00e1stico de 125 cc"},"content":{"rendered":"<p><iframe title=\"Pneumatic 0.5mm 0.8mm 1.0mm Mini HVLP Gravity Feed Spray Gun with 125cc Plastic Cup\" width=\"1080\" height=\"608\" src=\"https:\/\/www.youtube.com\/embed\/4iTvYZbmLX8?feature=oembed\"  allow=\"accelerometer; autoplay; clipboard-write; encrypted-media; gyroscope; picture-in-picture; web-share\" referrerpolicy=\"strict-origin-when-cross-origin\" allowfullscreen><\/iframe><\/p>\n<p><img decoding=\"async\" class=\"aligncenter size-full wp-image-3663\" src=\"https:\/\/www.supersybon.com\/es\/wp-content\/uploads\/2025\/12\/1764847451-H-827M-0.5mm0.8mm1.0mm-Nozzle-Professional-HVLP-Spray-Gun-Mini-Air-Paint-Spray-Guns-Airbrush-For-Painting-Car.jpg\" alt=\"H-827M - Boquilla profesional HVLP de 0,5 mm, 0,8 mm y 1,0 mm para pintar coches\" width=\"750\" height=\"302\" title=\"\" srcset=\"https:\/\/www.supersybon.com\/es\/wp-content\/uploads\/2025\/12\/1764847451-H-827M-0.5mm0.8mm1.0mm-Nozzle-Professional-HVLP-Spray-Gun-Mini-Air-Paint-Spray-Guns-Airbrush-For-Painting-Car.jpg 750w, https:\/\/www.supersybon.com\/es\/wp-content\/uploads\/2025\/12\/1764847451-H-827M-0.5mm0.8mm1.0mm-Nozzle-Professional-HVLP-Spray-Gun-Mini-Air-Paint-Spray-Guns-Airbrush-For-Painting-Car-480x193.jpg 480w\" sizes=\"(min-width: 0px) and (max-width: 480px) 480px, (min-width: 481px) 750px, 100vw\" \/><\/p>\n<p>&nbsp;<\/p>\n<h2><strong>H-827M\u00a0Mini pistola pulverizadora neum\u00e1tica HVLP de alimentaci\u00f3n por gravedad de 0,5 mm, 0,8 mm y 1,0 mm con dep\u00f3sito de pl\u00e1stico de 125 cc<\/strong><\/h2>\n<p>1. Ajustable: Tres ajustes: ajuste de patr\u00f3n circular\/elipse, ajuste de volumen de material y ajuste de volumen de aire para adaptarse a las necesidades de su proyecto.<\/p>\n<p>2. HVLP: La minipistola de pintura en aerosol utiliza el dise\u00f1o HVLP, que ahorra costos de material de pintura al reducir la cantidad de sobrepulverizaci\u00f3n.<\/p>\n<p>3. Especificaciones: La baja presi\u00f3n de aire de la boquilla permite una capa de pintura m\u00e1s uniforme en cada aplicaci\u00f3n con alta atomizaci\u00f3n.<\/p>\n<p>4. Multiuso: La aguja y la boquilla de acero inoxidable de la pistola pulverizadora manual se adaptan a una variedad de pinturas y recubrimientos para una amplia gama de proyectos.<\/p>\n<p>5. Vers\u00e1til: Su peque\u00f1o tama\u00f1o es ideal para una amplia gama de peque\u00f1os proyectos de pintura y es perfecta para cualquier retoque r\u00e1pido; admite hasta 125 cc de material.<\/p>\n<div class=\"magic-13\">\n<div class=\"magic-14\">\n<div class=\"magic-9\">\n<div class=\"magic-10\">\n<p>&nbsp;<\/p>\n<p>&nbsp;<\/p>\n<\/div>\n<\/div>\n<\/div>\n<\/div>\n<div data-spm-anchor-id=\"a2700.details.0.i37.625d2e9eLtZffL\"><img decoding=\"async\" class=\"aligncenter size-full wp-image-3666\" src=\"https:\/\/www.supersybon.com\/es\/wp-content\/uploads\/2025\/12\/1764847464-H-827M-HVLP-Mini-Gravity-Feed-Air-Spray-Paint-Gun-0.5mm-0.8mm-1.0-mm-Nozzle-Size-125-cc.jpg\" alt=\"Minipistola de pintura H-827M HVLP con alimentaci\u00f3n por gravedad, boquillas de 0,5 mm, 0,8 mm y 1,0 mm, 125 cc\" width=\"750\" height=\"750\" title=\"\" srcset=\"https:\/\/www.supersybon.com\/es\/wp-content\/uploads\/2025\/12\/1764847464-H-827M-HVLP-Mini-Gravity-Feed-Air-Spray-Paint-Gun-0.5mm-0.8mm-1.0-mm-Nozzle-Size-125-cc.jpg 750w, https:\/\/www.supersybon.com\/es\/wp-content\/uploads\/2025\/12\/1764847464-H-827M-HVLP-Mini-Gravity-Feed-Air-Spray-Paint-Gun-0.5mm-0.8mm-1.0-mm-Nozzle-Size-125-cc-480x480.jpg 480w\" sizes=\"(min-width: 0px) and (max-width: 480px) 480px, (min-width: 481px) 750px, 100vw\" \/> <img decoding=\"async\" class=\"aligncenter size-full wp-image-3665\" src=\"https:\/\/www.supersybon.com\/es\/wp-content\/uploads\/2025\/12\/1764847460-H-827M-Factory-Wholesale-Pneumatic-Spray-Gun-Mini-Paint-Spray-Gun-HVLP-Pneumatic-Spray-Paint-Machine.jpg\" alt=\"Pistola pulverizadora neum\u00e1tica H-827M, venta al por mayor, minipistola pulverizadora de pintura HVLP\" width=\"750\" height=\"750\" title=\"\" srcset=\"https:\/\/www.supersybon.com\/es\/wp-content\/uploads\/2025\/12\/1764847460-H-827M-Factory-Wholesale-Pneumatic-Spray-Gun-Mini-Paint-Spray-Gun-HVLP-Pneumatic-Spray-Paint-Machine.jpg 750w, https:\/\/www.supersybon.com\/es\/wp-content\/uploads\/2025\/12\/1764847460-H-827M-Factory-Wholesale-Pneumatic-Spray-Gun-Mini-Paint-Spray-Gun-HVLP-Pneumatic-Spray-Paint-Machine-480x480.jpg 480w\" sizes=\"(min-width: 0px) and (max-width: 480px) 480px, (min-width: 481px) 750px, 100vw\" \/><\/div>\n<div data-spm-anchor-id=\"a2700.details.0.i37.625d2e9eLtZffL\"><\/div>\n<div data-spm-anchor-id=\"a2700.details.0.i37.625d2e9eLtZffL\"><\/div>\n<div class=\"magic-13\">\n<div class=\"magic-14\">\n<div data-spm-anchor-id=\"a2700.details.0.i37.625d2e9eLtZffL\">\n<div data-spm-anchor-id=\"a2700.details.0.i37.625d2e9eLtZffL\">\n<p>&nbsp;<\/p>\n<\/div>\n<div data-spm-anchor-id=\"a2700.details.0.i37.625d2e9eLtZffL\">\n<div><strong>Embalaje y servicio de productos<br \/>\n<\/strong><\/div>\n<hr \/>\n<p><strong>PAQUETE :<br \/>\n<\/strong><\/p>\n<p>1 unidad\/caja de papel.<\/p>\n<p>&nbsp;<\/p>\n<p><strong>NUESTRO SERVICIO:<br \/>\n<\/strong><\/p>\n<p>1.24 horas en l\u00ednea<\/p>\n<p>2. Precio competitivo<\/p>\n<p>3. Excelentes comentarios del cliente<\/p>\n<p>4. Pedidos en l\u00ednea seguros<\/p>\n<p>5. Entrega r\u00e1pida<\/p>\n<p>6. Soporte t\u00e9cnico profesional<\/p>\n<\/div>\n<\/div>\n<div data-spm-anchor-id=\"a2700.details.0.i37.625d2e9eLtZffL\"><\/div>\n<div data-spm-anchor-id=\"a2700.details.0.i37.625d2e9eLtZffL\"><\/div>\n<p>&nbsp;<\/p>\n<p><strong>Perfil de la empresa<br \/>\n<\/strong><\/p>\n<hr \/>\n<p>&nbsp;<\/p>\n<p>&nbsp;<\/p>\n<p><img decoding=\"async\" class=\"aligncenter size-full wp-image-324\" src=\"https:\/\/www.supersybon.com\/es\/wp-content\/uploads\/2022\/09\/1663401769-Car-Paint-Supplier-Company-Profile-Manufacturer-China.jpg\" alt=\"\" width=\"900\" height=\"958\" title=\"\" srcset=\"https:\/\/www.supersybon.com\/es\/wp-content\/uploads\/2022\/09\/1663401769-Car-Paint-Supplier-Company-Profile-Manufacturer-China.jpg 900w, https:\/\/www.supersybon.com\/es\/wp-content\/uploads\/2022\/09\/1663401769-Car-Paint-Supplier-Company-Profile-Manufacturer-China-480x511.jpg 480w\" sizes=\"(min-width: 0px) and (max-width: 480px) 480px, (min-width: 481px) 900px, 100vw\" \/><\/p>\n<p><strong>Preguntas m\u00e1s frecuentes<\/strong><\/p>\n<hr \/>\n<\/div>\n<\/div>\n<p>P: \u00bfCu\u00e1l es su MOQ?<\/p>\n<p>R: Nuestro pedido m\u00ednimo es de 10 unidades.<\/p>\n<p>P: \u00bfQu\u00e9 hay de su pago?<\/p>\n<p>R: dep\u00f3sito del 50% por adelantado, saldo del 50% por T\/T, L\/C, paypal, Western Union o antes del env\u00edo.<\/p>\n<p>P: \u00bfProporcionan muestras?<\/p>\n<p>R: S\u00ed, puede comprar una muestra para probarla.<\/p>\n<p>P: \u00bfQu\u00e9 hay de su tiempo de entrega?<\/p>\n<p>R: generalmente 15 d\u00edas despu\u00e9s de recibir su dep\u00f3sito.<\/p>\n","protected":false},"excerpt":{"rendered":"<p>Acerca de la mini pistola pulverizadora HVLP de alimentaci\u00f3n por gravedad:<br \/>\n1. Calidad profesional y excelente atomizaci\u00f3n<br \/>\n2. Boquilla y aguja de acero inoxidable de alta calidad<br \/>\n3. Control de patr\u00f3n totalmente ajustable<br \/>\n4. Se utiliza principalmente para pintar \u00e1reas peque\u00f1as y de alta calidad<\/p>\n","protected":false},"featured_media":3664,"template":"","meta":{"_et_pb_use_builder":"","_et_pb_old_content":"","_et_gb_content_width":""},"product_brand":[],"product_cat":[67,75],"product_tag":[1203],"class_list":{"0":"post-3662","1":"product","2":"type-product","3":"status-publish","4":"has-post-thumbnail","6":"product_cat-serie-de-reparacion-de-automoviles","7":"product_cat-pistola-rociadora","8":"product_tag-mini-pistola-pulverizadora","10":"first","11":"instock","12":"shipping-taxable","13":"product-type-simple"},"_links":{"self":[{"href":"https:\/\/www.supersybon.com\/es\/wp-json\/wp\/v2\/product\/3662","targetHints":{"allow":["GET"]}}],"collection":[{"href":"https:\/\/www.supersybon.com\/es\/wp-json\/wp\/v2\/product"}],"about":[{"href":"https:\/\/www.supersybon.com\/es\/wp-json\/wp\/v2\/types\/product"}],"wp:featuredmedia":[{"embeddable":true,"href":"https:\/\/www.supersybon.com\/es\/wp-json\/wp\/v2\/media\/3664"}],"wp:attachment":[{"href":"https:\/\/www.supersybon.com\/es\/wp-json\/wp\/v2\/media?parent=3662"}],"wp:term":[{"taxonomy":"product_brand","embeddable":true,"href":"https:\/\/www.supersybon.com\/es\/wp-json\/wp\/v2\/product_brand?post=3662"},{"taxonomy":"product_cat","embeddable":true,"href":"https:\/\/www.supersybon.com\/es\/wp-json\/wp\/v2\/product_cat?post=3662"},{"taxonomy":"product_tag","embeddable":true,"href":"https:\/\/www.supersybon.com\/es\/wp-json\/wp\/v2\/product_tag?post=3662"}],"curies":[{"name":"wp","href":"https:\/\/api.w.org\/{rel}","templated":true}]}}