{"id":3657,"date":"2025-12-04T19:15:31","date_gmt":"2025-12-04T11:15:31","guid":{"rendered":"https:\/\/www.supersybon.com\/es\/?post_type=product&#038;p=3657"},"modified":"2025-12-04T19:21:18","modified_gmt":"2025-12-04T11:21:18","slug":"h-4000b-pistola-pulverizadora-de-alto-rendimiento-y-alta-calidad-para-pintura-de-automoviles-hvlp-con-boquillas-de-13-mm-y-600-cc","status":"publish","type":"product","link":"https:\/\/www.supersybon.com\/es\/product\/h-4000b-pistola-pulverizadora-de-alto-rendimiento-y-alta-calidad-para-pintura-de-automoviles-hvlp-con-boquillas-de-13-mm-y-600-cc","title":{"rendered":"H-4000B Pistola pulverizadora de alto rendimiento y alta calidad para pintura de autom\u00f3viles HVLP con boquillas de 1,3 mm y 600 cc"},"content":{"rendered":"<p><iframe title=\"SYBON H-4000B Top Quality High Performance Spray Gun Car Paint HVLP Spray Gun with Nozzles 1.3mm\" width=\"1080\" height=\"608\" src=\"https:\/\/www.youtube.com\/embed\/uGE4yRTb96A?feature=oembed\"  allow=\"accelerometer; autoplay; clipboard-write; encrypted-media; gyroscope; picture-in-picture; web-share\" referrerpolicy=\"strict-origin-when-cross-origin\" allowfullscreen><\/iframe><\/p>\n<p><img decoding=\"async\" class=\"aligncenter size-full wp-image-852\" src=\"https:\/\/www.supersybon.com\/es\/wp-content\/uploads\/2022\/10\/1665661856-H100B-Spray-Gun-Painting-Car-Automotive-Spray-Gun-Automotive-Primer-Guns.jpg\" alt=\"\" width=\"900\" height=\"364\" title=\"\" srcset=\"https:\/\/www.supersybon.com\/es\/wp-content\/uploads\/2022\/10\/1665661856-H100B-Spray-Gun-Painting-Car-Automotive-Spray-Gun-Automotive-Primer-Guns.jpg 900w, https:\/\/www.supersybon.com\/es\/wp-content\/uploads\/2022\/10\/1665661856-H100B-Spray-Gun-Painting-Car-Automotive-Spray-Gun-Automotive-Primer-Guns-480x194.jpg 480w\" sizes=\"(min-width: 0px) and (max-width: 480px) 480px, (min-width: 481px) 900px, 100vw\" \/><\/p>\n<p>&nbsp;<\/p>\n<h2><strong>H-4000B Pistola pulverizadora de alto rendimiento y alta calidad<\/strong><\/h2>\n<p>1. Juego de pistola pulverizadora de aire por gravedad: Pistola profesional, tecnolog\u00eda de atomizaci\u00f3n de baja presi\u00f3n respetuosa con el medio ambiente, pulverizaci\u00f3n uniforme en abanico, lo que permite una pulverizaci\u00f3n m\u00e1s suave y uniforme, y permite aplicar f\u00e1cilmente diversos tratamientos de pintura de superficies.<br \/>\n2. Rendimiento ventajoso: La forma c\u00f3nica especial del cabezal de aire evita salpicaduras de pintura. El filtro de malla elimina las part\u00edculas de suciedad de la pintura, evitando defectos. El dep\u00f3sito de PVC de 600 cc permite ver el nivel de pintura y ahorrar tiempo al cargarla.<br \/>\n3. Uso generalizado: Esta pistola de pintura en aerosol utiliza tecnolog\u00eda de bajo volumen y baja presi\u00f3n para aplicar la pintura con menos fuerza, lo que permite una pulverizaci\u00f3n m\u00e1s suave, f\u00e1cil de controlar y con menos sobrepulverizaci\u00f3n. Ideal para pulverizar bases, barnices y otros recubrimientos de alta viscosidad. Se utiliza ampliamente en recubrimientos de veh\u00edculos, madera, pl\u00e1sticos, metales, mantenimiento de muebles y otras industrias.<br \/>\n4. Pistola de pintura en aerosol para autom\u00f3viles de alta calidad: Aguja y boquilla de acero inoxidable para una mayor vida \u00fatil y para su uso con pinturas a base de agua. N\u00facleo de v\u00e1lvula met\u00e1lico, resistente al desgaste y a la corrosi\u00f3n, atomizaci\u00f3n uniforme y excelente rendimiento. Garant\u00eda de calidad, posventa sin preocupaciones, \u00a1vale la pena comprarlo!<\/p>\n<div class=\"magic-13\">\n<div class=\"magic-14\">\n<div class=\"magic-9\">\n<div class=\"magic-10\">\n<p>&nbsp;<\/p>\n<p>&nbsp;<\/p>\n<\/div>\n<\/div>\n<\/div>\n<\/div>\n<div data-spm-anchor-id=\"a2700.details.0.i37.625d2e9eLtZffL\"><img decoding=\"async\" class=\"aligncenter size-full wp-image-3658\" src=\"https:\/\/www.supersybon.com\/es\/wp-content\/uploads\/2025\/12\/1764847067-4000B-HVLP-Spray-Gun-Kit-Professional-Automotive-Spray-Paint-Gun.jpg\" alt=\"Kit de pistola pulverizadora HVLP 4000B, pistola profesional para pintura automotriz\" width=\"800\" height=\"800\" title=\"\" srcset=\"https:\/\/www.supersybon.com\/es\/wp-content\/uploads\/2025\/12\/1764847067-4000B-HVLP-Spray-Gun-Kit-Professional-Automotive-Spray-Paint-Gun.jpg 800w, https:\/\/www.supersybon.com\/es\/wp-content\/uploads\/2025\/12\/1764847067-4000B-HVLP-Spray-Gun-Kit-Professional-Automotive-Spray-Paint-Gun-480x480.jpg 480w\" sizes=\"(min-width: 0px) and (max-width: 480px) 480px, (min-width: 481px) 800px, 100vw\" \/><\/div>\n<div data-spm-anchor-id=\"a2700.details.0.i37.625d2e9eLtZffL\"><\/div>\n<div data-spm-anchor-id=\"a2700.details.0.i37.625d2e9eLtZffL\"><\/div>\n<div class=\"magic-13\">\n<div class=\"magic-14\">\n<div data-spm-anchor-id=\"a2700.details.0.i37.625d2e9eLtZffL\">\n<div data-spm-anchor-id=\"a2700.details.0.i37.625d2e9eLtZffL\">\n<p>&nbsp;<\/p>\n<\/div>\n<div data-spm-anchor-id=\"a2700.details.0.i37.625d2e9eLtZffL\">\n<div><strong>Embalaje y servicio de productos<br \/>\n<\/strong><\/div>\n<hr \/>\n<p><strong>PAQUETE :<br \/>\n<\/strong><\/p>\n<p>1 unidad\/caja de papel.<\/p>\n<p>&nbsp;<\/p>\n<p><strong>NUESTRO SERVICIO:<br \/>\n<\/strong><\/p>\n<p>1.24 horas en l\u00ednea<\/p>\n<p>2. Precio competitivo<\/p>\n<p>3. Excelentes comentarios del cliente<\/p>\n<p>4. Pedidos en l\u00ednea seguros<\/p>\n<p>5. Entrega r\u00e1pida<\/p>\n<p>6. Soporte t\u00e9cnico profesional<\/p>\n<\/div>\n<\/div>\n<div data-spm-anchor-id=\"a2700.details.0.i37.625d2e9eLtZffL\"><\/div>\n<div data-spm-anchor-id=\"a2700.details.0.i37.625d2e9eLtZffL\"><\/div>\n<p>&nbsp;<\/p>\n<p><strong>Perfil de la empresa<br \/>\n<\/strong><\/p>\n<hr \/>\n<p>&nbsp;<\/p>\n<p>&nbsp;<\/p>\n<p><img decoding=\"async\" class=\"aligncenter size-full wp-image-324\" src=\"https:\/\/www.supersybon.com\/es\/wp-content\/uploads\/2022\/09\/1663401769-Car-Paint-Supplier-Company-Profile-Manufacturer-China.jpg\" alt=\"\" width=\"900\" height=\"958\" title=\"\" srcset=\"https:\/\/www.supersybon.com\/es\/wp-content\/uploads\/2022\/09\/1663401769-Car-Paint-Supplier-Company-Profile-Manufacturer-China.jpg 900w, https:\/\/www.supersybon.com\/es\/wp-content\/uploads\/2022\/09\/1663401769-Car-Paint-Supplier-Company-Profile-Manufacturer-China-480x511.jpg 480w\" sizes=\"(min-width: 0px) and (max-width: 480px) 480px, (min-width: 481px) 900px, 100vw\" \/><\/p>\n<p><strong>Preguntas m\u00e1s frecuentes<\/strong><\/p>\n<hr \/>\n<\/div>\n<\/div>\n<p>P: \u00bfCu\u00e1l es su MOQ?<\/p>\n<p>R: Nuestro pedido m\u00ednimo es de 10 unidades.<\/p>\n<p>P: \u00bfQu\u00e9 hay de su pago?<\/p>\n<p>R: dep\u00f3sito del 50% por adelantado, saldo del 50% por T\/T, L\/C, paypal, Western Union o antes del env\u00edo.<\/p>\n<p>P: \u00bfProporcionan muestras?<\/p>\n<p>R: S\u00ed, puede comprar una muestra para probarla.<\/p>\n<p>P: \u00bfQu\u00e9 hay de su tiempo de entrega?<\/p>\n<p>R: generalmente 15 d\u00edas despu\u00e9s de recibir su dep\u00f3sito.<\/p>\n","protected":false},"excerpt":{"rendered":"<p>1. Juego de pistola pulverizadora de aire por gravedad.<br \/>\n2. Rendimiento excepcional.<br \/>\n3. Ampliamente utilizado.<br \/>\n4. \u00a1Pistola de pintura en aerosol automotriz de alta calidad!<\/p>\n","protected":false},"featured_media":3660,"template":"","meta":{"_et_pb_use_builder":"","_et_pb_old_content":"","_et_gb_content_width":""},"product_brand":[],"product_cat":[67,75],"product_tag":[1202],"class_list":{"0":"post-3657","1":"product","2":"type-product","3":"status-publish","4":"has-post-thumbnail","6":"product_cat-serie-de-reparacion-de-automoviles","7":"product_cat-pistola-rociadora","8":"product_tag-pistola-pulverizadora","10":"first","11":"instock","12":"shipping-taxable","13":"product-type-simple"},"_links":{"self":[{"href":"https:\/\/www.supersybon.com\/es\/wp-json\/wp\/v2\/product\/3657","targetHints":{"allow":["GET"]}}],"collection":[{"href":"https:\/\/www.supersybon.com\/es\/wp-json\/wp\/v2\/product"}],"about":[{"href":"https:\/\/www.supersybon.com\/es\/wp-json\/wp\/v2\/types\/product"}],"wp:featuredmedia":[{"embeddable":true,"href":"https:\/\/www.supersybon.com\/es\/wp-json\/wp\/v2\/media\/3660"}],"wp:attachment":[{"href":"https:\/\/www.supersybon.com\/es\/wp-json\/wp\/v2\/media?parent=3657"}],"wp:term":[{"taxonomy":"product_brand","embeddable":true,"href":"https:\/\/www.supersybon.com\/es\/wp-json\/wp\/v2\/product_brand?post=3657"},{"taxonomy":"product_cat","embeddable":true,"href":"https:\/\/www.supersybon.com\/es\/wp-json\/wp\/v2\/product_cat?post=3657"},{"taxonomy":"product_tag","embeddable":true,"href":"https:\/\/www.supersybon.com\/es\/wp-json\/wp\/v2\/product_tag?post=3657"}],"curies":[{"name":"wp","href":"https:\/\/api.w.org\/{rel}","templated":true}]}}