{"id":3647,"date":"2025-12-02T18:54:13","date_gmt":"2025-12-02T10:54:13","guid":{"rendered":"https:\/\/www.supersybon.com\/es\/?post_type=product&#038;p=3647"},"modified":"2025-12-02T19:02:22","modified_gmt":"2025-12-02T11:02:22","slug":"lb-10-pistola-de-aire-avanzada-para-imprimacion-pistola-de-pulverizacion-de-aire-para-imprimacion-de-chasis-de-aleacion-de-aluminio-pistola-de-pulverizacion-neumatica-para-muebles","status":"publish","type":"product","link":"https:\/\/www.supersybon.com\/es\/product\/lb-10-pistola-de-aire-avanzada-para-imprimacion-pistola-de-pulverizacion-de-aire-para-imprimacion-de-chasis-de-aleacion-de-aluminio-pistola-de-pulverizacion-neumatica-para-muebles","title":{"rendered":"LB-10 Pistola de aire avanzada para imprimaci\u00f3n, pistola de pulverizaci\u00f3n de aire para imprimaci\u00f3n de chasis de aleaci\u00f3n de aluminio, pistola de pulverizaci\u00f3n neum\u00e1tica para muebles"},"content":{"rendered":"<h2><strong>Acerca de la pistola de imprimaci\u00f3n neum\u00e1tica avanzada<\/strong><\/h2>\n<p>1. DURADERA: La pistola de imprimaci\u00f3n para autom\u00f3viles cuenta con un cuerpo met\u00e1lico, boquilla de acero inoxidable, tratamiento de pulido y una larga vida \u00fatil.<\/p>\n<p>2. ROC\u00cdE UNIFORMEMENTE: Esta pistola de imprimaci\u00f3n neum\u00e1tica, duradera y antioxidante, roc\u00eda uniformemente, es f\u00e1cil de instalar y c\u00f3moda de usar.<\/p>\n<p>3. FUNCIONAMIENTO SENCILLO: La pistola pulverizadora neum\u00e1tica se desmonta r\u00e1pidamente para una limpieza m\u00e1s r\u00e1pida e incluye un regulador de presi\u00f3n de aire. Su uso es f\u00e1cil y r\u00e1pido.<\/p>\n<p>4. AMPLIA APLICACI\u00d3N: La pistola de imprimaci\u00f3n neum\u00e1tica es ideal para pulverizar revestimientos de tornos de autom\u00f3viles y camiones, y se utiliza ampliamente en muebles, barcos y maquinaria.<\/p>\n<div data-id=\"paragraph0\">\n<p><img decoding=\"async\" class=\"aligncenter size-full wp-image-3648\" src=\"https:\/\/www.supersybon.com\/es\/wp-content\/uploads\/2025\/12\/1764673025-LB-10-Advanced-Air-Undercoat-Gun-Air-Undercoating-Spray-Gun-Aluminum-Alloy-Chassis-Armor-Spray-Gun-Pneumatic-Spray-Gun-for-Furniture.jpg\" alt=\"LB-10 - Pistola de aire avanzada para imprimaci\u00f3n - Pistola de aire para imprimaci\u00f3n - Pistola de pulverizaci\u00f3n neum\u00e1tica para blindaje de chasis de aleaci\u00f3n de aluminio - Pistola de pulverizaci\u00f3n neum\u00e1tica para muebles\" width=\"750\" height=\"750\" title=\"\" srcset=\"https:\/\/www.supersybon.com\/es\/wp-content\/uploads\/2025\/12\/1764673025-LB-10-Advanced-Air-Undercoat-Gun-Air-Undercoating-Spray-Gun-Aluminum-Alloy-Chassis-Armor-Spray-Gun-Pneumatic-Spray-Gun-for-Furniture.jpg 750w, https:\/\/www.supersybon.com\/es\/wp-content\/uploads\/2025\/12\/1764673025-LB-10-Advanced-Air-Undercoat-Gun-Air-Undercoating-Spray-Gun-Aluminum-Alloy-Chassis-Armor-Spray-Gun-Pneumatic-Spray-Gun-for-Furniture-480x480.jpg 480w\" sizes=\"(min-width: 0px) and (max-width: 480px) 480px, (min-width: 481px) 750px, 100vw\" \/> <img decoding=\"async\" class=\"aligncenter size-full wp-image-3651\" src=\"https:\/\/www.supersybon.com\/es\/wp-content\/uploads\/2025\/12\/1764673065-LB-10-Air-Undercoating-Spray-Gun-for-Rubberized-Undercoat-Rust-Proofing-and-Chip-Guard-Paint.jpg\" alt=\"LB-10 - Pistola pulverizadora de aire para imprimaci\u00f3n de caucho, pintura antioxidante y antidesportilladura\" width=\"750\" height=\"750\" title=\"\" srcset=\"https:\/\/www.supersybon.com\/es\/wp-content\/uploads\/2025\/12\/1764673065-LB-10-Air-Undercoating-Spray-Gun-for-Rubberized-Undercoat-Rust-Proofing-and-Chip-Guard-Paint.jpg 750w, https:\/\/www.supersybon.com\/es\/wp-content\/uploads\/2025\/12\/1764673065-LB-10-Air-Undercoating-Spray-Gun-for-Rubberized-Undercoat-Rust-Proofing-and-Chip-Guard-Paint-480x480.jpg 480w\" sizes=\"(min-width: 0px) and (max-width: 480px) 480px, (min-width: 481px) 750px, 100vw\" \/> <img decoding=\"async\" class=\"aligncenter size-full wp-image-3650\" src=\"https:\/\/www.supersybon.com\/es\/wp-content\/uploads\/2025\/12\/1764673057-LB-10-Air-Undercoating-Spray-Gun-Apply-Sprayable-Truck-Bed-Liner-Coating-Rubberized-Undercoat-Rust-Proofing-Chip-Guard-Paint.jpg\" alt=\"LB-10 - Recubrimiento de base de aire con pistola pulverizadora, aplicaci\u00f3n con pulverizador, revestimiento de goma para caja de cami\u00f3n, protecci\u00f3n contra la oxidaci\u00f3n y antidesportilladuras\" width=\"750\" height=\"750\" title=\"\" srcset=\"https:\/\/www.supersybon.com\/es\/wp-content\/uploads\/2025\/12\/1764673057-LB-10-Air-Undercoating-Spray-Gun-Apply-Sprayable-Truck-Bed-Liner-Coating-Rubberized-Undercoat-Rust-Proofing-Chip-Guard-Paint.jpg 750w, https:\/\/www.supersybon.com\/es\/wp-content\/uploads\/2025\/12\/1764673057-LB-10-Air-Undercoating-Spray-Gun-Apply-Sprayable-Truck-Bed-Liner-Coating-Rubberized-Undercoat-Rust-Proofing-Chip-Guard-Paint-480x480.jpg 480w\" sizes=\"(min-width: 0px) and (max-width: 480px) 480px, (min-width: 481px) 750px, 100vw\" \/><\/p>\n<\/div>\n<div class=\"magic-13\">\n<div class=\"magic-14\">\n<div class=\"magic-9\">\n<p><strong>Embalaje y servicio de productos<br \/>\n<\/strong><\/p>\n<hr \/>\n<p><strong>PAQUETE :<br \/>\n<\/strong><\/p>\n<\/div>\n<\/div>\n<\/div>\n<div class=\"magic-13\">\n<div class=\"magic-14\">\n<div data-spm-anchor-id=\"a2700.details.0.i37.625d2e9eLtZffL\">1 unidad\/caja, 30 unidades\/caja de cart\u00f3n.<\/div>\n<\/div>\n<\/div>\n<div class=\"magic-13\">\n<div class=\"magic-14\">\n<div class=\"magic-9\">\n<div class=\"magic-10\">\n<p><img decoding=\"async\" class=\"aligncenter size-full wp-image-3652\" src=\"https:\/\/www.supersybon.com\/es\/wp-content\/uploads\/2025\/12\/1764673072-LB-10-Car-Undercoating-Gun-Underbody-Rust-Proofing-Chassis-Armor-Spray-Gun-and-bottle-Air-Car-Undercoating-Rust-Proofing-Chassis-Armor-Spray-Gun-Tool-Bottle-Car.jpg\" alt=\"LB-10 - Pistola pulverizadora para revestimiento de bajos de coche, protecci\u00f3n contra la oxidaci\u00f3n de bajos de carrocer\u00eda, blindaje de chasis, pistola pulverizadora y botella de aire\" width=\"750\" height=\"750\" title=\"\" srcset=\"https:\/\/www.supersybon.com\/es\/wp-content\/uploads\/2025\/12\/1764673072-LB-10-Car-Undercoating-Gun-Underbody-Rust-Proofing-Chassis-Armor-Spray-Gun-and-bottle-Air-Car-Undercoating-Rust-Proofing-Chassis-Armor-Spray-Gun-Tool-Bottle-Car.jpg 750w, https:\/\/www.supersybon.com\/es\/wp-content\/uploads\/2025\/12\/1764673072-LB-10-Car-Undercoating-Gun-Underbody-Rust-Proofing-Chassis-Armor-Spray-Gun-and-bottle-Air-Car-Undercoating-Rust-Proofing-Chassis-Armor-Spray-Gun-Tool-Bottle-Car-480x480.jpg 480w\" sizes=\"(min-width: 0px) and (max-width: 480px) 480px, (min-width: 481px) 750px, 100vw\" \/><\/p>\n<p><strong>NUESTRO SERVICIO:<br \/>\n<\/strong><\/p>\n<p>1.24 horas en l\u00ednea<\/p>\n<p>2. Precio competitivo<\/p>\n<p>3. Excelentes comentarios del cliente<\/p>\n<p>4. Pedidos en l\u00ednea seguros<\/p>\n<p>5. Entrega r\u00e1pida<\/p>\n<p>6. Soporte t\u00e9cnico profesional<\/p>\n<p>&nbsp;<\/p>\n<\/div>\n<\/div>\n<\/div>\n<\/div>\n<div class=\"magic-13\">\n<div class=\"magic-14\">\n<p><strong>Perfil de la empresa<br \/>\n<\/strong><\/p>\n<hr \/>\n<p>&nbsp;<\/p>\n<p><img decoding=\"async\" class=\"aligncenter size-full wp-image-324\" src=\"https:\/\/www.supersybon.com\/es\/wp-content\/uploads\/2022\/09\/1663401769-Car-Paint-Supplier-Company-Profile-Manufacturer-China.jpg\" alt=\"\" width=\"900\" height=\"958\" title=\"\" srcset=\"https:\/\/www.supersybon.com\/es\/wp-content\/uploads\/2022\/09\/1663401769-Car-Paint-Supplier-Company-Profile-Manufacturer-China.jpg 900w, https:\/\/www.supersybon.com\/es\/wp-content\/uploads\/2022\/09\/1663401769-Car-Paint-Supplier-Company-Profile-Manufacturer-China-480x511.jpg 480w\" sizes=\"(min-width: 0px) and (max-width: 480px) 480px, (min-width: 481px) 900px, 100vw\" \/><\/p>\n<div class=\"magic-13\">\n<div class=\"magic-14\">\n<p><strong>Preguntas m\u00e1s frecuentes<\/strong><\/p>\n<hr \/>\n<\/div>\n<\/div>\n<p>P: \u00bfCu\u00e1l es su MOQ?<\/p>\n<p>R: Nuestro pedido m\u00ednimo es de 1 caja de cart\u00f3n.<\/p>\n<p>P: \u00bfQu\u00e9 hay de su pago?<\/p>\n<p>R: dep\u00f3sito del 50% por adelantado, saldo del 50% por T\/T, L\/C, paypal, Western Union o antes del env\u00edo.<\/p>\n<p>P: \u00bfProporcionan muestras?<\/p>\n<p>R: S\u00ed, puede comprar una muestra para probarla.<\/p>\n<p>P: \u00bfQu\u00e9 hay de su tiempo de entrega?<\/p>\n<p>R: generalmente 15 d\u00edas despu\u00e9s de recibir su dep\u00f3sito.<\/p>\n<\/div>\n<\/div>\n","protected":false},"excerpt":{"rendered":"<p>1. DURADERO: La pistola de imprimaci\u00f3n neum\u00e1tica para autom\u00f3viles cuenta con un cuerpo met\u00e1lico, boquilla de acero inoxidable, tratamiento de pulido y una larga vida \u00fatil.<br \/>\n2. ROC\u00cdO UNIFORME: Esta duradera pistola de imprimaci\u00f3n neum\u00e1tica anti\u00f3xido roc\u00eda uniformemente, es f\u00e1cil de instalar y c\u00f3moda de usar.<br \/>\n3. FUNCIONAMIENTO SENCILLO: La pistola pulverizadora neum\u00e1tica se desmonta r\u00e1pidamente para una limpieza m\u00e1s r\u00e1pida e incluye un regulador de presi\u00f3n de aire. Su uso es f\u00e1cil y r\u00e1pido.<br \/>\n4. AMPLIA APLICACI\u00d3N: La pistola pulverizadora neum\u00e1tica para imprimaci\u00f3n es ideal para pulverizar revestimientos de tornos de autom\u00f3viles y camiones, y se utiliza ampliamente en muebles, barcos y maquinaria.<\/p>\n","protected":false},"featured_media":3648,"template":"","meta":{"_et_pb_use_builder":"","_et_pb_old_content":"","_et_gb_content_width":""},"product_brand":[],"product_cat":[67,70],"product_tag":[1201],"class_list":{"0":"post-3647","1":"product","2":"type-product","3":"status-publish","4":"has-post-thumbnail","6":"product_cat-serie-de-reparacion-de-automoviles","7":"product_cat-recubrimiento-de-goma","8":"product_tag-pistola","10":"first","11":"instock","12":"shipping-taxable","13":"product-type-simple"},"_links":{"self":[{"href":"https:\/\/www.supersybon.com\/es\/wp-json\/wp\/v2\/product\/3647","targetHints":{"allow":["GET"]}}],"collection":[{"href":"https:\/\/www.supersybon.com\/es\/wp-json\/wp\/v2\/product"}],"about":[{"href":"https:\/\/www.supersybon.com\/es\/wp-json\/wp\/v2\/types\/product"}],"wp:featuredmedia":[{"embeddable":true,"href":"https:\/\/www.supersybon.com\/es\/wp-json\/wp\/v2\/media\/3648"}],"wp:attachment":[{"href":"https:\/\/www.supersybon.com\/es\/wp-json\/wp\/v2\/media?parent=3647"}],"wp:term":[{"taxonomy":"product_brand","embeddable":true,"href":"https:\/\/www.supersybon.com\/es\/wp-json\/wp\/v2\/product_brand?post=3647"},{"taxonomy":"product_cat","embeddable":true,"href":"https:\/\/www.supersybon.com\/es\/wp-json\/wp\/v2\/product_cat?post=3647"},{"taxonomy":"product_tag","embeddable":true,"href":"https:\/\/www.supersybon.com\/es\/wp-json\/wp\/v2\/product_tag?post=3647"}],"curies":[{"name":"wp","href":"https:\/\/api.w.org\/{rel}","templated":true}]}}