{"id":3640,"date":"2025-12-02T18:53:31","date_gmt":"2025-12-02T10:53:31","guid":{"rendered":"https:\/\/www.supersybon.com\/es\/?post_type=product&#038;p=3640"},"modified":"2025-12-02T18:53:31","modified_gmt":"2025-12-02T10:53:31","slug":"pg110-adhesivo-de-poliuretano-para-parabrisas-de-automoviles-sellador-de-poliuretano-para-reemplazo-de-parabrisas-gran-oferta","status":"publish","type":"product","link":"https:\/\/www.supersybon.com\/es\/product\/pg110-adhesivo-de-poliuretano-para-parabrisas-de-automoviles-sellador-de-poliuretano-para-reemplazo-de-parabrisas-gran-oferta","title":{"rendered":"PG110 Adhesivo de poliuretano para parabrisas de autom\u00f3viles, sellador de poliuretano para reemplazo de parabrisas, gran oferta"},"content":{"rendered":"<p><img decoding=\"async\" class=\"aligncenter size-full wp-image-3641\" src=\"https:\/\/www.supersybon.com\/es\/wp-content\/uploads\/2025\/12\/1764672291-PG110-Hot-Sale-Windshield-Replacement-Polyurethane-Sealant-Adhesive-PU-Sealant.jpg\" alt=\"PG110 Venta caliente Sellador de poliuretano adhesivo para reemplazo de parabrisas Sellador de PU\" width=\"750\" height=\"302\" title=\"\" srcset=\"https:\/\/www.supersybon.com\/es\/wp-content\/uploads\/2025\/12\/1764672291-PG110-Hot-Sale-Windshield-Replacement-Polyurethane-Sealant-Adhesive-PU-Sealant.jpg 750w, https:\/\/www.supersybon.com\/es\/wp-content\/uploads\/2025\/12\/1764672291-PG110-Hot-Sale-Windshield-Replacement-Polyurethane-Sealant-Adhesive-PU-Sealant-480x193.jpg 480w\" sizes=\"(min-width: 0px) and (max-width: 480px) 480px, (min-width: 481px) 750px, 100vw\" \/><\/p>\n<h2><strong>Adhesivo de poliuretano para parabrisas de autom\u00f3viles<\/strong><\/h2>\n<p><strong>DESCRIPCI\u00d3N:<\/strong><br \/>\nEl adhesivo de poliuretano para parabrisas de autom\u00f3viles es un sellador de poliuretano monocomponente curable por humedad. Ofrece un excelente rendimiento de adhesi\u00f3n y sellado. No corroe ni contamina los sustratos, es ecol\u00f3gico, no forma burbujas durante la aplicaci\u00f3n y tiene un aspecto liso y elegante.<br \/>\n<strong>Nota:<\/strong> La aplicaci\u00f3n sin imprimaci\u00f3n requiere preparar el vidrio con un limpiador de vidrios no antiest\u00e1tico. Adem\u00e1s, las superficies a unir deben estar libres de contaminaci\u00f3n antes de la aplicaci\u00f3n del adhesivo.<\/p>\n<p><strong>PROPIEDADES:<\/strong><br \/>\n1. Excelente suavidad despu\u00e9s del curado, f\u00e1cil de cortar y f\u00e1cil de reemplazar.<br \/>\n2. Excelente rendimiento de adhesi\u00f3n, sin imprimaci\u00f3n.<br \/>\n3. Excelente extruibilidad y tixotrop\u00eda, sin descuelgue.<\/p>\n<p><strong>APLICACIONES:<\/strong><br \/>\nApto para la uni\u00f3n de parabrisas y lunas laterales y traseras.<\/p>\n<p><img decoding=\"async\" class=\"aligncenter size-full wp-image-3642\" src=\"https:\/\/www.supersybon.com\/es\/wp-content\/uploads\/2025\/12\/1764672387-PG110-310ml-Polyurethane-Automotive-Windshield-Adhesive-cartridge-sellador-poliuretano-for-windshield-repair-polyurethane-adhesive-joint-sealant-for-glass.jpg\" alt=\"PG110-310ml - Adhesivo de poliuretano para parabrisas de autom\u00f3viles - cartucho - sellador de poliuretano para reparaci\u00f3n de parabrisas - adhesivo de poliuretano - sellador de juntas para vidrio\" width=\"750\" height=\"750\" title=\"\" srcset=\"https:\/\/www.supersybon.com\/es\/wp-content\/uploads\/2025\/12\/1764672387-PG110-310ml-Polyurethane-Automotive-Windshield-Adhesive-cartridge-sellador-poliuretano-for-windshield-repair-polyurethane-adhesive-joint-sealant-for-glass.jpg 750w, https:\/\/www.supersybon.com\/es\/wp-content\/uploads\/2025\/12\/1764672387-PG110-310ml-Polyurethane-Automotive-Windshield-Adhesive-cartridge-sellador-poliuretano-for-windshield-repair-polyurethane-adhesive-joint-sealant-for-glass-480x480.jpg 480w\" sizes=\"(min-width: 0px) and (max-width: 480px) 480px, (min-width: 481px) 750px, 100vw\" \/> <img decoding=\"async\" class=\"aligncenter size-full wp-image-3643\" src=\"https:\/\/www.supersybon.com\/es\/wp-content\/uploads\/2025\/12\/1764672392-PG110-Car-Windshield-Polyurethane-Glue-Autoglass-Pu-Sealant-for-Glass-Repair.jpg\" alt=\"PG110 - Pegamento de poliuretano para parabrisas de coche, sellador de poliuretano para reparaci\u00f3n de vidrios\" width=\"750\" height=\"750\" title=\"\" srcset=\"https:\/\/www.supersybon.com\/es\/wp-content\/uploads\/2025\/12\/1764672392-PG110-Car-Windshield-Polyurethane-Glue-Autoglass-Pu-Sealant-for-Glass-Repair.jpg 750w, https:\/\/www.supersybon.com\/es\/wp-content\/uploads\/2025\/12\/1764672392-PG110-Car-Windshield-Polyurethane-Glue-Autoglass-Pu-Sealant-for-Glass-Repair-480x480.jpg 480w\" sizes=\"(min-width: 0px) and (max-width: 480px) 480px, (min-width: 481px) 750px, 100vw\" \/> <img decoding=\"async\" class=\"aligncenter size-full wp-image-3645\" src=\"https:\/\/www.supersybon.com\/es\/wp-content\/uploads\/2025\/12\/1764672410-PG110-PU-Sealant-for-windshield-glass-polyurethane-Sealant-Car-window-repairing-sealant.jpg\" alt=\"Sellador de poliuretano PG110 para parabrisas y reparaci\u00f3n de ventanas de coche\" width=\"750\" height=\"750\" title=\"\" srcset=\"https:\/\/www.supersybon.com\/es\/wp-content\/uploads\/2025\/12\/1764672410-PG110-PU-Sealant-for-windshield-glass-polyurethane-Sealant-Car-window-repairing-sealant.jpg 750w, https:\/\/www.supersybon.com\/es\/wp-content\/uploads\/2025\/12\/1764672410-PG110-PU-Sealant-for-windshield-glass-polyurethane-Sealant-Car-window-repairing-sealant-480x480.jpg 480w\" sizes=\"(min-width: 0px) and (max-width: 480px) 480px, (min-width: 481px) 750px, 100vw\" \/><\/p>\n<p><img decoding=\"async\" class=\"aligncenter size-full wp-image-3644\" src=\"https:\/\/www.supersybon.com\/es\/wp-content\/uploads\/2025\/12\/1764672405-PG110-PU-Sealant-fix-Usage-for-Windshield-and-Auto-Glass-Repair-Polyurethane-Adhesive.jpg\" alt=\"Sellador de poliuretano PG110 para reparaci\u00f3n de parabrisas y cristales de autom\u00f3viles. Adhesivo de poliuretano.\" width=\"750\" height=\"750\" title=\"\" srcset=\"https:\/\/www.supersybon.com\/es\/wp-content\/uploads\/2025\/12\/1764672405-PG110-PU-Sealant-fix-Usage-for-Windshield-and-Auto-Glass-Repair-Polyurethane-Adhesive.jpg 750w, https:\/\/www.supersybon.com\/es\/wp-content\/uploads\/2025\/12\/1764672405-PG110-PU-Sealant-fix-Usage-for-Windshield-and-Auto-Glass-Repair-Polyurethane-Adhesive-480x480.jpg 480w\" sizes=\"(min-width: 0px) and (max-width: 480px) 480px, (min-width: 481px) 750px, 100vw\" \/><\/p>\n","protected":false},"excerpt":{"rendered":"<p>El adhesivo de poliuretano para parabrisas automotrices es un sellador de poliuretano monocomponente curable por humedad. Ofrece un excelente rendimiento de adhesi\u00f3n y sellado. No corroe ni contamina los sustratos, es ecol\u00f3gico, no forma burbujas durante la aplicaci\u00f3n y tiene una apariencia suave y elegante.<\/p>\n","protected":false},"featured_media":3646,"template":"","meta":{"_et_pb_use_builder":"","_et_pb_old_content":"","_et_gb_content_width":""},"product_brand":[],"product_cat":[55],"product_tag":[1200],"class_list":{"0":"post-3640","1":"product","2":"type-product","3":"status-publish","4":"has-post-thumbnail","6":"product_cat-otros","7":"product_tag-adhesivo-de-poliuretano-para-parabrisas-de-automoviles","9":"first","10":"instock","11":"shipping-taxable","12":"product-type-simple"},"_links":{"self":[{"href":"https:\/\/www.supersybon.com\/es\/wp-json\/wp\/v2\/product\/3640","targetHints":{"allow":["GET"]}}],"collection":[{"href":"https:\/\/www.supersybon.com\/es\/wp-json\/wp\/v2\/product"}],"about":[{"href":"https:\/\/www.supersybon.com\/es\/wp-json\/wp\/v2\/types\/product"}],"wp:featuredmedia":[{"embeddable":true,"href":"https:\/\/www.supersybon.com\/es\/wp-json\/wp\/v2\/media\/3646"}],"wp:attachment":[{"href":"https:\/\/www.supersybon.com\/es\/wp-json\/wp\/v2\/media?parent=3640"}],"wp:term":[{"taxonomy":"product_brand","embeddable":true,"href":"https:\/\/www.supersybon.com\/es\/wp-json\/wp\/v2\/product_brand?post=3640"},{"taxonomy":"product_cat","embeddable":true,"href":"https:\/\/www.supersybon.com\/es\/wp-json\/wp\/v2\/product_cat?post=3640"},{"taxonomy":"product_tag","embeddable":true,"href":"https:\/\/www.supersybon.com\/es\/wp-json\/wp\/v2\/product_tag?post=3640"}],"curies":[{"name":"wp","href":"https:\/\/api.w.org\/{rel}","templated":true}]}}