{"id":3631,"date":"2025-12-02T18:29:04","date_gmt":"2025-12-02T10:29:04","guid":{"rendered":"https:\/\/www.supersybon.com\/es\/?post_type=product&#038;p=3631"},"modified":"2025-12-02T18:41:01","modified_gmt":"2025-12-02T10:41:01","slug":"hk705-imprimacion-uv-1k-de-curado-ultravioleta-para-automocion","status":"publish","type":"product","link":"https:\/\/www.supersybon.com\/es\/product\/hk705-imprimacion-uv-1k-de-curado-ultravioleta-para-automocion","title":{"rendered":"HK705 Imprimaci\u00f3n UV 1K de curado ultravioleta para automoci\u00f3n"},"content":{"rendered":"<p><img decoding=\"async\" class=\"aligncenter size-full wp-image-3632\" src=\"https:\/\/www.supersybon.com\/es\/wp-content\/uploads\/2025\/12\/1764671520-Ultraviolet-UV-Cured-Primer-1K-Superior-Adhesion-Bonds-Effectively-to-Various-Substrates-for-a-Durable-Finish.jpg\" alt=\"Imprimaci\u00f3n 1K curada con luz ultravioleta (UV) con excelente adhesi\u00f3n que se adhiere eficazmente a diversos sustratos para un acabado duradero.\" width=\"750\" height=\"302\" title=\"\" srcset=\"https:\/\/www.supersybon.com\/es\/wp-content\/uploads\/2025\/12\/1764671520-Ultraviolet-UV-Cured-Primer-1K-Superior-Adhesion-Bonds-Effectively-to-Various-Substrates-for-a-Durable-Finish.jpg 750w, https:\/\/www.supersybon.com\/es\/wp-content\/uploads\/2025\/12\/1764671520-Ultraviolet-UV-Cured-Primer-1K-Superior-Adhesion-Bonds-Effectively-to-Various-Substrates-for-a-Durable-Finish-480x193.jpg 480w\" sizes=\"(min-width: 0px) and (max-width: 480px) 480px, (min-width: 481px) 750px, 100vw\" \/><\/p>\n<h2><strong>Acerca de la imprimaci\u00f3n UV HK705 1K de curado ultravioleta para autom\u00f3viles<\/strong><\/h2>\n<p>La imprimaci\u00f3n UV SYBON es una imprimaci\u00f3n de alto rendimiento y secado r\u00e1pido, dise\u00f1ada para una m\u00e1xima eficiencia en el repintado automotriz. Gracias a su avanzada tecnolog\u00eda de curado UV, seca instant\u00e1neamente bajo la luz UV, reduciendo significativamente los tiempos de reparaci\u00f3n. Esta imprimaci\u00f3n proporciona una excelente adhesi\u00f3n, una superficie lisa y duradera, y excelentes propiedades de lijado, garantizando una base impecable para la aplicaci\u00f3n del acabado.<\/p>\n<div>\n<div class=\"magic-9\">\n<div class=\"magic-10\"><img decoding=\"async\" class=\"aligncenter size-full wp-image-3634\" src=\"https:\/\/www.supersybon.com\/es\/wp-content\/uploads\/2025\/12\/1764671598-1K-UV-Primer-Highly-Efficient-High-yield-and-Fast-drying-Semi-transparent-Very-Fast-Curing-Process.jpg\" alt=\"Imprimaci\u00f3n UV 1K de alta eficiencia, alto rendimiento y secado r\u00e1pido, semitransparente y de curado ultrarr\u00e1pido.\" width=\"800\" height=\"800\" title=\"\" srcset=\"https:\/\/www.supersybon.com\/es\/wp-content\/uploads\/2025\/12\/1764671598-1K-UV-Primer-Highly-Efficient-High-yield-and-Fast-drying-Semi-transparent-Very-Fast-Curing-Process.jpg 800w, https:\/\/www.supersybon.com\/es\/wp-content\/uploads\/2025\/12\/1764671598-1K-UV-Primer-Highly-Efficient-High-yield-and-Fast-drying-Semi-transparent-Very-Fast-Curing-Process-480x480.jpg 480w\" sizes=\"(min-width: 0px) and (max-width: 480px) 480px, (min-width: 481px) 800px, 100vw\" \/><img decoding=\"async\" class=\"aligncenter size-full wp-image-3635\" src=\"https:\/\/www.supersybon.com\/es\/wp-content\/uploads\/2025\/12\/1764671604-1K-UV-Primer-One-component-UV-Curable-Filler-Suitable-for-Small-Repairs.jpg\" alt=\"Imprimaci\u00f3n UV 1K, relleno monocomponente de curado UV, ideal para peque\u00f1as reparaciones\" width=\"800\" height=\"800\" title=\"\" srcset=\"https:\/\/www.supersybon.com\/es\/wp-content\/uploads\/2025\/12\/1764671604-1K-UV-Primer-One-component-UV-Curable-Filler-Suitable-for-Small-Repairs.jpg 800w, https:\/\/www.supersybon.com\/es\/wp-content\/uploads\/2025\/12\/1764671604-1K-UV-Primer-One-component-UV-Curable-Filler-Suitable-for-Small-Repairs-480x480.jpg 480w\" sizes=\"(min-width: 0px) and (max-width: 480px) 480px, (min-width: 481px) 800px, 100vw\" \/><img decoding=\"async\" class=\"aligncenter size-full wp-image-3633\" src=\"https:\/\/www.supersybon.com\/es\/wp-content\/uploads\/2025\/12\/1764671592-1K-UV-Primer-Dried-With-UV-Lamp-Fast-Drying-Depending-on-the-Layer-Thickness.jpg\" alt=\"Imprimaci\u00f3n UV 1K de secado r\u00e1pido con l\u00e1mpara UV seg\u00fan el grosor de la capa\" width=\"800\" height=\"800\" title=\"\" srcset=\"https:\/\/www.supersybon.com\/es\/wp-content\/uploads\/2025\/12\/1764671592-1K-UV-Primer-Dried-With-UV-Lamp-Fast-Drying-Depending-on-the-Layer-Thickness.jpg 800w, https:\/\/www.supersybon.com\/es\/wp-content\/uploads\/2025\/12\/1764671592-1K-UV-Primer-Dried-With-UV-Lamp-Fast-Drying-Depending-on-the-Layer-Thickness-480x480.jpg 480w\" sizes=\"(min-width: 0px) and (max-width: 480px) 480px, (min-width: 481px) 800px, 100vw\" \/><\/div>\n<\/div>\n<\/div>\n<div data-spm-anchor-id=\"a2700.details.0.i37.625d2e9eLtZffL\"><\/div>\n<div data-spm-anchor-id=\"a2700.details.0.i37.625d2e9eLtZffL\">\n<div data-spm-anchor-id=\"a2700.details.0.i37.625d2e9eLtZffL\">\n<p><strong>Embalaje y servicio de productos<\/strong><\/p>\n<\/div>\n<div data-spm-anchor-id=\"a2700.details.0.i37.625d2e9eLtZffL\">\n<hr \/>\n<p><strong>PAQUETE :<br \/>\n<\/strong><\/p>\n<p>12 latas\/cart\u00f3n.<\/p>\n<p>&nbsp;<\/p>\n<p><strong>NUESTRO SERVICIO:<br \/>\n<\/strong><\/p>\n<p>1,24 horas en l\u00ednea<\/p>\n<p>2. Precio competitivo<\/p>\n<p>3. Excelentes comentarios del cliente<\/p>\n<p>4. Pedidos en l\u00ednea seguros<\/p>\n<p>5. Entrega r\u00e1pida<\/p>\n<p>6. Soporte t\u00e9cnico profesional<\/p>\n<\/div>\n<\/div>\n<div data-spm-anchor-id=\"a2700.details.0.i37.625d2e9eLtZffL\"><\/div>\n<p>&nbsp;<\/p>\n<p>&nbsp;<\/p>\n<p><img decoding=\"async\" class=\"aligncenter size-full wp-image-741\" src=\"https:\/\/www.supersybon.com\/es\/wp-content\/uploads\/2022\/09\/1665471795-Hk702-Best-Auto-Filler-Primer-For-Cars-Metallized-Coating-Primer.jpg\" alt=\"\" width=\"750\" height=\"750\" title=\"\" srcset=\"https:\/\/www.supersybon.com\/es\/wp-content\/uploads\/2022\/09\/1665471795-Hk702-Best-Auto-Filler-Primer-For-Cars-Metallized-Coating-Primer.jpg 750w, https:\/\/www.supersybon.com\/es\/wp-content\/uploads\/2022\/09\/1665471795-Hk702-Best-Auto-Filler-Primer-For-Cars-Metallized-Coating-Primer-480x480.jpg 480w\" sizes=\"(min-width: 0px) and (max-width: 480px) 480px, (min-width: 481px) 750px, 100vw\" \/><\/p>\n<p>&nbsp;<\/p>\n<p>&nbsp;<\/p>\n<p><strong>Perfil de la empresa<br \/>\n<\/strong><\/p>\n<hr \/>\n<p>&nbsp;<\/p>\n<p><img decoding=\"async\" class=\"aligncenter size-full wp-image-324\" src=\"https:\/\/www.supersybon.com\/es\/wp-content\/uploads\/2022\/09\/1663401769-Car-Paint-Supplier-Company-Profile-Manufacturer-China.jpg\" alt=\"\" width=\"900\" height=\"958\" title=\"\" srcset=\"https:\/\/www.supersybon.com\/es\/wp-content\/uploads\/2022\/09\/1663401769-Car-Paint-Supplier-Company-Profile-Manufacturer-China.jpg 900w, https:\/\/www.supersybon.com\/es\/wp-content\/uploads\/2022\/09\/1663401769-Car-Paint-Supplier-Company-Profile-Manufacturer-China-480x511.jpg 480w\" sizes=\"(min-width: 0px) and (max-width: 480px) 480px, (min-width: 481px) 900px, 100vw\" \/><\/p>\n<p>&nbsp;<\/p>\n<p><strong>Preguntas m\u00e1s frecuentes<br \/>\n<\/strong><\/p>\n<hr \/>\n<p>&nbsp;<\/p>\n<p>P: \u00bfCu\u00e1l es su MOQ?<\/p>\n<p>R: Nuestro pedido m\u00ednimo es de 300 litros.<\/p>\n<p>P: \u00bfEs usted una empresa fabricante?<\/p>\n<p>R: somos fabricantes profesionales y tenemos nuestra propia f\u00e1brica.<\/p>\n<p>P: \u00bfPodemos visitar su f\u00e1brica?<\/p>\n<p>R: S\u00ed. Le invitamos a nuestra f\u00e1brica.<\/p>\n<p>P: \u00bfQu\u00e9 hay de su pago?<\/p>\n<p>R: dep\u00f3sito del 50% por adelantado, saldo del 50% por T\/T, L\/C, paypal, Western Union o antes del env\u00edo.<\/p>\n<p>P: \u00bfProporcionan muestras?<\/p>\n<p>R: S\u00ed, podemos proporcionarle muestras gratuitas, solo debe pagar el flete.<\/p>\n<p>P: \u00bfQu\u00e9 hay de su tiempo de entrega?<\/p>\n<p>R: generalmente 15 d\u00edas despu\u00e9s de recibir su dep\u00f3sito.<\/p>\n","protected":false},"excerpt":{"rendered":"<p>Acerca de la imprimaci\u00f3n UV 1K:<br \/>\n1. Sin encogimiento;<br \/>\n2. Alto espesor;<br \/>\n3. Baja adherencia una vez curado;<br \/>\n4. Buena adherencia;<br \/>\n5. Secado r\u00e1pido;<br \/>\n6. F\u00e1cil de lijar;<\/p>\n","protected":false},"featured_media":3636,"template":"","meta":{"_et_pb_use_builder":"","_et_pb_old_content":"","_et_gb_content_width":""},"product_brand":[],"product_cat":[76,78],"product_tag":[1199],"class_list":{"0":"post-3631","1":"product","2":"type-product","3":"status-publish","4":"has-post-thumbnail","6":"product_cat-serie-de-pintura-automatica","7":"product_cat-imprimacion-relleno-masilla","8":"product_tag-imprimacion-uv-1k","10":"first","11":"instock","12":"shipping-taxable","13":"product-type-simple"},"_links":{"self":[{"href":"https:\/\/www.supersybon.com\/es\/wp-json\/wp\/v2\/product\/3631","targetHints":{"allow":["GET"]}}],"collection":[{"href":"https:\/\/www.supersybon.com\/es\/wp-json\/wp\/v2\/product"}],"about":[{"href":"https:\/\/www.supersybon.com\/es\/wp-json\/wp\/v2\/types\/product"}],"wp:featuredmedia":[{"embeddable":true,"href":"https:\/\/www.supersybon.com\/es\/wp-json\/wp\/v2\/media\/3636"}],"wp:attachment":[{"href":"https:\/\/www.supersybon.com\/es\/wp-json\/wp\/v2\/media?parent=3631"}],"wp:term":[{"taxonomy":"product_brand","embeddable":true,"href":"https:\/\/www.supersybon.com\/es\/wp-json\/wp\/v2\/product_brand?post=3631"},{"taxonomy":"product_cat","embeddable":true,"href":"https:\/\/www.supersybon.com\/es\/wp-json\/wp\/v2\/product_cat?post=3631"},{"taxonomy":"product_tag","embeddable":true,"href":"https:\/\/www.supersybon.com\/es\/wp-json\/wp\/v2\/product_tag?post=3631"}],"curies":[{"name":"wp","href":"https:\/\/api.w.org\/{rel}","templated":true}]}}