{"id":3538,"date":"2025-11-03T17:15:00","date_gmt":"2025-11-03T09:15:00","guid":{"rendered":"https:\/\/www.supersybon.com\/es\/?post_type=product&#038;p=3538"},"modified":"2025-11-03T17:26:37","modified_gmt":"2025-11-03T09:26:37","slug":"pintura-automotriz-camaleonica-hk5021-hk5373n-pintura-para-autos-con-efecto-tornasol-cambio-de-color-multiangulo","status":"publish","type":"product","link":"https:\/\/www.supersybon.com\/es\/product\/pintura-automotriz-camaleonica-hk5021-hk5373n-pintura-para-autos-con-efecto-tornasol-cambio-de-color-multiangulo","title":{"rendered":"Pintura automotriz camale\u00f3nica HK5021-HK5373N: pintura para autos con efecto tornasol | Cambio de color multi\u00e1ngulo"},"content":{"rendered":"<p><img decoding=\"async\" class=\"size-full wp-image-162 alignleft\" src=\"https:\/\/www.supersybon.com\/es\/wp-content\/uploads\/2022\/09\/1663044214-1K-Autobase-Colors-2K-Autocryl-Colors.jpg\" alt=\"\" width=\"400\" height=\"400\" title=\"\" srcset=\"https:\/\/www.supersybon.com\/es\/wp-content\/uploads\/2022\/09\/1663044214-1K-Autobase-Colors-2K-Autocryl-Colors.jpg 400w, https:\/\/www.supersybon.com\/es\/wp-content\/uploads\/2022\/09\/1663044214-1K-Autobase-Colors-2K-Autocryl-Colors-300x300.jpg 300w, https:\/\/www.supersybon.com\/es\/wp-content\/uploads\/2022\/09\/1663044214-1K-Autobase-Colors-2K-Autocryl-Colors-100x100.jpg 100w\" sizes=\"(max-width: 400px) 100vw, 400px\" \/><\/p>\n<p>&nbsp;<\/p>\n<h2><strong><span style=\"font-size: 20px;\">PINTURA DE ACABADO AUTOMOTRIZ<\/span><\/strong><\/h2>\n<p>Tenemos un juego completo de pintura de repintado de autom\u00f3viles.<\/p>\n<p>incluye:\u00a01K colores autobase\u00a0(1K colores puros, 1K plata, 1K colores perla y 1K color perla cristal).<\/p>\n<p>Colores autocr\u00edlicos 2K\u00a0(colores puros 2K).<\/p>\n<p>imprimaciones (primer aparejo 1K, masilla nc 1K, imprimaci\u00f3n intermedia 2K, imprimaci\u00f3n epoxi 2K e imprimaci\u00f3n pl\u00e1stica 1K).<\/p>\n<p>capas transparentes, endurecedores, diluyentes, masilla, aglutinante 1K, aglutinante 2K y otros aditivos de pintura para reparaci\u00f3n de autom\u00f3viles, etc.<\/p>\n<p>&nbsp;<\/p>\n<p>&nbsp;<\/p>\n<h2 style=\"text-align: left;\"><strong>Pintura automotriz camale\u00f3nica HK5021-HK5373N: pintura para autos con efecto tornasol | Cambio de color multi\u00e1ngulo<\/strong><\/h2>\n<p>La pintura camale\u00f3nica para autos \u2014tambi\u00e9n conocida como pintura iridiscente, de cambio de color o perlada\u2014 es un acabado automotriz especial que cambia de tonalidad seg\u00fan el \u00e1ngulo de visi\u00f3n, la direcci\u00f3n de la luz y el fondo. Formulada con pigmentos de efecto \u00f3ptico y resinas estables, ofrece transiciones de color espectaculares que captan la atenci\u00f3n, dando la impresi\u00f3n de alternar entre dos o m\u00e1s tonos. Se utiliza ampliamente en autos personalizados, prototipos y proyectos de alta gama para crear acabados \u00fanicos e impactantes.<\/p>\n<p>Ventajas de la pintura camale\u00f3nica para autos<\/p>\n<p>Impacto visual impactante: produce cambios de color din\u00e1micos y llamativos.<\/p>\n<p>Efectos flexibles: desde un sutil brillo perlado hasta audaces transiciones de dos o m\u00e1s tonos.<\/p>\n<p>Perfecta para la diferenciaci\u00f3n: ideal para autos de exhibici\u00f3n, ediciones limitadas y marcas personalizadas.<\/p>\n<p>Compatibilidad profesional: se integra con imprimaciones y barnices est\u00e1ndar para una protecci\u00f3n duradera.<\/p>\n<p><img decoding=\"async\" class=\"aligncenter size-full wp-image-3552\" src=\"https:\/\/www.supersybon.com\/es\/wp-content\/uploads\/2025\/11\/1762161548-Pintura-camaleonica-para-carroceria-la-mas-vendida-de-China.-Recubrimiento-acrilico-liquido-para-el-repintado-de-automoviles.jpg\" alt=\"Pintura-camale\u00f3nica-para-carrocer\u00eda-la-m\u00e1s-vendida-de-China.-Recubrimiento-acr\u00edlico-l\u00edquido-para-el-repintado-de-autom\u00f3viles-Pintura-automotriz-camale\u00f3nica\" width=\"800\" height=\"800\" title=\"\" srcset=\"https:\/\/www.supersybon.com\/es\/wp-content\/uploads\/2025\/11\/1762161548-Pintura-camaleonica-para-carroceria-la-mas-vendida-de-China.-Recubrimiento-acrilico-liquido-para-el-repintado-de-automoviles.jpg 800w, https:\/\/www.supersybon.com\/es\/wp-content\/uploads\/2025\/11\/1762161548-Pintura-camaleonica-para-carroceria-la-mas-vendida-de-China.-Recubrimiento-acrilico-liquido-para-el-repintado-de-automoviles-480x480.jpg 480w\" sizes=\"(min-width: 0px) and (max-width: 480px) 480px, (min-width: 481px) 800px, 100vw\" \/><\/p>\n<p><img decoding=\"async\" class=\"aligncenter size-full wp-image-3551\" src=\"https:\/\/www.supersybon.com\/es\/wp-content\/uploads\/2025\/11\/1762161540-Mejor-precio-de-pintura-camaleon-para-coches.jpg\" alt=\"Mejor-precio-de-pintura-camale\u00f3n-para-coches\" width=\"800\" height=\"800\" title=\"\" srcset=\"https:\/\/www.supersybon.com\/es\/wp-content\/uploads\/2025\/11\/1762161540-Mejor-precio-de-pintura-camaleon-para-coches.jpg 800w, https:\/\/www.supersybon.com\/es\/wp-content\/uploads\/2025\/11\/1762161540-Mejor-precio-de-pintura-camaleon-para-coches-480x480.jpg 480w\" sizes=\"(min-width: 0px) and (max-width: 480px) 480px, (min-width: 481px) 800px, 100vw\" \/><\/p>\n<p><img decoding=\"async\" class=\"aligncenter size-full wp-image-3539\" src=\"https:\/\/www.supersybon.com\/es\/wp-content\/uploads\/2025\/11\/1762161493-El-amarillo-dorado-HK5080-se-torna-amarillo-verdoso.jpg\" alt=\"El-amarillo-dorado-HK5080-se-torna-amarillo-verdoso\" width=\"800\" height=\"800\" title=\"\" srcset=\"https:\/\/www.supersybon.com\/es\/wp-content\/uploads\/2025\/11\/1762161493-El-amarillo-dorado-HK5080-se-torna-amarillo-verdoso.jpg 800w, https:\/\/www.supersybon.com\/es\/wp-content\/uploads\/2025\/11\/1762161493-El-amarillo-dorado-HK5080-se-torna-amarillo-verdoso-480x480.jpg 480w\" sizes=\"(min-width: 0px) and (max-width: 480px) 480px, (min-width: 481px) 800px, 100vw\" \/> <img decoding=\"async\" class=\"aligncenter size-full wp-image-3540\" src=\"https:\/\/www.supersybon.com\/es\/wp-content\/uploads\/2025\/11\/1762161497-El-HK5041-pasa-de-rojo-purpura-a-amarillo-parduzco.jpg\" alt=\"El-HK5041-pasa-de-rojo-p\u00farpura-a-amarillo-parduzco\" width=\"800\" height=\"800\" title=\"\" srcset=\"https:\/\/www.supersybon.com\/es\/wp-content\/uploads\/2025\/11\/1762161497-El-HK5041-pasa-de-rojo-purpura-a-amarillo-parduzco.jpg 800w, https:\/\/www.supersybon.com\/es\/wp-content\/uploads\/2025\/11\/1762161497-El-HK5041-pasa-de-rojo-purpura-a-amarillo-parduzco-480x480.jpg 480w\" sizes=\"(min-width: 0px) and (max-width: 480px) 480px, (min-width: 481px) 800px, 100vw\" \/> <img decoding=\"async\" class=\"aligncenter size-full wp-image-3541\" src=\"https:\/\/www.supersybon.com\/es\/wp-content\/uploads\/2025\/11\/1762161501-El-HK5321N-verde-se-vuelve-rojo-purpura.jpg\" alt=\"El-HK5321N-verde-se-vuelve-rojo-p\u00farpura\" width=\"800\" height=\"800\" title=\"\" srcset=\"https:\/\/www.supersybon.com\/es\/wp-content\/uploads\/2025\/11\/1762161501-El-HK5321N-verde-se-vuelve-rojo-purpura.jpg 800w, https:\/\/www.supersybon.com\/es\/wp-content\/uploads\/2025\/11\/1762161501-El-HK5321N-verde-se-vuelve-rojo-purpura-480x480.jpg 480w\" sizes=\"(min-width: 0px) and (max-width: 480px) 480px, (min-width: 481px) 800px, 100vw\" \/> <img decoding=\"async\" class=\"aligncenter size-full wp-image-3542\" src=\"https:\/\/www.supersybon.com\/es\/wp-content\/uploads\/2025\/11\/1762161505-El-HK5373N-cambia-de-rojo-anaranjado-a-amarillo-dorado.jpg\" alt=\"El-HK5373N-cambia-de-rojo-anaranjado-a-amarillo-dorado\" width=\"800\" height=\"800\" title=\"\" srcset=\"https:\/\/www.supersybon.com\/es\/wp-content\/uploads\/2025\/11\/1762161505-El-HK5373N-cambia-de-rojo-anaranjado-a-amarillo-dorado.jpg 800w, https:\/\/www.supersybon.com\/es\/wp-content\/uploads\/2025\/11\/1762161505-El-HK5373N-cambia-de-rojo-anaranjado-a-amarillo-dorado-480x480.jpg 480w\" sizes=\"(min-width: 0px) and (max-width: 480px) 480px, (min-width: 481px) 800px, 100vw\" \/> <img decoding=\"async\" class=\"aligncenter size-full wp-image-3543\" src=\"https:\/\/www.supersybon.com\/es\/wp-content\/uploads\/2025\/11\/1762161509-El-rosa-HK5344N-se-vuelve-verde.jpg\" alt=\"El-rosa-HK5344N-se-vuelve-verde\" width=\"800\" height=\"800\" title=\"\" srcset=\"https:\/\/www.supersybon.com\/es\/wp-content\/uploads\/2025\/11\/1762161509-El-rosa-HK5344N-se-vuelve-verde.jpg 800w, https:\/\/www.supersybon.com\/es\/wp-content\/uploads\/2025\/11\/1762161509-El-rosa-HK5344N-se-vuelve-verde-480x480.jpg 480w\" sizes=\"(min-width: 0px) and (max-width: 480px) 480px, (min-width: 481px) 800px, 100vw\" \/> <img decoding=\"async\" class=\"aligncenter size-full wp-image-3544\" src=\"https:\/\/www.supersybon.com\/es\/wp-content\/uploads\/2025\/11\/1762161514-HK5021-El-verde-se-vuelve-rojo-purpura.jpg\" alt=\"HK5021-El-verde-se-vuelve-rojo-p\u00farpura\" width=\"800\" height=\"800\" title=\"\" srcset=\"https:\/\/www.supersybon.com\/es\/wp-content\/uploads\/2025\/11\/1762161514-HK5021-El-verde-se-vuelve-rojo-purpura.jpg 800w, https:\/\/www.supersybon.com\/es\/wp-content\/uploads\/2025\/11\/1762161514-HK5021-El-verde-se-vuelve-rojo-purpura-480x480.jpg 480w\" sizes=\"(min-width: 0px) and (max-width: 480px) 480px, (min-width: 481px) 800px, 100vw\" \/> <img decoding=\"async\" class=\"aligncenter size-full wp-image-3545\" src=\"https:\/\/www.supersybon.com\/es\/wp-content\/uploads\/2025\/11\/1762161518-HK5022-Verde-oscuro-se-vuelve-morado.jpg\" alt=\"HK5022-Verde-oscuro-se-vuelve-morado\" width=\"800\" height=\"800\" title=\"\" srcset=\"https:\/\/www.supersybon.com\/es\/wp-content\/uploads\/2025\/11\/1762161518-HK5022-Verde-oscuro-se-vuelve-morado.jpg 800w, https:\/\/www.supersybon.com\/es\/wp-content\/uploads\/2025\/11\/1762161518-HK5022-Verde-oscuro-se-vuelve-morado-480x480.jpg 480w\" sizes=\"(min-width: 0px) and (max-width: 480px) 480px, (min-width: 481px) 800px, 100vw\" \/> <img decoding=\"async\" class=\"aligncenter size-full wp-image-3546\" src=\"https:\/\/www.supersybon.com\/es\/wp-content\/uploads\/2025\/11\/1762161521-HK5052-El-verde-hierba-se-vuelve-azul-oscuro.jpg\" alt=\"HK5052-El-verde-hierba-se-vuelve-azul-oscuro\" width=\"800\" height=\"800\" title=\"\" srcset=\"https:\/\/www.supersybon.com\/es\/wp-content\/uploads\/2025\/11\/1762161521-HK5052-El-verde-hierba-se-vuelve-azul-oscuro.jpg 800w, https:\/\/www.supersybon.com\/es\/wp-content\/uploads\/2025\/11\/1762161521-HK5052-El-verde-hierba-se-vuelve-azul-oscuro-480x480.jpg 480w\" sizes=\"(min-width: 0px) and (max-width: 480px) 480px, (min-width: 481px) 800px, 100vw\" \/> <img decoding=\"async\" class=\"aligncenter size-full wp-image-3547\" src=\"https:\/\/www.supersybon.com\/es\/wp-content\/uploads\/2025\/11\/1762161525-HK5062-Azul-a-Rojo-Purpura.jpg\" alt=\"HK5062-Azul-a-Rojo-P\u00farpura\" width=\"800\" height=\"800\" title=\"\" srcset=\"https:\/\/www.supersybon.com\/es\/wp-content\/uploads\/2025\/11\/1762161525-HK5062-Azul-a-Rojo-Purpura.jpg 800w, https:\/\/www.supersybon.com\/es\/wp-content\/uploads\/2025\/11\/1762161525-HK5062-Azul-a-Rojo-Purpura-480x480.jpg 480w\" sizes=\"(min-width: 0px) and (max-width: 480px) 480px, (min-width: 481px) 800px, 100vw\" \/> <img decoding=\"async\" class=\"aligncenter size-full wp-image-3548\" src=\"https:\/\/www.supersybon.com\/es\/wp-content\/uploads\/2025\/11\/1762161528-HK5072-Marron-rojizo-a-marron-verdoso.jpg\" alt=\"HK5072-Marr\u00f3n-rojizo-a-marr\u00f3n-verdoso\" width=\"800\" height=\"800\" title=\"\" srcset=\"https:\/\/www.supersybon.com\/es\/wp-content\/uploads\/2025\/11\/1762161528-HK5072-Marron-rojizo-a-marron-verdoso.jpg 800w, https:\/\/www.supersybon.com\/es\/wp-content\/uploads\/2025\/11\/1762161528-HK5072-Marron-rojizo-a-marron-verdoso-480x480.jpg 480w\" sizes=\"(min-width: 0px) and (max-width: 480px) 480px, (min-width: 481px) 800px, 100vw\" \/> <img decoding=\"async\" class=\"aligncenter size-full wp-image-3549\" src=\"https:\/\/www.supersybon.com\/es\/wp-content\/uploads\/2025\/11\/1762161532-HK5073-El-rojo-anaranjado-se-torna-amarillo-dorado.jpg\" alt=\"HK5073-El-rojo-anaranjado-se-torna-amarillo-dorado\" width=\"800\" height=\"800\" title=\"\" srcset=\"https:\/\/www.supersybon.com\/es\/wp-content\/uploads\/2025\/11\/1762161532-HK5073-El-rojo-anaranjado-se-torna-amarillo-dorado.jpg 800w, https:\/\/www.supersybon.com\/es\/wp-content\/uploads\/2025\/11\/1762161532-HK5073-El-rojo-anaranjado-se-torna-amarillo-dorado-480x480.jpg 480w\" sizes=\"(min-width: 0px) and (max-width: 480px) 480px, (min-width: 481px) 800px, 100vw\" \/> <img decoding=\"async\" class=\"aligncenter size-full wp-image-3550\" src=\"https:\/\/www.supersybon.com\/es\/wp-content\/uploads\/2025\/11\/1762161535-HK5341N-pasa-de-rojo-purpura-a-amarillo-parduzco.jpg\" alt=\"HK5341N-pasa-de-rojo-p\u00farpura-a-amarillo-parduzco\" width=\"800\" height=\"800\" title=\"\" srcset=\"https:\/\/www.supersybon.com\/es\/wp-content\/uploads\/2025\/11\/1762161535-HK5341N-pasa-de-rojo-purpura-a-amarillo-parduzco.jpg 800w, https:\/\/www.supersybon.com\/es\/wp-content\/uploads\/2025\/11\/1762161535-HK5341N-pasa-de-rojo-purpura-a-amarillo-parduzco-480x480.jpg 480w\" sizes=\"(min-width: 0px) and (max-width: 480px) 480px, (min-width: 481px) 800px, 100vw\" \/><\/p>\n<p>&nbsp;<\/p>\n<p>&nbsp;<\/p>\n<p>&nbsp;<\/p>\n<p>&nbsp;<\/p>\n<p>&nbsp;<\/p>\n<p><strong>Embalaje y servicio de productos<\/strong><\/p>\n<hr \/>\n<p><strong>PAQUETE:<\/strong><\/p>\n<p>1L*12 latas\/cart\u00f3n, 4L*4 latas\/cart\u00f3n.<\/p>\n<p><img decoding=\"async\" class=\"aligncenter size-full wp-image-321\" src=\"https:\/\/www.supersybon.com\/es\/wp-content\/uploads\/2022\/09\/1663400925-Auto-Paint-Product-Packaging-Manufacturer-China.jpg\" alt=\"\" width=\"900\" height=\"316\" title=\"\" srcset=\"https:\/\/www.supersybon.com\/es\/wp-content\/uploads\/2022\/09\/1663400925-Auto-Paint-Product-Packaging-Manufacturer-China.jpg 900w, https:\/\/www.supersybon.com\/es\/wp-content\/uploads\/2022\/09\/1663400925-Auto-Paint-Product-Packaging-Manufacturer-China-480x169.jpg 480w\" sizes=\"(min-width: 0px) and (max-width: 480px) 480px, (min-width: 481px) 900px, 100vw\" \/><\/p>\n<p><strong>NUESTRO SERVICIO:<\/strong><\/p>\n<p>1.24 horas en l\u00ednea<\/p>\n<p>2. Precio competitivo<\/p>\n<p>3. Excelentes comentarios del cliente<\/p>\n<p>4. Pedidos en l\u00ednea seguros<\/p>\n<p>5. Entrega r\u00e1pida<\/p>\n<p>6. Soporte t\u00e9cnico profesional<\/p>\n<p><img decoding=\"async\" class=\"aligncenter wp-image-322\" src=\"https:\/\/www.supersybon.com\/es\/wp-content\/uploads\/2022\/09\/1663401145-Automotive-Paint-Good-Feedback-Manufacturer-China.jpg\" alt=\"\" width=\"900\" height=\"900\" title=\"\" srcset=\"https:\/\/www.supersybon.com\/es\/wp-content\/uploads\/2022\/09\/1663401145-Automotive-Paint-Good-Feedback-Manufacturer-China.jpg 900w, https:\/\/www.supersybon.com\/es\/wp-content\/uploads\/2022\/09\/1663401145-Automotive-Paint-Good-Feedback-Manufacturer-China-480x480.jpg 480w\" sizes=\"(min-width: 0px) and (max-width: 480px) 480px, (min-width: 481px) 900px, 100vw\" \/><\/p>\n<p><strong>Proceso de producci\u00f3n<\/strong><\/p>\n<hr \/>\n<p>&nbsp;<\/p>\n<p><img decoding=\"async\" class=\"aligncenter size-full wp-image-323\" src=\"https:\/\/www.supersybon.com\/es\/wp-content\/uploads\/2022\/09\/1663401464-Automotive-Paint-Production-Process-Manufacturer-China.jpg\" alt=\"\" width=\"900\" height=\"509\" title=\"\" srcset=\"https:\/\/www.supersybon.com\/es\/wp-content\/uploads\/2022\/09\/1663401464-Automotive-Paint-Production-Process-Manufacturer-China.jpg 900w, https:\/\/www.supersybon.com\/es\/wp-content\/uploads\/2022\/09\/1663401464-Automotive-Paint-Production-Process-Manufacturer-China-480x271.jpg 480w\" sizes=\"(min-width: 0px) and (max-width: 480px) 480px, (min-width: 481px) 900px, 100vw\" \/><\/p>\n<p><strong>Perfil de la empresa<\/strong><\/p>\n<hr \/>\n<p><img decoding=\"async\" class=\"aligncenter size-full wp-image-324\" src=\"https:\/\/www.supersybon.com\/es\/wp-content\/uploads\/2022\/09\/1663401769-Car-Paint-Supplier-Company-Profile-Manufacturer-China.jpg\" alt=\"\" width=\"900\" height=\"958\" title=\"\" srcset=\"https:\/\/www.supersybon.com\/es\/wp-content\/uploads\/2022\/09\/1663401769-Car-Paint-Supplier-Company-Profile-Manufacturer-China.jpg 900w, https:\/\/www.supersybon.com\/es\/wp-content\/uploads\/2022\/09\/1663401769-Car-Paint-Supplier-Company-Profile-Manufacturer-China-480x511.jpg 480w\" sizes=\"(min-width: 0px) and (max-width: 480px) 480px, (min-width: 481px) 900px, 100vw\" \/><\/p>\n<p><strong>Preguntas m\u00e1s frecuentes<\/strong><\/p>\n<hr \/>\n<p>&nbsp;<\/p>\n<p>P: \u00bfCu\u00e1l es su MOQ?<\/p>\n<p>R: Nuestro pedido m\u00ednimo es de 300 litros.<\/p>\n<p>P: \u00bfEs usted una empresa fabricante?<\/p>\n<p>R: somos fabricantes profesionales y tenemos nuestra propia f\u00e1brica.<\/p>\n<p>P: \u00bfPodemos visitar su f\u00e1brica?<\/p>\n<p>R: S\u00ed. Le invitamos a nuestra f\u00e1brica.<\/p>\n<p>P: \u00bfQu\u00e9 hay de su pago?<\/p>\n<p>R: dep\u00f3sito del 50% por adelantado, saldo del 50% por T\/T, L\/C, paypal, Western Union o antes del env\u00edo.<\/p>\n<p>P: \u00bfProporcionan muestras?<\/p>\n<p>R: S\u00ed, podemos proporcionarle muestras gratuitas, solo debe pagar el flete.<\/p>\n<p>P: \u00bfQu\u00e9 hay de su tiempo de entrega?<\/p>\n<p>R: generalmente 15 d\u00edas despu\u00e9s de recibir su dep\u00f3sito.<\/p>\n","protected":false},"excerpt":{"rendered":"<p>Pintura automotriz camale\u00f3nica:<\/p>\n<ol>\n<li>Impacto visual impactante: produce cambios de color din\u00e1micos y llamativos.<\/li>\n<li>Efectos flexibles: desde un sutil brillo perlado hasta atrevidos cambios de color en dos o varios tonos.<\/li>\n<li>Perfecta para la diferenciaci\u00f3n: ideal para coches de exhibici\u00f3n, ediciones limitadas y personalizaci\u00f3n de marca.<\/li>\n<li>Compatibilidad profesional: se integra con imprimaciones y barnices est\u00e1ndar para una protecci\u00f3n duradera.<\/li>\n<\/ol>\n","protected":false},"featured_media":3553,"template":"","meta":{"_et_pb_use_builder":"","_et_pb_old_content":"","_et_gb_content_width":""},"product_brand":[],"product_cat":[85,76],"product_tag":[1198],"class_list":{"0":"post-3538","1":"product","2":"type-product","3":"status-publish","4":"has-post-thumbnail","6":"product_cat-1k-colores-de-base-automatica","7":"product_cat-serie-de-pintura-automatica","8":"product_tag-pintura-automotriz-camaleonica","10":"first","11":"instock","12":"shipping-taxable","13":"product-type-simple"},"_links":{"self":[{"href":"https:\/\/www.supersybon.com\/es\/wp-json\/wp\/v2\/product\/3538","targetHints":{"allow":["GET"]}}],"collection":[{"href":"https:\/\/www.supersybon.com\/es\/wp-json\/wp\/v2\/product"}],"about":[{"href":"https:\/\/www.supersybon.com\/es\/wp-json\/wp\/v2\/types\/product"}],"wp:featuredmedia":[{"embeddable":true,"href":"https:\/\/www.supersybon.com\/es\/wp-json\/wp\/v2\/media\/3553"}],"wp:attachment":[{"href":"https:\/\/www.supersybon.com\/es\/wp-json\/wp\/v2\/media?parent=3538"}],"wp:term":[{"taxonomy":"product_brand","embeddable":true,"href":"https:\/\/www.supersybon.com\/es\/wp-json\/wp\/v2\/product_brand?post=3538"},{"taxonomy":"product_cat","embeddable":true,"href":"https:\/\/www.supersybon.com\/es\/wp-json\/wp\/v2\/product_cat?post=3538"},{"taxonomy":"product_tag","embeddable":true,"href":"https:\/\/www.supersybon.com\/es\/wp-json\/wp\/v2\/product_tag?post=3538"}],"curies":[{"name":"wp","href":"https:\/\/api.w.org\/{rel}","templated":true}]}}