{"id":2017,"date":"2022-12-16T17:27:09","date_gmt":"2022-12-16T09:27:09","guid":{"rendered":"https:\/\/www.supersybon.com\/es\/?post_type=product&#038;p=2017"},"modified":"2023-09-23T11:33:57","modified_gmt":"2023-09-23T03:33:57","slug":"1030-pano-de-limpieza-industrial-durable-reutilizable-multiusos-industrial-fuerte-absorcion-de-agua-resistente-a-solventes-pano-de-limpieza","status":"publish","type":"product","link":"https:\/\/www.supersybon.com\/es\/product\/1030-pano-de-limpieza-industrial-durable-reutilizable-multiusos-industrial-fuerte-absorcion-de-agua-resistente-a-solventes-pano-de-limpieza","title":{"rendered":"1030 Pa\u00f1o de limpieza industrial durable reutilizable multiusos Industrial fuerte absorci\u00f3n de agua resistente a solventes pa\u00f1o de limpieza"},"content":{"rendered":"<p><iframe title=\"Industrial Cleaning Cloth\" width=\"1080\" height=\"608\" src=\"https:\/\/www.youtube.com\/embed\/tuxrM7HMeek?feature=oembed\"  allow=\"accelerometer; autoplay; clipboard-write; encrypted-media; gyroscope; picture-in-picture\" allowfullscreen><\/iframe><\/p>\n<p><img decoding=\"async\" class=\"aligncenter size-full wp-image-2019\" src=\"https:\/\/www.supersybon.com\/es\/wp-content\/uploads\/2022\/12\/1671183534-1030-Cleaning-Cloth-Microfiber-Cloth-Tableware-Cleaning-Towel-For-Car-Wash-Maintenance.jpg\" alt=\"\" width=\"900\" height=\"364\" title=\"\" srcset=\"https:\/\/www.supersybon.com\/es\/wp-content\/uploads\/2022\/12\/1671183534-1030-Cleaning-Cloth-Microfiber-Cloth-Tableware-Cleaning-Towel-For-Car-Wash-Maintenance.jpg 900w, https:\/\/www.supersybon.com\/es\/wp-content\/uploads\/2022\/12\/1671183534-1030-Cleaning-Cloth-Microfiber-Cloth-Tableware-Cleaning-Towel-For-Car-Wash-Maintenance-480x194.jpg 480w\" sizes=\"(min-width: 0px) and (max-width: 480px) 480px, (min-width: 481px) 900px, 100vw\" \/><\/p>\n<p>&nbsp;<\/p>\n<p><strong>1030 Pa\u00f1o de limpieza industrial durable reutilizable multiusos Industrial fuerte absorci\u00f3n de agua resistente a solventes pa\u00f1o de limpieza<\/strong><\/p>\n<p><strong>Rasgo:<\/strong><\/p>\n<p>1. Suave y delicado. Tela no tejida de alta calidad, no se desvanece ni se desprende.<\/p>\n<p>2. Patr\u00f3n en relieve grueso. Proceso de estampado \u00fanico, s\u00faper resistencia a la abrasi\u00f3n.<\/p>\n<p>3. Buena absorci\u00f3n de agua. Buena resistencia a los disolventes y se puede reutilizar.<\/p>\n<p>4. Duradero. Hecho de pulpa y fibra, no es f\u00e1cil de romper.<\/p>\n<div data-id=\"paragraph0\"><strong>Utilizar:<\/strong><\/div>\n<div data-id=\"paragraph0\">\n<p>1.Capacidad de absorci\u00f3n mejorada: con capacidades excepcionales de absorci\u00f3n de aceite y l\u00edquidos, aborda eficientemente tareas de limpieza pesadas sin da\u00f1ar superficies delicadas. Esto lo hace perfecto para eliminar manchas de aceite rebeldes y al mismo tiempo aumentar la eficiencia general del trabajo.<\/p>\n<p>2.Durabilidad excepcional: con su notable resistencia al desgarro y al desgaste, este material de limpieza resiste un uso riguroso, ya sea seco o h\u00famedo, lo que garantiza que permanezca intacto y confiable durante las tareas de limpieza exigentes.<\/p>\n<\/div>\n<div class=\"magic-13\">\n<div class=\"magic-14\">\n<div class=\"magic-9\">\n<div class=\"magic-10\">\n<p><img decoding=\"async\" class=\"aligncenter size-full wp-image-2020\" src=\"https:\/\/www.supersybon.com\/es\/wp-content\/uploads\/2022\/12\/1671183646-1030-High-Performance-Multi-Usage-Industrial-Wiping-Cleaning-Cloth-Strong-Water-Absorption-For-Car-Body-Furnituremetal.jpg\" alt=\"\" width=\"750\" height=\"750\" title=\"\" srcset=\"https:\/\/www.supersybon.com\/es\/wp-content\/uploads\/2022\/12\/1671183646-1030-High-Performance-Multi-Usage-Industrial-Wiping-Cleaning-Cloth-Strong-Water-Absorption-For-Car-Body-Furnituremetal.jpg 750w, https:\/\/www.supersybon.com\/es\/wp-content\/uploads\/2022\/12\/1671183646-1030-High-Performance-Multi-Usage-Industrial-Wiping-Cleaning-Cloth-Strong-Water-Absorption-For-Car-Body-Furnituremetal-480x480.jpg 480w\" sizes=\"(min-width: 0px) and (max-width: 480px) 480px, (min-width: 481px) 750px, 100vw\" \/><\/p>\n<p><img decoding=\"async\" class=\"aligncenter size-full wp-image-2021\" src=\"https:\/\/www.supersybon.com\/es\/wp-content\/uploads\/2022\/12\/1671183663-1030-Durable-Reusable-Multi-Usage-Industrial-Strong-Water-Absorption-Solvent-Resistant-Wiping-Cleaning-Cloth.jpg\" alt=\"\" width=\"750\" height=\"750\" title=\"\" srcset=\"https:\/\/www.supersybon.com\/es\/wp-content\/uploads\/2022\/12\/1671183663-1030-Durable-Reusable-Multi-Usage-Industrial-Strong-Water-Absorption-Solvent-Resistant-Wiping-Cleaning-Cloth.jpg 750w, https:\/\/www.supersybon.com\/es\/wp-content\/uploads\/2022\/12\/1671183663-1030-Durable-Reusable-Multi-Usage-Industrial-Strong-Water-Absorption-Solvent-Resistant-Wiping-Cleaning-Cloth-480x480.jpg 480w\" sizes=\"(min-width: 0px) and (max-width: 480px) 480px, (min-width: 481px) 750px, 100vw\" \/><\/p>\n<p><img decoding=\"async\" class=\"aligncenter size-full wp-image-2024\" src=\"https:\/\/www.supersybon.com\/es\/wp-content\/uploads\/2022\/12\/1671183769-1030-Non-Woven-Fabric-Industrial-Cleaning-Cloth.jpg\" alt=\"\" width=\"750\" height=\"750\" title=\"\" srcset=\"https:\/\/www.supersybon.com\/es\/wp-content\/uploads\/2022\/12\/1671183769-1030-Non-Woven-Fabric-Industrial-Cleaning-Cloth.jpg 750w, https:\/\/www.supersybon.com\/es\/wp-content\/uploads\/2022\/12\/1671183769-1030-Non-Woven-Fabric-Industrial-Cleaning-Cloth-480x480.jpg 480w\" sizes=\"(min-width: 0px) and (max-width: 480px) 480px, (min-width: 481px) 750px, 100vw\" \/><\/p>\n<p><img decoding=\"async\" class=\"aligncenter size-full wp-image-2023\" src=\"https:\/\/www.supersybon.com\/es\/wp-content\/uploads\/2022\/12\/1671183750-1030-Soft-And-Delicate.-High-Quality-Non-Woven-Fabric-Will-Not-Fade-Or-Shed..jpg\" alt=\"\" width=\"750\" height=\"750\" title=\"\" srcset=\"https:\/\/www.supersybon.com\/es\/wp-content\/uploads\/2022\/12\/1671183750-1030-Soft-And-Delicate.-High-Quality-Non-Woven-Fabric-Will-Not-Fade-Or-Shed..jpg 750w, https:\/\/www.supersybon.com\/es\/wp-content\/uploads\/2022\/12\/1671183750-1030-Soft-And-Delicate.-High-Quality-Non-Woven-Fabric-Will-Not-Fade-Or-Shed.-480x480.jpg 480w\" sizes=\"(min-width: 0px) and (max-width: 480px) 480px, (min-width: 481px) 750px, 100vw\" \/><\/p>\n<p>&nbsp;<\/p>\n<p><strong>Embalaje y servicio de productos<br \/>\n<\/strong><\/p>\n<hr \/>\n<p><strong>PAQUETE :<br \/>\n<\/strong><\/p>\n<p>300 piezas\/cart\u00f3n.<\/p>\n<\/div>\n<\/div>\n<\/div>\n<\/div>\n<div class=\"magic-13\">\n<div class=\"magic-14\">\n<div data-spm-anchor-id=\"a2700.details.0.i37.625d2e9eLtZffL\">\n<p>&nbsp;<\/p>\n<p><img decoding=\"async\" class=\"aligncenter size-full wp-image-2022\" src=\"https:\/\/www.supersybon.com\/es\/wp-content\/uploads\/2022\/12\/1671183686-1030-Best-Price-Non-Woven-Car-Cleaning-Wipes-Remove-Dust-Cleaning-Car-Wipes-30Cmx35Cm-Non-Woven-Cleaning-Cloth.jpg\" alt=\"\" width=\"750\" height=\"750\" title=\"\" srcset=\"https:\/\/www.supersybon.com\/es\/wp-content\/uploads\/2022\/12\/1671183686-1030-Best-Price-Non-Woven-Car-Cleaning-Wipes-Remove-Dust-Cleaning-Car-Wipes-30Cmx35Cm-Non-Woven-Cleaning-Cloth.jpg 750w, https:\/\/www.supersybon.com\/es\/wp-content\/uploads\/2022\/12\/1671183686-1030-Best-Price-Non-Woven-Car-Cleaning-Wipes-Remove-Dust-Cleaning-Car-Wipes-30Cmx35Cm-Non-Woven-Cleaning-Cloth-480x480.jpg 480w\" sizes=\"(min-width: 0px) and (max-width: 480px) 480px, (min-width: 481px) 750px, 100vw\" \/><\/p>\n<p>&nbsp;<\/p>\n<\/div>\n<div class=\"magic-13\">\n<div class=\"magic-14\">\n<div class=\"magic-9\">\n<div class=\"magic-10\">\n<div class=\"magic-13\">\n<div class=\"magic-14\">\n<div data-spm-anchor-id=\"a2700.details.0.i37.625d2e9eLtZffL\">\n<p>&nbsp;<\/p>\n<\/div>\n<\/div>\n<\/div>\n<\/div>\n<\/div>\n<\/div>\n<\/div>\n<div class=\"magic-13\">\n<div class=\"magic-14\">\n<div data-spm-anchor-id=\"a2700.details.0.i37.625d2e9eLtZffL\">\n<p><strong>NUESTRO SERVICIO:<br \/>\n<\/strong><\/p>\n<p>1.24 horas en l\u00ednea<\/p>\n<p>2. Precio competitivo<\/p>\n<p>3. Excelentes comentarios del cliente<\/p>\n<p>4. Pedidos en l\u00ednea seguros<\/p>\n<p>5. Entrega r\u00e1pida<\/p>\n<p>6. Soporte t\u00e9cnico profesional<\/p>\n<p>&nbsp;<\/p>\n<div class=\"magic-13\">\n<div class=\"magic-14\">\n<div class=\"magic-9\">\n<div class=\"magic-10\">\n<div class=\"magic-13\">\n<div class=\"magic-14\">\n<div data-spm-anchor-id=\"a2700.details.0.i37.625d2e9eLtZffL\">\n<div class=\"magic-13\">\n<div class=\"magic-14\">\n<p>&nbsp;<\/p>\n<\/div>\n<\/div>\n<\/div>\n<\/div>\n<\/div>\n<\/div>\n<\/div>\n<\/div>\n<\/div>\n<div class=\"magic-13\">\n<div class=\"magic-14\">\n<p><strong>Perfil de la empresa<br \/>\n<\/strong><\/p>\n<hr \/>\n<p>&nbsp;<\/p>\n<\/div>\n<\/div>\n<\/div>\n<\/div>\n<\/div>\n<p><img decoding=\"async\" class=\"aligncenter size-full wp-image-324\" src=\"https:\/\/www.supersybon.com\/es\/wp-content\/uploads\/2022\/09\/1663401769-Car-Paint-Supplier-Company-Profile-Manufacturer-China.jpg\" alt=\"\" width=\"900\" height=\"958\" title=\"\" srcset=\"https:\/\/www.supersybon.com\/es\/wp-content\/uploads\/2022\/09\/1663401769-Car-Paint-Supplier-Company-Profile-Manufacturer-China.jpg 900w, https:\/\/www.supersybon.com\/es\/wp-content\/uploads\/2022\/09\/1663401769-Car-Paint-Supplier-Company-Profile-Manufacturer-China-480x511.jpg 480w\" sizes=\"(min-width: 0px) and (max-width: 480px) 480px, (min-width: 481px) 900px, 100vw\" \/><\/p>\n<div class=\"magic-13\">\n<div class=\"magic-14\">\n<p><strong>Preguntas m\u00e1s frecuentes<\/strong><\/p>\n<hr \/>\n<\/div>\n<\/div>\n<p>P: \u00bfCu\u00e1l es su MOQ?<\/p>\n<p>R: Nuestro pedido m\u00ednimo es de 1 caja de cart\u00f3n.<\/p>\n<p>P: \u00bfQu\u00e9 hay de su pago?<\/p>\n<p>R: dep\u00f3sito del 50% por adelantado, saldo del 50% por T\/T, L\/C, paypal, Western Union o antes del env\u00edo.<\/p>\n<p>P: \u00bfProporcionan muestras?<\/p>\n<p>R: S\u00ed, puede comprar una muestra para probarla.<\/p>\n<p>P: \u00bfQu\u00e9 hay de su tiempo de entrega?<\/p>\n<p>R: generalmente 15 d\u00edas despu\u00e9s de recibir su dep\u00f3sito.<\/p>\n<\/div>\n<\/div>\n","protected":false},"excerpt":{"rendered":"<p>1.Soft and delicate. High-quality non-woven fabric, will not fade or shed.<br \/>\n2.Thick embossed pattern. Unique embossing process, super abrasion resistance.<br \/>\n3.Good water absorption. Good solvent resistance and can be reused.<br \/>\n4.Durable. Made of pulp and fiber, it is not easy to break.<\/p>\n","protected":false},"featured_media":2021,"template":"","meta":{"_et_pb_use_builder":"","_et_pb_old_content":"","_et_gb_content_width":""},"product_brand":[],"product_cat":[67,68],"product_tag":[686,685],"class_list":{"0":"post-2017","1":"product","2":"type-product","3":"status-publish","4":"has-post-thumbnail","6":"product_cat-serie-de-reparacion-de-automoviles","7":"product_cat-pano-pegajoso","8":"product_tag-pano-de-limpieza","9":"product_tag-pano-de-limpieza-industrial","11":"first","12":"instock","13":"shipping-taxable","14":"product-type-simple"},"_links":{"self":[{"href":"https:\/\/www.supersybon.com\/es\/wp-json\/wp\/v2\/product\/2017","targetHints":{"allow":["GET"]}}],"collection":[{"href":"https:\/\/www.supersybon.com\/es\/wp-json\/wp\/v2\/product"}],"about":[{"href":"https:\/\/www.supersybon.com\/es\/wp-json\/wp\/v2\/types\/product"}],"wp:featuredmedia":[{"embeddable":true,"href":"https:\/\/www.supersybon.com\/es\/wp-json\/wp\/v2\/media\/2021"}],"wp:attachment":[{"href":"https:\/\/www.supersybon.com\/es\/wp-json\/wp\/v2\/media?parent=2017"}],"wp:term":[{"taxonomy":"product_brand","embeddable":true,"href":"https:\/\/www.supersybon.com\/es\/wp-json\/wp\/v2\/product_brand?post=2017"},{"taxonomy":"product_cat","embeddable":true,"href":"https:\/\/www.supersybon.com\/es\/wp-json\/wp\/v2\/product_cat?post=2017"},{"taxonomy":"product_tag","embeddable":true,"href":"https:\/\/www.supersybon.com\/es\/wp-json\/wp\/v2\/product_tag?post=2017"}],"curies":[{"name":"wp","href":"https:\/\/api.w.org\/{rel}","templated":true}]}}