{"id":2008,"date":"2022-12-16T16:54:34","date_gmt":"2022-12-16T08:54:34","guid":{"rendered":"https:\/\/www.supersybon.com\/es\/?post_type=product&#038;p=2008"},"modified":"2025-12-05T10:09:49","modified_gmt":"2025-12-05T02:09:49","slug":"nueva-almohadilla-de-lijado-base-de-papel-de-lija-con-velcro-bloque-de-molienda-manual","status":"publish","type":"product","link":"https:\/\/www.supersybon.com\/es\/product\/nueva-almohadilla-de-lijado-base-de-papel-de-lija-con-velcro-bloque-de-molienda-manual","title":{"rendered":"Nueva almohadilla de lijado Base de papel de lija con velcro bloque de molienda manual"},"content":{"rendered":"<p><img decoding=\"async\" class=\"aligncenter size-full wp-image-2010\" src=\"https:\/\/www.supersybon.com\/es\/wp-content\/uploads\/2022\/12\/1671181497-Premium-Quality-85X152Mm-Curve-Foam-Auto-Body-Sanding-Block-For-Automotive-Use.jpg\" alt=\"\" width=\"900\" height=\"364\" title=\"\" srcset=\"https:\/\/www.supersybon.com\/es\/wp-content\/uploads\/2022\/12\/1671181497-Premium-Quality-85X152Mm-Curve-Foam-Auto-Body-Sanding-Block-For-Automotive-Use.jpg 900w, https:\/\/www.supersybon.com\/es\/wp-content\/uploads\/2022\/12\/1671181497-Premium-Quality-85X152Mm-Curve-Foam-Auto-Body-Sanding-Block-For-Automotive-Use-480x194.jpg 480w\" sizes=\"(min-width: 0px) and (max-width: 480px) 480px, (min-width: 481px) 900px, 100vw\" \/><\/p>\n<p>&nbsp;<\/p>\n<p><strong>Nueva almohadilla de lijado Base de papel de lija con velcro bloque de molienda manual<\/strong><\/p>\n<p><strong>Rasgo:<\/strong><\/p>\n<p>1.Adecuado para lijar en lugares estrechos y mantener el disco de lijado en su lugar.<\/p>\n<p>2. El fuerte accesorio de gancho y bucle evita que la almohadilla se mueva y gire, pero permite una f\u00e1cil extracci\u00f3n de los discos de lijado.<\/p>\n<p>3. Material compuesto flexible y dise\u00f1o ergon\u00f3mico que se siente tan c\u00f3modo en nuestras manos.<\/p>\n<p>4.Ideal para carpinter\u00eda, pasatiempos, artes y manualidades, carrocer\u00eda, paneles de yeso, tiendas y uso automotriz.<\/p>\n<div class=\"magic-13\">\n<div class=\"magic-14\">\n<div class=\"magic-9\">\n<p><img decoding=\"async\" class=\"aligncenter size-full wp-image-2011\" src=\"https:\/\/www.supersybon.com\/es\/wp-content\/uploads\/2022\/12\/1671181564-1-Pack-New-Sanding-Pad-Hook-And-Loop-Sandpaper-Backing-Hand-Grinding-Block.jpg\" alt=\"\" width=\"750\" height=\"750\" title=\"\" srcset=\"https:\/\/www.supersybon.com\/es\/wp-content\/uploads\/2022\/12\/1671181564-1-Pack-New-Sanding-Pad-Hook-And-Loop-Sandpaper-Backing-Hand-Grinding-Block.jpg 750w, https:\/\/www.supersybon.com\/es\/wp-content\/uploads\/2022\/12\/1671181564-1-Pack-New-Sanding-Pad-Hook-And-Loop-Sandpaper-Backing-Hand-Grinding-Block-480x480.jpg 480w\" sizes=\"(min-width: 0px) and (max-width: 480px) 480px, (min-width: 481px) 750px, 100vw\" \/><\/p>\n<p><img decoding=\"async\" class=\"aligncenter size-full wp-image-2013\" src=\"https:\/\/www.supersybon.com\/es\/wp-content\/uploads\/2022\/12\/1671181602-High-End-6Inch-Medium-Pu-Hardness-Material-Car-Use-Auto-Hand-Sanding-Block-Set.jpg\" alt=\"\" width=\"750\" height=\"750\" title=\"\" srcset=\"https:\/\/www.supersybon.com\/es\/wp-content\/uploads\/2022\/12\/1671181602-High-End-6Inch-Medium-Pu-Hardness-Material-Car-Use-Auto-Hand-Sanding-Block-Set.jpg 750w, https:\/\/www.supersybon.com\/es\/wp-content\/uploads\/2022\/12\/1671181602-High-End-6Inch-Medium-Pu-Hardness-Material-Car-Use-Auto-Hand-Sanding-Block-Set-480x480.jpg 480w\" sizes=\"(min-width: 0px) and (max-width: 480px) 480px, (min-width: 481px) 750px, 100vw\" \/><img decoding=\"async\" class=\"aligncenter size-full wp-image-2012\" src=\"https:\/\/www.supersybon.com\/es\/wp-content\/uploads\/2022\/12\/1671181586-Factory-Supplying-Sanding-Block-Board-Hand-Dust-Sanding-Block-Long-For-Polishing-Use.jpg\" alt=\"\" width=\"750\" height=\"750\" title=\"\" srcset=\"https:\/\/www.supersybon.com\/es\/wp-content\/uploads\/2022\/12\/1671181586-Factory-Supplying-Sanding-Block-Board-Hand-Dust-Sanding-Block-Long-For-Polishing-Use.jpg 750w, https:\/\/www.supersybon.com\/es\/wp-content\/uploads\/2022\/12\/1671181586-Factory-Supplying-Sanding-Block-Board-Hand-Dust-Sanding-Block-Long-For-Polishing-Use-480x480.jpg 480w\" sizes=\"(min-width: 0px) and (max-width: 480px) 480px, (min-width: 481px) 750px, 100vw\" \/><\/p>\n<p><img decoding=\"async\" class=\"aligncenter size-full wp-image-2014\" src=\"https:\/\/www.supersybon.com\/es\/wp-content\/uploads\/2022\/12\/1671181627-Strong-Hook-Loop-Attachment-Prevents-Pad-Shifting-And-Spinning-Flexible-Composite-Material-Hand-Rubbing-Block.jpg\" alt=\"\" width=\"750\" height=\"750\" title=\"\" srcset=\"https:\/\/www.supersybon.com\/es\/wp-content\/uploads\/2022\/12\/1671181627-Strong-Hook-Loop-Attachment-Prevents-Pad-Shifting-And-Spinning-Flexible-Composite-Material-Hand-Rubbing-Block.jpg 750w, https:\/\/www.supersybon.com\/es\/wp-content\/uploads\/2022\/12\/1671181627-Strong-Hook-Loop-Attachment-Prevents-Pad-Shifting-And-Spinning-Flexible-Composite-Material-Hand-Rubbing-Block-480x480.jpg 480w\" sizes=\"(min-width: 0px) and (max-width: 480px) 480px, (min-width: 481px) 750px, 100vw\" \/><\/p>\n<div class=\"magic-10\">\n<p><img decoding=\"async\" class=\"aligncenter size-full wp-image-2015\" src=\"https:\/\/www.supersybon.com\/es\/wp-content\/uploads\/2022\/12\/1671181644-Medium-Pu-Hardness-Material-Pu-Foam-Hand-Sanding-Block-For-Polishing.jpg\" alt=\"\" width=\"750\" height=\"750\" title=\"\" srcset=\"https:\/\/www.supersybon.com\/es\/wp-content\/uploads\/2022\/12\/1671181644-Medium-Pu-Hardness-Material-Pu-Foam-Hand-Sanding-Block-For-Polishing.jpg 750w, https:\/\/www.supersybon.com\/es\/wp-content\/uploads\/2022\/12\/1671181644-Medium-Pu-Hardness-Material-Pu-Foam-Hand-Sanding-Block-For-Polishing-480x480.jpg 480w\" sizes=\"(min-width: 0px) and (max-width: 480px) 480px, (min-width: 481px) 750px, 100vw\" \/><\/p>\n<p>&nbsp;<\/p>\n<p>&nbsp;<\/p>\n<p>&nbsp;<\/p>\n<p><strong>Embalaje y servicio de productos<br \/>\n<\/strong><\/p>\n<hr \/>\n<p>&nbsp;<\/p>\n<p><strong>NUESTRO SERVICIO:<br \/>\n<\/strong><\/p>\n<p>1.24 horas en l\u00ednea<\/p>\n<p>2. Precio competitivo<\/p>\n<p>3. Excelentes comentarios del cliente<\/p>\n<p>4. Pedidos en l\u00ednea seguros<\/p>\n<p>5. Entrega r\u00e1pida<\/p>\n<p>6. Soporte t\u00e9cnico profesional<\/p>\n<\/div>\n<\/div>\n<\/div>\n<\/div>\n<div class=\"magic-13\">\n<div class=\"magic-14\">\n<p>&nbsp;<\/p>\n<div class=\"magic-13\">\n<div class=\"magic-14\">\n<div class=\"magic-9\">\n<div class=\"magic-10\">\n<div class=\"magic-13\">\n<div class=\"magic-14\">\n<div data-spm-anchor-id=\"a2700.details.0.i37.625d2e9eLtZffL\">\n<div class=\"magic-13\">\n<div class=\"magic-14\">\n<div class=\"magic-13\">\n<div class=\"magic-14\">\n<p>&nbsp;<\/p>\n<\/div>\n<\/div>\n<\/div>\n<\/div>\n<\/div>\n<\/div>\n<\/div>\n<\/div>\n<\/div>\n<\/div>\n<\/div>\n<div class=\"magic-13\">\n<div class=\"magic-14\">\n<p><strong>Perfil de la empresa<br \/>\n<\/strong><\/p>\n<hr \/>\n<p>&nbsp;<\/p>\n<\/div>\n<\/div>\n<p><img decoding=\"async\" class=\"aligncenter size-full wp-image-324\" src=\"https:\/\/www.supersybon.com\/es\/wp-content\/uploads\/2022\/09\/1663401769-Car-Paint-Supplier-Company-Profile-Manufacturer-China.jpg\" alt=\"\" width=\"900\" height=\"958\" title=\"\" srcset=\"https:\/\/www.supersybon.com\/es\/wp-content\/uploads\/2022\/09\/1663401769-Car-Paint-Supplier-Company-Profile-Manufacturer-China.jpg 900w, https:\/\/www.supersybon.com\/es\/wp-content\/uploads\/2022\/09\/1663401769-Car-Paint-Supplier-Company-Profile-Manufacturer-China-480x511.jpg 480w\" sizes=\"(min-width: 0px) and (max-width: 480px) 480px, (min-width: 481px) 900px, 100vw\" \/><\/p>\n<div class=\"magic-13\">\n<div class=\"magic-14\">\n<p><strong>Preguntas m\u00e1s frecuentes<\/strong><\/p>\n<hr \/>\n<\/div>\n<\/div>\n<p>P: \u00bfCu\u00e1l es su MOQ?<\/p>\n<p>R: Nuestro pedido m\u00ednimo es de 1 caja de cart\u00f3n.<\/p>\n<p>P: \u00bfQu\u00e9 hay de su pago?<\/p>\n<p>R: dep\u00f3sito del 50% por adelantado, saldo del 50% por T\/T, L\/C, paypal, Western Union o antes del env\u00edo.<\/p>\n<p>P: \u00bfProporcionan muestras?<\/p>\n<p>R: S\u00ed, puede comprar una muestra para probarla.<\/p>\n<p>P: \u00bfQu\u00e9 hay de su tiempo de entrega?<\/p>\n<p>R: generalmente 15 d\u00edas despu\u00e9s de recibir su dep\u00f3sito.<\/p>\n<\/div>\n<\/div>\n","protected":false},"excerpt":{"rendered":"<p>1.Adecuado para lijar en lugares estrechos y mantener el disco de lijado en su lugar.<br \/>\n2. El fuerte accesorio de gancho y bucle evita que la almohadilla se mueva y gire, pero permite una f\u00e1cil extracci\u00f3n de los discos de lijado.<br \/>\n3. Material compuesto flexible y dise\u00f1o ergon\u00f3mico que se siente tan c\u00f3modo en nuestras manos.<br \/>\n4.Ideal para carpinter\u00eda, pasatiempos, artes y manualidades, carrocer\u00eda, paneles de yeso, tiendas y uso automotriz.<\/p>\n","protected":false},"featured_media":2016,"template":"","meta":{"_et_pb_use_builder":"","_et_pb_old_content":"","_et_gb_content_width":""},"product_brand":[],"product_cat":[69,67],"product_tag":[684,682,683],"class_list":{"0":"post-2008","1":"product","2":"type-product","3":"status-publish","4":"has-post-thumbnail","6":"product_cat-papel-de-lija","7":"product_cat-serie-de-reparacion-de-automoviles","8":"product_tag-bloque-de-lijado-de-gancho-y-bucle","9":"product_tag-bloque-de-molienda-manual","10":"product_tag-bloque-para-frotar-las-manos","12":"first","13":"instock","14":"shipping-taxable","15":"product-type-simple"},"_links":{"self":[{"href":"https:\/\/www.supersybon.com\/es\/wp-json\/wp\/v2\/product\/2008","targetHints":{"allow":["GET"]}}],"collection":[{"href":"https:\/\/www.supersybon.com\/es\/wp-json\/wp\/v2\/product"}],"about":[{"href":"https:\/\/www.supersybon.com\/es\/wp-json\/wp\/v2\/types\/product"}],"wp:featuredmedia":[{"embeddable":true,"href":"https:\/\/www.supersybon.com\/es\/wp-json\/wp\/v2\/media\/2016"}],"wp:attachment":[{"href":"https:\/\/www.supersybon.com\/es\/wp-json\/wp\/v2\/media?parent=2008"}],"wp:term":[{"taxonomy":"product_brand","embeddable":true,"href":"https:\/\/www.supersybon.com\/es\/wp-json\/wp\/v2\/product_brand?post=2008"},{"taxonomy":"product_cat","embeddable":true,"href":"https:\/\/www.supersybon.com\/es\/wp-json\/wp\/v2\/product_cat?post=2008"},{"taxonomy":"product_tag","embeddable":true,"href":"https:\/\/www.supersybon.com\/es\/wp-json\/wp\/v2\/product_tag?post=2008"}],"curies":[{"name":"wp","href":"https:\/\/api.w.org\/{rel}","templated":true}]}}