{"id":1998,"date":"2022-12-16T16:26:19","date_gmt":"2022-12-16T08:26:19","guid":{"rendered":"https:\/\/www.supersybon.com\/es\/?post_type=product&#038;p=1998"},"modified":"2025-12-05T10:34:11","modified_gmt":"2025-12-05T02:34:11","slug":"70x198mm-herramienta-de-pulido-manual-bloque-de-lijado-manual-aspiradora-sin-polvo-con-gancho-y-lazo-de-multiples-orificios-bloque-de-lijado-a-mano","status":"publish","type":"product","link":"https:\/\/www.supersybon.com\/es\/product\/70x198mm-herramienta-de-pulido-manual-bloque-de-lijado-manual-aspiradora-sin-polvo-con-gancho-y-lazo-de-multiples-orificios-bloque-de-lijado-a-mano","title":{"rendered":"70x198mm Herramienta de pulido manual bloque de lijado manual aspiradora sin polvo con gancho y lazo de m\u00faltiples orificios bloque de lijado a mano"},"content":{"rendered":"<p><img decoding=\"async\" class=\"aligncenter size-full wp-image-1999\" src=\"https:\/\/www.supersybon.com\/es\/wp-content\/uploads\/2022\/12\/1671179686-Manual-Polishing-Tool-Hand-Sanding-Block-Multi-Hole-Hook-And-Loop-Dust-Free-Vacuum-Hand-Sanding-Block.jpg\" alt=\"\" width=\"900\" height=\"364\" title=\"\" srcset=\"https:\/\/www.supersybon.com\/es\/wp-content\/uploads\/2022\/12\/1671179686-Manual-Polishing-Tool-Hand-Sanding-Block-Multi-Hole-Hook-And-Loop-Dust-Free-Vacuum-Hand-Sanding-Block.jpg 900w, https:\/\/www.supersybon.com\/es\/wp-content\/uploads\/2022\/12\/1671179686-Manual-Polishing-Tool-Hand-Sanding-Block-Multi-Hole-Hook-And-Loop-Dust-Free-Vacuum-Hand-Sanding-Block-480x194.jpg 480w\" sizes=\"(min-width: 0px) and (max-width: 480px) 480px, (min-width: 481px) 900px, 100vw\" \/><\/p>\n<p>&nbsp;<\/p>\n<p><strong>70x198mm Herramienta de pulido manual bloque de lijado manual aspiradora sin polvo con gancho y lazo de m\u00faltiples orificios bloque de lijado a mano<\/strong><\/p>\n<p><strong>Rasgo:<\/strong><\/p>\n<p>1. Agarre c\u00f3modo, adecuado para operaciones a largo plazo, no cansado, sin moler las manos.<\/p>\n<p>2. Peso ligero y f\u00e1cil de transportar, el\u00e1stico y no f\u00e1cil de deformar.<\/p>\n<p>3. La funci\u00f3n de recolecci\u00f3n de polvo se puede realizar conectando el orificio de eliminaci\u00f3n de polvo y el tubo colector de polvo.<\/p>\n<p>4. El molinillo es de tipo pegajoso m\u00e1gico y debe usarse con papel de lija de gamuza perforado.<\/p>\n<p>5.Adecuado para el pulido de madera, limpieza del hogar, mantenimiento de autom\u00f3viles, pulido de acabado.<\/p>\n<div class=\"magic-13\">\n<div class=\"magic-14\">\n<div class=\"magic-9\">\n<p><img decoding=\"async\" class=\"aligncenter size-full wp-image-2000\" src=\"https:\/\/www.supersybon.com\/es\/wp-content\/uploads\/2022\/12\/1671179789-Comfortable-Grip-Manual-Polishing-Tool-Not-Tired-Connecting-The-Dust-Removing-Hole-Hand-Sanding-Block.jpg\" alt=\"\" width=\"750\" height=\"750\" title=\"\" srcset=\"https:\/\/www.supersybon.com\/es\/wp-content\/uploads\/2022\/12\/1671179789-Comfortable-Grip-Manual-Polishing-Tool-Not-Tired-Connecting-The-Dust-Removing-Hole-Hand-Sanding-Block.jpg 750w, https:\/\/www.supersybon.com\/es\/wp-content\/uploads\/2022\/12\/1671179789-Comfortable-Grip-Manual-Polishing-Tool-Not-Tired-Connecting-The-Dust-Removing-Hole-Hand-Sanding-Block-480x480.jpg 480w\" sizes=\"(min-width: 0px) and (max-width: 480px) 480px, (min-width: 481px) 750px, 100vw\" \/><\/p>\n<p><img decoding=\"async\" class=\"aligncenter size-full wp-image-2001\" src=\"https:\/\/www.supersybon.com\/es\/wp-content\/uploads\/2022\/12\/1671179811-Factory-Direct-Sale-Abrasive-Material-Not-Grinding-Hands-With-Good-Quality-Not-Tired-Removing-Dust-Hand-Sanding-Block.jpg\" alt=\"\" width=\"750\" height=\"750\" title=\"\" srcset=\"https:\/\/www.supersybon.com\/es\/wp-content\/uploads\/2022\/12\/1671179811-Factory-Direct-Sale-Abrasive-Material-Not-Grinding-Hands-With-Good-Quality-Not-Tired-Removing-Dust-Hand-Sanding-Block.jpg 750w, https:\/\/www.supersybon.com\/es\/wp-content\/uploads\/2022\/12\/1671179811-Factory-Direct-Sale-Abrasive-Material-Not-Grinding-Hands-With-Good-Quality-Not-Tired-Removing-Dust-Hand-Sanding-Block-480x480.jpg 480w\" sizes=\"(min-width: 0px) and (max-width: 480px) 480px, (min-width: 481px) 750px, 100vw\" \/><\/p>\n<p><img decoding=\"async\" class=\"aligncenter size-full wp-image-2005\" src=\"https:\/\/www.supersybon.com\/es\/wp-content\/uploads\/2022\/12\/1671180076-Manual-Polishing-Tool-Hook-And-Loop-Hand-Sanding-Block.jpg\" alt=\"\" width=\"750\" height=\"750\" title=\"\" srcset=\"https:\/\/www.supersybon.com\/es\/wp-content\/uploads\/2022\/12\/1671180076-Manual-Polishing-Tool-Hook-And-Loop-Hand-Sanding-Block.jpg 750w, https:\/\/www.supersybon.com\/es\/wp-content\/uploads\/2022\/12\/1671180076-Manual-Polishing-Tool-Hook-And-Loop-Hand-Sanding-Block-480x480.jpg 480w\" sizes=\"(min-width: 0px) and (max-width: 480px) 480px, (min-width: 481px) 750px, 100vw\" \/><\/p>\n<p><img decoding=\"async\" class=\"aligncenter size-full wp-image-1986\" src=\"https:\/\/www.supersybon.com\/es\/wp-content\/uploads\/2022\/12\/1671175407-Interface-Pad-Round-Sponge-Hook-And-Loop-Abrasive-Sponge-Sanding-Pad.jpg\" alt=\"\" width=\"750\" height=\"750\" title=\"\" srcset=\"https:\/\/www.supersybon.com\/es\/wp-content\/uploads\/2022\/12\/1671175407-Interface-Pad-Round-Sponge-Hook-And-Loop-Abrasive-Sponge-Sanding-Pad.jpg 750w, https:\/\/www.supersybon.com\/es\/wp-content\/uploads\/2022\/12\/1671175407-Interface-Pad-Round-Sponge-Hook-And-Loop-Abrasive-Sponge-Sanding-Pad-480x480.jpg 480w\" sizes=\"(min-width: 0px) and (max-width: 480px) 480px, (min-width: 481px) 750px, 100vw\" \/><\/p>\n<div class=\"magic-10\">\n<p><img decoding=\"async\" class=\"aligncenter size-full wp-image-2003\" src=\"https:\/\/www.supersybon.com\/es\/wp-content\/uploads\/2022\/12\/1671179884-Wholesale-Price-Abrasive-Material-Not-Grinding-Hands-High-Quality-Not-Tired-Removing-Dust-Hand-Sanding-Block.jpg\" alt=\"\" width=\"750\" height=\"750\" title=\"\" srcset=\"https:\/\/www.supersybon.com\/es\/wp-content\/uploads\/2022\/12\/1671179884-Wholesale-Price-Abrasive-Material-Not-Grinding-Hands-High-Quality-Not-Tired-Removing-Dust-Hand-Sanding-Block.jpg 750w, https:\/\/www.supersybon.com\/es\/wp-content\/uploads\/2022\/12\/1671179884-Wholesale-Price-Abrasive-Material-Not-Grinding-Hands-High-Quality-Not-Tired-Removing-Dust-Hand-Sanding-Block-480x480.jpg 480w\" sizes=\"(min-width: 0px) and (max-width: 480px) 480px, (min-width: 481px) 750px, 100vw\" \/><\/p>\n<p>&nbsp;<\/p>\n<p>&nbsp;<\/p>\n<p>&nbsp;<\/p>\n<p><strong>Embalaje y servicio de productos<br \/>\n<\/strong><\/p>\n<hr \/>\n<p><strong>PAQUETE :<br \/>\n<\/strong><\/p>\n<p>&nbsp;<\/p>\n<p><img decoding=\"async\" class=\"aligncenter size-full wp-image-2004\" src=\"https:\/\/www.supersybon.com\/es\/wp-content\/uploads\/2022\/12\/1671179902-70X198Mm-Manual-Polishing-Tool-Hook-And-Loop-Hand-Sanding-Block.jpg\" alt=\"\" width=\"750\" height=\"750\" title=\"\" srcset=\"https:\/\/www.supersybon.com\/es\/wp-content\/uploads\/2022\/12\/1671179902-70X198Mm-Manual-Polishing-Tool-Hook-And-Loop-Hand-Sanding-Block.jpg 750w, https:\/\/www.supersybon.com\/es\/wp-content\/uploads\/2022\/12\/1671179902-70X198Mm-Manual-Polishing-Tool-Hook-And-Loop-Hand-Sanding-Block-480x480.jpg 480w\" sizes=\"(min-width: 0px) and (max-width: 480px) 480px, (min-width: 481px) 750px, 100vw\" \/><\/p>\n<p><strong>NUESTRO SERVICIO:<br \/>\n<\/strong><\/p>\n<p>1.24 horas en l\u00ednea<\/p>\n<p>2. Precio competitivo<\/p>\n<p>3. Excelentes comentarios del cliente<\/p>\n<p>4. Pedidos en l\u00ednea seguros<\/p>\n<p>5. Entrega r\u00e1pida<\/p>\n<p>6. Soporte t\u00e9cnico profesional<\/p>\n<\/div>\n<\/div>\n<\/div>\n<\/div>\n<div class=\"magic-13\">\n<div class=\"magic-14\">\n<p>&nbsp;<\/p>\n<div class=\"magic-13\">\n<div class=\"magic-14\">\n<div class=\"magic-9\">\n<div class=\"magic-10\">\n<div class=\"magic-13\">\n<div class=\"magic-14\">\n<div data-spm-anchor-id=\"a2700.details.0.i37.625d2e9eLtZffL\">\n<div class=\"magic-13\">\n<div class=\"magic-14\">\n<div class=\"magic-13\">\n<div class=\"magic-14\">\n<p>&nbsp;<\/p>\n<\/div>\n<\/div>\n<\/div>\n<\/div>\n<\/div>\n<\/div>\n<\/div>\n<\/div>\n<\/div>\n<\/div>\n<\/div>\n<div class=\"magic-13\">\n<div class=\"magic-14\">\n<p><strong>Perfil de la empresa<br \/>\n<\/strong><\/p>\n<hr \/>\n<p>&nbsp;<\/p>\n<\/div>\n<\/div>\n<p><img decoding=\"async\" class=\"aligncenter size-full wp-image-324\" src=\"https:\/\/www.supersybon.com\/es\/wp-content\/uploads\/2022\/09\/1663401769-Car-Paint-Supplier-Company-Profile-Manufacturer-China.jpg\" alt=\"\" width=\"900\" height=\"958\" title=\"\" srcset=\"https:\/\/www.supersybon.com\/es\/wp-content\/uploads\/2022\/09\/1663401769-Car-Paint-Supplier-Company-Profile-Manufacturer-China.jpg 900w, https:\/\/www.supersybon.com\/es\/wp-content\/uploads\/2022\/09\/1663401769-Car-Paint-Supplier-Company-Profile-Manufacturer-China-480x511.jpg 480w\" sizes=\"(min-width: 0px) and (max-width: 480px) 480px, (min-width: 481px) 900px, 100vw\" \/><\/p>\n<div class=\"magic-13\">\n<div class=\"magic-14\">\n<p><strong>Preguntas m\u00e1s frecuentes<\/strong><\/p>\n<hr \/>\n<\/div>\n<\/div>\n<p>P: \u00bfCu\u00e1l es su MOQ?<\/p>\n<p>R: Nuestro pedido m\u00ednimo es de 1 caja de cart\u00f3n.<\/p>\n<p>P: \u00bfQu\u00e9 hay de su pago?<\/p>\n<p>R: dep\u00f3sito del 50% por adelantado, saldo del 50% por T\/T, L\/C, paypal, Western Union o antes del env\u00edo.<\/p>\n<p>P: \u00bfProporcionan muestras?<\/p>\n<p>R: S\u00ed, puede comprar una muestra para probarla.<\/p>\n<p>P: \u00bfQu\u00e9 hay de su tiempo de entrega?<\/p>\n<p>R: generalmente 15 d\u00edas despu\u00e9s de recibir su dep\u00f3sito.<\/p>\n<\/div>\n<\/div>\n","protected":false},"excerpt":{"rendered":"<p>1. Esta placa est\u00e1 hecha de mezclilla de alta calidad, con una textura compacta y gruesa.<br \/>\n2. Con una excelente fuerza de corte y resistencia a la temperatura, es equivalente a una fuerza de corte de arena de 1000 #.<br \/>\n3. El lado de mezclilla de la almohadilla de pulido se lija ligeramente para eliminar la piel de naranja sin frotar la superficie.<br \/>\n4. Uso generalizado: se puede usar en autom\u00f3viles, botes, motocicletas, etc.<\/p>\n","protected":false},"featured_media":2006,"template":"","meta":{"_et_pb_use_builder":"","_et_pb_old_content":"","_et_gb_content_width":""},"product_brand":[],"product_cat":[69,67],"product_tag":[680,679,681],"class_list":{"0":"post-1998","1":"product","2":"type-product","3":"status-publish","4":"has-post-thumbnail","6":"product_cat-papel-de-lija","7":"product_cat-serie-de-reparacion-de-automoviles","8":"product_tag-aspiradora-sin-polvo-con-gancho-y-bucle","9":"product_tag-bloque-de-lijado-a-mano","10":"product_tag-herramienta-de-pulido-manual","12":"first","13":"instock","14":"shipping-taxable","15":"product-type-simple"},"_links":{"self":[{"href":"https:\/\/www.supersybon.com\/es\/wp-json\/wp\/v2\/product\/1998","targetHints":{"allow":["GET"]}}],"collection":[{"href":"https:\/\/www.supersybon.com\/es\/wp-json\/wp\/v2\/product"}],"about":[{"href":"https:\/\/www.supersybon.com\/es\/wp-json\/wp\/v2\/types\/product"}],"wp:featuredmedia":[{"embeddable":true,"href":"https:\/\/www.supersybon.com\/es\/wp-json\/wp\/v2\/media\/2006"}],"wp:attachment":[{"href":"https:\/\/www.supersybon.com\/es\/wp-json\/wp\/v2\/media?parent=1998"}],"wp:term":[{"taxonomy":"product_brand","embeddable":true,"href":"https:\/\/www.supersybon.com\/es\/wp-json\/wp\/v2\/product_brand?post=1998"},{"taxonomy":"product_cat","embeddable":true,"href":"https:\/\/www.supersybon.com\/es\/wp-json\/wp\/v2\/product_cat?post=1998"},{"taxonomy":"product_tag","embeddable":true,"href":"https:\/\/www.supersybon.com\/es\/wp-json\/wp\/v2\/product_tag?post=1998"}],"curies":[{"name":"wp","href":"https:\/\/api.w.org\/{rel}","templated":true}]}}