{"id":1988,"date":"2022-12-16T16:02:33","date_gmt":"2022-12-16T08:02:33","guid":{"rendered":"https:\/\/www.supersybon.com\/es\/?post_type=product&#038;p=1988"},"modified":"2025-12-05T15:23:48","modified_gmt":"2025-12-05T07:23:48","slug":"5-6-pulgada-quitar-la-piel-de-naranja-almohadilla-de-pulido-de-coche-de-mezclilla-almohadilla-de-pulido-de-espuma-para-jeans-almohadilla-de-corte-de-pulido-para-el-cuidado-del-automovil","status":"publish","type":"product","link":"https:\/\/www.supersybon.com\/es\/product\/5-6-pulgada-quitar-la-piel-de-naranja-almohadilla-de-pulido-de-coche-de-mezclilla-almohadilla-de-pulido-de-espuma-para-jeans-almohadilla-de-corte-de-pulido-para-el-cuidado-del-automovil","title":{"rendered":"5\/6 Pulgada quitar la piel de naranja almohadilla de pulido de coche de mezclilla Almohadilla de pulido de espuma para jeans almohadilla de corte de pulido para el cuidado del autom\u00f3vil"},"content":{"rendered":"<p><img decoding=\"async\" class=\"aligncenter size-full wp-image-1989\" src=\"https:\/\/www.supersybon.com\/es\/wp-content\/uploads\/2022\/12\/1671178226-Jeans-Foam-Pad-3-4-5-6-7-Inch-Heavy-Coarse-Pad-Dinem-Surface-Remove-Anti-Scratch-Car-Polish.jpg\" alt=\"\" width=\"900\" height=\"364\" title=\"\" srcset=\"https:\/\/www.supersybon.com\/es\/wp-content\/uploads\/2022\/12\/1671178226-Jeans-Foam-Pad-3-4-5-6-7-Inch-Heavy-Coarse-Pad-Dinem-Surface-Remove-Anti-Scratch-Car-Polish.jpg 900w, https:\/\/www.supersybon.com\/es\/wp-content\/uploads\/2022\/12\/1671178226-Jeans-Foam-Pad-3-4-5-6-7-Inch-Heavy-Coarse-Pad-Dinem-Surface-Remove-Anti-Scratch-Car-Polish-480x194.jpg 480w\" sizes=\"(min-width: 0px) and (max-width: 480px) 480px, (min-width: 481px) 900px, 100vw\" \/><\/p>\n<p>&nbsp;<\/p>\n<p><strong>5\/6 Pulgada quitar la piel de naranja almohadilla de pulido de coche de mezclilla Almohadilla de pulido de espuma para jeans almohadilla de corte de pulido para el cuidado del autom\u00f3vil<\/strong><\/p>\n<p><strong>Rasgo:<\/strong><\/p>\n<p>1. Esta placa est\u00e1 hecha de mezclilla de alta calidad, con una textura compacta y gruesa.<\/p>\n<p>2. Con una excelente fuerza de corte y resistencia a la temperatura, es equivalente a una fuerza de corte de arena de 1000 #.<\/p>\n<p>3. El lado de mezclilla de la almohadilla de pulido se lija ligeramente para eliminar la piel de naranja sin frotar la superficie.<\/p>\n<div>* Uso generalizado: se puede usar en autom\u00f3viles, botes, motocicletas, etc.<\/div>\n<div class=\"magic-13\">\n<div class=\"magic-14\">\n<div class=\"magic-9\">\n<p><img decoding=\"async\" class=\"aligncenter size-full wp-image-1990\" src=\"https:\/\/www.supersybon.com\/es\/wp-content\/uploads\/2022\/12\/1671178285-5-Inch-Polishing-Pad-Denim-Polishing-Foam-Pad-Jeans-Polisher-Pad-Set-Remove-Orange-Peel-Scratch.jpg\" alt=\"\" width=\"750\" height=\"750\" title=\"\" srcset=\"https:\/\/www.supersybon.com\/es\/wp-content\/uploads\/2022\/12\/1671178285-5-Inch-Polishing-Pad-Denim-Polishing-Foam-Pad-Jeans-Polisher-Pad-Set-Remove-Orange-Peel-Scratch.jpg 750w, https:\/\/www.supersybon.com\/es\/wp-content\/uploads\/2022\/12\/1671178285-5-Inch-Polishing-Pad-Denim-Polishing-Foam-Pad-Jeans-Polisher-Pad-Set-Remove-Orange-Peel-Scratch-480x480.jpg 480w\" sizes=\"(min-width: 0px) and (max-width: 480px) 480px, (min-width: 481px) 750px, 100vw\" \/><\/p>\n<p><img decoding=\"async\" class=\"aligncenter size-full wp-image-1991\" src=\"https:\/\/www.supersybon.com\/es\/wp-content\/uploads\/2022\/12\/1671178310-Denim-polishing-foam-pad-Jeans-polisher-pad-set-6-Inch-heavycut-pad-remove-orange-peel-scratch-car-polisher.jpg\" alt=\"\" width=\"750\" height=\"750\" title=\"\" srcset=\"https:\/\/www.supersybon.com\/es\/wp-content\/uploads\/2022\/12\/1671178310-Denim-polishing-foam-pad-Jeans-polisher-pad-set-6-Inch-heavycut-pad-remove-orange-peel-scratch-car-polisher.jpg 750w, https:\/\/www.supersybon.com\/es\/wp-content\/uploads\/2022\/12\/1671178310-Denim-polishing-foam-pad-Jeans-polisher-pad-set-6-Inch-heavycut-pad-remove-orange-peel-scratch-car-polisher-480x480.jpg 480w\" sizes=\"(min-width: 0px) and (max-width: 480px) 480px, (min-width: 481px) 750px, 100vw\" \/><\/p>\n<p><img decoding=\"async\" class=\"aligncenter size-full wp-image-1992\" src=\"https:\/\/www.supersybon.com\/es\/wp-content\/uploads\/2022\/12\/1671178339-White-Denim-Polish-Sponge-Foam-Buffing-Pad-6-Inches-Jeans-Pad-Heavy-Coarse-Pads-150Mm.jpg\" alt=\"\" width=\"750\" height=\"750\" title=\"\" srcset=\"https:\/\/www.supersybon.com\/es\/wp-content\/uploads\/2022\/12\/1671178339-White-Denim-Polish-Sponge-Foam-Buffing-Pad-6-Inches-Jeans-Pad-Heavy-Coarse-Pads-150Mm.jpg 750w, https:\/\/www.supersybon.com\/es\/wp-content\/uploads\/2022\/12\/1671178339-White-Denim-Polish-Sponge-Foam-Buffing-Pad-6-Inches-Jeans-Pad-Heavy-Coarse-Pads-150Mm-480x480.jpg 480w\" sizes=\"(min-width: 0px) and (max-width: 480px) 480px, (min-width: 481px) 750px, 100vw\" \/><\/p>\n<div class=\"magic-10\">\n<p><img decoding=\"async\" class=\"aligncenter size-full wp-image-1993\" src=\"https:\/\/www.supersybon.com\/es\/wp-content\/uploads\/2022\/12\/1671178364-Wholesale-150-Mm-Denim-Jeans-Foam-Pad-6-Inches-Heavy-Cutting-Pad-Fabric-Surface-Remove-Anti-Scratch-Car-Polish.jpg\" alt=\"\" width=\"750\" height=\"750\" title=\"\" srcset=\"https:\/\/www.supersybon.com\/es\/wp-content\/uploads\/2022\/12\/1671178364-Wholesale-150-Mm-Denim-Jeans-Foam-Pad-6-Inches-Heavy-Cutting-Pad-Fabric-Surface-Remove-Anti-Scratch-Car-Polish.jpg 750w, https:\/\/www.supersybon.com\/es\/wp-content\/uploads\/2022\/12\/1671178364-Wholesale-150-Mm-Denim-Jeans-Foam-Pad-6-Inches-Heavy-Cutting-Pad-Fabric-Surface-Remove-Anti-Scratch-Car-Polish-480x480.jpg 480w\" sizes=\"(min-width: 0px) and (max-width: 480px) 480px, (min-width: 481px) 750px, 100vw\" \/><\/p>\n<p>&nbsp;<\/p>\n<p>&nbsp;<\/p>\n<p>&nbsp;<\/p>\n<p><strong>Embalaje y servicio de productos<br \/>\n<\/strong><\/p>\n<hr \/>\n<p><strong>PAQUETE :<br \/>\n<\/strong><\/p>\n<p>1PC\/PP Bag<\/p>\n<p>&nbsp;<\/p>\n<p><strong>NUESTRO SERVICIO:<br \/>\n<\/strong><\/p>\n<p>1.24 horas en l\u00ednea<\/p>\n<p>2. Precio competitivo<\/p>\n<p>3. Excelentes comentarios del cliente<\/p>\n<p>4. Pedidos en l\u00ednea seguros<\/p>\n<p>5. Entrega r\u00e1pida<\/p>\n<p>6. Soporte t\u00e9cnico profesional<\/p>\n<\/div>\n<\/div>\n<\/div>\n<\/div>\n<div class=\"magic-13\">\n<div class=\"magic-14\">\n<p>&nbsp;<\/p>\n<div class=\"magic-13\">\n<div class=\"magic-14\">\n<div class=\"magic-9\">\n<div class=\"magic-10\">\n<div class=\"magic-13\">\n<div class=\"magic-14\">\n<div data-spm-anchor-id=\"a2700.details.0.i37.625d2e9eLtZffL\">\n<div class=\"magic-13\">\n<div class=\"magic-14\">\n<div class=\"magic-13\">\n<div class=\"magic-14\">\n<p>&nbsp;<\/p>\n<\/div>\n<\/div>\n<\/div>\n<\/div>\n<\/div>\n<\/div>\n<\/div>\n<\/div>\n<\/div>\n<\/div>\n<\/div>\n<div class=\"magic-13\">\n<div class=\"magic-14\">\n<p><strong>Perfil de la empresa<br \/>\n<\/strong><\/p>\n<hr \/>\n<p>&nbsp;<\/p>\n<\/div>\n<\/div>\n<p><img decoding=\"async\" class=\"aligncenter size-full wp-image-324\" src=\"https:\/\/www.supersybon.com\/es\/wp-content\/uploads\/2022\/09\/1663401769-Car-Paint-Supplier-Company-Profile-Manufacturer-China.jpg\" alt=\"\" width=\"900\" height=\"958\" title=\"\" srcset=\"https:\/\/www.supersybon.com\/es\/wp-content\/uploads\/2022\/09\/1663401769-Car-Paint-Supplier-Company-Profile-Manufacturer-China.jpg 900w, https:\/\/www.supersybon.com\/es\/wp-content\/uploads\/2022\/09\/1663401769-Car-Paint-Supplier-Company-Profile-Manufacturer-China-480x511.jpg 480w\" sizes=\"(min-width: 0px) and (max-width: 480px) 480px, (min-width: 481px) 900px, 100vw\" \/><\/p>\n<div class=\"magic-13\">\n<div class=\"magic-14\">\n<p><strong>Preguntas m\u00e1s frecuentes<\/strong><\/p>\n<hr \/>\n<\/div>\n<\/div>\n<p>P: \u00bfCu\u00e1l es su MOQ?<\/p>\n<p>R: Nuestro pedido m\u00ednimo es de 1 caja de cart\u00f3n.<\/p>\n<p>P: \u00bfQu\u00e9 hay de su pago?<\/p>\n<p>R: dep\u00f3sito del 50% por adelantado, saldo del 50% por T\/T, L\/C, paypal, Western Union o antes del env\u00edo.<\/p>\n<p>P: \u00bfProporcionan muestras?<\/p>\n<p>R: S\u00ed, puede comprar una muestra para probarla.<\/p>\n<p>P: \u00bfQu\u00e9 hay de su tiempo de entrega?<\/p>\n<p>R: generalmente 15 d\u00edas despu\u00e9s de recibir su dep\u00f3sito.<\/p>\n<\/div>\n<\/div>\n","protected":false},"excerpt":{"rendered":"<p>1. Esta placa est\u00e1 hecha de mezclilla de alta calidad, con una textura compacta y gruesa.<br \/>\n2. Con una excelente fuerza de corte y resistencia a la temperatura, es equivalente a una fuerza de corte de arena de 1000 #.<br \/>\n3. El lado de mezclilla de la almohadilla de pulido se lija ligeramente para eliminar la piel de naranja sin frotar la superficie.<br \/>\n4. Uso generalizado: se puede usar en autom\u00f3viles, botes, motocicletas, etc.<\/p>\n","protected":false},"featured_media":1994,"template":"","meta":{"_et_pb_use_builder":"","_et_pb_old_content":"","_et_gb_content_width":""},"product_brand":[],"product_cat":[65,56],"product_tag":[675,676,677,678],"class_list":{"0":"post-1988","1":"product","2":"type-product","3":"status-publish","4":"has-post-thumbnail","6":"product_cat-almohadilla-de-espuma-para-pulir","7":"product_cat-serie-de-cuidado-de-automoviles","8":"product_tag-almohadilla-de-corte-para-pulir-el-cuidado-del-automovil","9":"product_tag-almohadilla-de-pulido-de-coche-de-mezclilla","10":"product_tag-almohadilla-para-pulir-de-espuma-de-jeans","11":"product_tag-almohadilla-vaquera-para-quitar-piel-de-naranja","13":"first","14":"instock","15":"shipping-taxable","16":"product-type-simple"},"_links":{"self":[{"href":"https:\/\/www.supersybon.com\/es\/wp-json\/wp\/v2\/product\/1988","targetHints":{"allow":["GET"]}}],"collection":[{"href":"https:\/\/www.supersybon.com\/es\/wp-json\/wp\/v2\/product"}],"about":[{"href":"https:\/\/www.supersybon.com\/es\/wp-json\/wp\/v2\/types\/product"}],"wp:featuredmedia":[{"embeddable":true,"href":"https:\/\/www.supersybon.com\/es\/wp-json\/wp\/v2\/media\/1994"}],"wp:attachment":[{"href":"https:\/\/www.supersybon.com\/es\/wp-json\/wp\/v2\/media?parent=1988"}],"wp:term":[{"taxonomy":"product_brand","embeddable":true,"href":"https:\/\/www.supersybon.com\/es\/wp-json\/wp\/v2\/product_brand?post=1988"},{"taxonomy":"product_cat","embeddable":true,"href":"https:\/\/www.supersybon.com\/es\/wp-json\/wp\/v2\/product_cat?post=1988"},{"taxonomy":"product_tag","embeddable":true,"href":"https:\/\/www.supersybon.com\/es\/wp-json\/wp\/v2\/product_tag?post=1988"}],"curies":[{"name":"wp","href":"https:\/\/api.w.org\/{rel}","templated":true}]}}