{"id":1973,"date":"2022-12-16T14:52:42","date_gmt":"2022-12-16T06:52:42","guid":{"rendered":"https:\/\/www.supersybon.com\/es\/?post_type=product&#038;p=1973"},"modified":"2025-12-05T10:44:45","modified_gmt":"2025-12-05T02:44:45","slug":"cojin-de-interfaz-almohadilla-de-proteccion-de-superficie-libre-de-polvo-de-esponja-suave-almohadilla-de-respaldo-de-gancho-y-bucle-para-disco-de-lijado","status":"publish","type":"product","link":"https:\/\/www.supersybon.com\/es\/product\/cojin-de-interfaz-almohadilla-de-proteccion-de-superficie-libre-de-polvo-de-esponja-suave-almohadilla-de-respaldo-de-gancho-y-bucle-para-disco-de-lijado","title":{"rendered":"Coj\u00edn de interfaz almohadilla de protecci\u00f3n de superficie libre de polvo de esponja suave almohadilla de respaldo de gancho y bucle para disco de lijado"},"content":{"rendered":"<p><img decoding=\"async\" class=\"aligncenter size-full wp-image-1974\" src=\"https:\/\/www.supersybon.com\/es\/wp-content\/uploads\/2022\/12\/1671175006-2023-The-Most-Popular-6-Inch-15-Holes-Car-Interface-Sponges-Scouring-Polishing-And-Backing-Pad.jpg\" alt=\"\" width=\"900\" height=\"364\" title=\"\" srcset=\"https:\/\/www.supersybon.com\/es\/wp-content\/uploads\/2022\/12\/1671175006-2023-The-Most-Popular-6-Inch-15-Holes-Car-Interface-Sponges-Scouring-Polishing-And-Backing-Pad.jpg 900w, https:\/\/www.supersybon.com\/es\/wp-content\/uploads\/2022\/12\/1671175006-2023-The-Most-Popular-6-Inch-15-Holes-Car-Interface-Sponges-Scouring-Polishing-And-Backing-Pad-480x194.jpg 480w\" sizes=\"(min-width: 0px) and (max-width: 480px) 480px, (min-width: 481px) 900px, 100vw\" \/><\/p>\n<p>&nbsp;<\/p>\n<p><strong>Coj\u00edn de interfaz almohadilla de protecci\u00f3n de superficie libre de polvo de esponja suave almohadilla de respaldo de gancho y bucle para disco de lijado<\/strong><\/p>\n<p><strong>Rasgo:<\/strong><\/p>\n<p>1. La construcci\u00f3n de espuma suave se ajusta a los contornos para un acabado m\u00e1s fino.<\/p>\n<p>2.Agrega soporte a la almohadilla del disco para mejorar el corte abrasivo y lijar los bordes m\u00e1s cerca.<\/p>\n<p>3. Se aplica sin esfuerzo entre los discos de lijado y las almohadillas de respaldo para cambios r\u00e1pidos.<\/p>\n<p>4. Reduce la vibraci\u00f3n de la herramienta de lijado orbital para obtener mejores resultados.<\/p>\n<p>5. Las configuraciones de los orificios ayudan a eliminar el polvo de la superficie de trabajo, lo que aumenta la vida \u00fatil del disco.<\/p>\n<div class=\"magic-13\">\n<div class=\"magic-14\">\n<div class=\"magic-9\">\n<p><img decoding=\"async\" class=\"aligncenter size-full wp-image-1975\" src=\"https:\/\/www.supersybon.com\/es\/wp-content\/uploads\/2022\/12\/1671175032-5Inch-125Mm-5Holes-Factory-Hot-Sale-Sponge-Interface-Cushion-Foam-Polishing-Pad-Sander-Tool-Accessories-For-Car.jpg\" alt=\"\" width=\"750\" height=\"750\" title=\"\" srcset=\"https:\/\/www.supersybon.com\/es\/wp-content\/uploads\/2022\/12\/1671175032-5Inch-125Mm-5Holes-Factory-Hot-Sale-Sponge-Interface-Cushion-Foam-Polishing-Pad-Sander-Tool-Accessories-For-Car.jpg 750w, https:\/\/www.supersybon.com\/es\/wp-content\/uploads\/2022\/12\/1671175032-5Inch-125Mm-5Holes-Factory-Hot-Sale-Sponge-Interface-Cushion-Foam-Polishing-Pad-Sander-Tool-Accessories-For-Car-480x480.jpg 480w\" sizes=\"(min-width: 0px) and (max-width: 480px) 480px, (min-width: 481px) 750px, 100vw\" \/><\/p>\n<p><strong>6'' 150mm 17 holes<\/strong><\/p>\n<p><img decoding=\"async\" class=\"aligncenter size-full wp-image-1976\" src=\"https:\/\/www.supersybon.com\/es\/wp-content\/uploads\/2022\/12\/1671175068-Car-Detailing-Hookit-6-Soft-Interface-Disc-Pad-Grip-Back-Up-Interface-Pad.jpg\" alt=\"\" width=\"750\" height=\"750\" title=\"\" srcset=\"https:\/\/www.supersybon.com\/es\/wp-content\/uploads\/2022\/12\/1671175068-Car-Detailing-Hookit-6-Soft-Interface-Disc-Pad-Grip-Back-Up-Interface-Pad.jpg 750w, https:\/\/www.supersybon.com\/es\/wp-content\/uploads\/2022\/12\/1671175068-Car-Detailing-Hookit-6-Soft-Interface-Disc-Pad-Grip-Back-Up-Interface-Pad-480x480.jpg 480w\" sizes=\"(min-width: 0px) and (max-width: 480px) 480px, (min-width: 481px) 750px, 100vw\" \/><\/p>\n<div class=\"magic-10\">\n<p><img decoding=\"async\" class=\"aligncenter wp-image-1977 size-full\" src=\"https:\/\/www.supersybon.com\/es\/wp-content\/uploads\/2022\/12\/1671175092-6Inch-150Mm-15Holes-Softhard-Hook-And-Loop-Sponge-Foam-Interface-Disc-Backing-Pad-Accessory-For-Sander.jpg\" alt=\"\" width=\"750\" height=\"750\" title=\"\" srcset=\"https:\/\/www.supersybon.com\/es\/wp-content\/uploads\/2022\/12\/1671175092-6Inch-150Mm-15Holes-Softhard-Hook-And-Loop-Sponge-Foam-Interface-Disc-Backing-Pad-Accessory-For-Sander.jpg 750w, https:\/\/www.supersybon.com\/es\/wp-content\/uploads\/2022\/12\/1671175092-6Inch-150Mm-15Holes-Softhard-Hook-And-Loop-Sponge-Foam-Interface-Disc-Backing-Pad-Accessory-For-Sander-480x480.jpg 480w\" sizes=\"(min-width: 0px) and (max-width: 480px) 480px, (min-width: 481px) 750px, 100vw\" \/><\/p>\n<p><strong>6'' 150mm 17 holes<\/strong><\/p>\n<p><img decoding=\"async\" class=\"aligncenter size-full wp-image-1978\" src=\"https:\/\/www.supersybon.com\/es\/wp-content\/uploads\/2022\/12\/1671175171-Interface-Cushion-Pad-Soft-Sponge-Dust-Free-Surface-Protection-Pad-Hook-And-Loop-Backing-Pad-For-Sanding-Disc.jpg\" alt=\"\" width=\"750\" height=\"750\" title=\"\" srcset=\"https:\/\/www.supersybon.com\/es\/wp-content\/uploads\/2022\/12\/1671175171-Interface-Cushion-Pad-Soft-Sponge-Dust-Free-Surface-Protection-Pad-Hook-And-Loop-Backing-Pad-For-Sanding-Disc.jpg 750w, https:\/\/www.supersybon.com\/es\/wp-content\/uploads\/2022\/12\/1671175171-Interface-Cushion-Pad-Soft-Sponge-Dust-Free-Surface-Protection-Pad-Hook-And-Loop-Backing-Pad-For-Sanding-Disc-480x480.jpg 480w\" sizes=\"(min-width: 0px) and (max-width: 480px) 480px, (min-width: 481px) 750px, 100vw\" \/><\/p>\n<p><img decoding=\"async\" class=\"aligncenter size-full wp-image-1979\" src=\"https:\/\/www.supersybon.com\/es\/wp-content\/uploads\/2022\/12\/1671175202-Factory-6Inch-150Mm-Multiholes-Cushion-Pad-Hook-And-Loop-Interface-Disc-Backing-Pad.jpg\" alt=\"\" width=\"750\" height=\"750\" title=\"\" srcset=\"https:\/\/www.supersybon.com\/es\/wp-content\/uploads\/2022\/12\/1671175202-Factory-6Inch-150Mm-Multiholes-Cushion-Pad-Hook-And-Loop-Interface-Disc-Backing-Pad.jpg 750w, https:\/\/www.supersybon.com\/es\/wp-content\/uploads\/2022\/12\/1671175202-Factory-6Inch-150Mm-Multiholes-Cushion-Pad-Hook-And-Loop-Interface-Disc-Backing-Pad-480x480.jpg 480w\" sizes=\"(min-width: 0px) and (max-width: 480px) 480px, (min-width: 481px) 750px, 100vw\" \/><\/p>\n<p><strong>6'' 150mm 15 holes<\/strong><\/p>\n<p><img decoding=\"async\" class=\"aligncenter size-full wp-image-1980\" src=\"https:\/\/www.supersybon.com\/es\/wp-content\/uploads\/2022\/12\/1671175251-6Inch-150Mm-15Holes-Soft-Sponge-Cushion-Self-Adhesive-Back-Velvet-Polishing-Disc-Interface-Pad.jpg\" alt=\"\" width=\"750\" height=\"750\" title=\"\" srcset=\"https:\/\/www.supersybon.com\/es\/wp-content\/uploads\/2022\/12\/1671175251-6Inch-150Mm-15Holes-Soft-Sponge-Cushion-Self-Adhesive-Back-Velvet-Polishing-Disc-Interface-Pad.jpg 750w, https:\/\/www.supersybon.com\/es\/wp-content\/uploads\/2022\/12\/1671175251-6Inch-150Mm-15Holes-Soft-Sponge-Cushion-Self-Adhesive-Back-Velvet-Polishing-Disc-Interface-Pad-480x480.jpg 480w\" sizes=\"(min-width: 0px) and (max-width: 480px) 480px, (min-width: 481px) 750px, 100vw\" \/><\/p>\n<p><img decoding=\"async\" class=\"aligncenter size-full wp-image-1981\" src=\"https:\/\/www.supersybon.com\/es\/wp-content\/uploads\/2022\/12\/1671175271-5Inch-7-Holes-Hook-And-Loop-Sponge-Soft-Interface-Buffer-Pad-For-Polishing-Grinding-Power-Tools-Accessories.jpg\" alt=\"\" width=\"750\" height=\"750\" title=\"\" srcset=\"https:\/\/www.supersybon.com\/es\/wp-content\/uploads\/2022\/12\/1671175271-5Inch-7-Holes-Hook-And-Loop-Sponge-Soft-Interface-Buffer-Pad-For-Polishing-Grinding-Power-Tools-Accessories.jpg 750w, https:\/\/www.supersybon.com\/es\/wp-content\/uploads\/2022\/12\/1671175271-5Inch-7-Holes-Hook-And-Loop-Sponge-Soft-Interface-Buffer-Pad-For-Polishing-Grinding-Power-Tools-Accessories-480x480.jpg 480w\" sizes=\"(min-width: 0px) and (max-width: 480px) 480px, (min-width: 481px) 750px, 100vw\" \/><\/p>\n<p><strong>5'' 125mm 6 holes<\/strong><\/p>\n<p><img decoding=\"async\" class=\"aligncenter size-full wp-image-1982\" src=\"https:\/\/www.supersybon.com\/es\/wp-content\/uploads\/2022\/12\/1671175308-Soft-Interface-Pad-5-Inch-6-Holes-125Mm-Damping-Protection-Sanding-Pad-Hook-And-Loop.jpg\" alt=\"\" width=\"750\" height=\"750\" title=\"\" srcset=\"https:\/\/www.supersybon.com\/es\/wp-content\/uploads\/2022\/12\/1671175308-Soft-Interface-Pad-5-Inch-6-Holes-125Mm-Damping-Protection-Sanding-Pad-Hook-And-Loop.jpg 750w, https:\/\/www.supersybon.com\/es\/wp-content\/uploads\/2022\/12\/1671175308-Soft-Interface-Pad-5-Inch-6-Holes-125Mm-Damping-Protection-Sanding-Pad-Hook-And-Loop-480x480.jpg 480w\" sizes=\"(min-width: 0px) and (max-width: 480px) 480px, (min-width: 481px) 750px, 100vw\" \/><\/p>\n<p><img decoding=\"async\" class=\"aligncenter size-full wp-image-1987\" src=\"https:\/\/www.supersybon.com\/es\/wp-content\/uploads\/2022\/12\/1671177689-6Inch-150Mm-9Holes-Round-Foam-Interface-Sanding-Polishing-Discs-Pad-For-Car-And-Wood.jpg\" alt=\"\" width=\"750\" height=\"750\" title=\"\" srcset=\"https:\/\/www.supersybon.com\/es\/wp-content\/uploads\/2022\/12\/1671177689-6Inch-150Mm-9Holes-Round-Foam-Interface-Sanding-Polishing-Discs-Pad-For-Car-And-Wood.jpg 750w, https:\/\/www.supersybon.com\/es\/wp-content\/uploads\/2022\/12\/1671177689-6Inch-150Mm-9Holes-Round-Foam-Interface-Sanding-Polishing-Discs-Pad-For-Car-And-Wood-480x480.jpg 480w\" sizes=\"(min-width: 0px) and (max-width: 480px) 480px, (min-width: 481px) 750px, 100vw\" \/><\/p>\n<p><strong>5'' 125mm no holes<\/strong><\/p>\n<p><img decoding=\"async\" class=\"aligncenter size-full wp-image-1984\" src=\"https:\/\/www.supersybon.com\/es\/wp-content\/uploads\/2022\/12\/1671175357-Abrasive-Tools-Hook-And-Loop-Soft-Cushion-Pad-Sponge-Interface-Pad-For-Sander-Sanding-Disc.jpg\" alt=\"\" width=\"750\" height=\"750\" title=\"\" srcset=\"https:\/\/www.supersybon.com\/es\/wp-content\/uploads\/2022\/12\/1671175357-Abrasive-Tools-Hook-And-Loop-Soft-Cushion-Pad-Sponge-Interface-Pad-For-Sander-Sanding-Disc.jpg 750w, https:\/\/www.supersybon.com\/es\/wp-content\/uploads\/2022\/12\/1671175357-Abrasive-Tools-Hook-And-Loop-Soft-Cushion-Pad-Sponge-Interface-Pad-For-Sander-Sanding-Disc-480x480.jpg 480w\" sizes=\"(min-width: 0px) and (max-width: 480px) 480px, (min-width: 481px) 750px, 100vw\" \/><\/p>\n<p><img decoding=\"async\" class=\"aligncenter size-full wp-image-1985\" src=\"https:\/\/www.supersybon.com\/es\/wp-content\/uploads\/2022\/12\/1671175373-5Inch-6Inch-3Mm-10Mm-17-Holes-Sanding-Disc-Hook-And-Loop-Sanding-Disc-Backing-Pad-Cushion-Protection-Interface-Pad.jpg\" alt=\"\" width=\"750\" height=\"750\" title=\"\" srcset=\"https:\/\/www.supersybon.com\/es\/wp-content\/uploads\/2022\/12\/1671175373-5Inch-6Inch-3Mm-10Mm-17-Holes-Sanding-Disc-Hook-And-Loop-Sanding-Disc-Backing-Pad-Cushion-Protection-Interface-Pad.jpg 750w, https:\/\/www.supersybon.com\/es\/wp-content\/uploads\/2022\/12\/1671175373-5Inch-6Inch-3Mm-10Mm-17-Holes-Sanding-Disc-Hook-And-Loop-Sanding-Disc-Backing-Pad-Cushion-Protection-Interface-Pad-480x480.jpg 480w\" sizes=\"(min-width: 0px) and (max-width: 480px) 480px, (min-width: 481px) 750px, 100vw\" \/><\/p>\n<p><strong>Almohadilla de interfaz rectangular<\/strong><\/p>\n<p><img decoding=\"async\" class=\"aligncenter size-full wp-image-1986\" src=\"https:\/\/www.supersybon.com\/es\/wp-content\/uploads\/2022\/12\/1671175407-Interface-Pad-Round-Sponge-Hook-And-Loop-Abrasive-Sponge-Sanding-Pad.jpg\" alt=\"\" width=\"750\" height=\"750\" title=\"\" srcset=\"https:\/\/www.supersybon.com\/es\/wp-content\/uploads\/2022\/12\/1671175407-Interface-Pad-Round-Sponge-Hook-And-Loop-Abrasive-Sponge-Sanding-Pad.jpg 750w, https:\/\/www.supersybon.com\/es\/wp-content\/uploads\/2022\/12\/1671175407-Interface-Pad-Round-Sponge-Hook-And-Loop-Abrasive-Sponge-Sanding-Pad-480x480.jpg 480w\" sizes=\"(min-width: 0px) and (max-width: 480px) 480px, (min-width: 481px) 750px, 100vw\" \/><\/p>\n<p>&nbsp;<\/p>\n<p>&nbsp;<\/p>\n<p><strong>Embalaje y servicio de productos<br \/>\n<\/strong><\/p>\n<hr \/>\n<p><strong>PAQUETE :<br \/>\n<\/strong><\/p>\n<p>1PC\/PE Bag<\/p>\n<p>&nbsp;<\/p>\n<p><strong>NUESTRO SERVICIO:<br \/>\n<\/strong><\/p>\n<p>1.24 horas en l\u00ednea<\/p>\n<p>2. Precio competitivo<\/p>\n<p>3. Excelentes comentarios del cliente<\/p>\n<p>4. Pedidos en l\u00ednea seguros<\/p>\n<p>5. Entrega r\u00e1pida<\/p>\n<p>6. Soporte t\u00e9cnico profesional<\/p>\n<\/div>\n<\/div>\n<\/div>\n<\/div>\n<div class=\"magic-13\">\n<div class=\"magic-14\">\n<p>&nbsp;<\/p>\n<div class=\"magic-13\">\n<div class=\"magic-14\">\n<div class=\"magic-9\">\n<div class=\"magic-10\">\n<div class=\"magic-13\">\n<div class=\"magic-14\">\n<div data-spm-anchor-id=\"a2700.details.0.i37.625d2e9eLtZffL\">\n<div class=\"magic-13\">\n<div class=\"magic-14\">\n<div class=\"magic-13\">\n<div class=\"magic-14\">\n<p>&nbsp;<\/p>\n<\/div>\n<\/div>\n<\/div>\n<\/div>\n<\/div>\n<\/div>\n<\/div>\n<\/div>\n<\/div>\n<\/div>\n<\/div>\n<div class=\"magic-13\">\n<div class=\"magic-14\">\n<p><strong>Perfil de la empresa<br \/>\n<\/strong><\/p>\n<hr \/>\n<p>&nbsp;<\/p>\n<\/div>\n<\/div>\n<p><img decoding=\"async\" class=\"aligncenter size-full wp-image-324\" src=\"https:\/\/www.supersybon.com\/es\/wp-content\/uploads\/2022\/09\/1663401769-Car-Paint-Supplier-Company-Profile-Manufacturer-China.jpg\" alt=\"\" width=\"900\" height=\"958\" title=\"\" srcset=\"https:\/\/www.supersybon.com\/es\/wp-content\/uploads\/2022\/09\/1663401769-Car-Paint-Supplier-Company-Profile-Manufacturer-China.jpg 900w, https:\/\/www.supersybon.com\/es\/wp-content\/uploads\/2022\/09\/1663401769-Car-Paint-Supplier-Company-Profile-Manufacturer-China-480x511.jpg 480w\" sizes=\"(min-width: 0px) and (max-width: 480px) 480px, (min-width: 481px) 900px, 100vw\" \/><\/p>\n<div class=\"magic-13\">\n<div class=\"magic-14\">\n<p><strong>Preguntas m\u00e1s frecuentes<\/strong><\/p>\n<hr \/>\n<\/div>\n<\/div>\n<p>P: \u00bfCu\u00e1l es su MOQ?<\/p>\n<p>R: Nuestro pedido m\u00ednimo es de 1 caja de cart\u00f3n.<\/p>\n<p>P: \u00bfQu\u00e9 hay de su pago?<\/p>\n<p>R: dep\u00f3sito del 50% por adelantado, saldo del 50% por T\/T, L\/C, paypal, Western Union o antes del env\u00edo.<\/p>\n<p>P: \u00bfProporcionan muestras?<\/p>\n<p>R: S\u00ed, puede comprar una muestra para probarla.<\/p>\n<p>P: \u00bfQu\u00e9 hay de su tiempo de entrega?<\/p>\n<p>R: generalmente 15 d\u00edas despu\u00e9s de recibir su dep\u00f3sito.<\/p>\n<\/div>\n<\/div>\n","protected":false},"excerpt":{"rendered":"<p>1. La construcci\u00f3n de espuma suave se ajusta a los contornos para un acabado m\u00e1s fino.<br \/>\n2.Agrega soporte a la almohadilla del disco para mejorar el corte abrasivo y lijar los bordes m\u00e1s cerca.<br \/>\n3. Se aplica sin esfuerzo entre los discos de lijado y las almohadillas de respaldo para cambios r\u00e1pidos.<br \/>\n4. Reduce la vibraci\u00f3n de la herramienta de lijado orbital para obtener mejores resultados.<br \/>\n5. Las configuraciones de los orificios ayudan a eliminar el polvo de la superficie de trabajo, lo que aumenta la vida \u00fatil del disco.<\/p>\n","protected":false},"featured_media":1978,"template":"","meta":{"_et_pb_use_builder":"","_et_pb_old_content":"","_et_gb_content_width":""},"product_brand":[],"product_cat":[69,67],"product_tag":[673,674,672],"class_list":{"0":"post-1973","1":"product","2":"type-product","3":"status-publish","4":"has-post-thumbnail","6":"product_cat-papel-de-lija","7":"product_cat-serie-de-reparacion-de-automoviles","8":"product_tag-almohadilla-de-proteccion-de-superficie-libre-de-polvo","9":"product_tag-almohadilla-de-respaldo-de-gancho-y-bucle","10":"product_tag-cojin-de-interfaz","12":"first","13":"instock","14":"shipping-taxable","15":"product-type-simple"},"_links":{"self":[{"href":"https:\/\/www.supersybon.com\/es\/wp-json\/wp\/v2\/product\/1973","targetHints":{"allow":["GET"]}}],"collection":[{"href":"https:\/\/www.supersybon.com\/es\/wp-json\/wp\/v2\/product"}],"about":[{"href":"https:\/\/www.supersybon.com\/es\/wp-json\/wp\/v2\/types\/product"}],"wp:featuredmedia":[{"embeddable":true,"href":"https:\/\/www.supersybon.com\/es\/wp-json\/wp\/v2\/media\/1978"}],"wp:attachment":[{"href":"https:\/\/www.supersybon.com\/es\/wp-json\/wp\/v2\/media?parent=1973"}],"wp:term":[{"taxonomy":"product_brand","embeddable":true,"href":"https:\/\/www.supersybon.com\/es\/wp-json\/wp\/v2\/product_brand?post=1973"},{"taxonomy":"product_cat","embeddable":true,"href":"https:\/\/www.supersybon.com\/es\/wp-json\/wp\/v2\/product_cat?post=1973"},{"taxonomy":"product_tag","embeddable":true,"href":"https:\/\/www.supersybon.com\/es\/wp-json\/wp\/v2\/product_tag?post=1973"}],"curies":[{"name":"wp","href":"https:\/\/api.w.org\/{rel}","templated":true}]}}