{"id":1953,"date":"2022-12-16T11:29:00","date_gmt":"2022-12-16T03:29:00","guid":{"rendered":"https:\/\/www.supersybon.com\/es\/?post_type=product&#038;p=1953"},"modified":"2023-01-13T17:01:39","modified_gmt":"2023-01-13T09:01:39","slug":"botella-vacia-de-rotulador-de-retoque-pluma-de-reparacion-recargable-de-pintura-vacia-automatica","status":"publish","type":"product","link":"https:\/\/www.supersybon.com\/es\/product\/botella-vacia-de-rotulador-de-retoque-pluma-de-reparacion-recargable-de-pintura-vacia-automatica","title":{"rendered":"Botella vac\u00eda de rotulador de retoque pluma de reparaci\u00f3n recargable de pintura vac\u00eda autom\u00e1tica"},"content":{"rendered":"<div class=\"magic-13\">\n<div class=\"magic-14\">\n<p><iframe title=\"Empty Bottle of Touch-up Marker Pen Auto Empty Paint Refillable Repair Pen\" width=\"1080\" height=\"608\" src=\"https:\/\/www.youtube.com\/embed\/OwkX_S2dVDs?feature=oembed\"  allow=\"accelerometer; autoplay; clipboard-write; encrypted-media; gyroscope; picture-in-picture; web-share\" allowfullscreen><\/iframe><\/p>\n<p><strong>Botella vac\u00eda de rotulador de retoque pluma de reparaci\u00f3n recargable de pintura vac\u00eda autom\u00e1tica<\/strong><\/p>\n<p><img decoding=\"async\" class=\"aligncenter size-full wp-image-2305\" src=\"https:\/\/www.supersybon.com\/es\/wp-content\/uploads\/2022\/12\/1673600442-\u672a\u6807\u9898-2.jpg\" alt=\"\" width=\"750\" height=\"750\" title=\"\" srcset=\"https:\/\/www.supersybon.com\/es\/wp-content\/uploads\/2022\/12\/1673600442-\u672a\u6807\u9898-2.jpg 750w, https:\/\/www.supersybon.com\/es\/wp-content\/uploads\/2022\/12\/1673600442-\u672a\u6807\u9898-2-480x480.jpg 480w, https:\/\/www.supersybon.com\/es\/wp-content\/uploads\/2022\/12\/1673600442-\u672a\u6807\u9898-2-300x300.jpg 300w, https:\/\/www.supersybon.com\/es\/wp-content\/uploads\/2022\/12\/1673600442-\u672a\u6807\u9898-2-600x600.jpg 600w, https:\/\/www.supersybon.com\/es\/wp-content\/uploads\/2022\/12\/1673600442-\u672a\u6807\u9898-2-100x100.jpg 100w\" sizes=\"(max-width: 750px) 100vw, 750px\" \/><\/p>\n<p><img decoding=\"async\" class=\"aligncenter size-full wp-image-1958\" src=\"https:\/\/www.supersybon.com\/es\/wp-content\/uploads\/2022\/12\/1671161975-New-Arrival-12Ml-Empty-Paint-Touch-Up-Pen-Touch-Up-Paint-Storage-Bottles.jpg\" alt=\"\" width=\"750\" height=\"750\" title=\"\" srcset=\"https:\/\/www.supersybon.com\/es\/wp-content\/uploads\/2022\/12\/1671161975-New-Arrival-12Ml-Empty-Paint-Touch-Up-Pen-Touch-Up-Paint-Storage-Bottles.jpg 750w, https:\/\/www.supersybon.com\/es\/wp-content\/uploads\/2022\/12\/1671161975-New-Arrival-12Ml-Empty-Paint-Touch-Up-Pen-Touch-Up-Paint-Storage-Bottles-480x480.jpg 480w\" sizes=\"(min-width: 0px) and (max-width: 480px) 480px, (min-width: 481px) 750px, 100vw\" \/><\/p>\n<p><img decoding=\"async\" class=\"aligncenter size-full wp-image-1959\" src=\"https:\/\/www.supersybon.com\/es\/wp-content\/uploads\/2022\/12\/1671161990-Touch-Up-Empty-Paint-Marker-Packing-Pen-Auto-Car-Repair-With-Brush-And-Fine-Nib.jpg\" alt=\"\" width=\"750\" height=\"750\" title=\"\" srcset=\"https:\/\/www.supersybon.com\/es\/wp-content\/uploads\/2022\/12\/1671161990-Touch-Up-Empty-Paint-Marker-Packing-Pen-Auto-Car-Repair-With-Brush-And-Fine-Nib.jpg 750w, https:\/\/www.supersybon.com\/es\/wp-content\/uploads\/2022\/12\/1671161990-Touch-Up-Empty-Paint-Marker-Packing-Pen-Auto-Car-Repair-With-Brush-And-Fine-Nib-480x480.jpg 480w\" sizes=\"(min-width: 0px) and (max-width: 480px) 480px, (min-width: 481px) 750px, 100vw\" \/><\/p>\n<p><img decoding=\"async\" class=\"aligncenter size-full wp-image-1960\" src=\"https:\/\/www.supersybon.com\/es\/wp-content\/uploads\/2022\/12\/1671162010-Empty-12Ml-Car-Scratch-Repair-Touch-Up-Pen-Bottle-With-Brush-Tip.jpg\" alt=\"\" width=\"750\" height=\"750\" title=\"\" srcset=\"https:\/\/www.supersybon.com\/es\/wp-content\/uploads\/2022\/12\/1671162010-Empty-12Ml-Car-Scratch-Repair-Touch-Up-Pen-Bottle-With-Brush-Tip.jpg 750w, https:\/\/www.supersybon.com\/es\/wp-content\/uploads\/2022\/12\/1671162010-Empty-12Ml-Car-Scratch-Repair-Touch-Up-Pen-Bottle-With-Brush-Tip-480x480.jpg 480w\" sizes=\"(min-width: 0px) and (max-width: 480px) 480px, (min-width: 481px) 750px, 100vw\" \/><\/p>\n<\/div>\n<\/div>\n<div class=\"magic-13\">\n<div class=\"magic-14\">\n<div class=\"magic-9\">\n<div class=\"magic-10\">\n<p><img decoding=\"async\" class=\"aligncenter size-full wp-image-1961\" src=\"https:\/\/www.supersybon.com\/es\/wp-content\/uploads\/2022\/12\/1671162030-Fine-And-Brush-Tip-Empty-Car-Touch-Up-Paint-Pen-Accessories-Plastic-Bottle.jpg\" alt=\"\" width=\"750\" height=\"750\" title=\"\" srcset=\"https:\/\/www.supersybon.com\/es\/wp-content\/uploads\/2022\/12\/1671162030-Fine-And-Brush-Tip-Empty-Car-Touch-Up-Paint-Pen-Accessories-Plastic-Bottle.jpg 750w, https:\/\/www.supersybon.com\/es\/wp-content\/uploads\/2022\/12\/1671162030-Fine-And-Brush-Tip-Empty-Car-Touch-Up-Paint-Pen-Accessories-Plastic-Bottle-480x480.jpg 480w\" sizes=\"(min-width: 0px) and (max-width: 480px) 480px, (min-width: 481px) 750px, 100vw\" \/><\/p>\n<p>&nbsp;<\/p>\n<p><strong>Embalaje y servicio de productos<br \/>\n<\/strong><\/p>\n<hr \/>\n<div data-spm-anchor-id=\"a2700.details.0.i37.625d2e9eLtZffL\">\n<p>&nbsp;<\/p>\n<\/div>\n<div class=\"magic-13\">\n<div class=\"magic-14\">\n<div data-spm-anchor-id=\"a2700.details.0.i37.625d2e9eLtZffL\">\n<p><strong>NUESTRO SERVICIO:<br \/>\n<\/strong><\/p>\n<p>1.24 horas en l\u00ednea<\/p>\n<p>2. Precio competitivo<\/p>\n<p>3. Excelentes comentarios del cliente<\/p>\n<p>4. Pedidos en l\u00ednea seguros<\/p>\n<p>5. Entrega r\u00e1pida<\/p>\n<p>6. Soporte t\u00e9cnico profesional<\/p>\n<\/div>\n<\/div>\n<\/div>\n<\/div>\n<\/div>\n<\/div>\n<\/div>\n<div class=\"magic-13\">\n<div class=\"magic-14\">\n<div class=\"magic-13\">\n<div class=\"magic-14\">\n<div class=\"magic-9\">\n<div class=\"magic-10\">\n<div class=\"magic-13\">\n<div class=\"magic-14\">\n<div data-spm-anchor-id=\"a2700.details.0.i37.625d2e9eLtZffL\">\n<div class=\"magic-13\">\n<div class=\"magic-14\">\n<div class=\"magic-13\">\n<div class=\"magic-14\">\n<div class=\"magic-9\">\n<div class=\"magic-10\">\n<div class=\"magic-13\">\n<div class=\"magic-14\">\n<div data-spm-anchor-id=\"a2700.details.0.i37.625d2e9eLtZffL\">\n<div class=\"magic-13\">\n<div class=\"magic-14\">\n<p>&nbsp;<\/p>\n<\/div>\n<\/div>\n<\/div>\n<\/div>\n<\/div>\n<\/div>\n<\/div>\n<\/div>\n<\/div>\n<div class=\"magic-13\">\n<div class=\"magic-14\">\n<p>&nbsp;<\/p>\n<\/div>\n<\/div>\n<\/div>\n<\/div>\n<\/div>\n<\/div>\n<\/div>\n<\/div>\n<\/div>\n<\/div>\n<\/div>\n<div class=\"magic-13\">\n<div class=\"magic-14\">\n<p><strong>Perfil de la empresa<br \/>\n<\/strong><\/p>\n<hr \/>\n<p>&nbsp;<\/p>\n<\/div>\n<\/div>\n<p><img decoding=\"async\" class=\"aligncenter size-full wp-image-324\" src=\"https:\/\/www.supersybon.com\/es\/wp-content\/uploads\/2022\/09\/1663401769-Car-Paint-Supplier-Company-Profile-Manufacturer-China.jpg\" alt=\"\" width=\"900\" height=\"958\" title=\"\" srcset=\"https:\/\/www.supersybon.com\/es\/wp-content\/uploads\/2022\/09\/1663401769-Car-Paint-Supplier-Company-Profile-Manufacturer-China.jpg 900w, https:\/\/www.supersybon.com\/es\/wp-content\/uploads\/2022\/09\/1663401769-Car-Paint-Supplier-Company-Profile-Manufacturer-China-480x511.jpg 480w\" sizes=\"(min-width: 0px) and (max-width: 480px) 480px, (min-width: 481px) 900px, 100vw\" \/><\/p>\n<div class=\"magic-13\">\n<div class=\"magic-14\">\n<p><strong>Preguntas m\u00e1s frecuentes<\/strong><\/p>\n<hr \/>\n<\/div>\n<\/div>\n<p>P: \u00bfCu\u00e1l es su MOQ?<\/p>\n<p>R: Nuestro pedido m\u00ednimo es de 1 caja de cart\u00f3n.<\/p>\n<p>P: \u00bfQu\u00e9 hay de su pago?<\/p>\n<p>R: dep\u00f3sito del 50% por adelantado, saldo del 50% por T\/T, L\/C, paypal, Western Union o antes del env\u00edo.<\/p>\n<p>P: \u00bfProporcionan muestras?<\/p>\n<p>R: S\u00ed, puede comprar una muestra para probarla.<\/p>\n<p>P: \u00bfQu\u00e9 hay de su tiempo de entrega?<\/p>\n<p>R: generalmente 15 d\u00edas despu\u00e9s de recibir su dep\u00f3sito.<\/p>\n<\/div>\n<\/div>\n","protected":false},"excerpt":{"rendered":"<p>Los rotuladores de pintura en blanco de primera calidad se pueden rellenar y utilizar con la mayor\u00eda de los tipos de revestimientos de pintura y materiales de tinta. Funcionan excelentemente con acr\u00edlicos art\u00edsticos, pinturas a base de aceite y agua, acuarelas, tintes, tintas, tintes, recubrimientos automotrices y capas transparentes.<\/p>\n","protected":false},"featured_media":1956,"template":"","meta":{"_et_pb_use_builder":"","_et_pb_old_content":"","_et_gb_content_width":""},"product_brand":[],"product_cat":[55],"product_tag":[667,668],"class_list":{"0":"post-1953","1":"product","2":"type-product","3":"status-publish","4":"has-post-thumbnail","6":"product_cat-otros","7":"product_tag-botella-vacia-de-rotulador-de-retoque","8":"product_tag-pluma-de-reparacion-recargable-de-pintura-vacia-automatica","10":"first","11":"instock","12":"shipping-taxable","13":"product-type-simple"},"_links":{"self":[{"href":"https:\/\/www.supersybon.com\/es\/wp-json\/wp\/v2\/product\/1953","targetHints":{"allow":["GET"]}}],"collection":[{"href":"https:\/\/www.supersybon.com\/es\/wp-json\/wp\/v2\/product"}],"about":[{"href":"https:\/\/www.supersybon.com\/es\/wp-json\/wp\/v2\/types\/product"}],"wp:featuredmedia":[{"embeddable":true,"href":"https:\/\/www.supersybon.com\/es\/wp-json\/wp\/v2\/media\/1956"}],"wp:attachment":[{"href":"https:\/\/www.supersybon.com\/es\/wp-json\/wp\/v2\/media?parent=1953"}],"wp:term":[{"taxonomy":"product_brand","embeddable":true,"href":"https:\/\/www.supersybon.com\/es\/wp-json\/wp\/v2\/product_brand?post=1953"},{"taxonomy":"product_cat","embeddable":true,"href":"https:\/\/www.supersybon.com\/es\/wp-json\/wp\/v2\/product_cat?post=1953"},{"taxonomy":"product_tag","embeddable":true,"href":"https:\/\/www.supersybon.com\/es\/wp-json\/wp\/v2\/product_tag?post=1953"}],"curies":[{"name":"wp","href":"https:\/\/api.w.org\/{rel}","templated":true}]}}