{"id":1943,"date":"2022-12-16T10:53:19","date_gmt":"2022-12-16T02:53:19","guid":{"rendered":"https:\/\/www.supersybon.com\/es\/?post_type=product&#038;p=1943"},"modified":"2025-09-20T13:25:42","modified_gmt":"2025-09-20T05:25:42","slug":"s2210-revestimiento-ceramico-liquido-nano-diamante-10h-recubrimiento-de-proteccion-contra-rayones-recubrimiento-ceramico-hidrofobico-de-alto-brillo-para-automoviles","status":"publish","type":"product","link":"https:\/\/www.supersybon.com\/es\/product\/s2210-revestimiento-ceramico-liquido-nano-diamante-10h-recubrimiento-de-proteccion-contra-rayones-recubrimiento-ceramico-hidrofobico-de-alto-brillo-para-automoviles","title":{"rendered":"S2210 Revestimiento cer\u00e1mico l\u00edquido nano diamante 10H Recubrimiento de protecci\u00f3n contra rayones Recubrimiento cer\u00e1mico hidrof\u00f3bico de alto brillo para autom\u00f3viles"},"content":{"rendered":"<p><img decoding=\"async\" class=\"aligncenter size-full wp-image-3507\" src=\"https:\/\/www.supersybon.com\/es\/wp-content\/uploads\/2022\/12\/1758345802-S2210-Revestimiento-ceramico-liquido-nano-diamante-10H-1.jpg\" alt=\"S2210-Revestimiento-cer\u00e1mico-l\u00edquido-nano-diamante-10H-1\" width=\"750\" height=\"302\" title=\"\" srcset=\"https:\/\/www.supersybon.com\/es\/wp-content\/uploads\/2022\/12\/1758345802-S2210-Revestimiento-ceramico-liquido-nano-diamante-10H-1.jpg 750w, https:\/\/www.supersybon.com\/es\/wp-content\/uploads\/2022\/12\/1758345802-S2210-Revestimiento-ceramico-liquido-nano-diamante-10H-1-480x193.jpg 480w\" sizes=\"(min-width: 0px) and (max-width: 480px) 480px, (min-width: 481px) 750px, 100vw\" \/><\/p>\n<p>&nbsp;<\/p>\n<p><strong>S2210 Revestimiento cer\u00e1mico l\u00edquido nano diamante 10H Recubrimiento de protecci\u00f3n contra rayones Recubrimiento cer\u00e1mico hidrof\u00f3bico de alto brillo para autom\u00f3viles<\/strong><\/p>\n<p><strong>Actuaci\u00f3n:<\/strong><\/p>\n<p>El revestimiento cer\u00e1mico nano l\u00edquido de diamante 10H est\u00e1 compuesto de polvo de nanocer\u00e1mica y aglutinante de pol\u00edmero a nanoescala para formar un revestimiento cer\u00e1mico denso y de alta dureza, que tiene el efecto de anticorrosi\u00f3n y resistencia al desgaste. Proporciona una tecnolog\u00eda confiable de sellado de la superficie de la pintura para la pintura del autom\u00f3vil, protege la pintura del autom\u00f3vil de manera eficiente y duradera y evita que el medio ambiente afecte el color de la pintura del autom\u00f3vil.<\/p>\n<p><strong>Uso:<\/strong><\/p>\n<p>El revestimiento de nano cer\u00e1mica 10H puede proteger la superficie de la pintura, la superficie del vidrio, las ruedas, el logotipo del autom\u00f3vil, los objetos externos, los faros, las luces traseras, el techo, los espejos, etc. de todo el veh\u00edculo.<\/p>\n<p><strong>Rasgo:<\/strong><\/p>\n<p><strong>1)REVESTIMIENTO CER\u00c1MICO PROFESIONAL<\/strong><\/p>\n<p>En comparaci\u00f3n con otros recubrimientos 9H, la dureza del recubrimiento de esta versi\u00f3n actualizada aumenta a 10H para que dure m\u00e1s. Despu\u00e9s de pintar con este kit, se cubrir\u00e1 una capa protectora sobre la carrocer\u00eda del autom\u00f3vil, part\u00edculas de cer\u00e1mica y l\u00e1minas de agua extremas contenidas en este revestimiento de cer\u00e1mica de alto brillo. protege su autom\u00f3vil de la corrosi\u00f3n por niebla salina, excrementos de p\u00e1jaros, luz ultravioleta, rasgu\u00f1os, piedras trituradas y limaduras de hierro, etc.<\/p>\n<p><strong>2)hidr\u00f3fobo y alto brillo<\/strong><\/p>\n<p>El revestimiento cer\u00e1mico 10H es una barrera superduradera para proteger la pintura de la suciedad y los contaminantes adheridos, con una excelente formaci\u00f3n de gotas de agua que hace que el agua casi salte de la superficie. por cierto, consigue un efecto de cera, te devuelve un coche limpio y reluciente.<\/p>\n<p><strong>3)antiara\u00f1azos<\/strong><\/p>\n<p>Dureza anti sratch10H, con la dureza del revestimiento de vidrio s\u00faper hidrof\u00f3bico. El revestimiento de sacrificio de la superficie se puede utilizar como revestimiento de la barrera.<\/p>\n<p><strong>Instrucciones:<\/strong><\/p>\n<p>Aseg\u00farese de que la superficie est\u00e9 limpia, seca y libre de rayones antes de aplicar el producto. Envuelva el pa\u00f1o sobre la esponja de recubrimiento; Ponga l\u00edquido de capa en el pa\u00f1o; Extienda el l\u00edquido sobre el autom\u00f3vil; Espere de 1 a 5 minutos para que el l\u00edquido se seque; Use una toalla para limpiar y pulir la esponja sobre la tela recubierta. Nota bondadosa: no toque su autom\u00f3vil revestido dentro de las 24 horas si no est\u00e1 seco. Y tampoco lave\/riegue\/llueva\/moje su autom\u00f3vil revestido dentro de los primeros 7 d\u00edas.<\/p>\n<div class=\"magic-13\">\n<div class=\"magic-14\">\n<div class=\"magic-15\" data-id=\"paragraph0\"><\/div>\n<\/div>\n<\/div>\n<div class=\"magic-13\">\n<div class=\"magic-14\">\n<div class=\"magic-9\">\n<p><img decoding=\"async\" class=\"aligncenter size-full wp-image-3509\" src=\"https:\/\/www.supersybon.com\/es\/wp-content\/uploads\/2022\/12\/1758345833-S2210-Revestimiento-ceramico-liquido-nano-diamante-10H-4.jpg\" alt=\"S2210-Revestimiento-cer\u00e1mico-l\u00edquido-nano-diamante-10H-4\" width=\"750\" height=\"750\" title=\"\" srcset=\"https:\/\/www.supersybon.com\/es\/wp-content\/uploads\/2022\/12\/1758345833-S2210-Revestimiento-ceramico-liquido-nano-diamante-10H-4.jpg 750w, https:\/\/www.supersybon.com\/es\/wp-content\/uploads\/2022\/12\/1758345833-S2210-Revestimiento-ceramico-liquido-nano-diamante-10H-4-480x480.jpg 480w\" sizes=\"(min-width: 0px) and (max-width: 480px) 480px, (min-width: 481px) 750px, 100vw\" \/><\/p>\n<p><img decoding=\"async\" class=\"aligncenter size-full wp-image-3510\" src=\"https:\/\/www.supersybon.com\/es\/wp-content\/uploads\/2022\/12\/1758345862-S2210-Revestimiento-ceramico-liquido-nano-diamante-10H-2.jpg\" alt=\"S2210-Revestimiento-cer\u00e1mico-l\u00edquido-nano-diamante-10H-2\" width=\"750\" height=\"750\" title=\"\" srcset=\"https:\/\/www.supersybon.com\/es\/wp-content\/uploads\/2022\/12\/1758345862-S2210-Revestimiento-ceramico-liquido-nano-diamante-10H-2.jpg 750w, https:\/\/www.supersybon.com\/es\/wp-content\/uploads\/2022\/12\/1758345862-S2210-Revestimiento-ceramico-liquido-nano-diamante-10H-2-480x480.jpg 480w\" sizes=\"(min-width: 0px) and (max-width: 480px) 480px, (min-width: 481px) 750px, 100vw\" \/><\/p>\n<div class=\"magic-10\">\n<p><img decoding=\"async\" class=\"aligncenter size-full wp-image-1947\" src=\"https:\/\/www.supersybon.com\/es\/wp-content\/uploads\/2022\/12\/1671160189-S2206-10H-Graphene-Nano-Ceramic-Coating-Scratch-Protection-Coating-High-Gloss-Hydrophobic-Car-Ceramic-Coating.jpg\" alt=\"\" width=\"750\" height=\"750\" title=\"\" srcset=\"https:\/\/www.supersybon.com\/es\/wp-content\/uploads\/2022\/12\/1671160189-S2206-10H-Graphene-Nano-Ceramic-Coating-Scratch-Protection-Coating-High-Gloss-Hydrophobic-Car-Ceramic-Coating.jpg 750w, https:\/\/www.supersybon.com\/es\/wp-content\/uploads\/2022\/12\/1671160189-S2206-10H-Graphene-Nano-Ceramic-Coating-Scratch-Protection-Coating-High-Gloss-Hydrophobic-Car-Ceramic-Coating-480x480.jpg 480w\" sizes=\"(min-width: 0px) and (max-width: 480px) 480px, (min-width: 481px) 750px, 100vw\" \/><\/p>\n<p><img decoding=\"async\" class=\"aligncenter size-full wp-image-1948\" src=\"https:\/\/www.supersybon.com\/es\/wp-content\/uploads\/2022\/12\/1671160211-S2206-Nano-Graphene-Car-Polishing-10H-Anti-Scratch-Super-Hydrophobic-Car-Ceramic-Coating.jpg\" alt=\"\" width=\"750\" height=\"750\" title=\"\" srcset=\"https:\/\/www.supersybon.com\/es\/wp-content\/uploads\/2022\/12\/1671160211-S2206-Nano-Graphene-Car-Polishing-10H-Anti-Scratch-Super-Hydrophobic-Car-Ceramic-Coating.jpg 750w, https:\/\/www.supersybon.com\/es\/wp-content\/uploads\/2022\/12\/1671160211-S2206-Nano-Graphene-Car-Polishing-10H-Anti-Scratch-Super-Hydrophobic-Car-Ceramic-Coating-480x480.jpg 480w\" sizes=\"(min-width: 0px) and (max-width: 480px) 480px, (min-width: 481px) 750px, 100vw\" \/><\/p>\n<p><img decoding=\"async\" class=\"aligncenter size-full wp-image-1949\" src=\"https:\/\/www.supersybon.com\/es\/wp-content\/uploads\/2022\/12\/1671160254-S2206-Car-Graphene-Ceramic-Coating-Anti-Scratch-10H-Nano-Ceramic-Coating-Liquid-For-Thermal-Tiny-Scratch-Coating-Nano.jpg\" alt=\"\" width=\"750\" height=\"750\" title=\"\" srcset=\"https:\/\/www.supersybon.com\/es\/wp-content\/uploads\/2022\/12\/1671160254-S2206-Car-Graphene-Ceramic-Coating-Anti-Scratch-10H-Nano-Ceramic-Coating-Liquid-For-Thermal-Tiny-Scratch-Coating-Nano.jpg 750w, https:\/\/www.supersybon.com\/es\/wp-content\/uploads\/2022\/12\/1671160254-S2206-Car-Graphene-Ceramic-Coating-Anti-Scratch-10H-Nano-Ceramic-Coating-Liquid-For-Thermal-Tiny-Scratch-Coating-Nano-480x480.jpg 480w\" sizes=\"(min-width: 0px) and (max-width: 480px) 480px, (min-width: 481px) 750px, 100vw\" \/><\/p>\n<p>&nbsp;<\/p>\n<p>&nbsp;<\/p>\n<p><strong>Embalaje y servicio de productos<br \/>\n<\/strong><\/p>\n<hr \/>\n<p><strong>PAQUETE :<br \/>\n<\/strong><\/p>\n<p>120 piezas\/cart\u00f3n.<\/p>\n<p>&nbsp;<\/p>\n<p><strong>NUESTRO SERVICIO:<br \/>\n<\/strong><\/p>\n<p>1.24 horas en l\u00ednea<\/p>\n<p>2. Precio competitivo<\/p>\n<p>3. Excelentes comentarios del cliente<\/p>\n<p>4. Pedidos en l\u00ednea seguros<\/p>\n<p>5. Entrega r\u00e1pida<\/p>\n<p>6. Soporte t\u00e9cnico profesional<\/p>\n<\/div>\n<\/div>\n<\/div>\n<\/div>\n<div class=\"magic-13\">\n<div class=\"magic-14\">\n<p>&nbsp;<\/p>\n<div class=\"magic-13\">\n<div class=\"magic-14\">\n<div class=\"magic-9\">\n<div class=\"magic-10\">\n<div class=\"magic-13\">\n<div class=\"magic-14\">\n<div data-spm-anchor-id=\"a2700.details.0.i37.625d2e9eLtZffL\">\n<div class=\"magic-13\">\n<div class=\"magic-14\">\n<div class=\"magic-13\">\n<div class=\"magic-14\">\n<p>&nbsp;<\/p>\n<\/div>\n<\/div>\n<\/div>\n<\/div>\n<\/div>\n<\/div>\n<\/div>\n<\/div>\n<\/div>\n<\/div>\n<\/div>\n<div class=\"magic-13\">\n<div class=\"magic-14\">\n<p><strong>Perfil de la empresa<br \/>\n<\/strong><\/p>\n<hr \/>\n<p>&nbsp;<\/p>\n<\/div>\n<\/div>\n<p><img decoding=\"async\" class=\"aligncenter size-full wp-image-324\" src=\"https:\/\/www.supersybon.com\/es\/wp-content\/uploads\/2022\/09\/1663401769-Car-Paint-Supplier-Company-Profile-Manufacturer-China.jpg\" alt=\"\" width=\"900\" height=\"958\" title=\"\" srcset=\"https:\/\/www.supersybon.com\/es\/wp-content\/uploads\/2022\/09\/1663401769-Car-Paint-Supplier-Company-Profile-Manufacturer-China.jpg 900w, https:\/\/www.supersybon.com\/es\/wp-content\/uploads\/2022\/09\/1663401769-Car-Paint-Supplier-Company-Profile-Manufacturer-China-480x511.jpg 480w\" sizes=\"(min-width: 0px) and (max-width: 480px) 480px, (min-width: 481px) 900px, 100vw\" \/><\/p>\n<div class=\"magic-13\">\n<div class=\"magic-14\">\n<p><strong>Preguntas m\u00e1s frecuentes<\/strong><\/p>\n<hr \/>\n<\/div>\n<\/div>\n<p>P: \u00bfCu\u00e1l es su MOQ?<\/p>\n<p>R: Nuestro pedido m\u00ednimo es de 1 caja de cart\u00f3n.<\/p>\n<p>P: \u00bfQu\u00e9 hay de su pago?<\/p>\n<p>R: dep\u00f3sito del 50% por adelantado, saldo del 50% por T\/T, L\/C, paypal, Western Union o antes del env\u00edo.<\/p>\n<p>P: \u00bfProporcionan muestras?<\/p>\n<p>R: S\u00ed, puede comprar una muestra para probarla.<\/p>\n<p>P: \u00bfQu\u00e9 hay de su tiempo de entrega?<\/p>\n<p>R: generalmente 15 d\u00edas despu\u00e9s de recibir su dep\u00f3sito.<\/p>\n<\/div>\n<\/div>\n","protected":false},"excerpt":{"rendered":"<p><strong>1\uff09REVESTIMIENTO CER\u00c1MICO PROFESIONAL<\/strong><br \/>\nEn comparaci\u00f3n con otros recubrimientos 9H, la dureza del recubrimiento de esta versi\u00f3n actualizada aumenta a 10H para que dure m\u00e1s. Despu\u00e9s de pintar con este kit, se cubrir\u00e1 una capa protectora sobre la carrocer\u00eda del autom\u00f3vil, part\u00edculas de cer\u00e1mica y l\u00e1minas de agua extremas contenidas en este revestimiento de cer\u00e1mica de alto brillo. protege su autom\u00f3vil de la corrosi\u00f3n por niebla salina, excrementos de p\u00e1jaros, luz ultravioleta, rasgu\u00f1os, piedras trituradas y limaduras de hierro, etc.<br \/>\n<strong>2\uff09Hidrof\u00f3bico y alto brillo<\/strong><br \/>\n10H Diamond Nano Liquid Ceramic Coating es una barrera superduradera para proteger la pintura de la suciedad y los contaminantes adheridos, con unas gotas de agua excepcionales que hacen que el agua casi salte de la superficie. por cierto, consigue un efecto de cera, te devuelve un coche limpio y reluciente.<br \/>\n<strong>3) antiara\u00f1azos<\/strong><br \/>\nDureza anti sratch10H, con la dureza del revestimiento de vidrio s\u00faper hidrof\u00f3bico. El revestimiento de sacrificio de la superficie se puede utilizar como revestimiento de la barrera.<\/p>\n","protected":false},"featured_media":3512,"template":"","meta":{"_et_pb_use_builder":"","_et_pb_old_content":"","_et_gb_content_width":""},"product_brand":[],"product_cat":[56,60],"product_tag":[666,665,664],"class_list":{"0":"post-1943","1":"product","2":"type-product","3":"status-publish","4":"has-post-thumbnail","6":"product_cat-serie-de-cuidado-de-automoviles","7":"product_cat-detallado-del-cuidado-del-automovil","8":"product_tag-recubrimiento-de-proteccion-contra-rayones","9":"product_tag-revestimiento-ceramico-hidrofobico-de-alto-brillo-para-automoviles","10":"product_tag-revestimiento-ceramico-liquido-nano-diamante-10h","12":"first","13":"instock","14":"shipping-taxable","15":"product-type-simple"},"_links":{"self":[{"href":"https:\/\/www.supersybon.com\/es\/wp-json\/wp\/v2\/product\/1943","targetHints":{"allow":["GET"]}}],"collection":[{"href":"https:\/\/www.supersybon.com\/es\/wp-json\/wp\/v2\/product"}],"about":[{"href":"https:\/\/www.supersybon.com\/es\/wp-json\/wp\/v2\/types\/product"}],"wp:featuredmedia":[{"embeddable":true,"href":"https:\/\/www.supersybon.com\/es\/wp-json\/wp\/v2\/media\/3512"}],"wp:attachment":[{"href":"https:\/\/www.supersybon.com\/es\/wp-json\/wp\/v2\/media?parent=1943"}],"wp:term":[{"taxonomy":"product_brand","embeddable":true,"href":"https:\/\/www.supersybon.com\/es\/wp-json\/wp\/v2\/product_brand?post=1943"},{"taxonomy":"product_cat","embeddable":true,"href":"https:\/\/www.supersybon.com\/es\/wp-json\/wp\/v2\/product_cat?post=1943"},{"taxonomy":"product_tag","embeddable":true,"href":"https:\/\/www.supersybon.com\/es\/wp-json\/wp\/v2\/product_tag?post=1943"}],"curies":[{"name":"wp","href":"https:\/\/api.w.org\/{rel}","templated":true}]}}