{"id":1932,"date":"2022-12-16T10:24:11","date_gmt":"2022-12-16T02:24:11","guid":{"rendered":"https:\/\/www.supersybon.com\/es\/?post_type=product&#038;p=1932"},"modified":"2025-09-20T13:31:41","modified_gmt":"2025-09-20T05:31:41","slug":"s2209-revestimiento-de-nanoceramica-9h-super-revestimiento-de-ceramica-para-coche-hidrofobico-proteccion-de-sellador-de-pintura-de-coche-antiaranazos-ceramica-de-dureza-9h-de-alto-brillo","status":"publish","type":"product","link":"https:\/\/www.supersybon.com\/es\/product\/s2209-revestimiento-de-nanoceramica-9h-super-revestimiento-de-ceramica-para-coche-hidrofobico-proteccion-de-sellador-de-pintura-de-coche-antiaranazos-ceramica-de-dureza-9h-de-alto-brillo","title":{"rendered":"S2209 Revestimiento de nanocer\u00e1mica 9H Super revestimiento de cer\u00e1mica para coche hidrof\u00f3bico, protecci\u00f3n de sellador de pintura de coche antiara\u00f1azos, cer\u00e1mica de dureza 9H de alto brillo"},"content":{"rendered":"<p><img decoding=\"async\" class=\"aligncenter size-full wp-image-3513\" src=\"https:\/\/www.supersybon.com\/es\/wp-content\/uploads\/2022\/12\/1758346118-S2209-Revestimiento-de-nanoceramica-9H-Super-revestimiento-de-ceramica-para-coche-hidrofobico-4.jpg\" alt=\"S2209-Revestimiento-de-nanocer\u00e1mica-9H-Super-revestimiento-de-cer\u00e1mica-para-coche-hidrof\u00f3bico-4\" width=\"750\" height=\"302\" title=\"\" srcset=\"https:\/\/www.supersybon.com\/es\/wp-content\/uploads\/2022\/12\/1758346118-S2209-Revestimiento-de-nanoceramica-9H-Super-revestimiento-de-ceramica-para-coche-hidrofobico-4.jpg 750w, https:\/\/www.supersybon.com\/es\/wp-content\/uploads\/2022\/12\/1758346118-S2209-Revestimiento-de-nanoceramica-9H-Super-revestimiento-de-ceramica-para-coche-hidrofobico-4-480x193.jpg 480w\" sizes=\"(min-width: 0px) and (max-width: 480px) 480px, (min-width: 481px) 750px, 100vw\" \/><\/p>\n<p>&nbsp;<\/p>\n<p><strong>S2209 Revestimiento de nanocer\u00e1mica 9H Super revestimiento de cer\u00e1mica para coche hidrof\u00f3bico, protecci\u00f3n de sellador de pintura de coche antiara\u00f1azos, cer\u00e1mica de dureza 9H de alto brillo<\/strong><\/p>\n<p><strong>Actuaci\u00f3n:<\/strong><\/p>\n<p>El revestimiento de nano cer\u00e1mica 9H es SiO2 y nuevos materiales autolimpiantes extra\u00eddos del cuarzo. Los nanomateriales polim\u00e9ricos extra\u00eddos por nanotecnolog\u00eda son m\u00e1s puros y m\u00e1s permeables que la soluci\u00f3n de recubrimiento original en el mercado, por lo que los objetos pueden ser La superficie es m\u00e1s brillante y suave, formando una pel\u00edcula protectora.<\/p>\n<p><strong>Uso:<\/strong><\/p>\n<p>El revestimiento de nano cer\u00e1mica 9H puede proteger la superficie de la pintura, la superficie del vidrio, las ruedas, el logotipo del autom\u00f3vil, los objetos externos, los faros, las luces traseras, el techo, los espejos, etc. de todo el veh\u00edculo.<\/p>\n<p><strong>Rasgo:<\/strong><\/p>\n<p><strong>1)Resistencia a los ara\u00f1azos<\/strong><\/p>\n<p>Su tecnolog\u00eda \u00fanica ayuda a lograr una capa gruesa, la capa de sacrificio en la superficie se puede utilizar como una capa de barrera.<\/p>\n<p><strong>2)Belleza del coche<\/strong><\/p>\n<p>La tecnolog\u00eda de dureza 9H hace que el autom\u00f3vil se mantenga flexible por debajo mientras proporciona una cubierta repelente al agua en la superficie. Por cierto, puede obtener un efecto de cera y devolverle un autom\u00f3vil limpio y brillante.<\/p>\n<p><strong>3)Brillante<\/strong><\/p>\n<p>Despu\u00e9s de usar esta cer\u00e1mica l\u00edquida para autom\u00f3vil, la superficie del autom\u00f3vil formar\u00e1 una capa de cristales, como un espejo, formando un efecto de reflejo total del espejo, lo que har\u00e1 que se ilumine dos veces.<\/p>\n<p><strong>C\u00f3mo utilizar:<\/strong><\/p>\n<p>1) Envuelva el pa\u00f1o sobre la esponja de recubrimiento.<\/p>\n<p>2) Ponga l\u00edquido de capa en el pa\u00f1o.<\/p>\n<p>3) Esparcir el l\u00edquido sobre el coche.<\/p>\n<p>4) Use una toalla para limpiar y pulir.<\/p>\n<div class=\"magic-13\">\n<div class=\"magic-14\">\n<div class=\"magic-15\" data-id=\"paragraph0\"><\/div>\n<\/div>\n<\/div>\n<div class=\"magic-13\">\n<div class=\"magic-14\">\n<div class=\"magic-9\">\n<p><img decoding=\"async\" class=\"aligncenter size-full wp-image-3514\" src=\"https:\/\/www.supersybon.com\/es\/wp-content\/uploads\/2022\/12\/1758346143-S2209-Revestimiento-de-nanoceramica-9H-Super-revestimiento-de-ceramica-para-coche-hidrofobico-2.jpg\" alt=\"S2209-Revestimiento-de-nanocer\u00e1mica-9H-Super-revestimiento-de-cer\u00e1mica-para-coche-hidrof\u00f3bico-2\" width=\"750\" height=\"750\" title=\"\" srcset=\"https:\/\/www.supersybon.com\/es\/wp-content\/uploads\/2022\/12\/1758346143-S2209-Revestimiento-de-nanoceramica-9H-Super-revestimiento-de-ceramica-para-coche-hidrofobico-2.jpg 750w, https:\/\/www.supersybon.com\/es\/wp-content\/uploads\/2022\/12\/1758346143-S2209-Revestimiento-de-nanoceramica-9H-Super-revestimiento-de-ceramica-para-coche-hidrofobico-2-480x480.jpg 480w\" sizes=\"(min-width: 0px) and (max-width: 480px) 480px, (min-width: 481px) 750px, 100vw\" \/><\/p>\n<p><img decoding=\"async\" class=\"aligncenter size-full wp-image-3515\" src=\"https:\/\/www.supersybon.com\/es\/wp-content\/uploads\/2022\/12\/1758346168-S2209-Revestimiento-de-nanoceramica-9H-Super-revestimiento-de-ceramica-para-coche-hidrofobico-1.jpg\" alt=\"S2209-Revestimiento-de-nanocer\u00e1mica-9H-Super-revestimiento-de-cer\u00e1mica-para-coche-hidrof\u00f3bico-1\" width=\"750\" height=\"750\" title=\"\" srcset=\"https:\/\/www.supersybon.com\/es\/wp-content\/uploads\/2022\/12\/1758346168-S2209-Revestimiento-de-nanoceramica-9H-Super-revestimiento-de-ceramica-para-coche-hidrofobico-1.jpg 750w, https:\/\/www.supersybon.com\/es\/wp-content\/uploads\/2022\/12\/1758346168-S2209-Revestimiento-de-nanoceramica-9H-Super-revestimiento-de-ceramica-para-coche-hidrofobico-1-480x480.jpg 480w\" sizes=\"(min-width: 0px) and (max-width: 480px) 480px, (min-width: 481px) 750px, 100vw\" \/><\/p>\n<div class=\"magic-10\">\n<p><img decoding=\"async\" class=\"aligncenter size-full wp-image-1937\" src=\"https:\/\/www.supersybon.com\/es\/wp-content\/uploads\/2022\/12\/1671158370-S2207-Nano-Coating-9H-Car-Paint-Protection-Ceramic-Glass-Anti-Scratch-Car-Liquid-Ceramic-Coating-Super-Hydrophobic-Coat.jpg\" alt=\"\" width=\"750\" height=\"750\" title=\"\" srcset=\"https:\/\/www.supersybon.com\/es\/wp-content\/uploads\/2022\/12\/1671158370-S2207-Nano-Coating-9H-Car-Paint-Protection-Ceramic-Glass-Anti-Scratch-Car-Liquid-Ceramic-Coating-Super-Hydrophobic-Coat.jpg 750w, https:\/\/www.supersybon.com\/es\/wp-content\/uploads\/2022\/12\/1671158370-S2207-Nano-Coating-9H-Car-Paint-Protection-Ceramic-Glass-Anti-Scratch-Car-Liquid-Ceramic-Coating-Super-Hydrophobic-Coat-480x480.jpg 480w\" sizes=\"(min-width: 0px) and (max-width: 480px) 480px, (min-width: 481px) 750px, 100vw\" \/><\/p>\n<p><img decoding=\"async\" class=\"aligncenter size-full wp-image-1938\" src=\"https:\/\/www.supersybon.com\/es\/wp-content\/uploads\/2022\/12\/1671158392-S2207-9H-Nano-Ceramic-Coating-Anti-Scratch-Car-Liquid-Ceramic-Coat-Super-Hydrophobic-Car-Glass-Coating.jpg\" alt=\"\" width=\"750\" height=\"750\" title=\"\" srcset=\"https:\/\/www.supersybon.com\/es\/wp-content\/uploads\/2022\/12\/1671158392-S2207-9H-Nano-Ceramic-Coating-Anti-Scratch-Car-Liquid-Ceramic-Coat-Super-Hydrophobic-Car-Glass-Coating.jpg 750w, https:\/\/www.supersybon.com\/es\/wp-content\/uploads\/2022\/12\/1671158392-S2207-9H-Nano-Ceramic-Coating-Anti-Scratch-Car-Liquid-Ceramic-Coat-Super-Hydrophobic-Car-Glass-Coating-480x480.jpg 480w\" sizes=\"(min-width: 0px) and (max-width: 480px) 480px, (min-width: 481px) 750px, 100vw\" \/><\/p>\n<p><img decoding=\"async\" class=\"aligncenter size-full wp-image-1939\" src=\"https:\/\/www.supersybon.com\/es\/wp-content\/uploads\/2022\/12\/1671158410-S2207-30Ml-Auto-Ceramics-Coating-9H-Hot-Coating-Repair-Tools-Detailing.jpg\" alt=\"\" width=\"750\" height=\"750\" title=\"\" srcset=\"https:\/\/www.supersybon.com\/es\/wp-content\/uploads\/2022\/12\/1671158410-S2207-30Ml-Auto-Ceramics-Coating-9H-Hot-Coating-Repair-Tools-Detailing.jpg 750w, https:\/\/www.supersybon.com\/es\/wp-content\/uploads\/2022\/12\/1671158410-S2207-30Ml-Auto-Ceramics-Coating-9H-Hot-Coating-Repair-Tools-Detailing-480x480.jpg 480w\" sizes=\"(min-width: 0px) and (max-width: 480px) 480px, (min-width: 481px) 750px, 100vw\" \/><\/p>\n<p>&nbsp;<\/p>\n<p>&nbsp;<\/p>\n<p><strong>Embalaje y servicio de productos<br \/>\n<\/strong><\/p>\n<hr \/>\n<p><strong>PAQUETE :<br \/>\n<\/strong><\/p>\n<p>120 piezas\/cart\u00f3n.<\/p>\n<p>&nbsp;<\/p>\n<p><strong>NUESTRO SERVICIO:<br \/>\n<\/strong><\/p>\n<p>1.24 horas en l\u00ednea<\/p>\n<p>2. Precio competitivo<\/p>\n<p>3. Excelentes comentarios del cliente<\/p>\n<p>4. Pedidos en l\u00ednea seguros<\/p>\n<p>5. Entrega r\u00e1pida<\/p>\n<p>6. Soporte t\u00e9cnico profesional<\/p>\n<\/div>\n<\/div>\n<\/div>\n<\/div>\n<div class=\"magic-13\">\n<div class=\"magic-14\">\n<p>&nbsp;<\/p>\n<div class=\"magic-13\">\n<div class=\"magic-14\">\n<div class=\"magic-9\">\n<div class=\"magic-10\">\n<div class=\"magic-13\">\n<div class=\"magic-14\">\n<div data-spm-anchor-id=\"a2700.details.0.i37.625d2e9eLtZffL\">\n<div class=\"magic-13\">\n<div class=\"magic-14\">\n<div class=\"magic-13\">\n<div class=\"magic-14\">\n<p>&nbsp;<\/p>\n<\/div>\n<\/div>\n<\/div>\n<\/div>\n<\/div>\n<\/div>\n<\/div>\n<\/div>\n<\/div>\n<\/div>\n<\/div>\n<div class=\"magic-13\">\n<div class=\"magic-14\">\n<p><strong>Perfil de la empresa<br \/>\n<\/strong><\/p>\n<hr \/>\n<p>&nbsp;<\/p>\n<\/div>\n<\/div>\n<p><img decoding=\"async\" class=\"aligncenter size-full wp-image-324\" src=\"https:\/\/www.supersybon.com\/es\/wp-content\/uploads\/2022\/09\/1663401769-Car-Paint-Supplier-Company-Profile-Manufacturer-China.jpg\" alt=\"\" width=\"900\" height=\"958\" title=\"\" srcset=\"https:\/\/www.supersybon.com\/es\/wp-content\/uploads\/2022\/09\/1663401769-Car-Paint-Supplier-Company-Profile-Manufacturer-China.jpg 900w, https:\/\/www.supersybon.com\/es\/wp-content\/uploads\/2022\/09\/1663401769-Car-Paint-Supplier-Company-Profile-Manufacturer-China-480x511.jpg 480w\" sizes=\"(min-width: 0px) and (max-width: 480px) 480px, (min-width: 481px) 900px, 100vw\" \/><\/p>\n<div class=\"magic-13\">\n<div class=\"magic-14\">\n<p><strong>Preguntas m\u00e1s frecuentes<\/strong><\/p>\n<hr \/>\n<\/div>\n<\/div>\n<p>P: \u00bfCu\u00e1l es su MOQ?<\/p>\n<p>R: Nuestro pedido m\u00ednimo es de 1 caja de cart\u00f3n.<\/p>\n<p>P: \u00bfQu\u00e9 hay de su pago?<\/p>\n<p>R: dep\u00f3sito del 50% por adelantado, saldo del 50% por T\/T, L\/C, paypal, Western Union o antes del env\u00edo.<\/p>\n<p>P: \u00bfProporcionan muestras?<\/p>\n<p>R: S\u00ed, puede comprar una muestra para probarla.<\/p>\n<p>P: \u00bfQu\u00e9 hay de su tiempo de entrega?<\/p>\n<p>R: generalmente 15 d\u00edas despu\u00e9s de recibir su dep\u00f3sito.<\/p>\n<\/div>\n<\/div>\n","protected":false},"excerpt":{"rendered":"<p>Resistencia a los ara\u00f1azos: su tecnolog\u00eda \u00fanica ayuda a lograr una capa gruesa, la capa de sacrificio en la superficie se puede usar como una capa de barrera.<\/p>\n<p>La tecnolog\u00eda de dureza Car Beauty-9H hace que el autom\u00f3vil se mantenga flexible por debajo mientras proporciona una cubierta repelente al agua en la superficie. Por cierto, puede obtener un efecto de cera y devolverle un autom\u00f3vil limpio y brillante.<\/p>\n<p>Brillo: despu\u00e9s de usar esta cer\u00e1mica l\u00edquida para autom\u00f3vil, la superficie del autom\u00f3vil formar\u00e1 una capa de cristales, como un espejo, formando un efecto de reflejo completo del espejo, lo que lo har\u00e1 brillar dos veces.<\/p>\n","protected":false},"featured_media":3518,"template":"","meta":{"_et_pb_use_builder":"","_et_pb_old_content":"","_et_gb_content_width":""},"product_brand":[],"product_cat":[56,60],"product_tag":[662,663,661],"class_list":{"0":"post-1932","1":"product","2":"type-product","3":"status-publish","4":"has-post-thumbnail","6":"product_cat-serie-de-cuidado-de-automoviles","7":"product_cat-detallado-del-cuidado-del-automovil","8":"product_tag-proteccion-de-sellador-de-pintura-de-coche","9":"product_tag-revestimiento-de-coche-super-ceramico","10":"product_tag-revestimiento-de-nanoceramica-9h","12":"first","13":"instock","14":"shipping-taxable","15":"product-type-simple"},"_links":{"self":[{"href":"https:\/\/www.supersybon.com\/es\/wp-json\/wp\/v2\/product\/1932","targetHints":{"allow":["GET"]}}],"collection":[{"href":"https:\/\/www.supersybon.com\/es\/wp-json\/wp\/v2\/product"}],"about":[{"href":"https:\/\/www.supersybon.com\/es\/wp-json\/wp\/v2\/types\/product"}],"wp:featuredmedia":[{"embeddable":true,"href":"https:\/\/www.supersybon.com\/es\/wp-json\/wp\/v2\/media\/3518"}],"wp:attachment":[{"href":"https:\/\/www.supersybon.com\/es\/wp-json\/wp\/v2\/media?parent=1932"}],"wp:term":[{"taxonomy":"product_brand","embeddable":true,"href":"https:\/\/www.supersybon.com\/es\/wp-json\/wp\/v2\/product_brand?post=1932"},{"taxonomy":"product_cat","embeddable":true,"href":"https:\/\/www.supersybon.com\/es\/wp-json\/wp\/v2\/product_cat?post=1932"},{"taxonomy":"product_tag","embeddable":true,"href":"https:\/\/www.supersybon.com\/es\/wp-json\/wp\/v2\/product_tag?post=1932"}],"curies":[{"name":"wp","href":"https:\/\/api.w.org\/{rel}","templated":true}]}}