{"id":1882,"date":"2022-12-01T17:24:07","date_gmt":"2022-12-01T09:24:07","guid":{"rendered":"https:\/\/www.supersybon.com\/es\/?post_type=product&#038;p=1882"},"modified":"2023-01-06T11:44:42","modified_gmt":"2023-01-06T03:44:42","slug":"mx0-mezclador-de-tinte-de-pintura-de-coche-maquina-mezcladora-de-pintura-de-color-automatico","status":"publish","type":"product","link":"https:\/\/www.supersybon.com\/es\/product\/mx0-mezclador-de-tinte-de-pintura-de-coche-maquina-mezcladora-de-pintura-de-color-automatico","title":{"rendered":"MX0 Mezclador de tinte de pintura de coche m\u00e1quina mezcladora de pintura de color autom\u00e1tico"},"content":{"rendered":"<p><iframe title=\"MX0 Car Paint Tint Mixer Auto Color Paint Mixing Machine\" width=\"1080\" height=\"608\" src=\"https:\/\/www.youtube.com\/embed\/DOdNnQ_6-Ms?feature=oembed\"  allow=\"accelerometer; autoplay; clipboard-write; encrypted-media; gyroscope; picture-in-picture\" allowfullscreen><\/iframe><\/p>\n<div class=\"magic-13\">\n<div class=\"magic-14\">\n<p><strong>MX0 Mezclador de tinte de pintura de coche m\u00e1quina mezcladora de pintura de color autom\u00e1tico<\/strong><\/p>\n<p><strong><span class=\"magic-16\"><b>M\u00e1quina mezcladora, m\u00e1quina mezcladora de colores para mezclador de pintura port\u00e1til de buena calidad, taller de pintura:<\/b><\/span><\/strong><\/p>\n<p>1. Sistema de accionamiento de motor de una sola capa, un motor puede controlar un estante de mezcla, seguro y confiable.<br \/>\n2. Los cabezales mezcladores se pueden configurar f\u00e1cilmente.<br \/>\n3. Sistema de transmisi\u00f3n de engranajes patentado nacional, anti-ruido.<br \/>\n4. La mesa de trabajo y la placa adaptadora son opcionales.<br \/>\n5. Amigable, ahorro de energ\u00eda.<\/p>\n\n<table id=\"tablepress-11\" class=\"tablepress tablepress-id-11\">\n<thead>\n<tr class=\"row-1\">\n\t<th class=\"column-1\">Holes<\/th><th class=\"column-2\">Holes Detailed<\/th><th class=\"column-3\">Layers of machine<\/th><th class=\"column-4\">Layers Detailed<\/th>\n<\/tr>\n<\/thead>\n<tbody class=\"row-striping row-hover\">\n<tr class=\"row-2\">\n\t<td class=\"column-1\">33 holes<\/td><td class=\"column-2\">6 big holes + 27 small holes<\/td><td class=\"column-3\">4 layers<\/td><td class=\"column-4\">The last layers: 6 pcs of 4L mixing lids<br \/>\nThe first 3 layers: 27 pcs of 1L mixing lids, 9 pcs\/layer<\/td>\n<\/tr>\n<tr class=\"row-3\">\n\t<td class=\"column-1\">56 holes<\/td><td class=\"column-2\">8 big holes + 48 small holes<\/td><td class=\"column-3\">5 layers<\/td><td class=\"column-4\">The last layer: 8 pcs of 4L mixing lids<br \/>\nThe first 4 layers: 48 pcs of 1L mixing lids, 12 pcs\/layer<\/td>\n<\/tr>\n<tr class=\"row-4\">\n\t<td class=\"column-1\">70 holes<\/td><td class=\"column-2\">10 big holes + 60 small holes<\/td><td class=\"column-3\">5 layers<\/td><td class=\"column-4\">The last layer: 10 pcs of 4L mixing lids <br \/>\nThe first 4 layers: 60 pcs of 1L mixing lids, 15 pcs\/ layer.<\/td>\n<\/tr>\n<tr class=\"row-5\">\n\t<td class=\"column-1\">84 holes<\/td><td class=\"column-2\">12 big holes + 72 small holes<\/td><td class=\"column-3\">5 layers<\/td><td class=\"column-4\">The last layer: 12 pcs of 4L mixing lids<br \/>\nThe first 4 layers: 72 pcs of 1L mixing lids, 18 pcs\/layer.<\/td>\n<\/tr>\n<tr class=\"row-6\">\n\t<td class=\"column-1\">96 holes<\/td><td class=\"column-2\">24 big holes + 72 small holes<\/td><td class=\"column-3\">6 layers<\/td><td class=\"column-4\">The last 2 layers: 24 pcs of 4L mixing lids<br \/>\nThe first 4 layers: 72 pcs of 1L mixing lids, 18 pcs\/layer<\/td>\n<\/tr>\n<\/tbody>\n<\/table>\n\n<p><img decoding=\"async\" class=\"aligncenter size-full wp-image-1884\" src=\"https:\/\/www.supersybon.com\/es\/wp-content\/uploads\/2022\/12\/1669891026-MX0-Car-Paint-Mixing-Machine-Tinter-Mixing-Machine-Auto-Paint-Mixing-Machine-Car-Paint-33-Mixing-Lids.jpg\" alt=\"\" width=\"750\" height=\"750\" title=\"\" srcset=\"https:\/\/www.supersybon.com\/es\/wp-content\/uploads\/2022\/12\/1669891026-MX0-Car-Paint-Mixing-Machine-Tinter-Mixing-Machine-Auto-Paint-Mixing-Machine-Car-Paint-33-Mixing-Lids.jpg 750w, https:\/\/www.supersybon.com\/es\/wp-content\/uploads\/2022\/12\/1669891026-MX0-Car-Paint-Mixing-Machine-Tinter-Mixing-Machine-Auto-Paint-Mixing-Machine-Car-Paint-33-Mixing-Lids-480x480.jpg 480w\" sizes=\"(min-width: 0px) and (max-width: 480px) 480px, (min-width: 481px) 750px, 100vw\" \/><\/p>\n<p><img decoding=\"async\" class=\"aligncenter size-full wp-image-1885\" src=\"https:\/\/www.supersybon.com\/es\/wp-content\/uploads\/2022\/12\/1669891050-MX0-Good-Quality-Paint-Mixing-Machine-Hot-Selling-Automotive-Paint-Mixer-Use-For-Many-Car-Paint.jpg\" alt=\"\" width=\"750\" height=\"750\" title=\"\" srcset=\"https:\/\/www.supersybon.com\/es\/wp-content\/uploads\/2022\/12\/1669891050-MX0-Good-Quality-Paint-Mixing-Machine-Hot-Selling-Automotive-Paint-Mixer-Use-For-Many-Car-Paint.jpg 750w, https:\/\/www.supersybon.com\/es\/wp-content\/uploads\/2022\/12\/1669891050-MX0-Good-Quality-Paint-Mixing-Machine-Hot-Selling-Automotive-Paint-Mixer-Use-For-Many-Car-Paint-480x480.jpg 480w\" sizes=\"(min-width: 0px) and (max-width: 480px) 480px, (min-width: 481px) 750px, 100vw\" \/><\/p>\n<p><img decoding=\"async\" class=\"aligncenter size-full wp-image-1886\" src=\"https:\/\/www.supersybon.com\/es\/wp-content\/uploads\/2022\/12\/1669891087-MX0-Different-Specification-Of-Car-Paint-Tint-Mixer-Auto-Color-Paint-Mixing-Machin.jpg\" alt=\"\" width=\"750\" height=\"750\" title=\"\" srcset=\"https:\/\/www.supersybon.com\/es\/wp-content\/uploads\/2022\/12\/1669891087-MX0-Different-Specification-Of-Car-Paint-Tint-Mixer-Auto-Color-Paint-Mixing-Machin.jpg 750w, https:\/\/www.supersybon.com\/es\/wp-content\/uploads\/2022\/12\/1669891087-MX0-Different-Specification-Of-Car-Paint-Tint-Mixer-Auto-Color-Paint-Mixing-Machin-480x480.jpg 480w\" sizes=\"(min-width: 0px) and (max-width: 480px) 480px, (min-width: 481px) 750px, 100vw\" \/><\/p>\n<p><img decoding=\"async\" class=\"aligncenter size-full wp-image-1887\" src=\"https:\/\/www.supersybon.com\/es\/wp-content\/uploads\/2022\/12\/1669891107-MX0-Car-Paint-Mixing-Machine-Tinter-Mixing-Machine-Auto-Paint-Mixing-Machine-Car-Paint-84-Mixing-Lids.jpg\" alt=\"\" width=\"750\" height=\"750\" title=\"\" srcset=\"https:\/\/www.supersybon.com\/es\/wp-content\/uploads\/2022\/12\/1669891107-MX0-Car-Paint-Mixing-Machine-Tinter-Mixing-Machine-Auto-Paint-Mixing-Machine-Car-Paint-84-Mixing-Lids.jpg 750w, https:\/\/www.supersybon.com\/es\/wp-content\/uploads\/2022\/12\/1669891107-MX0-Car-Paint-Mixing-Machine-Tinter-Mixing-Machine-Auto-Paint-Mixing-Machine-Car-Paint-84-Mixing-Lids-480x480.jpg 480w\" sizes=\"(min-width: 0px) and (max-width: 480px) 480px, (min-width: 481px) 750px, 100vw\" \/><\/p>\n<p><img decoding=\"async\" class=\"aligncenter size-full wp-image-1888\" src=\"https:\/\/www.supersybon.com\/es\/wp-content\/uploads\/2022\/12\/1669891133-MX0-Car-Paint-Mixing-Machine-Tinter-Mixing-Machine-Auto-Paint-Mixing-Machine-Car-Paint-96-Mixing-Lids.jpg\" alt=\"\" width=\"750\" height=\"750\" title=\"\" srcset=\"https:\/\/www.supersybon.com\/es\/wp-content\/uploads\/2022\/12\/1669891133-MX0-Car-Paint-Mixing-Machine-Tinter-Mixing-Machine-Auto-Paint-Mixing-Machine-Car-Paint-96-Mixing-Lids.jpg 750w, https:\/\/www.supersybon.com\/es\/wp-content\/uploads\/2022\/12\/1669891133-MX0-Car-Paint-Mixing-Machine-Tinter-Mixing-Machine-Auto-Paint-Mixing-Machine-Car-Paint-96-Mixing-Lids-480x480.jpg 480w\" sizes=\"(min-width: 0px) and (max-width: 480px) 480px, (min-width: 481px) 750px, 100vw\" \/><\/p>\n<\/div>\n<\/div>\n<div class=\"magic-13\">\n<div class=\"magic-14\">\n<div class=\"magic-9\">\n<div class=\"magic-10\">\n<p>&nbsp;<\/p>\n<p>&nbsp;<\/p>\n<p><strong>Embalaje y servicio de productos<br \/>\n<\/strong><\/p>\n<hr \/>\n<div data-spm-anchor-id=\"a2700.details.0.i37.625d2e9eLtZffL\">\n<p>&nbsp;<\/p>\n<\/div>\n<div class=\"magic-13\">\n<div class=\"magic-14\">\n<div data-spm-anchor-id=\"a2700.details.0.i37.625d2e9eLtZffL\">\n<p><strong>NUESTRO SERVICIO:<br \/>\n<\/strong><\/p>\n<p>1.24 horas en l\u00ednea<\/p>\n<p>2. Precio competitivo<\/p>\n<p>3. Excelentes comentarios del cliente<\/p>\n<p>4. Pedidos en l\u00ednea seguros<\/p>\n<p>5. Entrega r\u00e1pida<\/p>\n<p>6. Soporte t\u00e9cnico profesional<\/p>\n<\/div>\n<\/div>\n<\/div>\n<\/div>\n<\/div>\n<\/div>\n<\/div>\n<div class=\"magic-13\">\n<div class=\"magic-14\">\n<div class=\"magic-13\">\n<div class=\"magic-14\">\n<div class=\"magic-9\">\n<div class=\"magic-10\">\n<div class=\"magic-13\">\n<div class=\"magic-14\">\n<div data-spm-anchor-id=\"a2700.details.0.i37.625d2e9eLtZffL\">\n<div class=\"magic-13\">\n<div class=\"magic-14\">\n<div class=\"magic-13\">\n<div class=\"magic-14\">\n<div class=\"magic-9\">\n<div class=\"magic-10\">\n<div class=\"magic-13\">\n<div class=\"magic-14\">\n<div data-spm-anchor-id=\"a2700.details.0.i37.625d2e9eLtZffL\">\n<div class=\"magic-13\">\n<div class=\"magic-14\">\n<p>&nbsp;<\/p>\n<\/div>\n<\/div>\n<\/div>\n<\/div>\n<\/div>\n<\/div>\n<\/div>\n<\/div>\n<\/div>\n<div class=\"magic-13\">\n<div class=\"magic-14\">\n<p>&nbsp;<\/p>\n<\/div>\n<\/div>\n<\/div>\n<\/div>\n<\/div>\n<\/div>\n<\/div>\n<\/div>\n<\/div>\n<\/div>\n<\/div>\n<div class=\"magic-13\">\n<div class=\"magic-14\">\n<p><strong>Perfil de la empresa<br \/>\n<\/strong><\/p>\n<hr \/>\n<p>&nbsp;<\/p>\n<\/div>\n<\/div>\n<p><img decoding=\"async\" class=\"aligncenter size-full wp-image-324\" src=\"https:\/\/www.supersybon.com\/es\/wp-content\/uploads\/2022\/09\/1663401769-Car-Paint-Supplier-Company-Profile-Manufacturer-China.jpg\" alt=\"\" width=\"900\" height=\"958\" title=\"\" srcset=\"https:\/\/www.supersybon.com\/es\/wp-content\/uploads\/2022\/09\/1663401769-Car-Paint-Supplier-Company-Profile-Manufacturer-China.jpg 900w, https:\/\/www.supersybon.com\/es\/wp-content\/uploads\/2022\/09\/1663401769-Car-Paint-Supplier-Company-Profile-Manufacturer-China-480x511.jpg 480w\" sizes=\"(min-width: 0px) and (max-width: 480px) 480px, (min-width: 481px) 900px, 100vw\" \/><\/p>\n<div class=\"magic-13\">\n<div class=\"magic-14\">\n<p><strong>Preguntas m\u00e1s frecuentes<\/strong><\/p>\n<hr \/>\n<\/div>\n<\/div>\n<p>P: \u00bfCu\u00e1l es su MOQ?<\/p>\n<p>R: Nuestro pedido m\u00ednimo es de 1 pieza.<\/p>\n<p>P: \u00bfQu\u00e9 hay de su pago?<\/p>\n<p>R: dep\u00f3sito del 50% por adelantado, saldo del 50% por T\/T, L\/C, paypal, Western Union o antes del env\u00edo.<\/p>\n<p>P: \u00bfProporcionan muestras?<\/p>\n<p>R: S\u00ed, puede comprar una muestra para probarla.<\/p>\n<p>P: \u00bfQu\u00e9 hay de su tiempo de entrega?<\/p>\n<p>R: generalmente 15 d\u00edas despu\u00e9s de recibir su dep\u00f3sito.<\/p>\n<\/div>\n<\/div>\n","protected":false},"excerpt":{"rendered":"<p>1. Sistema de accionamiento de motor de una sola capa, un motor puede controlar un estante de mezcla, seguro y confiable.<br \/>\n2. Los cabezales mezcladores se pueden configurar f\u00e1cilmente.<br \/>\n3. Sistema de transmisi\u00f3n de engranajes patentado nacional, anti-ruido.<br \/>\n4. La mesa de trabajo y la placa adaptadora son opcionales.<br \/>\n5. Amigable, ahorro de energ\u00eda.M\u00e1quina mezcladora de pintura de color autom\u00e1tico.<\/p>\n","protected":false},"featured_media":1888,"template":"","meta":{"_et_pb_use_builder":"","_et_pb_old_content":"","_et_gb_content_width":""},"product_brand":[],"product_cat":[55],"product_tag":[659,660],"class_list":{"0":"post-1882","1":"product","2":"type-product","3":"status-publish","4":"has-post-thumbnail","6":"product_cat-otros","7":"product_tag-maquina-mezcladora-de-pintura-de-color-automatico","8":"product_tag-mezclador-de-tinte-de-pintura-de-coche","10":"first","11":"instock","12":"shipping-taxable","13":"product-type-simple"},"_links":{"self":[{"href":"https:\/\/www.supersybon.com\/es\/wp-json\/wp\/v2\/product\/1882","targetHints":{"allow":["GET"]}}],"collection":[{"href":"https:\/\/www.supersybon.com\/es\/wp-json\/wp\/v2\/product"}],"about":[{"href":"https:\/\/www.supersybon.com\/es\/wp-json\/wp\/v2\/types\/product"}],"wp:featuredmedia":[{"embeddable":true,"href":"https:\/\/www.supersybon.com\/es\/wp-json\/wp\/v2\/media\/1888"}],"wp:attachment":[{"href":"https:\/\/www.supersybon.com\/es\/wp-json\/wp\/v2\/media?parent=1882"}],"wp:term":[{"taxonomy":"product_brand","embeddable":true,"href":"https:\/\/www.supersybon.com\/es\/wp-json\/wp\/v2\/product_brand?post=1882"},{"taxonomy":"product_cat","embeddable":true,"href":"https:\/\/www.supersybon.com\/es\/wp-json\/wp\/v2\/product_cat?post=1882"},{"taxonomy":"product_tag","embeddable":true,"href":"https:\/\/www.supersybon.com\/es\/wp-json\/wp\/v2\/product_tag?post=1882"}],"curies":[{"name":"wp","href":"https:\/\/api.w.org\/{rel}","templated":true}]}}