{"id":1797,"date":"2022-11-07T18:05:36","date_gmt":"2022-11-07T10:05:36","guid":{"rendered":"https:\/\/www.supersybon.com\/es\/?post_type=product&#038;p=1797"},"modified":"2023-01-06T11:36:06","modified_gmt":"2023-01-06T03:36:06","slug":"hk5976-buena-calidad-limpiador-de-pasta-para-lavarse-las-manos-reparador-de-pasta-de-molienda-limpieza-facil-para-taller-de-pintura-aceites-quimicos","status":"publish","type":"product","link":"https:\/\/www.supersybon.com\/es\/product\/hk5976-buena-calidad-limpiador-de-pasta-para-lavarse-las-manos-reparador-de-pasta-de-molienda-limpieza-facil-para-taller-de-pintura-aceites-quimicos","title":{"rendered":"HK5976 Buena calidad limpiador de pasta para lavarse las manos reparador de pasta de molienda limpieza f\u00e1cil para taller de pintura aceites qu\u00edmicos"},"content":{"rendered":"<p><img decoding=\"async\" class=\"aligncenter size-full wp-image-1798\" src=\"https:\/\/www.supersybon.com\/es\/wp-content\/uploads\/2022\/11\/1667816333-HK5976-Hand-Washing-Paste-Cleaner-Grinding-Paste-Repairer-Easy-Cleaning-For-Paint-Shop-Oil-Chemicals.jpg\" alt=\"\" width=\"900\" height=\"364\" title=\"\" srcset=\"https:\/\/www.supersybon.com\/es\/wp-content\/uploads\/2022\/11\/1667816333-HK5976-Hand-Washing-Paste-Cleaner-Grinding-Paste-Repairer-Easy-Cleaning-For-Paint-Shop-Oil-Chemicals.jpg 900w, https:\/\/www.supersybon.com\/es\/wp-content\/uploads\/2022\/11\/1667816333-HK5976-Hand-Washing-Paste-Cleaner-Grinding-Paste-Repairer-Easy-Cleaning-For-Paint-Shop-Oil-Chemicals-480x194.jpg 480w\" sizes=\"(min-width: 0px) and (max-width: 480px) 480px, (min-width: 481px) 900px, 100vw\" \/><\/p>\n<div class=\"magic-13\">\n<div class=\"magic-14\">\n<div class=\"magic-9\">\n<div class=\"magic-10\">\n<p>&nbsp;<\/p>\n<\/div>\n<\/div>\n<\/div>\n<\/div>\n<div class=\"magic-13\">\n<div class=\"magic-14\">\n<p>&nbsp;<\/p>\n<p><strong>HK5976 Buena calidad limpiador de pasta para lavarse las manos reparador de pasta de molienda limpieza f\u00e1cil para taller de pintura aceites qu\u00edmicos<\/strong><\/p>\n<p><strong>Caracter\u00edsticas del limpiador de pasta para lavar a mano:<\/strong><\/p>\n<p>Formulado para la limpieza de lacas, pinturas decorativas al agua, esmaltes para hornear, poliuretano. F\u00e1cil limpieza y sin da\u00f1ar la piel.<\/p>\n<p><strong>Usar para:<\/strong><\/p>\n<p>Fabricaci\u00f3n de pinturas, Carrocer\u00edas, talleres de pinturas, centro de mezcla de colores, f\u00e1brica de maquinaria y pintura. Direcci\u00f3n de uso: Aplicar 1-2 gramos para el uso, sin agua a\u00f1adida, limpie suavemente con las manos para disolver la contaminaci\u00f3n, limpie m\u00e1s con agua. Composici\u00f3n: Agente Tensoactivo,Fuego Ambiental.<\/p>\n<p><strong>Precauci\u00f3n:<\/strong><\/p>\n<p>El almacenamiento en el refugio, mientras entra en contacto con los ojos, usa agua para la limpieza, sigue la prescripci\u00f3n del m\u00e9dico para un tratamiento posterior. Por cuestiones de seguridad, evite almacenarlo donde sea f\u00e1cil alcanzar a los ni\u00f1os.<\/p>\n<p><img decoding=\"async\" class=\"aligncenter size-full wp-image-1799\" src=\"https:\/\/www.supersybon.com\/es\/wp-content\/uploads\/2022\/11\/1667816503-HK5976-Grinding-Paste-Repairer-Easy-Cleaning-Car-Paint-Hand-Cleaner.jpg\" alt=\"\" width=\"800\" height=\"800\" title=\"\" srcset=\"https:\/\/www.supersybon.com\/es\/wp-content\/uploads\/2022\/11\/1667816503-HK5976-Grinding-Paste-Repairer-Easy-Cleaning-Car-Paint-Hand-Cleaner.jpg 800w, https:\/\/www.supersybon.com\/es\/wp-content\/uploads\/2022\/11\/1667816503-HK5976-Grinding-Paste-Repairer-Easy-Cleaning-Car-Paint-Hand-Cleaner-480x480.jpg 480w\" sizes=\"(min-width: 0px) and (max-width: 480px) 480px, (min-width: 481px) 800px, 100vw\" \/><\/p>\n<p><img decoding=\"async\" class=\"aligncenter size-full wp-image-1800\" src=\"https:\/\/www.supersybon.com\/es\/wp-content\/uploads\/2022\/11\/1667816530-HK5976-Multi-Purpose-Hand-Washing-Paste.jpg\" alt=\"\" width=\"800\" height=\"800\" title=\"\" srcset=\"https:\/\/www.supersybon.com\/es\/wp-content\/uploads\/2022\/11\/1667816530-HK5976-Multi-Purpose-Hand-Washing-Paste.jpg 800w, https:\/\/www.supersybon.com\/es\/wp-content\/uploads\/2022\/11\/1667816530-HK5976-Multi-Purpose-Hand-Washing-Paste-480x480.jpg 480w\" sizes=\"(min-width: 0px) and (max-width: 480px) 480px, (min-width: 481px) 800px, 100vw\" \/><\/p>\n<\/div>\n<\/div>\n<div class=\"magic-13\">\n<div class=\"magic-14\">\n<div class=\"magic-9\">\n<div class=\"magic-10\">\n<p>&nbsp;<\/p>\n<p>&nbsp;<\/p>\n<p><strong>Embalaje y servicio de productos<br \/>\n<\/strong><\/p>\n<hr \/>\n<p><strong>PAQUETE :<br \/>\n<\/strong><\/p>\n<p>30 piezas\/cart\u00f3n.<\/p>\n<div data-spm-anchor-id=\"a2700.details.0.i37.625d2e9eLtZffL\">\n<p><img decoding=\"async\" class=\"aligncenter size-full wp-image-1801\" src=\"https:\/\/www.supersybon.com\/es\/wp-content\/uploads\/2022\/11\/1667816632-HK5976-Paint-Hand-Cleaner-Package.jpg\" alt=\"\" width=\"800\" height=\"800\" title=\"\" srcset=\"https:\/\/www.supersybon.com\/es\/wp-content\/uploads\/2022\/11\/1667816632-HK5976-Paint-Hand-Cleaner-Package.jpg 800w, https:\/\/www.supersybon.com\/es\/wp-content\/uploads\/2022\/11\/1667816632-HK5976-Paint-Hand-Cleaner-Package-480x480.jpg 480w\" sizes=\"(min-width: 0px) and (max-width: 480px) 480px, (min-width: 481px) 800px, 100vw\" \/><\/p>\n<\/div>\n<div class=\"magic-13\">\n<div class=\"magic-14\">\n<div class=\"magic-9\">\n<div class=\"magic-10\">\n<div class=\"magic-13\">\n<div class=\"magic-14\">\n<div data-spm-anchor-id=\"a2700.details.0.i37.625d2e9eLtZffL\">\n<p>&nbsp;<\/p>\n<\/div>\n<\/div>\n<\/div>\n<\/div>\n<\/div>\n<\/div>\n<\/div>\n<div class=\"magic-13\">\n<div class=\"magic-14\">\n<div data-spm-anchor-id=\"a2700.details.0.i37.625d2e9eLtZffL\">\n<p><strong>NUESTRO SERVICIO:<br \/>\n<\/strong><\/p>\n<p>1.24 horas en l\u00ednea<\/p>\n<p>2. Precio competitivo<\/p>\n<p>3. Excelentes comentarios del cliente<\/p>\n<p>4. Pedidos en l\u00ednea seguros<\/p>\n<p>5. Entrega r\u00e1pida<\/p>\n<p>6. Soporte t\u00e9cnico profesional<\/p>\n<\/div>\n<\/div>\n<\/div>\n<\/div>\n<\/div>\n<\/div>\n<\/div>\n<div class=\"magic-13\">\n<div class=\"magic-14\">\n<div class=\"magic-13\">\n<div class=\"magic-14\">\n<div class=\"magic-9\">\n<div class=\"magic-10\">\n<div class=\"magic-13\">\n<div class=\"magic-14\">\n<div data-spm-anchor-id=\"a2700.details.0.i37.625d2e9eLtZffL\">\n<div class=\"magic-13\">\n<div class=\"magic-14\">\n<div class=\"magic-13\">\n<div class=\"magic-14\">\n<div class=\"magic-9\">\n<div class=\"magic-10\">\n<div class=\"magic-13\">\n<div class=\"magic-14\">\n<div data-spm-anchor-id=\"a2700.details.0.i37.625d2e9eLtZffL\">\n<div class=\"magic-13\">\n<div class=\"magic-14\">\n<p>&nbsp;<\/p>\n<\/div>\n<\/div>\n<\/div>\n<\/div>\n<\/div>\n<\/div>\n<\/div>\n<\/div>\n<\/div>\n<div class=\"magic-13\">\n<div class=\"magic-14\">\n<p>&nbsp;<\/p>\n<\/div>\n<\/div>\n<\/div>\n<\/div>\n<\/div>\n<\/div>\n<\/div>\n<\/div>\n<\/div>\n<\/div>\n<\/div>\n<div class=\"magic-13\">\n<div class=\"magic-14\">\n<p><strong>Perfil de la empresa<br \/>\n<\/strong><\/p>\n<hr \/>\n<p>&nbsp;<\/p>\n<\/div>\n<\/div>\n<p><img decoding=\"async\" class=\"aligncenter size-full wp-image-324\" src=\"https:\/\/www.supersybon.com\/es\/wp-content\/uploads\/2022\/09\/1663401769-Car-Paint-Supplier-Company-Profile-Manufacturer-China.jpg\" alt=\"\" width=\"900\" height=\"958\" title=\"\" srcset=\"https:\/\/www.supersybon.com\/es\/wp-content\/uploads\/2022\/09\/1663401769-Car-Paint-Supplier-Company-Profile-Manufacturer-China.jpg 900w, https:\/\/www.supersybon.com\/es\/wp-content\/uploads\/2022\/09\/1663401769-Car-Paint-Supplier-Company-Profile-Manufacturer-China-480x511.jpg 480w\" sizes=\"(min-width: 0px) and (max-width: 480px) 480px, (min-width: 481px) 900px, 100vw\" \/><\/p>\n<div class=\"magic-13\">\n<div class=\"magic-14\">\n<p><strong>Preguntas m\u00e1s frecuentes<\/strong><\/p>\n<hr \/>\n<\/div>\n<\/div>\n<p>P: \u00bfCu\u00e1l es su MOQ?<\/p>\n<p>R: Nuestro pedido m\u00ednimo es de 1 caja de cart\u00f3n.<\/p>\n<p>P: \u00bfQu\u00e9 hay de su pago?<\/p>\n<p>R: dep\u00f3sito del 50% por adelantado, saldo del 50% por T\/T, L\/C, paypal, Western Union o antes del env\u00edo.<\/p>\n<p>P: \u00bfProporcionan muestras?<\/p>\n<p>R: S\u00ed, puede comprar una muestra para probarla.<\/p>\n<p>P: \u00bfQu\u00e9 hay de su tiempo de entrega?<\/p>\n<p>R: generalmente 15 d\u00edas despu\u00e9s de recibir su dep\u00f3sito.<\/p>\n<\/div>\n<\/div>\n","protected":false},"excerpt":{"rendered":"<p>Limpiador en pasta lavamanos formulado para la limpieza de lacas, pinturas decorativas al agua, esmaltes para hornear, poliuretano. F\u00e1cil limpieza y sin da\u00f1ar la piel.<\/p>\n","protected":false},"featured_media":1802,"template":"","meta":{"_et_pb_use_builder":"","_et_pb_old_content":"","_et_gb_content_width":""},"product_brand":[],"product_cat":[55],"product_tag":[658],"class_list":{"0":"post-1797","1":"product","2":"type-product","3":"status-publish","4":"has-post-thumbnail","6":"product_cat-otros","7":"product_tag-limpiador-de-pasta-para-lavarse-las-manos","9":"first","10":"instock","11":"shipping-taxable","12":"product-type-simple"},"_links":{"self":[{"href":"https:\/\/www.supersybon.com\/es\/wp-json\/wp\/v2\/product\/1797","targetHints":{"allow":["GET"]}}],"collection":[{"href":"https:\/\/www.supersybon.com\/es\/wp-json\/wp\/v2\/product"}],"about":[{"href":"https:\/\/www.supersybon.com\/es\/wp-json\/wp\/v2\/types\/product"}],"wp:featuredmedia":[{"embeddable":true,"href":"https:\/\/www.supersybon.com\/es\/wp-json\/wp\/v2\/media\/1802"}],"wp:attachment":[{"href":"https:\/\/www.supersybon.com\/es\/wp-json\/wp\/v2\/media?parent=1797"}],"wp:term":[{"taxonomy":"product_brand","embeddable":true,"href":"https:\/\/www.supersybon.com\/es\/wp-json\/wp\/v2\/product_brand?post=1797"},{"taxonomy":"product_cat","embeddable":true,"href":"https:\/\/www.supersybon.com\/es\/wp-json\/wp\/v2\/product_cat?post=1797"},{"taxonomy":"product_tag","embeddable":true,"href":"https:\/\/www.supersybon.com\/es\/wp-json\/wp\/v2\/product_tag?post=1797"}],"curies":[{"name":"wp","href":"https:\/\/api.w.org\/{rel}","templated":true}]}}