{"id":1770,"date":"2022-11-07T17:04:33","date_gmt":"2022-11-07T09:04:33","guid":{"rendered":"https:\/\/www.supersybon.com\/es\/?post_type=product&#038;p=1770"},"modified":"2023-01-06T11:13:39","modified_gmt":"2023-01-06T03:13:39","slug":"s006g-6-pulgadas-almohadilla-de-corte-de-coche-da-almohadillas-de-pulido-para-sybon","status":"publish","type":"product","link":"https:\/\/www.supersybon.com\/es\/product\/s006g-6-pulgadas-almohadilla-de-corte-de-coche-da-almohadillas-de-pulido-para-sybon","title":{"rendered":"S006G 6 pulgadas almohadilla de corte de coche DA almohadillas de pulido para SYBON"},"content":{"rendered":"<p><img decoding=\"async\" class=\"aligncenter size-full wp-image-1771\" src=\"https:\/\/www.supersybon.com\/es\/wp-content\/uploads\/2022\/11\/1667812246-S006G-6-Inch-15Cm-Foam-Auto-Car-Polishing-Buffing-Polishing-Pad-Sponge-Wheel-Waxing-Orange.jpg\" alt=\"\" width=\"900\" height=\"364\" title=\"\" srcset=\"https:\/\/www.supersybon.com\/es\/wp-content\/uploads\/2022\/11\/1667812246-S006G-6-Inch-15Cm-Foam-Auto-Car-Polishing-Buffing-Polishing-Pad-Sponge-Wheel-Waxing-Orange.jpg 900w, https:\/\/www.supersybon.com\/es\/wp-content\/uploads\/2022\/11\/1667812246-S006G-6-Inch-15Cm-Foam-Auto-Car-Polishing-Buffing-Polishing-Pad-Sponge-Wheel-Waxing-Orange-480x194.jpg 480w\" sizes=\"(min-width: 0px) and (max-width: 480px) 480px, (min-width: 481px) 900px, 100vw\" \/><\/p>\n<div class=\"magic-13\">\n<div class=\"magic-14\">\n<div class=\"magic-9\">\n<div class=\"magic-10\">\n<p>&nbsp;<\/p>\n<\/div>\n<\/div>\n<\/div>\n<\/div>\n<div class=\"magic-13\">\n<div class=\"magic-14\">\n<p>&nbsp;<\/p>\n<p><strong>S006G 6 pulgadas almohadilla de corte de coche DA almohadillas de pulido para SYBON<\/strong><\/p>\n<p><strong>Descripci\u00f3n de productos:<\/strong><\/p>\n<p>1. El tejido de esponja fino y suave puede proteger dos veces la superficie de la pintura. El pulido eficaz elimina los defectos leves de la pintura y recupera el alto brillo.<\/p>\n<p>2. Puede crear una superficie de pintura de alto brillo sin rastros en espiral.<\/p>\n<p>3. La estructura de esponja particular mejora el flujo de aire. Mejor disipaci\u00f3n de calor.<\/p>\n<p>4. Hay un gancho y un lazo en la parte inferior de la espuma, lo que hace que sea dif\u00edcil que se caiga y tambi\u00e9n puede cambiar la almohadilla de pulido r\u00e1pidamente.<\/p>\n<p>5. La parte superior elevada de la espuma hace que sea m\u00e1s seguro pulir y la almohadilla de la placa trasera no ser\u00eda f\u00e1cil de tocar la superficie de la pintura.<\/p>\n<p><img decoding=\"async\" class=\"aligncenter size-full wp-image-1773\" src=\"https:\/\/www.supersybon.com\/es\/wp-content\/uploads\/2022\/11\/1667812344-S006G-6-Inch-150Mm-Black-Foam-Finish-Polishing-Pad-With-Back-Plate-M14-M16.jpg\" alt=\"\" width=\"750\" height=\"750\" title=\"\" srcset=\"https:\/\/www.supersybon.com\/es\/wp-content\/uploads\/2022\/11\/1667812344-S006G-6-Inch-150Mm-Black-Foam-Finish-Polishing-Pad-With-Back-Plate-M14-M16.jpg 750w, https:\/\/www.supersybon.com\/es\/wp-content\/uploads\/2022\/11\/1667812344-S006G-6-Inch-150Mm-Black-Foam-Finish-Polishing-Pad-With-Back-Plate-M14-M16-480x480.jpg 480w\" sizes=\"(min-width: 0px) and (max-width: 480px) 480px, (min-width: 481px) 750px, 100vw\" \/><\/p>\n<p><img decoding=\"async\" class=\"aligncenter size-full wp-image-1772\" src=\"https:\/\/www.supersybon.com\/es\/wp-content\/uploads\/2022\/11\/1667812263-S006G-Good-Price-Sponge-Polishing-Buffing-Waxing-Pad-Wheel-For-Car-Polisher-Buffer-Pad.jpg\" alt=\"\" width=\"750\" height=\"750\" title=\"\" srcset=\"https:\/\/www.supersybon.com\/es\/wp-content\/uploads\/2022\/11\/1667812263-S006G-Good-Price-Sponge-Polishing-Buffing-Waxing-Pad-Wheel-For-Car-Polisher-Buffer-Pad.jpg 750w, https:\/\/www.supersybon.com\/es\/wp-content\/uploads\/2022\/11\/1667812263-S006G-Good-Price-Sponge-Polishing-Buffing-Waxing-Pad-Wheel-For-Car-Polisher-Buffer-Pad-480x480.jpg 480w\" sizes=\"(min-width: 0px) and (max-width: 480px) 480px, (min-width: 481px) 750px, 100vw\" \/><\/p>\n<\/div>\n<\/div>\n<div class=\"magic-13\">\n<div class=\"magic-14\">\n<div class=\"magic-9\">\n<div class=\"magic-10\">\n<p><img decoding=\"async\" class=\"aligncenter size-full wp-image-1774\" src=\"https:\/\/www.supersybon.com\/es\/wp-content\/uploads\/2022\/11\/1667812366-S006G-150Mm-Car-Polishing-Pad-For-Car-Sponge-Polishing-Waxing-Pad.jpg\" alt=\"\" width=\"750\" height=\"750\" title=\"\" srcset=\"https:\/\/www.supersybon.com\/es\/wp-content\/uploads\/2022\/11\/1667812366-S006G-150Mm-Car-Polishing-Pad-For-Car-Sponge-Polishing-Waxing-Pad.jpg 750w, https:\/\/www.supersybon.com\/es\/wp-content\/uploads\/2022\/11\/1667812366-S006G-150Mm-Car-Polishing-Pad-For-Car-Sponge-Polishing-Waxing-Pad-480x480.jpg 480w\" sizes=\"(min-width: 0px) and (max-width: 480px) 480px, (min-width: 481px) 750px, 100vw\" \/><\/p>\n<p><img decoding=\"async\" class=\"aligncenter size-full wp-image-1775\" src=\"https:\/\/www.supersybon.com\/es\/wp-content\/uploads\/2022\/11\/1667812383-S006G-Black-Sponge-Car-Buffing-Pad-M14-M16-Soft-Foam-Polishing-Pad-For-Auto-Detailing.jpg\" alt=\"\" width=\"750\" height=\"750\" title=\"\" srcset=\"https:\/\/www.supersybon.com\/es\/wp-content\/uploads\/2022\/11\/1667812383-S006G-Black-Sponge-Car-Buffing-Pad-M14-M16-Soft-Foam-Polishing-Pad-For-Auto-Detailing.jpg 750w, https:\/\/www.supersybon.com\/es\/wp-content\/uploads\/2022\/11\/1667812383-S006G-Black-Sponge-Car-Buffing-Pad-M14-M16-Soft-Foam-Polishing-Pad-For-Auto-Detailing-480x480.jpg 480w\" sizes=\"(min-width: 0px) and (max-width: 480px) 480px, (min-width: 481px) 750px, 100vw\" \/><\/p>\n<p>&nbsp;<\/p>\n<p>&nbsp;<\/p>\n<p>&nbsp;<\/p>\n<p>&nbsp;<\/p>\n<p><strong>Embalaje y servicio de productos<br \/>\n<\/strong><\/p>\n<hr \/>\n<p><strong>PAQUETE :<br \/>\n<\/strong><\/p>\n<p>100 piezas\/cart\u00f3n.<\/p>\n<div data-spm-anchor-id=\"a2700.details.0.i37.625d2e9eLtZffL\">\n<p>&nbsp;<\/p>\n<\/div>\n<div class=\"magic-13\">\n<div class=\"magic-14\">\n<div class=\"magic-9\">\n<div class=\"magic-10\">\n<div class=\"magic-13\">\n<div class=\"magic-14\">\n<div data-spm-anchor-id=\"a2700.details.0.i37.625d2e9eLtZffL\">\n<p>&nbsp;<\/p>\n<\/div>\n<\/div>\n<\/div>\n<\/div>\n<\/div>\n<\/div>\n<\/div>\n<div class=\"magic-13\">\n<div class=\"magic-14\">\n<div data-spm-anchor-id=\"a2700.details.0.i37.625d2e9eLtZffL\">\n<p><strong>NUESTRO SERVICIO:<br \/>\n<\/strong><\/p>\n<p>1.24 horas en l\u00ednea<\/p>\n<p>2. Precio competitivo<\/p>\n<p>3. Excelentes comentarios del cliente<\/p>\n<p>4. Pedidos en l\u00ednea seguros<\/p>\n<p>5. Entrega r\u00e1pida<\/p>\n<p>6. Soporte t\u00e9cnico profesional<\/p>\n<\/div>\n<\/div>\n<\/div>\n<\/div>\n<\/div>\n<\/div>\n<\/div>\n<div class=\"magic-13\">\n<div class=\"magic-14\">\n<div class=\"magic-13\">\n<div class=\"magic-14\">\n<div class=\"magic-9\">\n<div class=\"magic-10\">\n<div class=\"magic-13\">\n<div class=\"magic-14\">\n<div data-spm-anchor-id=\"a2700.details.0.i37.625d2e9eLtZffL\">\n<div class=\"magic-13\">\n<div class=\"magic-14\">\n<div class=\"magic-13\">\n<div class=\"magic-14\">\n<div class=\"magic-9\">\n<div class=\"magic-10\">\n<div class=\"magic-13\">\n<div class=\"magic-14\">\n<div data-spm-anchor-id=\"a2700.details.0.i37.625d2e9eLtZffL\">\n<div class=\"magic-13\">\n<div class=\"magic-14\">\n<p>&nbsp;<\/p>\n<\/div>\n<\/div>\n<\/div>\n<\/div>\n<\/div>\n<\/div>\n<\/div>\n<\/div>\n<\/div>\n<div class=\"magic-13\">\n<div class=\"magic-14\">\n<p>&nbsp;<\/p>\n<\/div>\n<\/div>\n<\/div>\n<\/div>\n<\/div>\n<\/div>\n<\/div>\n<\/div>\n<\/div>\n<\/div>\n<\/div>\n<div class=\"magic-13\">\n<div class=\"magic-14\">\n<p><strong>Perfil de la empresa<br \/>\n<\/strong><\/p>\n<hr \/>\n<p>&nbsp;<\/p>\n<\/div>\n<\/div>\n<p><img decoding=\"async\" class=\"aligncenter size-full wp-image-324\" src=\"https:\/\/www.supersybon.com\/es\/wp-content\/uploads\/2022\/09\/1663401769-Car-Paint-Supplier-Company-Profile-Manufacturer-China.jpg\" alt=\"\" width=\"900\" height=\"958\" title=\"\" srcset=\"https:\/\/www.supersybon.com\/es\/wp-content\/uploads\/2022\/09\/1663401769-Car-Paint-Supplier-Company-Profile-Manufacturer-China.jpg 900w, https:\/\/www.supersybon.com\/es\/wp-content\/uploads\/2022\/09\/1663401769-Car-Paint-Supplier-Company-Profile-Manufacturer-China-480x511.jpg 480w\" sizes=\"(min-width: 0px) and (max-width: 480px) 480px, (min-width: 481px) 900px, 100vw\" \/><\/p>\n<div class=\"magic-13\">\n<div class=\"magic-14\">\n<p><strong>Preguntas m\u00e1s frecuentes<\/strong><\/p>\n<hr \/>\n<\/div>\n<\/div>\n<p>P: \u00bfCu\u00e1l es su MOQ?<\/p>\n<p>R: Nuestro pedido m\u00ednimo es de 1 caja de cart\u00f3n.<\/p>\n<p>P: \u00bfQu\u00e9 hay de su pago?<\/p>\n<p>R: dep\u00f3sito del 50% por adelantado, saldo del 50% por T\/T, L\/C, paypal, Western Union o antes del env\u00edo.<\/p>\n<p>P: \u00bfProporcionan muestras?<\/p>\n<p>R: S\u00ed, puede comprar una muestra para probarla.<\/p>\n<p>P: \u00bfQu\u00e9 hay de su tiempo de entrega?<\/p>\n<p>R: generalmente 15 d\u00edas despu\u00e9s de recibir su dep\u00f3sito.<\/p>\n<\/div>\n<\/div>\n","protected":false},"excerpt":{"rendered":"<p>1. El tejido de esponja fino y suave puede proteger dos veces la superficie de la pintura. El pulido eficaz elimina los defectos leves de la pintura y recupera el alto brillo.<br \/>\n2. Puede crear una superficie de pintura de alto brillo sin rastros en espiral.Almohadilla de corte de coche DA.<br \/>\n3. La estructura de esponja particular mejora el flujo de aire. Mejor disipaci\u00f3n de calor.<br \/>\n4. Hay un gancho y un lazo en la parte inferior de la espuma, lo que hace que sea dif\u00edcil que se caiga y tambi\u00e9n puede cambiar la almohadilla de pulido r\u00e1pidamente.<br \/>\n5. La parte superior elevada de la espuma hace que sea m\u00e1s seguro pulir y la almohadilla de la placa trasera no ser\u00eda f\u00e1cil de tocar la superficie de la pintura.<\/p>\n","protected":false},"featured_media":1776,"template":"","meta":{"_et_pb_use_builder":"","_et_pb_old_content":"","_et_gb_content_width":""},"product_brand":[],"product_cat":[56,65],"product_tag":[652,653],"class_list":{"0":"post-1770","1":"product","2":"type-product","3":"status-publish","4":"has-post-thumbnail","6":"product_cat-serie-de-cuidado-de-automoviles","7":"product_cat-almohadilla-de-espuma-para-pulir","8":"product_tag-almohadilla-de-corte-de-coche-da","9":"product_tag-almohadillas-para-pulir","11":"first","12":"instock","13":"shipping-taxable","14":"product-type-simple"},"_links":{"self":[{"href":"https:\/\/www.supersybon.com\/es\/wp-json\/wp\/v2\/product\/1770","targetHints":{"allow":["GET"]}}],"collection":[{"href":"https:\/\/www.supersybon.com\/es\/wp-json\/wp\/v2\/product"}],"about":[{"href":"https:\/\/www.supersybon.com\/es\/wp-json\/wp\/v2\/types\/product"}],"wp:featuredmedia":[{"embeddable":true,"href":"https:\/\/www.supersybon.com\/es\/wp-json\/wp\/v2\/media\/1776"}],"wp:attachment":[{"href":"https:\/\/www.supersybon.com\/es\/wp-json\/wp\/v2\/media?parent=1770"}],"wp:term":[{"taxonomy":"product_brand","embeddable":true,"href":"https:\/\/www.supersybon.com\/es\/wp-json\/wp\/v2\/product_brand?post=1770"},{"taxonomy":"product_cat","embeddable":true,"href":"https:\/\/www.supersybon.com\/es\/wp-json\/wp\/v2\/product_cat?post=1770"},{"taxonomy":"product_tag","embeddable":true,"href":"https:\/\/www.supersybon.com\/es\/wp-json\/wp\/v2\/product_tag?post=1770"}],"curies":[{"name":"wp","href":"https:\/\/api.w.org\/{rel}","templated":true}]}}