{"id":1750,"date":"2022-11-07T16:03:38","date_gmt":"2022-11-07T08:03:38","guid":{"rendered":"https:\/\/www.supersybon.com\/es\/?post_type=product&#038;p=1750"},"modified":"2023-01-05T18:13:01","modified_gmt":"2023-01-05T10:13:01","slug":"s004g-5-inch-125mm-kits-de-esponjas-para-pulir-almohadillas-para-pulir-para-el-cuidado-del-automovil","status":"publish","type":"product","link":"https:\/\/www.supersybon.com\/es\/product\/s004g-5-inch-125mm-kits-de-esponjas-para-pulir-almohadillas-para-pulir-para-el-cuidado-del-automovil","title":{"rendered":"S004G 5 inch 125mm Kits de esponjas para pulir almohadillas para pulir para el cuidado del autom\u00f3vil"},"content":{"rendered":"<p><img decoding=\"async\" class=\"aligncenter size-full wp-image-1751\" src=\"https:\/\/www.supersybon.com\/es\/wp-content\/uploads\/2022\/11\/1667809087-S004G-5Pcs-Hexagonal-Polished-Sponge-Disc-Buffing-Sponge-Waxing-Polishing-Pad-Kit-Set-For-Car-Polisher-Accessories.jpg\" alt=\"\" width=\"900\" height=\"364\" title=\"\" srcset=\"https:\/\/www.supersybon.com\/es\/wp-content\/uploads\/2022\/11\/1667809087-S004G-5Pcs-Hexagonal-Polished-Sponge-Disc-Buffing-Sponge-Waxing-Polishing-Pad-Kit-Set-For-Car-Polisher-Accessories.jpg 900w, https:\/\/www.supersybon.com\/es\/wp-content\/uploads\/2022\/11\/1667809087-S004G-5Pcs-Hexagonal-Polished-Sponge-Disc-Buffing-Sponge-Waxing-Polishing-Pad-Kit-Set-For-Car-Polisher-Accessories-480x194.jpg 480w\" sizes=\"(min-width: 0px) and (max-width: 480px) 480px, (min-width: 481px) 900px, 100vw\" \/><\/p>\n<div class=\"magic-13\">\n<div class=\"magic-14\">\n<div class=\"magic-9\">\n<div class=\"magic-10\">\n<p>&nbsp;<\/p>\n<\/div>\n<\/div>\n<\/div>\n<\/div>\n<div class=\"magic-13\">\n<div class=\"magic-14\">\n<p>&nbsp;<\/p>\n<p><strong>S004G 5 inch 125mm Kits de esponjas para pulir almohadillas para pulir para el cuidado del autom\u00f3vil<\/strong><\/p>\n<p><strong>ALMOHADILLAS PARA PULIR DA:<\/strong><\/p>\n<p>Las almohadillas de pulido tienen una gama completa desde el corte pesado hasta el proceso de acabado, borde recto, dise\u00f1o de gancho y bucle placa de respaldo f\u00e1cil de colocar, el respaldo duro duradero es resistente al calor, buen equilibrio y funciona bien en m\u00e1quinas de doble acci\u00f3n que no se despegan. Mientras tanto, se puede aplicar a pulidoras rotativas y pulidoras GA.<\/p>\n<p><strong>Grado diferente:<\/strong><\/p>\n<p>Esponja blanca: almohadilla de corte pesado, 65PPI.<\/p>\n<p>Esponja amarilla: almohadilla de corte mediana, 75PPI.<\/p>\n<p>Esponja naranja: almohadilla de corte ligera, 80PPI.<\/p>\n<p>Esponja negra: almohadilla de pulido, 85 PPI.<\/p>\n<p>Esponja azul: almohadilla de acabado, 90 PPI.<\/p>\n<p>(PPI: Par por pulgada)<\/p>\n<p><strong>Rasgo:<\/strong><\/p>\n<p>La \u00faltima tecnolog\u00eda de producci\u00f3n. Respaldo de gancho y bucle, respaldo duro resistente al calor aumenta la durabilidad Buen equilibrio en la m\u00e1quina de doble acci\u00f3n y RO.<\/p>\n<p><strong>Nota:<\/strong><\/p>\n<p>Lavar con agua despu\u00e9s del uso y mantener limpio. No exponer al sol.<\/p>\n<p><img decoding=\"async\" class=\"aligncenter size-full wp-image-1752\" src=\"https:\/\/www.supersybon.com\/es\/wp-content\/uploads\/2022\/11\/1667809258-S004G-3-4-5-6-7-Inch-Hexagonal-Polished-Sponge-Disc-Buffing-Sponge-Waxing-Polishing-Pad-Kit-Set.jpg\" alt=\"\" width=\"750\" height=\"750\" title=\"\" srcset=\"https:\/\/www.supersybon.com\/es\/wp-content\/uploads\/2022\/11\/1667809258-S004G-3-4-5-6-7-Inch-Hexagonal-Polished-Sponge-Disc-Buffing-Sponge-Waxing-Polishing-Pad-Kit-Set.jpg 750w, https:\/\/www.supersybon.com\/es\/wp-content\/uploads\/2022\/11\/1667809258-S004G-3-4-5-6-7-Inch-Hexagonal-Polished-Sponge-Disc-Buffing-Sponge-Waxing-Polishing-Pad-Kit-Set-480x480.jpg 480w\" sizes=\"(min-width: 0px) and (max-width: 480px) 480px, (min-width: 481px) 750px, 100vw\" \/><\/p>\n<\/div>\n<\/div>\n<div class=\"magic-13\">\n<div class=\"magic-14\">\n<div class=\"magic-9\">\n<div class=\"magic-10\">\n<p><img decoding=\"async\" class=\"aligncenter size-full wp-image-1753\" src=\"https:\/\/www.supersybon.com\/es\/wp-content\/uploads\/2022\/11\/1667809279-S004G-Professional-Factory-Direct-Sale-Foam-Polishing-Pads-For-Car-Wash-Cleaningdetailing.jpg\" alt=\"\" width=\"750\" height=\"750\" title=\"\" srcset=\"https:\/\/www.supersybon.com\/es\/wp-content\/uploads\/2022\/11\/1667809279-S004G-Professional-Factory-Direct-Sale-Foam-Polishing-Pads-For-Car-Wash-Cleaningdetailing.jpg 750w, https:\/\/www.supersybon.com\/es\/wp-content\/uploads\/2022\/11\/1667809279-S004G-Professional-Factory-Direct-Sale-Foam-Polishing-Pads-For-Car-Wash-Cleaningdetailing-480x480.jpg 480w\" sizes=\"(min-width: 0px) and (max-width: 480px) 480px, (min-width: 481px) 750px, 100vw\" \/><\/p>\n<p><img decoding=\"async\" class=\"aligncenter size-full wp-image-1754\" src=\"https:\/\/www.supersybon.com\/es\/wp-content\/uploads\/2022\/11\/1667809306-S004G-7-Inch-180Mm-Sponge-Polishing-Pads-Kits-Buffing-Pads-For-Car-Care.jpg\" alt=\"\" width=\"750\" height=\"750\" title=\"\" srcset=\"https:\/\/www.supersybon.com\/es\/wp-content\/uploads\/2022\/11\/1667809306-S004G-7-Inch-180Mm-Sponge-Polishing-Pads-Kits-Buffing-Pads-For-Car-Care.jpg 750w, https:\/\/www.supersybon.com\/es\/wp-content\/uploads\/2022\/11\/1667809306-S004G-7-Inch-180Mm-Sponge-Polishing-Pads-Kits-Buffing-Pads-For-Car-Care-480x480.jpg 480w\" sizes=\"(min-width: 0px) and (max-width: 480px) 480px, (min-width: 481px) 750px, 100vw\" \/><img decoding=\"async\" class=\"aligncenter size-full wp-image-1755\" src=\"https:\/\/www.supersybon.com\/es\/wp-content\/uploads\/2022\/11\/1667809321-S004G-5-Round-Edge-Honey-Comb-Surface-Sponge-Foam-Polishingbuffing-Pad-Car-Refresh-Scratchswirl-Remove-Pad.jpg\" alt=\"\" width=\"750\" height=\"750\" title=\"\" srcset=\"https:\/\/www.supersybon.com\/es\/wp-content\/uploads\/2022\/11\/1667809321-S004G-5-Round-Edge-Honey-Comb-Surface-Sponge-Foam-Polishingbuffing-Pad-Car-Refresh-Scratchswirl-Remove-Pad.jpg 750w, https:\/\/www.supersybon.com\/es\/wp-content\/uploads\/2022\/11\/1667809321-S004G-5-Round-Edge-Honey-Comb-Surface-Sponge-Foam-Polishingbuffing-Pad-Car-Refresh-Scratchswirl-Remove-Pad-480x480.jpg 480w\" sizes=\"(min-width: 0px) and (max-width: 480px) 480px, (min-width: 481px) 750px, 100vw\" \/><\/p>\n<p>&nbsp;<\/p>\n<p>&nbsp;<\/p>\n<p>&nbsp;<\/p>\n<p>&nbsp;<\/p>\n<p><strong>Embalaje y servicio de productos<br \/>\n<\/strong><\/p>\n<hr \/>\n<p><strong>PAQUETE :<br \/>\n<\/strong><\/p>\n<p>100 piezas\/cart\u00f3n.<\/p>\n<div data-spm-anchor-id=\"a2700.details.0.i37.625d2e9eLtZffL\">\n<p><img decoding=\"async\" class=\"aligncenter size-full wp-image-1756\" src=\"https:\/\/www.supersybon.com\/es\/wp-content\/uploads\/2022\/11\/1667809359-S004G-3Inch-80Mm-Yellow-Honeycomb-Car-Polishing-Pads-Foam-Buffing-Polishing-Pads-Orbital-Buffing-Pads.jpg\" alt=\"\" width=\"750\" height=\"750\" title=\"\" srcset=\"https:\/\/www.supersybon.com\/es\/wp-content\/uploads\/2022\/11\/1667809359-S004G-3Inch-80Mm-Yellow-Honeycomb-Car-Polishing-Pads-Foam-Buffing-Polishing-Pads-Orbital-Buffing-Pads.jpg 750w, https:\/\/www.supersybon.com\/es\/wp-content\/uploads\/2022\/11\/1667809359-S004G-3Inch-80Mm-Yellow-Honeycomb-Car-Polishing-Pads-Foam-Buffing-Polishing-Pads-Orbital-Buffing-Pads-480x480.jpg 480w\" sizes=\"(min-width: 0px) and (max-width: 480px) 480px, (min-width: 481px) 750px, 100vw\" \/><\/p>\n<\/div>\n<div class=\"magic-13\">\n<div class=\"magic-14\">\n<div class=\"magic-9\">\n<div class=\"magic-10\">\n<div class=\"magic-13\">\n<div class=\"magic-14\">\n<div data-spm-anchor-id=\"a2700.details.0.i37.625d2e9eLtZffL\">\n<p>&nbsp;<\/p>\n<\/div>\n<\/div>\n<\/div>\n<\/div>\n<\/div>\n<\/div>\n<\/div>\n<div class=\"magic-13\">\n<div class=\"magic-14\">\n<div data-spm-anchor-id=\"a2700.details.0.i37.625d2e9eLtZffL\">\n<p><strong>NUESTRO SERVICIO:<br \/>\n<\/strong><\/p>\n<p>1.24 horas en l\u00ednea<\/p>\n<p>2. Precio competitivo<\/p>\n<p>3. Excelentes comentarios del cliente<\/p>\n<p>4. Pedidos en l\u00ednea seguros<\/p>\n<p>5. Entrega r\u00e1pida<\/p>\n<p>6. Soporte t\u00e9cnico profesional<\/p>\n<\/div>\n<\/div>\n<\/div>\n<\/div>\n<\/div>\n<\/div>\n<\/div>\n<div class=\"magic-13\">\n<div class=\"magic-14\">\n<div class=\"magic-13\">\n<div class=\"magic-14\">\n<div class=\"magic-9\">\n<div class=\"magic-10\">\n<div class=\"magic-13\">\n<div class=\"magic-14\">\n<div data-spm-anchor-id=\"a2700.details.0.i37.625d2e9eLtZffL\">\n<div class=\"magic-13\">\n<div class=\"magic-14\">\n<div class=\"magic-13\">\n<div class=\"magic-14\">\n<div class=\"magic-9\">\n<div class=\"magic-10\">\n<div class=\"magic-13\">\n<div class=\"magic-14\">\n<div data-spm-anchor-id=\"a2700.details.0.i37.625d2e9eLtZffL\">\n<div class=\"magic-13\">\n<div class=\"magic-14\">\n<p>&nbsp;<\/p>\n<\/div>\n<\/div>\n<\/div>\n<\/div>\n<\/div>\n<\/div>\n<\/div>\n<\/div>\n<\/div>\n<div class=\"magic-13\">\n<div class=\"magic-14\">\n<p>&nbsp;<\/p>\n<\/div>\n<\/div>\n<\/div>\n<\/div>\n<\/div>\n<\/div>\n<\/div>\n<\/div>\n<\/div>\n<\/div>\n<\/div>\n<div class=\"magic-13\">\n<div class=\"magic-14\">\n<p><strong>Perfil de la empresa<br \/>\n<\/strong><\/p>\n<hr \/>\n<p>&nbsp;<\/p>\n<\/div>\n<\/div>\n<p><img decoding=\"async\" class=\"aligncenter size-full wp-image-324\" src=\"https:\/\/www.supersybon.com\/es\/wp-content\/uploads\/2022\/09\/1663401769-Car-Paint-Supplier-Company-Profile-Manufacturer-China.jpg\" alt=\"\" width=\"900\" height=\"958\" title=\"\" srcset=\"https:\/\/www.supersybon.com\/es\/wp-content\/uploads\/2022\/09\/1663401769-Car-Paint-Supplier-Company-Profile-Manufacturer-China.jpg 900w, https:\/\/www.supersybon.com\/es\/wp-content\/uploads\/2022\/09\/1663401769-Car-Paint-Supplier-Company-Profile-Manufacturer-China-480x511.jpg 480w\" sizes=\"(min-width: 0px) and (max-width: 480px) 480px, (min-width: 481px) 900px, 100vw\" \/><\/p>\n<div class=\"magic-13\">\n<div class=\"magic-14\">\n<p><strong>Preguntas m\u00e1s frecuentes<\/strong><\/p>\n<hr \/>\n<\/div>\n<\/div>\n<p>P: \u00bfCu\u00e1l es su MOQ?<\/p>\n<p>R: Nuestro pedido m\u00ednimo es de 1 caja de cart\u00f3n.<\/p>\n<p>P: \u00bfQu\u00e9 hay de su pago?<\/p>\n<p>R: dep\u00f3sito del 50% por adelantado, saldo del 50% por T\/T, L\/C, paypal, Western Union o antes del env\u00edo.<\/p>\n<p>P: \u00bfProporcionan muestras?<\/p>\n<p>R: S\u00ed, puede comprar una muestra para probarla.<\/p>\n<p>P: \u00bfQu\u00e9 hay de su tiempo de entrega?<\/p>\n<p>R: generalmente 15 d\u00edas despu\u00e9s de recibir su dep\u00f3sito.<\/p>\n<\/div>\n<\/div>\n","protected":false},"excerpt":{"rendered":"<p>La \u00faltima tecnolog\u00eda de producci\u00f3n. Respaldo de gancho y bucle, respaldo duro resistente al calor aumenta la durabilidad Buen equilibrio en la m\u00e1quina de doble acci\u00f3n y RO.Kits de esponjas para pulir.<\/p>\n","protected":false},"featured_media":1758,"template":"","meta":{"_et_pb_use_builder":"","_et_pb_old_content":"","_et_gb_content_width":""},"product_brand":[],"product_cat":[56,65],"product_tag":[648],"class_list":{"0":"post-1750","1":"product","2":"type-product","3":"status-publish","4":"has-post-thumbnail","6":"product_cat-serie-de-cuidado-de-automoviles","7":"product_cat-almohadilla-de-espuma-para-pulir","8":"product_tag-kits-de-esponjas-para-pulir","10":"first","11":"instock","12":"shipping-taxable","13":"product-type-simple"},"_links":{"self":[{"href":"https:\/\/www.supersybon.com\/es\/wp-json\/wp\/v2\/product\/1750","targetHints":{"allow":["GET"]}}],"collection":[{"href":"https:\/\/www.supersybon.com\/es\/wp-json\/wp\/v2\/product"}],"about":[{"href":"https:\/\/www.supersybon.com\/es\/wp-json\/wp\/v2\/types\/product"}],"wp:featuredmedia":[{"embeddable":true,"href":"https:\/\/www.supersybon.com\/es\/wp-json\/wp\/v2\/media\/1758"}],"wp:attachment":[{"href":"https:\/\/www.supersybon.com\/es\/wp-json\/wp\/v2\/media?parent=1750"}],"wp:term":[{"taxonomy":"product_brand","embeddable":true,"href":"https:\/\/www.supersybon.com\/es\/wp-json\/wp\/v2\/product_brand?post=1750"},{"taxonomy":"product_cat","embeddable":true,"href":"https:\/\/www.supersybon.com\/es\/wp-json\/wp\/v2\/product_cat?post=1750"},{"taxonomy":"product_tag","embeddable":true,"href":"https:\/\/www.supersybon.com\/es\/wp-json\/wp\/v2\/product_tag?post=1750"}],"curies":[{"name":"wp","href":"https:\/\/api.w.org\/{rel}","templated":true}]}}